{"id":7861,"date":"2023-01-02T11:48:00","date_gmt":"2023-01-02T10:48:00","guid":{"rendered":"https:\/\/www.truckxxgroup.de\/wasch-center-lauenau\/?page_id=7861"},"modified":"2023-10-18T09:49:34","modified_gmt":"2023-10-18T07:49:34","slug":"pkw-staubsauger-boxen","status":"publish","type":"page","link":"https:\/\/www.truckxxgroup.de\/wasch-center-lauenau\/pkw-staubsauger-boxen\/","title":{"rendered":"Pkw Staubsauger Boxen"},"content":{"rendered":"<div class=\"wpb-content-wrapper\"><p>[vc_row][vc_column width=&#8221;1\/2&#8243;][vc_column_text]Im Wasch Center Lauenau bieten wir Ihnen selbstverst\u00e4ndlich Staubsauger f\u00fcr die Innenraumreinigung ihres Pkw an. Diese sind \u00fcberdacht, damit sie auch bei Regen saugen k\u00f6nnen ohne nass zu werden.<\/p>\n<p>Zus\u00e4tzlich gibt es einen Mattenreiniger, der Fu\u00dfmatten feucht reinigt und erstaunlich saubere Ergebnisse liefert.<\/p>\n<p>Hinweis:<a href=\"https:\/\/www.truckxxgroup.de\/wasch-center-lauenau\/sb-boxen\/\"><strong> Pkw SB-Boxen<\/strong><\/a> und Staubsaugerboxen sind rund um die Uhr ge\u00f6ffnet &#8211; 24\/7.[\/vc_column_text][vc_column_text]<strong>Bezahlm\u00f6glichkeiten an unserem Kassenautomaten:<\/strong><br \/>\nBargeld (M\u00fcnzen &amp; Scheine), EC-Karte, Girocard, maestro, mastercard, Visa, American Express, Apple Pay uvm.[\/vc_column_text][\/vc_column][vc_column width=&#8221;1\/2&#8243;][vc_single_image image=&#8221;8633&#8243; img_size=&#8221;full&#8221;][\/vc_column][\/vc_row]<\/p>\n<\/div>","protected":false},"excerpt":{"rendered":"<p>[vc_row][vc_column width=&#8221;1\/2&#8243;][vc_column_text]Im Wasch Center Lauenau bieten wir Ihnen selbstverst\u00e4ndlich Staubsauger f\u00fcr die Innenraumreinigung ihres Pkw an. Diese sind \u00fcberdacht, damit sie auch bei Regen saugen k\u00f6nnen ohne nass zu werden. Zus\u00e4tzlich gibt es einen Mattenreiniger, der Fu\u00dfmatten feucht reinigt und erstaunlich saubere Ergebnisse liefert. Hinweis: Pkw SB-Boxen und Staubsaugerboxen sind rund um die Uhr ge\u00f6ffnet&hellip;<\/p>\n","protected":false},"author":2,"featured_media":0,"parent":0,"menu_order":0,"comment_status":"closed","ping_status":"closed","template":"","meta":{"footnotes":""},"class_list":["post-7861","page","type-page","status-publish","hentry","description-off"],"_links":{"self":[{"href":"https:\/\/www.truckxxgroup.de\/wasch-center-lauenau\/wp-json\/wp\/v2\/pages\/7861","targetHints":{"allow":["GET"]}}],"collection":[{"href":"https:\/\/www.truckxxgroup.de\/wasch-center-lauenau\/wp-json\/wp\/v2\/pages"}],"about":[{"href":"https:\/\/www.truckxxgroup.de\/wasch-center-lauenau\/wp-json\/wp\/v2\/types\/page"}],"author":[{"embeddable":true,"href":"https:\/\/www.truckxxgroup.de\/wasch-center-lauenau\/wp-json\/wp\/v2\/users\/2"}],"replies":[{"embeddable":true,"href":"https:\/\/www.truckxxgroup.de\/wasch-center-lauenau\/wp-json\/wp\/v2\/comments?post=7861"}],"version-history":[{"count":6,"href":"https:\/\/www.truckxxgroup.de\/wasch-center-lauenau\/wp-json\/wp\/v2\/pages\/7861\/revisions"}],"predecessor-version":[{"id":8636,"href":"https:\/\/www.truckxxgroup.de\/wasch-center-lauenau\/wp-json\/wp\/v2\/pages\/7861\/revisions\/8636"}],"wp:attachment":[{"href":"https:\/\/www.truckxxgroup.de\/wasch-center-lauenau\/wp-json\/wp\/v2\/media?parent=7861"}],"curies":[{"name":"wp","href":"https:\/\/api.w.org\/{rel}","templated":true}]}}