{"id":7833,"date":"2022-12-30T14:52:44","date_gmt":"2022-12-30T13:52:44","guid":{"rendered":"https:\/\/www.truckxxgroup.de\/wasch-center-lauenau\/?page_id=7833"},"modified":"2023-10-18T09:49:11","modified_gmt":"2023-10-18T07:49:11","slug":"pkw-waschstrasse","status":"publish","type":"page","link":"https:\/\/www.truckxxgroup.de\/wasch-center-lauenau\/pkw-waschstrasse\/","title":{"rendered":"Pkw Waschstra\u00dfe"},"content":{"rendered":"<div class=\"wpb-content-wrapper\"><p>[vc_row][vc_column width=&#8221;1\/2&#8243;][vc_column_text]Im Wasch Center Lauenau finden Sie eine moderne Waschstra\u00dfe vor. Unsere Anlage wurde in 2022 komplett erneuert (CHRIST).<\/p>\n<h3><strong>\u00d6ffnungszeiten Pkw Waschstra\u00dfe:<\/strong><\/h3>\n<p><strong>Montag \u2013 Freitag:<\/strong><br \/>\n7:00 bis 18:00 Uhr<\/p>\n<p><strong>Samstag:<\/strong><br \/>\n7:00 \u2013 15:00 Uhr<\/p>\n<p>Hinweis: Anders als die Waschstra\u00dfe sind unsere<br \/>\n<a href=\"https:\/\/www.truckxxgroup.de\/wasch-center-lauenau\/sb-boxen\/\"><strong>Pkw SB-Boxen<\/strong><\/a> rund um die Uhr ge\u00f6ffnet &#8211; 24\/7.[\/vc_column_text][\/vc_column][vc_column width=&#8221;1\/2&#8243;][vc_column_text]<strong>Bezahlm\u00f6glichkeiten an unserem Kassenautomaten:<\/strong><br \/>\nBargeld (M\u00fcnzen &amp; Scheine), EC-Karte, Girocard, maestro, mastercard, Visa, American Express, Apple Pay uvm.[\/vc_column_text][vc_single_image image=&#8221;7837&#8243; img_size=&#8221;full&#8221;][\/vc_column][\/vc_row]<\/p>\n<\/div>","protected":false},"excerpt":{"rendered":"<p>[vc_row][vc_column width=&#8221;1\/2&#8243;][vc_column_text]Im Wasch Center Lauenau finden Sie eine moderne Waschstra\u00dfe vor. Unsere Anlage wurde in 2022 komplett erneuert (CHRIST). \u00d6ffnungszeiten Pkw Waschstra\u00dfe: Montag \u2013 Freitag: 7:00 bis 18:00 Uhr Samstag: 7:00 \u2013 15:00 Uhr Hinweis: Anders als die Waschstra\u00dfe sind unsere Pkw SB-Boxen rund um die Uhr ge\u00f6ffnet &#8211; 24\/7.[\/vc_column_text][\/vc_column][vc_column width=&#8221;1\/2&#8243;][vc_column_text]Bezahlm\u00f6glichkeiten an unserem Kassenautomaten: Bargeld&hellip;<\/p>\n","protected":false},"author":2,"featured_media":0,"parent":0,"menu_order":0,"comment_status":"closed","ping_status":"closed","template":"","meta":{"footnotes":""},"class_list":["post-7833","page","type-page","status-publish","hentry","description-off"],"_links":{"self":[{"href":"https:\/\/www.truckxxgroup.de\/wasch-center-lauenau\/wp-json\/wp\/v2\/pages\/7833","targetHints":{"allow":["GET"]}}],"collection":[{"href":"https:\/\/www.truckxxgroup.de\/wasch-center-lauenau\/wp-json\/wp\/v2\/pages"}],"about":[{"href":"https:\/\/www.truckxxgroup.de\/wasch-center-lauenau\/wp-json\/wp\/v2\/types\/page"}],"author":[{"embeddable":true,"href":"https:\/\/www.truckxxgroup.de\/wasch-center-lauenau\/wp-json\/wp\/v2\/users\/2"}],"replies":[{"embeddable":true,"href":"https:\/\/www.truckxxgroup.de\/wasch-center-lauenau\/wp-json\/wp\/v2\/comments?post=7833"}],"version-history":[{"count":10,"href":"https:\/\/www.truckxxgroup.de\/wasch-center-lauenau\/wp-json\/wp\/v2\/pages\/7833\/revisions"}],"predecessor-version":[{"id":9484,"href":"https:\/\/www.truckxxgroup.de\/wasch-center-lauenau\/wp-json\/wp\/v2\/pages\/7833\/revisions\/9484"}],"wp:attachment":[{"href":"https:\/\/www.truckxxgroup.de\/wasch-center-lauenau\/wp-json\/wp\/v2\/media?parent=7833"}],"curies":[{"name":"wp","href":"https:\/\/api.w.org\/{rel}","templated":true}]}}