{"id":694,"date":"2017-01-17T10:44:07","date_gmt":"2017-01-17T09:44:07","guid":{"rendered":"http:\/\/www.truckxxgroup.de\/wasch-center-lauenau\/?page_id=694"},"modified":"2023-10-18T09:45:33","modified_gmt":"2023-10-18T07:45:33","slug":"sb-boxen","status":"publish","type":"page","link":"https:\/\/www.truckxxgroup.de\/wasch-center-lauenau\/sb-boxen\/","title":{"rendered":"SB-Boxen"},"content":{"rendered":"<div class=\"wpb-content-wrapper\"><p>[vc_row][vc_column width=&#8221;1\/2&#8243;][vc_column_text]<\/p>\n<h3>Sie wollen selber waschen?<\/h3>\n<p>Im Wasch Center Lauenau stehen drei <strong>SB-Waschboxen<\/strong> f\u00fcr PKW bereit, <strong>welche 24\/7 f\u00fcr Sie ge\u00f6ffnet sind<\/strong>. Somit k\u00f6nnen Sie in der Magirusstra\u00dfe ihren PKW waschen, wann immer Sie wollen und sind nicht abh\u00e4ngig von Wochentagen oder Uhrzeiten.<\/p>\n<p>&nbsp;<\/p>\n<ul>\n<li>SB Boxen 2016 modernisiert<\/li>\n<li>SB Boxen sind mit 65\u00b0 Hochdrucklanzen ausgestattet<\/li>\n<li>Entmineralisiertes Wasser!<\/li>\n<li>Durchgehend ge\u00f6ffnet!<\/li>\n<li>Lackschonende B\u00fcrsten<\/li>\n<\/ul>\n<p>&nbsp;<\/p>\n<h3>Bekommt Fu\u00dfmatten erstaunlich sauber&#8230;<\/h3>\n<p>Unser Mattenreiniger reinigt Fu\u00dfmatten feucht oder trocken, schonend und gr\u00fcndlich. Sie werden begeistert sein, was er aus ihren Fu\u00dfmatten rausholt.[\/vc_column_text][vc_single_image image=&#8221;9631&#8243; img_size=&#8221;full&#8221; style=&#8221;vc_box_shadow_3d&#8221;][\/vc_column][vc_column width=&#8221;1\/2&#8243;][vc_column_text]<strong>Bezahlm\u00f6glichkeiten an unserem Kassenautomaten:<\/strong><br \/>\nBargeld (M\u00fcnzen &amp; Scheine), EC-Karte, Girocard, maestro, mastercard, Visa, American Express, Apple Pay uvm.[\/vc_column_text][vc_single_image image=&#8221;7829&#8243; img_size=&#8221;full&#8221;][\/vc_column][\/vc_row][vc_row][vc_column][vc_single_image image=&#8221;702&#8243; img_size=&#8221;full&#8221; alignment=&#8221;right&#8221; css_animation=&#8221;none&#8221;][\/vc_column][\/vc_row]<\/p>\n<\/div>","protected":false},"excerpt":{"rendered":"<p>[vc_row][vc_column width=&#8221;1\/2&#8243;][vc_column_text] Sie wollen selber waschen? Im Wasch Center Lauenau stehen drei SB-Waschboxen f\u00fcr PKW bereit, welche 24\/7 f\u00fcr Sie ge\u00f6ffnet sind. Somit k\u00f6nnen Sie in der Magirusstra\u00dfe ihren PKW waschen, wann immer Sie wollen und sind nicht abh\u00e4ngig von Wochentagen oder Uhrzeiten. &nbsp; SB Boxen 2016 modernisiert SB Boxen sind mit 65\u00b0 Hochdrucklanzen ausgestattet&hellip;<\/p>\n","protected":false},"author":2,"featured_media":0,"parent":0,"menu_order":0,"comment_status":"closed","ping_status":"closed","template":"","meta":{"footnotes":""},"class_list":["post-694","page","type-page","status-publish","hentry","description-off"],"_links":{"self":[{"href":"https:\/\/www.truckxxgroup.de\/wasch-center-lauenau\/wp-json\/wp\/v2\/pages\/694","targetHints":{"allow":["GET"]}}],"collection":[{"href":"https:\/\/www.truckxxgroup.de\/wasch-center-lauenau\/wp-json\/wp\/v2\/pages"}],"about":[{"href":"https:\/\/www.truckxxgroup.de\/wasch-center-lauenau\/wp-json\/wp\/v2\/types\/page"}],"author":[{"embeddable":true,"href":"https:\/\/www.truckxxgroup.de\/wasch-center-lauenau\/wp-json\/wp\/v2\/users\/2"}],"replies":[{"embeddable":true,"href":"https:\/\/www.truckxxgroup.de\/wasch-center-lauenau\/wp-json\/wp\/v2\/comments?post=694"}],"version-history":[{"count":20,"href":"https:\/\/www.truckxxgroup.de\/wasch-center-lauenau\/wp-json\/wp\/v2\/pages\/694\/revisions"}],"predecessor-version":[{"id":9632,"href":"https:\/\/www.truckxxgroup.de\/wasch-center-lauenau\/wp-json\/wp\/v2\/pages\/694\/revisions\/9632"}],"wp:attachment":[{"href":"https:\/\/www.truckxxgroup.de\/wasch-center-lauenau\/wp-json\/wp\/v2\/media?parent=694"}],"curies":[{"name":"wp","href":"https:\/\/api.w.org\/{rel}","templated":true}]}}