{"id":611,"date":"2016-11-30T14:59:43","date_gmt":"2016-11-30T13:59:43","guid":{"rendered":"http:\/\/www.truckxxgroup.de\/wasch-center-lauenau\/?page_id=611"},"modified":"2025-11-28T10:04:02","modified_gmt":"2025-11-28T09:04:02","slug":"speisekarte","status":"publish","type":"page","link":"https:\/\/www.truckxxgroup.de\/wasch-center-lauenau\/speisekarte\/","title":{"rendered":"Speisekarte"},"content":{"rendered":"<div class=\"wpb-content-wrapper\"><p>[vc_row parallax=&#8221;content-moving&#8221; parallax_image=&#8221;614&#8243; parallax_speed_bg=&#8221;2&#8243; css=&#8221;.vc_custom_1669719220313{margin-right: 0px !important;margin-left: 0px !important;padding-right: 0px !important;padding-left: 0px !important;background-image: url(https:\/\/www.truckxxgroup.de\/wasch-center-lauenau\/wp-content\/uploads\/sites\/9\/2016\/11\/restaurant-speisekarte-truckerstube-lauenau-a2.jpg?id=614) !important;background-position: center;background-repeat: no-repeat !important;background-size: cover !important;}&#8221;][vc_column][vc_column_text css=&#8221;.vc_custom_1669726708854{margin-top: 150px !important;margin-bottom: 150px !important;padding-right: 0px !important;padding-left: 0px !important;}&#8221;]<\/p>\n<h3 style=\"text-align: center; font-size: 2em; line-height: 1em;\"><img loading=\"lazy\" decoding=\"async\" class=\"aligncenter size-full wp-image-681\" src=\"https:\/\/www.truckxxgroup.de\/wasch-center-lauenau\/wp-content\/uploads\/sites\/9\/2016\/11\/waschbaer.png\" alt=\"waschbaer\" width=\"120\" height=\"120\" \/>Herzlich Willkommen in unserem gem\u00fctlichen Bistro.<\/h3>\n<h3 style=\"text-align: center; font-size: 1em; line-height: 1em;\">Hier kannst du dich st\u00e4rken, w\u00e4hrend das Fahrzeug gewaschen wird.<\/h3>\n<p style=\"text-align: center;\">Das Wasch Center Lauenau verf\u00fcgt \u00fcber ein kleines Bistro mit warmer K\u00fcche.<\/p>\n<p>[\/vc_column_text][\/vc_column][\/vc_row][vc_row][vc_column][vc_empty_space height=&#8221;50px&#8221;][\/vc_column][\/vc_row][vc_row][vc_column][vc_empty_space height=&#8221;50px&#8221;][\/vc_column][\/vc_row][vc_row][vc_column][vc_column_text]<\/p>\n<h3 style=\"font-size: 3em; text-align: center; line-height: 1em;\">Warme Gerichte<\/h3>\n<p>[\/vc_column_text][\/vc_column][\/vc_row][vc_row][vc_column width=&#8221;1\/3&#8243;][vc_single_image image=&#8221;636&#8243; img_size=&#8221;&#8221; alignment=&#8221;center&#8221; style=&#8221;vc_box_shadow_circle_2&#8243;][vc_column_text css=&#8221;&#8221;]<\/p>\n<p style=\"text-align: center;\"><strong>3 R\u00fchreier mit Schinken<\/strong>, 1 Br\u00f6tchen, Butter &amp; Kaffee: <strong>7,00\u20ac (5,00\u20ac mit Rabatt)<br \/>\n<\/strong><\/p>\n<p>[\/vc_column_text][\/vc_column][vc_column width=&#8221;1\/3&#8243;][vc_single_image image=&#8221;647&#8243; img_size=&#8221;&#8221; alignment=&#8221;center&#8221; style=&#8221;vc_box_shadow_circle_2&#8243;][vc_column_text css=&#8221;&#8221;]<\/p>\n<p style=\"text-align: center;\"><strong>Strammer Max<\/strong> (Schinken) oder <strong>Strammer Moritz<\/strong> (Salami)\u00a0 mit 3 Spiegeleiern, Gew\u00fcrzgurke &amp; Kaffee: <strong>8,00\u20ac (6,00\u20ac mit Rabatt)<br \/>\n<\/strong><\/p>\n<p>[\/vc_column_text][\/vc_column][vc_column width=&#8221;1\/3&#8243;][vc_single_image image=&#8221;744&#8243; img_size=&#8221;&#8221; alignment=&#8221;center&#8221; style=&#8221;vc_box_shadow_circle_2&#8243;][vc_column_text css=&#8221;&#8221;]<\/p>\n<p style=\"text-align: center;\"><strong>Bockwurst<\/strong> mit Toast: <strong>4,50\u20ac<br \/>\n(kostenlos mit Rabatt)<br \/>\n<\/strong><\/p>\n<p>[\/vc_column_text][\/vc_column][\/vc_row][vc_row][vc_column width=&#8221;1\/3&#8243;][vc_single_image image=&#8221;8311&#8243; img_size=&#8221;200&#215;200&#8243; alignment=&#8221;center&#8221; style=&#8221;vc_box_shadow_circle_2&#8243;][vc_column_text css=&#8221;&#8221;]<\/p>\n<p style=\"text-align: center;\"><strong>Gulaschsuppe<\/strong> mit Br\u00f6tchen: <strong>5,00\u20ac<br \/>\n<\/strong><\/p>\n<p>[\/vc_column_text][\/vc_column][vc_column width=&#8221;1\/3&#8243;][vc_single_image image=&#8221;17076&#8243; img_size=&#8221;200&#215;200&#8243; alignment=&#8221;center&#8221; style=&#8221;vc_box_shadow_circle_2&#8243; css=&#8221;&#8221;][vc_column_text css=&#8221;&#8221;]<\/p>\n<p style=\"text-align: center;\"><strong>Erbsensuppe<\/strong> mit Br\u00f6tchen: <strong>5,00\u20ac<br \/>\n<\/strong><\/p>\n<p>[\/vc_column_text][\/vc_column][vc_column width=&#8221;1\/3&#8243;][vc_single_image image=&#8221;17078&#8243; img_size=&#8221;200&#215;200&#8243; alignment=&#8221;center&#8221; style=&#8221;vc_box_shadow_circle_2&#8243; css=&#8221;&#8221;][vc_column_text css=&#8221;&#8221;]<\/p>\n<p style=\"text-align: center;\"><strong>K\u00e4se-Lauch-Suppe<\/strong> mit Br\u00f6tchen: <strong>5,00\u20ac<br \/>\n<\/strong><\/p>\n<p>[\/vc_column_text][\/vc_column][\/vc_row][vc_row][vc_column width=&#8221;1\/3&#8243;][\/vc_column][vc_column width=&#8221;1\/3&#8243;][vc_single_image image=&#8221;17080&#8243; img_size=&#8221;200&#215;200&#8243; alignment=&#8221;center&#8221; style=&#8221;vc_box_shadow_circle_2&#8243; css=&#8221;&#8221;][vc_column_text css=&#8221;&#8221;]<\/p>\n<p style=\"text-align: center;\"><strong>Pizza Salami <\/strong>17x12cm: <strong>4,00\u20ac<br \/>\n<\/strong><\/p>\n<p>[\/vc_column_text][\/vc_column][vc_column width=&#8221;1\/3&#8243;][\/vc_column][\/vc_row][vc_row][vc_column][vc_empty_space height=&#8221;150px&#8221;][\/vc_column][\/vc_row][vc_row][vc_column][vc_column_text]<\/p>\n<h3 style=\"font-size: 3em; text-align: center;\">Getr\u00e4nke<\/h3>\n<p>[\/vc_column_text][\/vc_column][\/vc_row][vc_row][vc_column width=&#8221;1\/3&#8243;][\/vc_column][vc_column width=&#8221;1\/3&#8243;][vc_single_image image=&#8221;670&#8243; img_size=&#8221;&#8221; alignment=&#8221;center&#8221; style=&#8221;vc_box_shadow_circle_2&#8243;][vc_column_text]<\/p>\n<p style=\"text-align: center;\">Cola, Fanta, Sprite, Mezzo Mix, Wasser &amp; Apfelschorle : <strong>1,80\u20ac (0,33l)<br \/>\n<\/strong><\/p>\n<p>[\/vc_column_text][\/vc_column][vc_column width=&#8221;1\/3&#8243;][\/vc_column][\/vc_row][vc_row][vc_column][vc_empty_space height=&#8221;50px&#8221;][\/vc_column][\/vc_row][vc_row][vc_column][vc_column_text]<\/p>\n<p style=\"text-align: center; font-size: 11px; line-height: 13px;\"><em><img loading=\"lazy\" decoding=\"async\" class=\"aligncenter size-full wp-image-681\" src=\"https:\/\/www.truckxxgroup.de\/wasch-center-lauenau\/wp-content\/uploads\/sites\/9\/2016\/11\/waschbaer.png\" alt=\"waschbaer\" width=\"120\" height=\"120\" \/><br \/>\nAlle Preise inkl. Mehrwertsteuer und freundlicher Bedienung.<\/em><br \/>\n<em>In den Speisen sind teilweise folgende gesetzliche zugelassene Zus\u00e4tze enthalten: 1 Koffein, 2 Farbstoffe, 3 Konservierungsstoffe, 4 Phosphate, 5 Geschmacksverst\u00e4rker, 6 Verdickungsmittel, 7 Jodsalz, 8 Teein, 9 Nitridp\u00f6kelsalz, 10 Phenylalanin<\/em><\/p>\n<p>[\/vc_column_text][\/vc_column][\/vc_row]<\/p>\n<\/div>","protected":false},"excerpt":{"rendered":"<p>[vc_row parallax=&#8221;content-moving&#8221; parallax_image=&#8221;614&#8243; parallax_speed_bg=&#8221;2&#8243; css=&#8221;.vc_custom_1669719220313{margin-right: 0px !important;margin-left: 0px !important;padding-right: 0px !important;padding-left: 0px !important;background-image: url(https:\/\/www.truckxxgroup.de\/wasch-center-lauenau\/wp-content\/uploads\/sites\/9\/2016\/11\/restaurant-speisekarte-truckerstube-lauenau-a2.jpg?id=614) !important;background-position: center;background-repeat: no-repeat !important;background-size: cover !important;}&#8221;][vc_column][vc_column_text css=&#8221;.vc_custom_1669726708854{margin-top: 150px !important;margin-bottom: 150px !important;padding-right: 0px !important;padding-left: 0px !important;}&#8221;] Herzlich Willkommen in unserem gem\u00fctlichen Bistro. Hier kannst du dich st\u00e4rken, w\u00e4hrend das Fahrzeug gewaschen wird. Das Wasch Center Lauenau verf\u00fcgt \u00fcber ein kleines Bistro mit&hellip;<\/p>\n","protected":false},"author":2,"featured_media":0,"parent":0,"menu_order":0,"comment_status":"closed","ping_status":"open","template":"","meta":{"footnotes":""},"class_list":["post-611","page","type-page","status-publish","hentry","description-off"],"_links":{"self":[{"href":"https:\/\/www.truckxxgroup.de\/wasch-center-lauenau\/wp-json\/wp\/v2\/pages\/611","targetHints":{"allow":["GET"]}}],"collection":[{"href":"https:\/\/www.truckxxgroup.de\/wasch-center-lauenau\/wp-json\/wp\/v2\/pages"}],"about":[{"href":"https:\/\/www.truckxxgroup.de\/wasch-center-lauenau\/wp-json\/wp\/v2\/types\/page"}],"author":[{"embeddable":true,"href":"https:\/\/www.truckxxgroup.de\/wasch-center-lauenau\/wp-json\/wp\/v2\/users\/2"}],"replies":[{"embeddable":true,"href":"https:\/\/www.truckxxgroup.de\/wasch-center-lauenau\/wp-json\/wp\/v2\/comments?post=611"}],"version-history":[{"count":98,"href":"https:\/\/www.truckxxgroup.de\/wasch-center-lauenau\/wp-json\/wp\/v2\/pages\/611\/revisions"}],"predecessor-version":[{"id":17081,"href":"https:\/\/www.truckxxgroup.de\/wasch-center-lauenau\/wp-json\/wp\/v2\/pages\/611\/revisions\/17081"}],"wp:attachment":[{"href":"https:\/\/www.truckxxgroup.de\/wasch-center-lauenau\/wp-json\/wp\/v2\/media?parent=611"}],"curies":[{"name":"wp","href":"https:\/\/api.w.org\/{rel}","templated":true}]}}