{"id":4,"date":"2015-07-13T14:51:19","date_gmt":"2015-07-13T12:51:19","guid":{"rendered":"http:\/\/www.truckxgroup.detestwww\/transportkuehlung-hannover\/?page_id=4"},"modified":"2026-02-20T10:04:38","modified_gmt":"2026-02-20T09:04:38","slug":"startseite","status":"publish","type":"page","link":"https:\/\/www.truckxxgroup.de\/wasch-center-lauenau\/","title":{"rendered":"Startseite"},"content":{"rendered":"<div class=\"wpb-content-wrapper\"><p>[vc_row][vc_column]\n\t\t\t<!-- START WCL_HOME REVOLUTION SLIDER 6.7.37 --><p class=\"rs-p-wp-fix\"><\/p>\n\t\t\t<rs-module-wrap id=\"rev_slider_2_1_wrapper\" data-source=\"gallery\" style=\"visibility:hidden;background:#E9E9E9;padding:0;margin:0px auto;margin-top:0;margin-bottom:0;\">\n\t\t\t\t<rs-module id=\"rev_slider_2_1\" style=\"\" data-version=\"6.7.37\">\n\t\t\t\t\t<rs-slides style=\"overflow: hidden; position: absolute;\">\n\t\t\t\t\t\t<rs-slide style=\"position: absolute;\" data-key=\"rs-10\" data-title=\"Powerschaum\" data-thumb=\"\/\/www.truckxxgroup.de\/wasch-center-lauenau\/wp-content\/uploads\/sites\/9\/2023\/11\/schaum_slider-11-23-100x50.jpg\" data-duration=\"8000ms\" data-anim=\"d:15;ms:1000;f:center;\" data-in=\"prst:rndany;mo:70;moo:none;o:0;x:ran(-20|20);y:ran(-20|20);r:ran(-40|40);sx:2;sy:2;e:elastic.out;row:20;col:20;\" data-out=\"a:false;\">\n\t\t\t\t\t\t\t<img decoding=\"async\" src=\"\/\/www.truckxxgroup.de\/wasch-center-lauenau\/wp-content\/plugins\/revslider\/sr6\/assets\/assets\/dummy.png\" alt=\"\" title=\"schaum_slider-11-23\" width=\"1200\" height=\"525\" class=\"rev-slidebg tp-rs-img rs-lazyload\" data-lazyload=\"\/\/www.truckxxgroup.de\/wasch-center-lauenau\/wp-content\/uploads\/sites\/9\/2023\/11\/schaum_slider-11-23.jpg\" data-bg=\"p:center top;\" data-no-retina>\n<!--\n\t\t\t\t\t\t\t--><rs-layer\n\t\t\t\t\t\t\t\tid=\"slider-2-slide-10-layer-0\" \n\t\t\t\t\t\t\t\tdata-type=\"text\"\n\t\t\t\t\t\t\t\tdata-color=\"#fff\"\n\t\t\t\t\t\t\t\tdata-tsh=\"c:rgba(0,0,0,0.75);h:7px;v:7px;b:10px;\"\n\t\t\t\t\t\t\t\tdata-rsp_ch=\"on\"\n\t\t\t\t\t\t\t\tdata-xy=\"x:c;y:c;\"\n\t\t\t\t\t\t\t\tdata-text=\"w:nowrap;s:64;l:72;fw:800;a:center;\"\n\t\t\t\t\t\t\t\tdata-dim=\"minh:0;\"\n\t\t\t\t\t\t\t\tdata-frame_999=\"o:0;st:w;\"\n\t\t\t\t\t\t\t\tstyle=\"z-index:5;font-family:'Montserrat';\"\n\t\t\t\t\t\t\t>Jetzt mit Powerschaum<br \/>\nin den Pkw-SB-Boxen. \n\t\t\t\t\t\t\t<\/rs-layer><!--\n-->\t\t\t\t\t<\/rs-slide>\n\t\t\t\t\t\t<rs-slide style=\"position: absolute;\" data-key=\"rs-5\" data-title=\"Mattenreiniger\" data-thumb=\"\/\/www.truckxxgroup.de\/wasch-center-lauenau\/wp-content\/uploads\/sites\/9\/2020\/07\/mattenreiniger-waschcenter-lauenau-100x50.jpg\" data-duration=\"8000ms\" data-in=\"prst:rndany;o:0;y:-100%;\">\n\t\t\t\t\t\t\t<img decoding=\"async\" src=\"\/\/www.truckxxgroup.de\/wasch-center-lauenau\/wp-content\/plugins\/revslider\/sr6\/assets\/assets\/dummy.png\" alt=\"\" title=\"mattenreiniger-waschcenter-lauenau\" width=\"1170\" height=\"625\" class=\"rev-slidebg tp-rs-img rs-lazyload\" data-lazyload=\"\/\/www.truckxxgroup.de\/wasch-center-lauenau\/wp-content\/uploads\/sites\/9\/2020\/07\/mattenreiniger-waschcenter-lauenau.jpg\" data-bg=\"p:center bottom;\" data-no-retina>\n<!--\n\t\t\t\t\t\t\t--><rs-layer\n\t\t\t\t\t\t\t\tid=\"slider-2-slide-5-layer-1\" \n\t\t\t\t\t\t\t\tclass=\"large_bold_white\"\n\t\t\t\t\t\t\t\tdata-type=\"text\"\n\t\t\t\t\t\t\t\tdata-color=\"#ffffff\"\n\t\t\t\t\t\t\t\tdata-rsp_ch=\"on\"\n\t\t\t\t\t\t\t\tdata-xy=\"x:93px;y:234px;\"\n\t\t\t\t\t\t\t\tdata-text=\"s:58;l:60;fw:800;\"\n\t\t\t\t\t\t\t\tdata-padding=\"t:5;r:5;b:5;l:5;\"\n\t\t\t\t\t\t\t\tdata-frame_0=\"x:-50px;\"\n\t\t\t\t\t\t\t\tdata-frame_1=\"st:500;\"\n\t\t\t\t\t\t\t\tdata-frame_999=\"st:w;auto:true;\"\n\t\t\t\t\t\t\t\tstyle=\"z-index:5;background-color:rgba(241,137,37,0.8);font-family:'Arial', 'Helvetica', 'sans-serif';\"\n\t\t\t\t\t\t\t>Bekommt Fu\u00dfmatten \n\t\t\t\t\t\t\t<\/rs-layer><!--\n\n\t\t\t\t\t\t\t--><rs-layer\n\t\t\t\t\t\t\t\tid=\"slider-2-slide-5-layer-2\" \n\t\t\t\t\t\t\t\tclass=\"large_bold_white\"\n\t\t\t\t\t\t\t\tdata-type=\"text\"\n\t\t\t\t\t\t\t\tdata-color=\"#ffffff\"\n\t\t\t\t\t\t\t\tdata-rsp_ch=\"on\"\n\t\t\t\t\t\t\t\tdata-xy=\"x:387px;y:320px;\"\n\t\t\t\t\t\t\t\tdata-text=\"s:58;l:60;fw:800;\"\n\t\t\t\t\t\t\t\tdata-padding=\"t:5;r:5;b:5;l:5;\"\n\t\t\t\t\t\t\t\tdata-frame_0=\"x:50px;\"\n\t\t\t\t\t\t\t\tdata-frame_1=\"st:900;\"\n\t\t\t\t\t\t\t\tdata-frame_999=\"st:w;auto:true;\"\n\t\t\t\t\t\t\t\tstyle=\"z-index:6;background-color:rgba(241,137,37,0.8);font-family:'Arial', 'Helvetica', 'sans-serif';\"\n\t\t\t\t\t\t\t>erstaunlich sauber! \n\t\t\t\t\t\t\t<\/rs-layer><!--\n-->\t\t\t\t\t<\/rs-slide>\n\t\t\t\t\t\t<rs-slide style=\"position: absolute;\" data-key=\"rs-6\" data-title=\"Staubsaugeranlage\" data-thumb=\"\/\/www.truckxxgroup.de\/wasch-center-lauenau\/wp-content\/uploads\/sites\/9\/2020\/07\/wcl-saugeranlage-100x50.jpg\" data-duration=\"8000ms\" data-anim=\"d:20;ms:1210;\" data-in=\"prst:rndany;o:0;y:ran(-200|200);sx:2;sy:2;e:power3.Out;row:10;col:100;\" data-d3=\"f:cube;d:vertical;z:450;t:20;su:true;sc:#9e9e9e;\">\n\t\t\t\t\t\t\t<img decoding=\"async\" src=\"\/\/www.truckxxgroup.de\/wasch-center-lauenau\/wp-content\/plugins\/revslider\/sr6\/assets\/assets\/dummy.png\" alt=\"\" title=\"wcl-saugeranlage\" width=\"1170\" height=\"625\" class=\"rev-slidebg tp-rs-img rs-lazyload\" data-lazyload=\"\/\/www.truckxxgroup.de\/wasch-center-lauenau\/wp-content\/uploads\/sites\/9\/2020\/07\/wcl-saugeranlage.jpg\" data-bg=\"p:center top;\" data-no-retina>\n<!--\n\t\t\t\t\t\t\t--><rs-layer\n\t\t\t\t\t\t\t\tid=\"slider-2-slide-6-layer-1\" \n\t\t\t\t\t\t\t\tclass=\"large_bold_white\"\n\t\t\t\t\t\t\t\tdata-type=\"text\"\n\t\t\t\t\t\t\t\tdata-color=\"#ffffff\"\n\t\t\t\t\t\t\t\tdata-rsp_ch=\"on\"\n\t\t\t\t\t\t\t\tdata-xy=\"x:20px;y:96px;\"\n\t\t\t\t\t\t\t\tdata-text=\"s:58;l:60;fw:800;\"\n\t\t\t\t\t\t\t\tdata-padding=\"t:5;r:5;b:5;l:5;\"\n\t\t\t\t\t\t\t\tdata-frame_0=\"x:-50px;\"\n\t\t\t\t\t\t\t\tdata-frame_1=\"st:500;\"\n\t\t\t\t\t\t\t\tdata-frame_999=\"st:w;auto:true;\"\n\t\t\t\t\t\t\t\tstyle=\"z-index:10;background-color:rgba(241,137,37,0.8);font-family:'Arial', 'Helvetica', 'sans-serif';\"\n\t\t\t\t\t\t\t>Aussaugen ganz bequem: \n\t\t\t\t\t\t\t<\/rs-layer><!--\n\n\t\t\t\t\t\t\t--><rs-layer\n\t\t\t\t\t\t\t\tid=\"slider-2-slide-6-layer-2\" \n\t\t\t\t\t\t\t\tclass=\"large_bold_white\"\n\t\t\t\t\t\t\t\tdata-type=\"text\"\n\t\t\t\t\t\t\t\tdata-color=\"#ffffff\"\n\t\t\t\t\t\t\t\tdata-rsp_ch=\"on\"\n\t\t\t\t\t\t\t\tdata-xy=\"x:257px;y:263px;\"\n\t\t\t\t\t\t\t\tdata-text=\"s:58;l:60;fw:800;\"\n\t\t\t\t\t\t\t\tdata-padding=\"t:5;r:5;b:5;l:5;\"\n\t\t\t\t\t\t\t\tdata-frame_0=\"x:50px;\"\n\t\t\t\t\t\t\t\tdata-frame_1=\"st:900;\"\n\t\t\t\t\t\t\t\tdata-frame_999=\"st:w;auto:true;\"\n\t\t\t\t\t\t\t\tstyle=\"z-index:9;background-color:rgba(241,137,37,0.8);font-family:'Arial', 'Helvetica', 'sans-serif';\"\n\t\t\t\t\t\t\t>360\u00b0 Deckenf\u00fchrung. \n\t\t\t\t\t\t\t<\/rs-layer><!--\n\n\t\t\t\t\t\t\t--><rs-layer\n\t\t\t\t\t\t\t\tid=\"slider-2-slide-6-layer-3\" \n\t\t\t\t\t\t\t\tclass=\"large_bold_white\"\n\t\t\t\t\t\t\t\tdata-type=\"text\"\n\t\t\t\t\t\t\t\tdata-color=\"#ffffff\"\n\t\t\t\t\t\t\t\tdata-rsp_ch=\"on\"\n\t\t\t\t\t\t\t\tdata-xy=\"x:137px;y:190px;\"\n\t\t\t\t\t\t\t\tdata-text=\"s:58;l:60;fw:800;\"\n\t\t\t\t\t\t\t\tdata-padding=\"t:5;r:5;b:5;l:5;\"\n\t\t\t\t\t\t\t\tdata-frame_0=\"x:50px;\"\n\t\t\t\t\t\t\t\tdata-frame_1=\"st:900;\"\n\t\t\t\t\t\t\t\tdata-frame_999=\"st:w;auto:true;\"\n\t\t\t\t\t\t\t\tstyle=\"z-index:8;background-color:rgba(241,137,37,0.8);font-family:'Arial', 'Helvetica', 'sans-serif';\"\n\t\t\t\t\t\t\t>Staubsauger mit \n\t\t\t\t\t\t\t<\/rs-layer><!--\n-->\t\t\t\t\t<\/rs-slide>\n\t\t\t\t\t\t<rs-slide style=\"position: absolute;\" data-key=\"rs-3\" data-title=\"Happy Hour\" data-thumb=\"\/\/www.truckxxgroup.de\/wasch-center-lauenau\/wp-content\/uploads\/sites\/9\/2020\/07\/happy-hour-waschen-100x50.jpg\" data-link=\"\/\/www.truckxxgroup.de\/wasch-center-lauenau\/wp-content\/uploads\/sites\/9\/2020\/07\/Preise_PKW_2020_inkl-IR.pdf\" data-tag=\"l\" data-target=\"_blank\" data-seoz=\"front\" data-duration=\"8000ms\" data-anim=\"d:20;ms:1200;f:edges;\" data-in=\"prst:rndany;o:0;x:cyc(20|10|8|5|2|1|2|-1|-2|-5|-8|-10|-20);y:cyc(20|10|8|5|2|1|2|-1|-2|-5|-8|-10|-20);r:cyc(20|10|8|5|2|1|2|-1|-2|-5|-8|-10|-20);sx:cyc(8|7|6|4|3|2|1.3|2|3|4|6|7|8);sy:cyc(8|7|6|4|3|2|1.3|2|3|4|6|7|8);m:true;row:17;col:17;\" data-out=\"o:0;\" data-d3=\"f:cube;z:450;t:20;su:true;sc:#9e9e9e;\">\n\t\t\t\t\t\t\t<img decoding=\"async\" src=\"\/\/www.truckxxgroup.de\/wasch-center-lauenau\/wp-content\/plugins\/revslider\/sr6\/assets\/assets\/dummy.png\" alt=\"\" title=\"Startseite\" class=\"rev-slidebg tp-rs-img rs-lazyload\" data-lazyload=\"\/\/www.truckxxgroup.de\/wasch-center-lauenau\/wp-content\/uploads\/sites\/9\/2020\/07\/happy-hour-waschen.jpg\" data-bg=\"p:center bottom;\" data-no-retina>\n<!--\n\t\t\t\t\t\t\t--><rs-layer\n\t\t\t\t\t\t\t\tid=\"slider-2-slide-3-layer-7\" \n\t\t\t\t\t\t\t\tdata-type=\"image\"\n\t\t\t\t\t\t\t\tdata-rsp_ch=\"on\"\n\t\t\t\t\t\t\t\tdata-xy=\"x:120px;y:-156px;\"\n\t\t\t\t\t\t\t\tdata-text=\"l:22;a:inherit;\"\n\t\t\t\t\t\t\t\tdata-dim=\"w:1170px;h:625px;\"\n\t\t\t\t\t\t\t\tdata-frame_1=\"e:sine.in;st:500;sp:500;sR:500;\"\n\t\t\t\t\t\t\t\tdata-frame_999=\"o:0;st:w;sR:8000;\"\n\t\t\t\t\t\t\t\tstyle=\"z-index:6;\"\n\t\t\t\t\t\t\t><img decoding=\"async\" src=\"\/\/www.truckxxgroup.de\/wasch-center-lauenau\/wp-content\/plugins\/revslider\/sr6\/assets\/assets\/dummy.png\" alt=\"\" class=\"tp-rs-img rs-lazyload\" width=\"1170\" height=\"625\" data-lazyload=\"\/\/www.truckxxgroup.de\/wasch-center-lauenau\/wp-content\/uploads\/sites\/9\/2020\/07\/happy-hour.png\" data-no-retina> \n\t\t\t\t\t\t\t<\/rs-layer><!--\n-->\t\t\t\t\t<\/rs-slide>\n\t\t\t\t\t\t<rs-slide style=\"position: absolute;\" data-key=\"rs-4\" data-title=\"WCL Front\" data-thumb=\"\/\/www.truckxxgroup.de\/wasch-center-lauenau\/wp-content\/uploads\/sites\/9\/2016\/01\/slider-waschanlagelauenau-100x50.jpg\" data-duration=\"8000ms\" data-anim=\"d:20;ms:1300;f:slidebased;\" data-in=\"prst:rndany;o:0;x:ran(-20|20);y:ran(-20|20);r:120;sx:10;sy:10;e:expo.inOut;row:5;col:5;\" data-out=\"a:false;\">\n\t\t\t\t\t\t\t<img decoding=\"async\" src=\"\/\/www.truckxxgroup.de\/wasch-center-lauenau\/wp-content\/plugins\/revslider\/sr6\/assets\/assets\/dummy.png\" alt=\"\" title=\"Startseite\" class=\"rev-slidebg tp-rs-img rs-lazyload\" data-lazyload=\"\/\/www.truckxxgroup.de\/wasch-center-lauenau\/wp-content\/uploads\/sites\/9\/2016\/01\/slider-waschanlagelauenau.jpg\" data-bg=\"p:center bottom;\" data-no-retina>\n<!--\n\t\t\t\t\t\t\t--><rs-layer\n\t\t\t\t\t\t\t\tid=\"slider-2-slide-4-layer-1\" \n\t\t\t\t\t\t\t\tclass=\"large_bold_white\"\n\t\t\t\t\t\t\t\tdata-type=\"text\"\n\t\t\t\t\t\t\t\tdata-color=\"#ffffff\"\n\t\t\t\t\t\t\t\tdata-rsp_ch=\"on\"\n\t\t\t\t\t\t\t\tdata-xy=\"x:21px;y:296px;\"\n\t\t\t\t\t\t\t\tdata-text=\"s:58;l:60;fw:800;\"\n\t\t\t\t\t\t\t\tdata-frame_0=\"x:-50px;\"\n\t\t\t\t\t\t\t\tdata-frame_1=\"st:500;\"\n\t\t\t\t\t\t\t\tdata-frame_999=\"st:w;auto:true;\"\n\t\t\t\t\t\t\t\tstyle=\"z-index:5;font-family:'Arial', 'Helvetica', 'sans-serif';\"\n\t\t\t\t\t\t\t>Pkw- und Lkw-Waschanlage \n\t\t\t\t\t\t\t<\/rs-layer><!--\n\n\t\t\t\t\t\t\t--><rs-layer\n\t\t\t\t\t\t\t\tid=\"slider-2-slide-4-layer-2\" \n\t\t\t\t\t\t\t\tclass=\"large_bold_white\"\n\t\t\t\t\t\t\t\tdata-type=\"text\"\n\t\t\t\t\t\t\t\tdata-color=\"#ffffff\"\n\t\t\t\t\t\t\t\tdata-rsp_ch=\"on\"\n\t\t\t\t\t\t\t\tdata-xy=\"x:349px;y:361px;\"\n\t\t\t\t\t\t\t\tdata-text=\"s:58;l:60;fw:800;\"\n\t\t\t\t\t\t\t\tdata-frame_0=\"x:50px;\"\n\t\t\t\t\t\t\t\tdata-frame_1=\"st:900;\"\n\t\t\t\t\t\t\t\tdata-frame_999=\"st:w;auto:true;\"\n\t\t\t\t\t\t\t\tstyle=\"z-index:6;font-family:'Arial', 'Helvetica', 'sans-serif';\"\n\t\t\t\t\t\t\t>an der A2 in Lauenau. \n\t\t\t\t\t\t\t<\/rs-layer><!--\n-->\t\t\t\t\t<\/rs-slide>\n\t\t\t\t\t<\/rs-slides>\n\t\t\t\t<\/rs-module>\n\t\t\t\t<script>\n\t\t\t\t\tsetREVStartSize({c: 'rev_slider_2_1',rl:[1240,1024,778,480],el:[525],gw:[1024],gh:[525],type:'standard',justify:'',layout:'fullwidth',mh:\"525px\"});if (window.RS_MODULES!==undefined && window.RS_MODULES.modules!==undefined && window.RS_MODULES.modules[\"revslider21\"]!==undefined) {window.RS_MODULES.modules[\"revslider21\"].once = false;window.revapi2 = undefined;if (window.RS_MODULES.checkMinimal!==undefined) window.RS_MODULES.checkMinimal()}\n\t\t\t\t<\/script>\n\t\t\t<\/rs-module-wrap>\n\t\t\t<!-- END REVOLUTION SLIDER -->\n[vc_empty_space height=&#8221;80px&#8221;][\/vc_column][\/vc_row][vc_row][vc_column][vc_column_text]<\/p>\n<h2 style=\"text-align: center; font-size: 43px; line-height: 1.2em; color: #0061a1;\">Wasch Center Lauenau GmbH<\/h2>\n<h3 style=\"text-align: center; font-size: 22px; color: black; font-weight: normal; line-height: 28px;\">Pkw, Wohnmobil und Lkw Waschanlage + Pkw SB-Boxen an der A2 in Lauenau.<br \/>\n(Pkw SB-Boxen 24\/7 ge\u00f6ffnet!)<\/h3>\n<p>[\/vc_column_text][vc_row_inner][vc_column_inner][\/vc_column_inner][\/vc_row_inner][\/vc_column][\/vc_row][vc_row css=&#8221;.vc_custom_1453376025838{margin-top: 20px !important;}&#8221;][vc_column width=&#8221;1\/5&#8243;][vc_single_image image=&#8221;545&#8243; img_size=&#8221;full&#8221; alignment=&#8221;center&#8221; style=&#8221;vc_box_shadow_3d&#8221;][\/vc_column][vc_column width=&#8221;2\/5&#8243;][vc_column_text]<\/p>\n<p style=\"text-align: center;\"><strong>Wir waschen sie alle direkt an der A2 in Lauenau:<\/strong><\/p>\n<p style=\"text-align: left;\">LKW\u2018s und Anh\u00e4nger (auch Pferdeanh\u00e4nger), Baustellen-, Silo-, Tank- und sonstige Nutzfahrzeuge, Omnibusse aller L\u00e4ngen und H\u00f6hen, Wohnmobile und Wohnanh\u00e4nger.<\/p>\n<ul style=\"text-align: center;\">\n<li style=\"text-align: left;\">PKW SB-W\u00e4sche mit Mattenreiniger (nass\/trocken) und Staubsaugeranlage<\/li>\n<li style=\"text-align: left;\">PKW-Waschstra\u00dfe<\/li>\n<\/ul>\n<p style=\"text-align: center;\"><strong>Dienstag &amp; Mittwoch HAPPY HOUR:<\/strong><br \/>\n4,- \u20ac Rabatt auf die <a href=\"https:\/\/www.truckxxgroup.de\/wasch-center-lauenau\/wp-content\/uploads\/sites\/9\/2020\/07\/Preise_PKW_2020_inkl-IR.pdf\" target=\"_blank\" rel=\"noopener noreferrer\">PKW-Programme 2, 3 und 4<\/a><\/p>\n<p style=\"text-align: center;\"><strong>NEU Jetzt immer inklusive:<\/strong><br \/>\nPKW W\u00e4sche (Waschstra\u00dfe) mit Insektenreinigung!<\/p>\n<p style=\"text-align: center;\"><strong>Bezahlm\u00f6glichkeiten an unserem Kassenautomaten:<\/strong><br \/>\nBargeld (M\u00fcnzen &amp; Scheine), EC-Karte, Girocard, maestro, mastercard, Visa, American Express, Apple Pay uvm.<\/p>\n<p>[\/vc_column_text][\/vc_column][vc_column width=&#8221;2\/5&#8243;][vc_tta_tabs][vc_tta_section i_icon_fontawesome=&#8221;fa fa-clock-o&#8221; add_icon=&#8221;true&#8221; title=&#8221;\u00d6ffnungszeiten&#8221; tab_id=&#8221;1453381377117-d64643d9-cf84&#8243;][vc_column_text]<strong>Montag &#8211; Freitag:<\/strong><br \/>\nLKW: 7:00 bis 19:00 Uhr<br \/>\nPKW: 7:00 bis 19:00 Uhr (Waschstra\u00dfe!)<\/p>\n<p><strong>Samstag:<\/strong><br \/>\n7:00 &#8211; 15:00 Uhr<br \/>\n(auch PKW-W\u00e4sche, Waschstra\u00dfe)<\/p>\n<p><strong>PKW SB-Boxen:<\/strong><br \/>\nge\u00f6ffnet 24\/7, rund um die Uhr, auch Sonn- und Feiertags!<\/p>\n<p><strong>Bistro:<\/strong><br \/>\nge\u00f6ffnet, Mo-Sa, siehe \u00d6ffnungszeiten oben.[\/vc_column_text][\/vc_tta_section][vc_tta_section i_icon_fontawesome=&#8221;fa fa-money&#8221; add_icon=&#8221;true&#8221; title=&#8221;Preise&#8221; tab_id=&#8221;1453381377347-d4855c18-69c2&#8243;][vc_btn title=&#8221;Preisliste PKW ab 2024 (PDF)&#8221; color=&#8221;primary&#8221; size=&#8221;sm&#8221; align=&#8221;center&#8221; link=&#8221;url:https%3A%2F%2Fwww.truckxxgroup.de%2Fwasch-center-lauenau%2Fwp-content%2Fuploads%2Fsites%2F9%2F2024%2F01%2Fpkw-2024-final.pdf|title:Preisliste%20PKW%202022|target:_blank&#8221;][vc_btn title=&#8221;Preisliste LKW \/ Womo ab 01.01.2024 (PDF)&#8221; color=&#8221;primary&#8221; size=&#8221;sm&#8221; align=&#8221;center&#8221; css=&#8221;&#8221; link=&#8221;url:https%3A%2F%2Fwww.truckxxgroup.de%2Fwasch-center-lauenau%2Fwp-content%2Fuploads%2Fsites%2F9%2F2026%2F02%2FWCL-Preisliste-LKW-2026.pdf|title:Preisliste%20LKW%2FWomo%202024|target:_blank&#8221;][vc_btn title=&#8221;Neukunden Erfassungsbogen (PDF)&#8221; color=&#8221;primary&#8221; size=&#8221;sm&#8221; align=&#8221;center&#8221; link=&#8221;url:https%3A%2F%2Fwww.truckxxgroup.de%2Fwasch-center-lauenau%2Fwp-content%2Fuploads%2Fsites%2F9%2F2021%2F05%2Ferfassungsbogen.pdf|title:Neukunden%20Erfassungsbogen|target:_blank&#8221;][vc_column_text css=&#8221;.vc_custom_1764149305388{margin-top: -10px !important;}&#8221;]<\/p>\n<p style=\"font-size: 12px; text-align: center; line-height: 14px;\">Info zum Neukunden Erfassungsbogen: F\u00fcr Kundenkonten mit Mindestumsatz ab 100,- EUR \/ mtl.<\/p>\n<p>[\/vc_column_text][\/vc_tta_section][\/vc_tta_tabs][\/vc_column][\/vc_row][vc_row][vc_column][vc_separator][\/vc_column][\/vc_row][vc_row][vc_column][vc_column_text]<\/p>\n<h2 style=\"color: #0061a1; text-align: center; font-size: 36px;\">Fahrzeug k\u00f6nnte mal wieder gewaschen werden ?<\/h2>\n<h3 style=\"color: #0061a1; text-align: center; font-size: 22px;\">Komm zu den Waschb\u00e4ren: Magirusstra\u00dfe 4, 31867 Lauenau<\/h3>\n<p>[\/vc_column_text][vc_separator][\/vc_column][\/vc_row][vc_row][vc_column width=&#8221;1\/4&#8243;][vc_column_text css=&#8221;&#8221;]<img loading=\"lazy\" decoding=\"async\" class=\"aligncenter size-full wp-image-571\" src=\"https:\/\/www.truckxxgroup.de\/wasch-center-lauenau\/wp-content\/uploads\/sites\/9\/2015\/07\/icon_pflegeprodukte.png\" alt=\"Wasch Center Lauenau Shop\" width=\"100\" height=\"100\" \/><\/p>\n<p style=\"text-align: center;\"><strong>Autopflegeprodukte<\/strong><br \/>\nDirekt in der Staubsaugerbox befindet sich ein Verkaufsautomat mit: Mikrofasert\u00fcchern, Cockpitpflege, Lackreiniger (Finisher\/Detailer), Glasreiniger.<\/p>\n<p>[\/vc_column_text][\/vc_column][vc_column width=&#8221;1\/4&#8243;][vc_column_text]<a href=\"https:\/\/www.truckxxgroup.de\/wasch-center-lauenau\/speisekarte\/\"><img loading=\"lazy\" decoding=\"async\" class=\"aligncenter wp-image-573 size-full\" src=\"https:\/\/www.truckxxgroup.de\/wasch-center-lauenau\/wp-content\/uploads\/sites\/9\/2015\/07\/icon-essen-rast-lkw-pkw-lauenau.png\" alt=\"Essen\" width=\"100\" height=\"100\" \/><\/a><\/p>\n<p style=\"text-align: center;\"><strong>Speisen &amp; Getr\u00e4nke<\/strong><br \/>\nBei uns k\u00f6nnt ihr essen und trinken. Au\u00dferdem sind je nach Waschprogramm manche Speisen sogar inklusive!<\/p>\n<p>[\/vc_column_text][\/vc_column][vc_column width=&#8221;1\/4&#8243;][vc_column_text]<\/p>\n<p style=\"text-align: center;\"><img loading=\"lazy\" decoding=\"async\" class=\"aligncenter size-full wp-image-576\" src=\"https:\/\/www.truckxxgroup.de\/wasch-center-lauenau\/wp-content\/uploads\/sites\/9\/2015\/07\/icon_dusche.png\" alt=\"Dusche f\u00fcr Fahrer\" width=\"100\" height=\"100\" \/><\/p>\n<p style=\"text-align: center;\"><strong>Duschen f\u00fcr Fahrer<\/strong><br \/>\nBei uns gibt&#8217;s auch die Waschanlage f\u00fcr den Menschen: Duschen und Ruheraum f\u00fcr Fahrer<br \/>\n<strong>(bei Fahrzeugw\u00e4sche = kostenfreie Dusche!)<\/strong><\/p>\n<p>[\/vc_column_text][\/vc_column][vc_column width=&#8221;1\/4&#8243;][vc_column_text]<\/p>\n<p style=\"text-align: center;\"><img loading=\"lazy\" decoding=\"async\" class=\"aligncenter size-full wp-image-580\" src=\"https:\/\/www.truckxxgroup.de\/wasch-center-lauenau\/wp-content\/uploads\/sites\/9\/2015\/07\/pkw-waschanlage-24h-lauenau.png\" alt=\"24h\/7Tage PKW SB\" width=\"100\" height=\"100\" \/><\/p>\n<p style=\"text-align: center;\"><strong>PKW SB 24\/7<\/strong><br \/>\nSB-PKW-W\u00e4sche an 7 Tagen die Woche, 24 Stunden am Tag ge\u00f6ffnet!<\/p>\n<p>[\/vc_column_text][\/vc_column][\/vc_row][vc_row][vc_column][vc_separator][\/vc_column][\/vc_row]<\/p>\n<\/div>","protected":false},"excerpt":{"rendered":"<p>[vc_row][vc_column][vc_empty_space height=&#8221;80px&#8221;][\/vc_column][\/vc_row][vc_row][vc_column][vc_column_text] Wasch Center Lauenau GmbH Pkw, Wohnmobil und Lkw Waschanlage + Pkw SB-Boxen an der A2 in Lauenau. (Pkw SB-Boxen 24\/7 ge\u00f6ffnet!) [\/vc_column_text][vc_row_inner][vc_column_inner][\/vc_column_inner][\/vc_row_inner][\/vc_column][\/vc_row][vc_row css=&#8221;.vc_custom_1453376025838{margin-top: 20px !important;}&#8221;][vc_column width=&#8221;1\/5&#8243;][vc_single_image image=&#8221;545&#8243; img_size=&#8221;full&#8221; alignment=&#8221;center&#8221; style=&#8221;vc_box_shadow_3d&#8221;][\/vc_column][vc_column width=&#8221;2\/5&#8243;][vc_column_text] Wir waschen sie alle direkt an der A2 in Lauenau: LKW\u2018s und Anh\u00e4nger (auch Pferdeanh\u00e4nger), Baustellen-, Silo-, Tank- und sonstige Nutzfahrzeuge, Omnibusse&hellip;<\/p>\n","protected":false},"author":2,"featured_media":0,"parent":0,"menu_order":0,"comment_status":"closed","ping_status":"closed","template":"","meta":{"footnotes":""},"class_list":["post-4","page","type-page","status-publish","hentry","description-off"],"_links":{"self":[{"href":"https:\/\/www.truckxxgroup.de\/wasch-center-lauenau\/wp-json\/wp\/v2\/pages\/4","targetHints":{"allow":["GET"]}}],"collection":[{"href":"https:\/\/www.truckxxgroup.de\/wasch-center-lauenau\/wp-json\/wp\/v2\/pages"}],"about":[{"href":"https:\/\/www.truckxxgroup.de\/wasch-center-lauenau\/wp-json\/wp\/v2\/types\/page"}],"author":[{"embeddable":true,"href":"https:\/\/www.truckxxgroup.de\/wasch-center-lauenau\/wp-json\/wp\/v2\/users\/2"}],"replies":[{"embeddable":true,"href":"https:\/\/www.truckxxgroup.de\/wasch-center-lauenau\/wp-json\/wp\/v2\/comments?post=4"}],"version-history":[{"count":142,"href":"https:\/\/www.truckxxgroup.de\/wasch-center-lauenau\/wp-json\/wp\/v2\/pages\/4\/revisions"}],"predecessor-version":[{"id":17581,"href":"https:\/\/www.truckxxgroup.de\/wasch-center-lauenau\/wp-json\/wp\/v2\/pages\/4\/revisions\/17581"}],"wp:attachment":[{"href":"https:\/\/www.truckxxgroup.de\/wasch-center-lauenau\/wp-json\/wp\/v2\/media?parent=4"}],"curies":[{"name":"wp","href":"https:\/\/api.w.org\/{rel}","templated":true}]}}