{"id":20,"date":"2015-07-14T09:08:03","date_gmt":"2015-07-14T07:08:03","guid":{"rendered":"http:\/\/www.truckxgroup.detestwww\/transportkuehlung-hannover\/?page_id=20"},"modified":"2023-10-18T10:37:00","modified_gmt":"2023-10-18T08:37:00","slug":"impressum","status":"publish","type":"page","link":"https:\/\/www.truckxxgroup.de\/wasch-center-lauenau\/impressum\/","title":{"rendered":"Impressum"},"content":{"rendered":"<h3>Impressum<\/h3>\r\n<p>&nbsp;<\/p>\r\n<p><strong>Wasch Center Lauenau GmbH<\/strong><br \/>Magirusstra\u00dfe 4<br \/>D-31867 Lauenau<\/p>\r\n<p><strong>Vertretungsberechtige Gesch\u00e4ftsf\u00fchrerin:<\/strong> Vanessa Templin-Barsuhn<\/p>\r\n<p><strong>Telefon:<\/strong> +49 (0)5043 401940<br \/><strong>Fax:<\/strong> +49 (0)5043 401960<br \/><strong>E-Mail<\/strong>: info.waschcenter@truckxxgroup.de<\/p>\r\n<p><strong>Registergericht<\/strong>:Amtsgericht Stadthagen<br \/><strong>Registernummer:<\/strong> HRB 200511<br \/><strong>Umsatzsteuer-Identifikationsnummer gem. \u00a7 27a UStG:<\/strong> DE 268 463 387<\/p>\r\n<p>Inhaltlich Verantwortliche: Vanessa Templin-Barsuhn (Anschrift s.o.)<\/p>\r\n<p>&nbsp;<\/p>\r\n<p><strong>Haftungshinweis:<\/strong><br \/>F\u00fcr Verweise auf unseren Seiten m\u00f6chten wir ausdr\u00fccklich betonen, dass wir keinerlei Einfluss auf den Linktext, die Gestaltung, evtl. Verletzungen geltender Rechte, auch Marken- und Titelrechte und die Inhalte der gelinkten Seiten haben. Wir distanzieren uns ausdr\u00fccklich von den Linkformulierungen, sowie von allen Inhalten aller Seiten auf die wir Verweise gesetzt haben und machen uns ihre Inhalte nicht zu eigen. Diese Erkl\u00e4rung gilt f\u00fcr alle auf unserer Website angebrachten Links und f\u00fcr alle Inhalte der Seiten, zu denen die bei uns angemeldeten Banner oder Links f\u00fchren.<\/p>\r\n<p>Wir bem\u00fchen uns, m\u00f6glichst genaue und zuverl\u00e4ssige Informationen auf unseren Webseiten zu ver\u00f6ffentlichen. Wir k\u00f6nnen jedoch keinerlei Gew\u00e4hr f\u00fcr die Richtigkeit aller ver\u00f6ffentlichten Informationen leisten. Jegliche Haftung f\u00fcr den Fall von Irrt\u00fcmern oder Auslassungen auf unseren Webseiten wird ausgeschlossen.<\/p>\r\n<hr class=\"wp-block-separator\" \/>\r\n\r\n\r\n<p><strong>Online-Plattform zur au\u00dfergerichtlichen Beilegung von verbraucherrechtlichen Streitigkeiten<\/strong><\/p>\r\n\r\n\r\n\r\n<p>Entsprechend der gesetzlichen Verpflichtung weisen wir darauf hin, dass die Europ\u00e4ische Union eine Online-Plattform zur au\u00dfergerichtlichen Beilegung von verbraucherrechtlichen Streitigkeiten (\u201eOSPlattform\u201c) eingerichtet hat: <a href=\"http:\/\/ec.europa.eu\/consumers\/odr\/\" target=\"_blank\" rel=\"noreferrer noopener\">http:\/\/ec.europa.eu\/consumers\/odr\/<\/a><br \/>Wir nehmen jedoch nicht an Streitbeilegungsverfahren vor Verbraucherschlichtungsstellen teil.<\/p>\r\n","protected":false},"excerpt":{"rendered":"<p>Impressum &nbsp; Wasch Center Lauenau GmbHMagirusstra\u00dfe 4D-31867 Lauenau Vertretungsberechtige Gesch\u00e4ftsf\u00fchrerin: Vanessa Templin-Barsuhn Telefon: +49 (0)5043 401940Fax: +49 (0)5043 401960E-Mail: info.waschcenter@truckxxgroup.de Registergericht:Amtsgericht StadthagenRegisternummer: HRB 200511Umsatzsteuer-Identifikationsnummer gem. \u00a7 27a UStG: DE 268 463 387 Inhaltlich Verantwortliche: Vanessa Templin-Barsuhn (Anschrift s.o.) &nbsp; Haftungshinweis:F\u00fcr Verweise auf unseren Seiten m\u00f6chten wir ausdr\u00fccklich betonen, dass wir keinerlei Einfluss auf den Linktext,&hellip;<\/p>\n","protected":false},"author":2,"featured_media":0,"parent":0,"menu_order":0,"comment_status":"closed","ping_status":"closed","template":"","meta":{"footnotes":""},"class_list":["post-20","page","type-page","status-publish","hentry","description-off"],"_links":{"self":[{"href":"https:\/\/www.truckxxgroup.de\/wasch-center-lauenau\/wp-json\/wp\/v2\/pages\/20","targetHints":{"allow":["GET"]}}],"collection":[{"href":"https:\/\/www.truckxxgroup.de\/wasch-center-lauenau\/wp-json\/wp\/v2\/pages"}],"about":[{"href":"https:\/\/www.truckxxgroup.de\/wasch-center-lauenau\/wp-json\/wp\/v2\/types\/page"}],"author":[{"embeddable":true,"href":"https:\/\/www.truckxxgroup.de\/wasch-center-lauenau\/wp-json\/wp\/v2\/users\/2"}],"replies":[{"embeddable":true,"href":"https:\/\/www.truckxxgroup.de\/wasch-center-lauenau\/wp-json\/wp\/v2\/comments?post=20"}],"version-history":[{"count":9,"href":"https:\/\/www.truckxxgroup.de\/wasch-center-lauenau\/wp-json\/wp\/v2\/pages\/20\/revisions"}],"predecessor-version":[{"id":10150,"href":"https:\/\/www.truckxxgroup.de\/wasch-center-lauenau\/wp-json\/wp\/v2\/pages\/20\/revisions\/10150"}],"wp:attachment":[{"href":"https:\/\/www.truckxxgroup.de\/wasch-center-lauenau\/wp-json\/wp\/v2\/media?parent=20"}],"curies":[{"name":"wp","href":"https:\/\/api.w.org\/{rel}","templated":true}]}}