{"id":715,"date":"2017-06-20T14:23:30","date_gmt":"2017-06-20T12:23:30","guid":{"rendered":"http:\/\/www.truckxxgroup.de\/truck-center-minden\/?page_id=715"},"modified":"2023-11-24T09:21:48","modified_gmt":"2023-11-24T08:21:48","slug":"lkw-vermietung","status":"publish","type":"page","link":"https:\/\/www.truckxxgroup.de\/truck-center-minden\/lkw-vermietung\/","title":{"rendered":"Lkw Vermietung"},"content":{"rendered":"<div class=\"wpb-content-wrapper\"><p>[vc_row][vc_column width=&#8221;2\/3&#8243; css=&#8221;.vc_custom_1497960768918{padding-right: 30px !important;}&#8221;][vc_column_text]<\/p>\n<h3>LKW Vermietung Minden<\/h3>\n<p><strong>Sie m\u00f6chten einen Lkw mieten?<\/strong><br \/>\nWir bieten Ihnen flexible M\u00f6glichkeiten f\u00fcr die Lang- und Kurzzeitmiete von Lkw an:<\/p>\n<p>&nbsp;<\/p>\n<h4>Truck Center Lauenau Lkw-Vermietung<\/h4>\n<p>Unser Schwesterbetrieb an der Autobahn A2 vermietet diverse Lkw f\u00fcr Lang- und Kurzzeiteins\u00e4tze.<br \/>\n<a href=\"https:\/\/www.truckxxgroup.de\/truck-center-lauenau\/\" target=\"_blank\" rel=\"noopener noreferrer\">Zur Webseite des Truck Center Lauenau<\/a>.[\/vc_column_text][\/vc_column][vc_column width=&#8221;1\/3&#8243;][vc_single_image image=&#8221;728&#8243; img_size=&#8221;full&#8221;][vc_column_text]<\/p>\n<h3>Kontakt<\/h3>\n<div class=\"textwidget\">\n<p>Truck Center Minden GmbH<br \/>\nPotsdamer Stra\u00dfe 5, D-32423 Minden<\/p>\n<ul class=\"fa-ul\">\n<li><i class=\"fa-li fa fa-phone\"><\/i>0571 \/ 38711 &#8211; 0<\/li>\n<li><i class=\"fa-li fa fa-fax\"><\/i>0571 \/ 38711 &#8211; 34<\/li>\n<li><i class=\"fa-li fa fa-envelope-o\"><\/i>info.minden@truckxxgroup.de<\/li>\n<li><i class=\"fa-li fa fa-paper-plane\"><\/i><a href=\"https:\/\/www.truckxxgroup.de\/truck-center-minden\/kontakt\/\">Kontaktformular<\/a><\/li>\n<\/ul>\n<\/div>\n<p>[\/vc_column_text][\/vc_column][\/vc_row]<\/p>\n<\/div>","protected":false},"excerpt":{"rendered":"<p>[vc_row][vc_column width=&#8221;2\/3&#8243; css=&#8221;.vc_custom_1497960768918{padding-right: 30px !important;}&#8221;][vc_column_text] LKW Vermietung Minden Sie m\u00f6chten einen Lkw mieten? Wir bieten Ihnen flexible M\u00f6glichkeiten f\u00fcr die Lang- und Kurzzeitmiete von Lkw an: &nbsp; Truck Center Lauenau Lkw-Vermietung Unser Schwesterbetrieb an der Autobahn A2 vermietet diverse Lkw f\u00fcr Lang- und Kurzzeiteins\u00e4tze. Zur Webseite des Truck Center Lauenau.[\/vc_column_text][\/vc_column][vc_column width=&#8221;1\/3&#8243;][vc_single_image image=&#8221;728&#8243; img_size=&#8221;full&#8221;][vc_column_text] Kontakt Truck&hellip;<\/p>\n","protected":false},"author":2,"featured_media":0,"parent":0,"menu_order":0,"comment_status":"closed","ping_status":"closed","template":"","meta":{"footnotes":""},"class_list":["post-715","page","type-page","status-publish","hentry","description-off"],"_links":{"self":[{"href":"https:\/\/www.truckxxgroup.de\/truck-center-minden\/wp-json\/wp\/v2\/pages\/715","targetHints":{"allow":["GET"]}}],"collection":[{"href":"https:\/\/www.truckxxgroup.de\/truck-center-minden\/wp-json\/wp\/v2\/pages"}],"about":[{"href":"https:\/\/www.truckxxgroup.de\/truck-center-minden\/wp-json\/wp\/v2\/types\/page"}],"author":[{"embeddable":true,"href":"https:\/\/www.truckxxgroup.de\/truck-center-minden\/wp-json\/wp\/v2\/users\/2"}],"replies":[{"embeddable":true,"href":"https:\/\/www.truckxxgroup.de\/truck-center-minden\/wp-json\/wp\/v2\/comments?post=715"}],"version-history":[{"count":15,"href":"https:\/\/www.truckxxgroup.de\/truck-center-minden\/wp-json\/wp\/v2\/pages\/715\/revisions"}],"predecessor-version":[{"id":4648,"href":"https:\/\/www.truckxxgroup.de\/truck-center-minden\/wp-json\/wp\/v2\/pages\/715\/revisions\/4648"}],"wp:attachment":[{"href":"https:\/\/www.truckxxgroup.de\/truck-center-minden\/wp-json\/wp\/v2\/media?parent=715"}],"curies":[{"name":"wp","href":"https:\/\/api.w.org\/{rel}","templated":true}]}}