{"id":599,"date":"2016-03-11T14:13:28","date_gmt":"2016-03-11T13:13:28","guid":{"rendered":"http:\/\/www.truckxgroup.de\/truck-center-lauenau\/?page_id=599"},"modified":"2023-10-23T14:10:58","modified_gmt":"2023-10-23T12:10:58","slug":"elektrik-elektronik","status":"publish","type":"page","link":"https:\/\/www.truckxxgroup.de\/truck-center-minden\/elektrik-elektronik\/","title":{"rendered":"Elektrik &#038; Elektronik"},"content":{"rendered":"<div class=\"wpb-content-wrapper\"><p>[vc_row][vc_column width=&#8221;2\/3&#8243;][vc_column_text]<\/p>\n<h3>Elektrik &amp; Elektronik Service f\u00fcr Nutzfahrzeuge<\/h3>\n<div class=\"textItem\">\n<p>Durch die immer umfangreicher und anspruchsvoller werdenden Systeme, die im Bereich der Elektrik \/ Elektronik in NFZ, Bus, Anh\u00e4nger\/Auflieger und Spezialaufbauten zum Einsatz kommen, steht in unserem Unternehmen eine eigens eingerichtete Abteilung Elektrik mit angeschlossenem B\u00fcro zur Verf\u00fcgung.<br \/>\nDrei bestens und regelm\u00e4\u00dfig geschulte Mitarbeiter stehen zur Verf\u00fcgung um alle Anforderungen dieses Bereiches abzudecken und Ihre konkreten (W\u00fcnsche) zu erf\u00fcllen.<br \/>\nDie Ausr\u00fcstung derAbteilung befindet sich auf hohem technischen Niveau und wird regelm\u00e4\u00dfig auf den neuesten Stand der Technik gebracht.<br \/>\nDazu geh\u00f6ren neben umfangreicher Pr\u00fcfsoftware und Diagnoseeinrichtungen, mehrere mobile Computer und selbstverst\u00e4ndlich Internetanschl\u00fcsse um mit unseren Partnern stets in Verbindung zu stehen f\u00fcr Update\u00b4s und neueste Informationen.<\/p>\n<p>Unsere Leistungen und Service umfassen u.a. folgende Gebiete:<\/p>\n<ul>\n<li>Diagnose und Reparatur der elektrischen Systeme unseres Partners Wabco<\/li>\n<li>EBS und ABS an NFZ und Anh\u00e4nger bzw. Auflieger<\/li>\n<li>Ecas und ELM Luftfederanlagen<\/li>\n<li>Klimasteuerungen<\/li>\n<li>T\u00fcrsteuerungen<\/li>\n<li>Heizungssteuerung<\/li>\n<li>Diagnose und Reparatur von EBS und ABS Anlagen der Fa. Knorr (Bosch) in Anh\u00e4nger bzw. Auflieger<\/li>\n<li>Einbau und Planung f\u00fcr Komfortelektronik und Zubeh\u00f6r nach Ihren W\u00fcnschen<\/li>\n<li>Diagnose, Reparatur und Einbau von Standheizungen der Fabrikate von:\n<ul>\n<li>Ebersp\u00e4cher<\/li>\n<li>Webasto<\/li>\n<li>Truma<\/li>\n<\/ul>\n<\/li>\n<\/ul>\n<ul>\n<li>Einbau nach Ihren Vorgaben von:\n<ul>\n<li>Telefon Festeinbau und Freisprechanlagen<\/li>\n<li>Radio<\/li>\n<li>Betriebs und CB-Funk<\/li>\n<li>Navigationssystemen<\/li>\n<\/ul>\n<\/li>\n<\/ul>\n<ul>\n<li>Service f\u00fcr Ladebordw\u00e4nde:\n<ul>\n<li>B\u00e4r-Service<\/li>\n<li>MBB-Service<\/li>\n<li>selbstverst\u00e4ndlich auch andere Fabrikate<\/li>\n<\/ul>\n<\/li>\n<\/ul>\n<ul>\n<li>Service f\u00fcr Fahrtschreiber und Geschwindigkeitsbegrenzer<\/li>\n<\/ul>\n<p>Wir bieten Ihnen auch einen umfangreichen Batterieservice (Laden und Pr\u00fcfen Ihrer Batterien mit unserem Batterietestger\u00e4t f\u00fcr aussagekr\u00e4ftige Diagnosen). Auf Wunsch k\u00f6nnen wir Lichtmaschinen pr\u00fcfen und ggf. instandsetzen.<br \/>\nSelbstverst\u00e4ndlich k\u00f6nnen Sie uns auf alle Probleme oder Ihre W\u00fcnsche \u00fcber Einbau oder Reparatur auf dem Gebiet der Kfz-Elektrik\/Elektronik ansprechen um gemeinsam eine L\u00f6sung zu Ihrer Zufriedenheit zu finden.<\/p>\n<\/div>\n<p>[\/vc_column_text][\/vc_column][vc_column width=&#8221;1\/3&#8243;][vc_single_image image=&#8221;777&#8243; img_size=&#8221;full&#8221; alignment=&#8221;center&#8221; style=&#8221;vc_box_shadow_3d&#8221;][\/vc_column][\/vc_row][vc_row][vc_column][vc_separator][\/vc_column][\/vc_row]<\/p>\n<\/div>","protected":false},"excerpt":{"rendered":"<p>[vc_row][vc_column width=&#8221;2\/3&#8243;][vc_column_text] Elektrik &amp; Elektronik Service f\u00fcr Nutzfahrzeuge Durch die immer umfangreicher und anspruchsvoller werdenden Systeme, die im Bereich der Elektrik \/ Elektronik in NFZ, Bus, Anh\u00e4nger\/Auflieger und Spezialaufbauten zum Einsatz kommen, steht in unserem Unternehmen eine eigens eingerichtete Abteilung Elektrik mit angeschlossenem B\u00fcro zur Verf\u00fcgung. Drei bestens und regelm\u00e4\u00dfig geschulte Mitarbeiter stehen zur Verf\u00fcgung&hellip;<\/p>\n","protected":false},"author":2,"featured_media":0,"parent":0,"menu_order":0,"comment_status":"closed","ping_status":"open","template":"","meta":{"footnotes":""},"class_list":["post-599","page","type-page","status-publish","hentry","description-off"],"_links":{"self":[{"href":"https:\/\/www.truckxxgroup.de\/truck-center-minden\/wp-json\/wp\/v2\/pages\/599","targetHints":{"allow":["GET"]}}],"collection":[{"href":"https:\/\/www.truckxxgroup.de\/truck-center-minden\/wp-json\/wp\/v2\/pages"}],"about":[{"href":"https:\/\/www.truckxxgroup.de\/truck-center-minden\/wp-json\/wp\/v2\/types\/page"}],"author":[{"embeddable":true,"href":"https:\/\/www.truckxxgroup.de\/truck-center-minden\/wp-json\/wp\/v2\/users\/2"}],"replies":[{"embeddable":true,"href":"https:\/\/www.truckxxgroup.de\/truck-center-minden\/wp-json\/wp\/v2\/comments?post=599"}],"version-history":[{"count":2,"href":"https:\/\/www.truckxxgroup.de\/truck-center-minden\/wp-json\/wp\/v2\/pages\/599\/revisions"}],"predecessor-version":[{"id":778,"href":"https:\/\/www.truckxxgroup.de\/truck-center-minden\/wp-json\/wp\/v2\/pages\/599\/revisions\/778"}],"wp:attachment":[{"href":"https:\/\/www.truckxxgroup.de\/truck-center-minden\/wp-json\/wp\/v2\/media?parent=599"}],"curies":[{"name":"wp","href":"https:\/\/api.w.org\/{rel}","templated":true}]}}