{"id":4,"date":"2015-07-13T14:51:19","date_gmt":"2015-07-13T12:51:19","guid":{"rendered":"http:\/\/www.truckxgroup.detestwww\/transportkuehlung-hannover\/?page_id=4"},"modified":"2024-04-05T11:00:09","modified_gmt":"2024-04-05T09:00:09","slug":"startseite","status":"publish","type":"page","link":"https:\/\/www.truckxxgroup.de\/truck-center-minden\/","title":{"rendered":"Startseite"},"content":{"rendered":"<div class=\"wpb-content-wrapper\"><p>[vc_row][vc_column]\n\t\t\t<!-- START homepagegsh REVOLUTION SLIDER 6.7.37 --><p class=\"rs-p-wp-fix\"><\/p>\n\t\t\t<rs-module-wrap id=\"rev_slider_1_1_wrapper\" data-source=\"gallery\" style=\"visibility:hidden;background:#E9E9E9;padding:0;margin:0px auto;margin-top:0;margin-bottom:0;\">\n\t\t\t\t<rs-module id=\"rev_slider_1_1\" style=\"\" data-version=\"6.7.37\">\n\t\t\t\t\t<rs-slides style=\"overflow: hidden; position: absolute;\">\n\t\t\t\t\t\t<rs-slide style=\"position: absolute;\" data-key=\"rs-3\" data-title=\"TCM\" data-thumb=\"\/\/www.truckxxgroup.de\/truck-center-minden\/wp-content\/uploads\/sites\/12\/2016\/07\/slider_tcm.jpg\" data-in=\"prst:rndany;o:0;x:100%;\" data-out=\"a:false;\">\n\t\t\t\t\t\t\t<img decoding=\"async\" src=\"\/\/www.truckxxgroup.de\/truck-center-minden\/wp-content\/plugins\/revslider\/sr6\/assets\/assets\/dummy.png\" alt=\"\" title=\"Startseite\" class=\"rev-slidebg tp-rs-img rs-lazyload\" data-lazyload=\"\/\/www.truckxxgroup.de\/truck-center-minden\/wp-content\/uploads\/sites\/12\/2016\/07\/slider_tcm.jpg\" data-bg=\"p:center bottom;\" data-no-retina>\n<!--\n\t\t\t\t\t\t\t--><rs-layer\n\t\t\t\t\t\t\t\tid=\"slider-1-slide-3-layer-0\" \n\t\t\t\t\t\t\t\tclass=\"whitethick56px\"\n\t\t\t\t\t\t\t\tdata-type=\"text\"\n\t\t\t\t\t\t\t\tdata-color=\"#ffffff\"\n\t\t\t\t\t\t\t\tdata-rsp_ch=\"on\"\n\t\t\t\t\t\t\t\tdata-xy=\"x:c;y:c;\"\n\t\t\t\t\t\t\t\tdata-text=\"s:40;l:40;ls:-2px;fw:800;\"\n\t\t\t\t\t\t\t\tdata-frame_0=\"x:left;\"\n\t\t\t\t\t\t\t\tdata-frame_1=\"st:1900;sp:900;\"\n\t\t\t\t\t\t\t\tdata-frame_999=\"st:8400;auto:true;\"\n\t\t\t\t\t\t\t\tstyle=\"z-index:5;font-family:'Verdana', 'Geneva', 'sans-serif';text-shadow:0px 2px 5px rgba(0, 0, 0, 0.5)\nwhite-space:nowrap;\"\n\t\t\t\t\t\t\t>Willkommen bei Truck Center Minden! \n\t\t\t\t\t\t\t<\/rs-layer><!--\n-->\t\t\t\t\t<\/rs-slide>\n\t\t\t\t\t\t<rs-slide style=\"position: absolute;\" data-key=\"rs-6\" data-title=\"Turn Detect\" data-thumb=\"\/\/www.truckxxgroup.de\/truck-center-minden\/wp-content\/uploads\/sites\/12\/2019\/06\/Slider-LUIS-Turn-Detect.jpg\" data-link=\"\/\/www.truckxxgroup.de\/blog\/luis-abbiegeassistent-turn-detect-jetzt-bei-allen-truckxxgroup-betrieben-erhaeltlich\/\" data-tag=\"l\" data-target=\"_blank\" data-seoz=\"front\" data-anim=\"f:center;\" data-in=\"prst:rndany;y:(-100%);col:5;\">\n\t\t\t\t\t\t\t<img decoding=\"async\" src=\"\/\/www.truckxxgroup.de\/truck-center-minden\/wp-content\/plugins\/revslider\/sr6\/assets\/assets\/dummy.png\" alt=\"\" title=\"Startseite\" class=\"rev-slidebg tp-rs-img rs-lazyload\" data-lazyload=\"\/\/www.truckxxgroup.de\/truck-center-minden\/wp-content\/uploads\/sites\/12\/2019\/06\/Slider-LUIS-Turn-Detect.jpg\" data-no-retina>\n<!---->\t\t\t\t\t<\/rs-slide>\n\t\t\t\t\t\t<rs-slide style=\"position: absolute;\" data-key=\"rs-5\" data-title=\"Nutzfahrzeugkompetenz\" data-thumb=\"\/\/www.truckxxgroup.de\/truck-center-minden\/wp-content\/uploads\/sites\/12\/2016\/07\/slider_nfz.jpg\" data-in=\"prst:rndany;y:-100%;\" data-out=\"a:false;\">\n\t\t\t\t\t\t\t<img decoding=\"async\" src=\"\/\/www.truckxxgroup.de\/truck-center-minden\/wp-content\/plugins\/revslider\/sr6\/assets\/assets\/dummy.png\" alt=\"\" title=\"Startseite\" class=\"rev-slidebg tp-rs-img rs-lazyload\" data-lazyload=\"\/\/www.truckxxgroup.de\/truck-center-minden\/wp-content\/uploads\/sites\/12\/2016\/07\/slider_nfz.jpg\" data-bg=\"p:center top;\" data-no-retina>\n<!--\n\t\t\t\t\t\t\t--><rs-layer\n\t\t\t\t\t\t\t\tid=\"slider-1-slide-5-layer-1\" \n\t\t\t\t\t\t\t\tclass=\"whitethick56px\"\n\t\t\t\t\t\t\t\tdata-type=\"text\"\n\t\t\t\t\t\t\t\tdata-color=\"#ffffff\"\n\t\t\t\t\t\t\t\tdata-rsp_ch=\"on\"\n\t\t\t\t\t\t\t\tdata-xy=\"x:103px;y:c;yo:78px;\"\n\t\t\t\t\t\t\t\tdata-text=\"s:40;l:40;ls:-2px;fw:800;\"\n\t\t\t\t\t\t\t\tdata-frame_0=\"x:left;\"\n\t\t\t\t\t\t\t\tdata-frame_1=\"st:870;sp:900;sR:870;\"\n\t\t\t\t\t\t\t\tdata-frame_999=\"st:8400;sR:6630;auto:true;\"\n\t\t\t\t\t\t\t\tstyle=\"z-index:5;font-family:'Verdana', 'Geneva', 'sans-serif';text-shadow:0px 2px 5px rgba(0, 0, 0, 0.5)\nwhite-space:nowrap;\"\n\t\t\t\t\t\t\t>Kompetenz in Sachen Nutzfahrzeuge. \n\t\t\t\t\t\t\t<\/rs-layer><!--\n-->\t\t\t\t\t<\/rs-slide>\n\t\t\t\t\t<\/rs-slides>\n\t\t\t\t<\/rs-module>\n\t\t\t\t<script>\n\t\t\t\t\tsetREVStartSize({c: 'rev_slider_1_1',rl:[1240,1024,778,480],el:[575],gw:[1170],gh:[575],type:'standard',justify:'',layout:'fullwidth',mh:\"575px\"});if (window.RS_MODULES!==undefined && window.RS_MODULES.modules!==undefined && window.RS_MODULES.modules[\"revslider11\"]!==undefined) {window.RS_MODULES.modules[\"revslider11\"].once = false;window.revapi1 = undefined;if (window.RS_MODULES.checkMinimal!==undefined) window.RS_MODULES.checkMinimal()}\n\t\t\t\t<\/script>\n\t\t\t<\/rs-module-wrap>\n\t\t\t<!-- END REVOLUTION SLIDER -->\n[vc_empty_space height=&#8221;60px&#8221;][\/vc_column][\/vc_row][vc_row][vc_column][vc_column_text]<\/p>\n<h2 style=\"text-align: center; font-size: 43px; color: #0061a1;\">Truck Center Minden GmbH<\/h2>\n<h3 style=\"text-align: center; font-size: 22px; color: black; font-weight: normal;\">Ihr MAN Truck &amp; Bus Deutschland GmbH Vertragspartner.<\/h3>\n<p>[\/vc_column_text][\/vc_column][\/vc_row][vc_row][vc_column width=&#8221;1\/3&#8243;][vc_tta_tabs][vc_tta_section title=&#8221;\u00d6ffnungszeiten&#8221; tab_id=&#8221;1457434060215-601db96c-3ca6&#8243;][vc_column_text]<strong>B\u00fcro<\/strong><br \/>\nMontag &#8211; Freitag\u00a0\u00a0\u00a0\u00a0 7:30\u00a0&#8211; 17:00 Uhr<\/p>\n<p><strong>Servicewerkstatt<\/strong><br \/>\nMo. &#8211; Do.\u00a0 \u00a0 \u00a0 \u00a0 \u00a0 \u00a0 \u00a0 \u00a07:30 &#8211; 17:00 Uhr<br \/>\nFreitag\u00a0 \u00a0 \u00a0 \u00a0 \u00a0 \u00a0 \u00a0 \u00a0 \u00a0 \u00a07:30 &#8211; 18:00 Uhr<br \/>\nSamstag\u00a0 \u00a0 \u00a0 \u00a0 \u00a0 \u00a0 \u00a0 \u00a0 7:30 &#8211; 15:00 Uhr[\/vc_column_text][\/vc_tta_section][vc_tta_section title=&#8221;Notdienst&#8221; tab_id=&#8221;1457434060354-a922a0df-af3d&#8221;][vc_column_text]<strong>Unsere Notdienst-Nummer<\/strong><br \/>\nTag und Nacht &#8211; 365 Tage im Jahr &#8211;<\/p>\n<p><strong>Nutzfahrzeuge<\/strong><br \/>\nTelefon: +49 (0)571 38711-0<\/p>\n<p><strong>K\u00fchlmaschinen<\/strong><br \/>\nTelefon: +49 (0)571 38711-77[\/vc_column_text][\/vc_tta_section][\/vc_tta_tabs][\/vc_column][vc_column width=&#8221;2\/3&#8243;][vc_column_text]Mobilit\u00e4t ist der alles entscheidende Faktor im Transportwesen \u2013 und das gew\u00e4hrleistet das Truck Center Minden.<\/p>\n<p><strong>Unser Spektrum reicht vom Lkw, Wohnmobil \/ Caravan- \u00fcber Transporter-, Omnibus- bis hin zum Schwerlasttransporter-Service, inklusive Arbeiten an jeder Art von Anh\u00e4ngern und Aufliegern.<\/strong><\/p>\n<p>Als Vertragspartner der <strong>MAN Truck &amp; Bus Deutschland GmbH<\/strong> sorgen wir nicht nur f\u00fcr schnellen und flexiblen Werkstattservice f\u00fcr Fahrzeuge aller Hersteller, sondern f\u00fchren auch ein umfangreiches Ersatzteillager, das f\u00fcr kurze Ausfallzeiten b\u00fcrgt.<\/p>\n<p>Unserem engagierten und gut geschulten Werkstattteam steht eine modern ausgestattete Werkstatt mit Test- und Diagnoseger\u00e4ten auf dem neuesten Stand der Technik zur Verf\u00fcgung.<\/p>\n<p>Mit unserem 24 Stunden-Service helfen wir dort, wo wir gebraucht werden, auch mit <a href=\"https:\/\/www.truckxxgroup.de\/truck-center-minden\/lkw-vermietung\/\"><strong>Ersatzfahrzeugen (Lkw Vermietung)<\/strong><\/a>. Alles nat\u00fcrlich in gleichbleibend guter Qualit\u00e4t.<\/p>\n<p>Als zus\u00e4tzliche Leistung bietet das Truck Center Minden die professionelle Wartung und <strong>Instandsetzung von Schiffsmotoren<\/strong> und <strong>station\u00e4ren Motoren.<\/strong><\/p>\n<p>Im Bereich <strong>Transportk\u00fchlung<\/strong> arbeiten wir eng zusammen mit der <a href=\"https:\/\/www.truckxxgroup.de\/transportkuehlung-hannover\/\" target=\"_blank\" rel=\"noopener noreferrer\">Transportk\u00fchlung Hannover GmbH<\/a> (Unser Schwesterbetrieb aus der <a href=\"https:\/\/www.truckxxgroup.de\" target=\"_blank\" rel=\"noopener noreferrer\">Truckxxgroup<\/a>).[\/vc_column_text][\/vc_column][\/vc_row][vc_row][vc_column][vc_separator][\/vc_column][\/vc_row][vc_row][vc_column width=&#8221;1\/4&#8243;][vc_column_text css=&#8221;.vc_custom_1525766854730{border-top-width: 1px !important;border-right-width: 1px !important;border-bottom-width: 1px !important;border-left-width: 1px !important;padding-top: 5px !important;padding-right: 5px !important;padding-bottom: 5px !important;padding-left: 5px !important;border-left-color: #f2f2f2 !important;border-left-style: solid !important;border-right-color: #f2f2f2 !important;border-right-style: solid !important;border-top-color: #f2f2f2 !important;border-top-style: solid !important;border-bottom-color: #f2f2f2 !important;border-bottom-style: solid !important;}&#8221;]<\/p>\n<p style=\"text-align: center; font-size: 12px; line-height: 1.7;\"><a title=\"MAN Servicepartner Minden\" href=\"http:\/\/www.truck.man.eu\/de\/\" target=\"_blank\" rel=\"noopener noreferrer\"><img loading=\"lazy\" decoding=\"async\" class=\"aligncenter wp-image-541 size-full\" src=\"https:\/\/www.truckxxgroup.de\/truck-center-minden\/wp-content\/uploads\/sites\/12\/2018\/05\/MAN-logo.png\" alt=\"MAN Truck &amp; Bus Servicepartner\" width=\"150\" height=\"85\" \/><\/a><br \/>\nTruck Center Minden ist MAN Truck &amp; Bus Deutschland GmbH Servicepartner.<\/p>\n<p>[\/vc_column_text][\/vc_column][vc_column width=&#8221;1\/4&#8243;][vc_column_text css=&#8221;.vc_custom_1525766891056{border-top-width: 1px !important;border-right-width: 1px !important;border-bottom-width: 1px !important;border-left-width: 1px !important;padding-top: 5px !important;padding-right: 5px !important;padding-bottom: 5px !important;padding-left: 5px !important;border-left-color: #f2f2f2 !important;border-left-style: solid !important;border-right-color: #f2f2f2 !important;border-right-style: solid !important;border-top-color: #f2f2f2 !important;border-top-style: solid !important;border-bottom-color: #f2f2f2 !important;border-bottom-style: solid !important;}&#8221;]<\/p>\n<p style=\"text-align: center; font-size: 12px; line-height: 1.7;\"><a title=\"Schmitz Cargobull Partner Minden\" href=\"http:\/\/www.cargobull.com\/de\/\" target=\"_blank\" rel=\"noopener noreferrer\"><img loading=\"lazy\" decoding=\"async\" class=\"aligncenter wp-image-681 size-full\" src=\"https:\/\/www.truckxxgroup.de\/truck-center-minden\/wp-content\/uploads\/sites\/12\/2018\/05\/logo_schmitz-cargobull-2.jpg\" alt=\"Schmitz Cargobull Trailer Service Minden\" width=\"150\" height=\"85\" \/><\/a><br \/>\nTruck Center Minden bietet Ihnen als Partner Service f\u00fcr Trailer von Schmitz Cargobull.<\/p>\n<p>[\/vc_column_text][\/vc_column][vc_column width=&#8221;1\/4&#8243;][vc_column_text css=&#8221;.vc_custom_1525766910442{border-top-width: 1px !important;border-right-width: 1px !important;border-bottom-width: 1px !important;border-left-width: 1px !important;padding-top: 5px !important;padding-right: 5px !important;padding-bottom: 5px !important;padding-left: 5px !important;border-left-color: #f2f2f2 !important;border-left-style: solid !important;border-right-color: #f2f2f2 !important;border-right-style: solid !important;border-top-color: #f2f2f2 !important;border-top-style: solid !important;border-bottom-color: #f2f2f2 !important;border-bottom-style: solid !important;}&#8221;]<a title=\"Wabco\" href=\"http:\/\/www.wabco-auto.com\/de\/\" target=\"_blank\" rel=\"noopener noreferrer\"><img loading=\"lazy\" decoding=\"async\" class=\"aligncenter wp-image-687 size-full\" src=\"https:\/\/www.truckxxgroup.de\/truck-center-minden\/wp-content\/uploads\/sites\/12\/2018\/05\/logo_wabco.jpg\" alt=\"Wabco Servicepartner Minden\" width=\"150\" height=\"85\" \/><\/a><\/p>\n<p style=\"text-align: center; font-size: 12px; line-height: 1.7;\">Als Wabco Partner bieten wir Ihnen Service und Nachr\u00fcstung im Bereich Fahrassistenzsysteme und Bremssysteme uvm.<\/p>\n<p>[\/vc_column_text][\/vc_column][vc_column width=&#8221;1\/4&#8243;][\/vc_column][\/vc_row][vc_row][vc_column][vc_separator][\/vc_column][\/vc_row][vc_row][vc_column][vc_column_text]<\/p>\n<p style=\"text-align: center;\"><strong>Truck Center Minden GmbH<\/strong><br \/>\nEin Unternehmen der<br \/>\n<a href=\"https:\/\/www.truckxxgroup.de\" target=\"_blank\" rel=\"noopener noreferrer\"><img loading=\"lazy\" decoding=\"async\" class=\"aligncenter size-full wp-image-554\" src=\"https:\/\/www.truckxxgroup.de\/truck-center-minden\/wp-content\/uploads\/sites\/12\/2018\/05\/truckxxgroup_logo_4c.png\" alt=\"truckxxgroup\" width=\"270\" height=\"65\" \/><\/a><\/p>\n<p>[\/vc_column_text][\/vc_column][\/vc_row]<\/p>\n<\/div>","protected":false},"excerpt":{"rendered":"<p>[vc_row][vc_column][vc_empty_space height=&#8221;60px&#8221;][\/vc_column][\/vc_row][vc_row][vc_column][vc_column_text] Truck Center Minden GmbH Ihr MAN Truck &amp; Bus Deutschland GmbH Vertragspartner. [\/vc_column_text][\/vc_column][\/vc_row][vc_row][vc_column width=&#8221;1\/3&#8243;][vc_tta_tabs][vc_tta_section title=&#8221;\u00d6ffnungszeiten&#8221; tab_id=&#8221;1457434060215-601db96c-3ca6&#8243;][vc_column_text]B\u00fcro Montag &#8211; Freitag\u00a0\u00a0\u00a0\u00a0 7:30\u00a0&#8211; 17:00 Uhr Servicewerkstatt Mo. &#8211; Do.\u00a0 \u00a0 \u00a0 \u00a0 \u00a0 \u00a0 \u00a0 \u00a07:30 &#8211; 17:00 Uhr Freitag\u00a0 \u00a0 \u00a0 \u00a0 \u00a0 \u00a0 \u00a0 \u00a0 \u00a0 \u00a07:30 &#8211; 18:00 Uhr Samstag\u00a0 \u00a0 \u00a0 \u00a0&hellip;<\/p>\n","protected":false},"author":2,"featured_media":0,"parent":0,"menu_order":0,"comment_status":"closed","ping_status":"open","template":"","meta":{"footnotes":""},"class_list":["post-4","page","type-page","status-publish","hentry","description-off"],"_links":{"self":[{"href":"https:\/\/www.truckxxgroup.de\/truck-center-minden\/wp-json\/wp\/v2\/pages\/4","targetHints":{"allow":["GET"]}}],"collection":[{"href":"https:\/\/www.truckxxgroup.de\/truck-center-minden\/wp-json\/wp\/v2\/pages"}],"about":[{"href":"https:\/\/www.truckxxgroup.de\/truck-center-minden\/wp-json\/wp\/v2\/types\/page"}],"author":[{"embeddable":true,"href":"https:\/\/www.truckxxgroup.de\/truck-center-minden\/wp-json\/wp\/v2\/users\/2"}],"replies":[{"embeddable":true,"href":"https:\/\/www.truckxxgroup.de\/truck-center-minden\/wp-json\/wp\/v2\/comments?post=4"}],"version-history":[{"count":90,"href":"https:\/\/www.truckxxgroup.de\/truck-center-minden\/wp-json\/wp\/v2\/pages\/4\/revisions"}],"predecessor-version":[{"id":5068,"href":"https:\/\/www.truckxxgroup.de\/truck-center-minden\/wp-json\/wp\/v2\/pages\/4\/revisions\/5068"}],"wp:attachment":[{"href":"https:\/\/www.truckxxgroup.de\/truck-center-minden\/wp-json\/wp\/v2\/media?parent=4"}],"curies":[{"name":"wp","href":"https:\/\/api.w.org\/{rel}","templated":true}]}}