{"id":262,"date":"2015-07-30T10:27:13","date_gmt":"2015-07-30T08:27:13","guid":{"rendered":"http:\/\/www.truckxgroup.detestwww\/transportkuehlung-hannover\/?page_id=262"},"modified":"2023-10-23T14:12:00","modified_gmt":"2023-10-23T12:12:00","slug":"24h-stunden-service","status":"publish","type":"page","link":"https:\/\/www.truckxxgroup.de\/truck-center-minden\/24h-stunden-service\/","title":{"rendered":"24h Stunden Service"},"content":{"rendered":"<div class=\"wpb-content-wrapper\"><p>[vc_row][vc_column width=&#8221;2\/3&#8243;][vc_column_text]<\/p>\n<h3>UNSER 24h NOTDIENST SERVICE F\u00dcR IHREN STAPLER<\/h3>\n<p>Unser 24h Service sorgt daf\u00fcr, dass Ihr Stapler jederzeit wieder einsatzbereit gemacht werden kann. Sie haben einen Ausfall zu beklagen? Rufen Sie unseren Notdienst &#8211; wir l\u00f6sen das Problem.<\/p>\n<p>Ob Sie direkt anrufen oder \u00fcber Service 24, wir stehen Ihnen immer zur Verf\u00fcgung.<\/p>\n<p>Ebenfalls sind unsere Pannenfahrzeuge mit allem ausger\u00fcstet, was unterwegs von N\u00f6ten w\u00e4re. Mehrere Service Fahrzeuge von Gabelstapler Service Hameln sind f\u00fcr Sie unterwegs. So wird gew\u00e4hrleistet, dass wir viele Reparaturen vor Ort ausf\u00fchren k\u00f6nnen, ohne dass zeitaufw\u00e4ndige \u00dcberf\u00fchrungen in eine Werkstatt vorgenommen werden m\u00fcssen.<\/p>\n<p>Ihr Stapler ist somit schnell wieder einsatzbereit und darauf kommt es an.<\/p>\n<p><img loading=\"lazy\" decoding=\"async\" class=\"alignnone wp-image-275 size-full\" src=\"http:\/\/www.truckxgroup.detestwww\/transportkuehlung-hannover\/wp-content\/uploads\/sites\/7\/2015\/07\/24h-stapler-notdienst-hameln3.jpg\" alt=\"24h Stapler Notdienst Hameln\" width=\"1170\" height=\"209\" srcset=\"https:\/\/www.truckxxgroup.de\/truck-center-minden\/wp-content\/uploads\/sites\/12\/2015\/07\/24h-stapler-notdienst-hameln3.jpg 1170w, https:\/\/www.truckxxgroup.de\/truck-center-minden\/wp-content\/uploads\/sites\/12\/2015\/07\/24h-stapler-notdienst-hameln3-300x54.jpg 300w, https:\/\/www.truckxxgroup.de\/truck-center-minden\/wp-content\/uploads\/sites\/12\/2015\/07\/24h-stapler-notdienst-hameln3-1024x183.jpg 1024w\" sizes=\"auto, (max-width: 1170px) 100vw, 1170px\" \/>[\/vc_column_text][\/vc_column][vc_column width=&#8221;1\/3&#8243;][vc_single_image image=&#8221;781&#8243; img_size=&#8221;full&#8221; alignment=&#8221;center&#8221; style=&#8221;vc_box_shadow&#8221;][\/vc_column][\/vc_row]<\/p>\n<\/div>","protected":false},"excerpt":{"rendered":"<p>[vc_row][vc_column width=&#8221;2\/3&#8243;][vc_column_text] UNSER 24h NOTDIENST SERVICE F\u00dcR IHREN STAPLER Unser 24h Service sorgt daf\u00fcr, dass Ihr Stapler jederzeit wieder einsatzbereit gemacht werden kann. Sie haben einen Ausfall zu beklagen? Rufen Sie unseren Notdienst &#8211; wir l\u00f6sen das Problem. Ob Sie direkt anrufen oder \u00fcber Service 24, wir stehen Ihnen immer zur Verf\u00fcgung. Ebenfalls sind unsere&hellip;<\/p>\n","protected":false},"author":2,"featured_media":0,"parent":0,"menu_order":0,"comment_status":"closed","ping_status":"open","template":"","meta":{"footnotes":""},"class_list":["post-262","page","type-page","status-publish","hentry","description-off"],"_links":{"self":[{"href":"https:\/\/www.truckxxgroup.de\/truck-center-minden\/wp-json\/wp\/v2\/pages\/262","targetHints":{"allow":["GET"]}}],"collection":[{"href":"https:\/\/www.truckxxgroup.de\/truck-center-minden\/wp-json\/wp\/v2\/pages"}],"about":[{"href":"https:\/\/www.truckxxgroup.de\/truck-center-minden\/wp-json\/wp\/v2\/types\/page"}],"author":[{"embeddable":true,"href":"https:\/\/www.truckxxgroup.de\/truck-center-minden\/wp-json\/wp\/v2\/users\/2"}],"replies":[{"embeddable":true,"href":"https:\/\/www.truckxxgroup.de\/truck-center-minden\/wp-json\/wp\/v2\/comments?post=262"}],"version-history":[{"count":6,"href":"https:\/\/www.truckxxgroup.de\/truck-center-minden\/wp-json\/wp\/v2\/pages\/262\/revisions"}],"predecessor-version":[{"id":782,"href":"https:\/\/www.truckxxgroup.de\/truck-center-minden\/wp-json\/wp\/v2\/pages\/262\/revisions\/782"}],"wp:attachment":[{"href":"https:\/\/www.truckxxgroup.de\/truck-center-minden\/wp-json\/wp\/v2\/media?parent=262"}],"curies":[{"name":"wp","href":"https:\/\/api.w.org\/{rel}","templated":true}]}}