{"id":25,"date":"2015-07-14T09:28:09","date_gmt":"2015-07-14T07:28:09","guid":{"rendered":"http:\/\/www.truckxgroup.detestwww\/transportkuehlung-hannover\/?page_id=25"},"modified":"2023-10-23T14:13:12","modified_gmt":"2023-10-23T12:13:12","slug":"ueber-uns","status":"publish","type":"page","link":"https:\/\/www.truckxxgroup.de\/truck-center-minden\/ueber-uns\/","title":{"rendered":"\u00dcber uns"},"content":{"rendered":"<div class=\"wpb-content-wrapper\"><p>[vc_row][vc_column width=&#8221;2\/3&#8243;][vc_column_text]<\/p>\n<h3>Das sind wir &#8211; Truck Center Minden GmbH<\/h3>\n<p>Hervorgehend aus der vor 50 Jahren gegr\u00fcndeten Serviceniederlassung der MAN Nutzfahrzueg AG steht das Truck Center Minden von jeher f\u00fcr kompetenten und zuverl\u00e4ssigen Service f\u00fcr Nutzfahrzeuge.<\/p>\n<p>Als Vertragspartner der MAN Truck &amp; Bus Deutschland GmbH sorgen wir nicht nur f\u00fcr schnellen und flexiblen Werkstattservice f\u00fcr Fahrzeuge aller Hersteller, sondern f\u00fchren auch ein umfangreiches Ersatzteillager, das f\u00fcr kurze Ausfallzeiten b\u00fcrgt.<\/p>\n<p>Unser gut geschultes und hoch motiviertes Team ist auf alle Facharbeiten rund ums Nutzfahrzeug \/LKW spezialisiert.<\/p>\n<p>Unsere Leistungen kurz und knapp:<\/p>\n<p>Reifen- Service<br \/>\nBremsenservice<br \/>\nUnfallinstandsetzung<br \/>\nT\u00e4gliche HU<br \/>\nKran- und Kippaufbauten<br \/>\nScheibenreparatur[\/vc_column_text][\/vc_column][vc_column width=&#8221;1\/3&#8243;][\/vc_column][\/vc_row][vc_row][vc_column][vc_separator][\/vc_column][\/vc_row][vc_row][vc_column width=&#8221;1\/2&#8243;][vc_single_image image=&#8221;695&#8243; img_size=&#8221;full&#8221; alignment=&#8221;center&#8221; style=&#8221;vc_box_shadow&#8221;][\/vc_column][vc_column width=&#8221;1\/2&#8243;][vc_single_image image=&#8221;696&#8243; img_size=&#8221;full&#8221; alignment=&#8221;center&#8221; style=&#8221;vc_box_shadow&#8221;][\/vc_column][\/vc_row]<\/p>\n<\/div>","protected":false},"excerpt":{"rendered":"<p>[vc_row][vc_column width=&#8221;2\/3&#8243;][vc_column_text] Das sind wir &#8211; Truck Center Minden GmbH Hervorgehend aus der vor 50 Jahren gegr\u00fcndeten Serviceniederlassung der MAN Nutzfahrzueg AG steht das Truck Center Minden von jeher f\u00fcr kompetenten und zuverl\u00e4ssigen Service f\u00fcr Nutzfahrzeuge. Als Vertragspartner der MAN Truck &amp; Bus Deutschland GmbH sorgen wir nicht nur f\u00fcr schnellen und flexiblen Werkstattservice f\u00fcr&hellip;<\/p>\n","protected":false},"author":2,"featured_media":0,"parent":0,"menu_order":0,"comment_status":"closed","ping_status":"open","template":"","meta":{"footnotes":""},"class_list":["post-25","page","type-page","status-publish","hentry","description-off"],"_links":{"self":[{"href":"https:\/\/www.truckxxgroup.de\/truck-center-minden\/wp-json\/wp\/v2\/pages\/25","targetHints":{"allow":["GET"]}}],"collection":[{"href":"https:\/\/www.truckxxgroup.de\/truck-center-minden\/wp-json\/wp\/v2\/pages"}],"about":[{"href":"https:\/\/www.truckxxgroup.de\/truck-center-minden\/wp-json\/wp\/v2\/types\/page"}],"author":[{"embeddable":true,"href":"https:\/\/www.truckxxgroup.de\/truck-center-minden\/wp-json\/wp\/v2\/users\/2"}],"replies":[{"embeddable":true,"href":"https:\/\/www.truckxxgroup.de\/truck-center-minden\/wp-json\/wp\/v2\/comments?post=25"}],"version-history":[{"count":32,"href":"https:\/\/www.truckxxgroup.de\/truck-center-minden\/wp-json\/wp\/v2\/pages\/25\/revisions"}],"predecessor-version":[{"id":706,"href":"https:\/\/www.truckxxgroup.de\/truck-center-minden\/wp-json\/wp\/v2\/pages\/25\/revisions\/706"}],"wp:attachment":[{"href":"https:\/\/www.truckxxgroup.de\/truck-center-minden\/wp-json\/wp\/v2\/media?parent=25"}],"curies":[{"name":"wp","href":"https:\/\/api.w.org\/{rel}","templated":true}]}}