{"id":745,"date":"2019-04-09T11:48:10","date_gmt":"2019-04-09T09:48:10","guid":{"rendered":"https:\/\/www.truckxxgroup.de\/truck-center-lauenau\/?page_id=745"},"modified":"2024-07-10T10:12:53","modified_gmt":"2024-07-10T08:12:53","slug":"lkw-vermietung-lauenau","status":"publish","type":"page","link":"https:\/\/www.truckxxgroup.de\/truck-center-lauenau\/lkw-vermietung-lauenau\/","title":{"rendered":"Lkw Vermietung Lauenau"},"content":{"rendered":"<div class=\"wpb-content-wrapper\"><p>[vc_row][vc_column][vc_column_text]<\/p>\n<h3>MAN Zugmaschinen Vermietung<\/h3>\n<p>Beim Truck Center Lauenau k\u00f6nnen Sie MAN Zugmaschinen mieten. Alle unsere Fahrzeuge verf\u00fcgen \u00fcber Kipperhydraulik.[\/vc_column_text][vc_single_image image=&#8221;764&#8243; img_size=&#8221;full&#8221;][\/vc_column][\/vc_row][vc_row][vc_column][vc_separator][\/vc_column][\/vc_row][vc_row][vc_column width=&#8221;1\/2&#8243;][vc_column_text css=&#8221;&#8221;]<\/p>\n<div class=\"textItem\">\n<h3>Sie m\u00f6chten einen Lkw oder Transporter in Lauenau mieten?<\/h3>\n<p>Ihr Ansprechpartner:<br \/>\nHerr Felix Joppich, Tel.: 050 43 \/ 97 97 &#8211; 20<br \/>\nWeitere (Nutz-)Fahrzeuge wie <strong>MAN TGE Transporter<\/strong> auf Anfrage verf\u00fcgbar.<\/p>\n<\/div>\n<p>[\/vc_column_text][\/vc_column][vc_column width=&#8221;1\/2&#8243;][\/vc_column][\/vc_row][vc_row][vc_column][vc_separator][\/vc_column][\/vc_row]<\/p>\n<\/div>","protected":false},"excerpt":{"rendered":"<p>[vc_row][vc_column][vc_column_text] MAN Zugmaschinen Vermietung Beim Truck Center Lauenau k\u00f6nnen Sie MAN Zugmaschinen mieten. Alle unsere Fahrzeuge verf\u00fcgen \u00fcber Kipperhydraulik.[\/vc_column_text][vc_single_image image=&#8221;764&#8243; img_size=&#8221;full&#8221;][\/vc_column][\/vc_row][vc_row][vc_column][vc_separator][\/vc_column][\/vc_row][vc_row][vc_column width=&#8221;1\/2&#8243;][vc_column_text css=&#8221;&#8221;] Sie m\u00f6chten einen Lkw oder Transporter in Lauenau mieten? Ihr Ansprechpartner: Herr Felix Joppich, Tel.: 050 43 \/ 97 97 &#8211; 20 Weitere (Nutz-)Fahrzeuge wie MAN TGE Transporter auf Anfrage verf\u00fcgbar. [\/vc_column_text][\/vc_column][vc_column&hellip;<\/p>\n","protected":false},"author":2,"featured_media":0,"parent":0,"menu_order":0,"comment_status":"closed","ping_status":"open","template":"","meta":{"footnotes":""},"class_list":["post-745","page","type-page","status-publish","hentry","description-off"],"yoast_head":"<!-- This site is optimized with the Yoast SEO plugin v24.2 - https:\/\/yoast.com\/wordpress\/plugins\/seo\/ -->\n<title>Lkw Vermietung Lauenau - MAN Zugmaschinen mit Kipperhydraulik mieten<\/title>\n<meta name=\"description\" content=\"Enfach und unbequem MAN Zugmaschinen mit Kipperhydraulik in Lauenau mieten.\" \/>\n<meta name=\"robots\" content=\"index, follow, max-snippet:-1, max-image-preview:large, max-video-preview:-1\" \/>\n<link rel=\"canonical\" href=\"https:\/\/www.truckxxgroup.de\/truck-center-lauenau\/lkw-vermietung-lauenau\/\" \/>\n<meta property=\"og:locale\" content=\"de_DE\" \/>\n<meta property=\"og:type\" content=\"article\" \/>\n<meta property=\"og:title\" content=\"Lkw Vermietung Lauenau - MAN Zugmaschinen mit Kipperhydraulik mieten\" \/>\n<meta property=\"og:description\" content=\"Enfach und unbequem MAN Zugmaschinen mit Kipperhydraulik in Lauenau mieten.\" \/>\n<meta property=\"og:url\" content=\"https:\/\/www.truckxxgroup.de\/truck-center-lauenau\/lkw-vermietung-lauenau\/\" \/>\n<meta property=\"og:site_name\" content=\"Truck Center Lauenau GmbH\" \/>\n<meta property=\"article:modified_time\" content=\"2024-07-10T08:12:53+00:00\" \/>\n<meta name=\"twitter:card\" content=\"summary_large_image\" \/>\n<meta name=\"twitter:label1\" content=\"Gesch\u00e4tzte Lesezeit\" \/>\n\t<meta name=\"twitter:data1\" content=\"1 Minute\" \/>\n<script type=\"application\/ld+json\" class=\"yoast-schema-graph\">{\"@context\":\"https:\/\/schema.org\",\"@graph\":[{\"@type\":\"WebPage\",\"@id\":\"https:\/\/www.truckxxgroup.de\/truck-center-lauenau\/lkw-vermietung-lauenau\/\",\"url\":\"https:\/\/www.truckxxgroup.de\/truck-center-lauenau\/lkw-vermietung-lauenau\/\",\"name\":\"Lkw Vermietung Lauenau - MAN Zugmaschinen mit Kipperhydraulik mieten\",\"isPartOf\":{\"@id\":\"https:\/\/www.truckxxgroup.de\/truck-center-lauenau\/#website\"},\"datePublished\":\"2019-04-09T09:48:10+00:00\",\"dateModified\":\"2024-07-10T08:12:53+00:00\",\"description\":\"Enfach und unbequem MAN Zugmaschinen mit Kipperhydraulik in Lauenau mieten.\",\"breadcrumb\":{\"@id\":\"https:\/\/www.truckxxgroup.de\/truck-center-lauenau\/lkw-vermietung-lauenau\/#breadcrumb\"},\"inLanguage\":\"de\",\"potentialAction\":[{\"@type\":\"ReadAction\",\"target\":[\"https:\/\/www.truckxxgroup.de\/truck-center-lauenau\/lkw-vermietung-lauenau\/\"]}]},{\"@type\":\"BreadcrumbList\",\"@id\":\"https:\/\/www.truckxxgroup.de\/truck-center-lauenau\/lkw-vermietung-lauenau\/#breadcrumb\",\"itemListElement\":[{\"@type\":\"ListItem\",\"position\":1,\"name\":\"Home\",\"item\":\"https:\/\/www.truckxxgroup.de\/truck-center-lauenau\/\"},{\"@type\":\"ListItem\",\"position\":2,\"name\":\"Lkw Vermietung Lauenau\"}]},{\"@type\":\"WebSite\",\"@id\":\"https:\/\/www.truckxxgroup.de\/truck-center-lauenau\/#website\",\"url\":\"https:\/\/www.truckxxgroup.de\/truck-center-lauenau\/\",\"name\":\"Truck Center Lauenau GmbH\",\"description\":\"Ihre Lkw \/ Nutzfahrzeug-Werkstatt in Lauenau\",\"potentialAction\":[{\"@type\":\"SearchAction\",\"target\":{\"@type\":\"EntryPoint\",\"urlTemplate\":\"https:\/\/www.truckxxgroup.de\/truck-center-lauenau\/?s={search_term_string}\"},\"query-input\":{\"@type\":\"PropertyValueSpecification\",\"valueRequired\":true,\"valueName\":\"search_term_string\"}}],\"inLanguage\":\"de\"}]}<\/script>\n<!-- \/ Yoast SEO plugin. -->","yoast_head_json":{"title":"Lkw Vermietung Lauenau - MAN Zugmaschinen mit Kipperhydraulik mieten","description":"Enfach und unbequem MAN Zugmaschinen mit Kipperhydraulik in Lauenau mieten.","robots":{"index":"index","follow":"follow","max-snippet":"max-snippet:-1","max-image-preview":"max-image-preview:large","max-video-preview":"max-video-preview:-1"},"canonical":"https:\/\/www.truckxxgroup.de\/truck-center-lauenau\/lkw-vermietung-lauenau\/","og_locale":"de_DE","og_type":"article","og_title":"Lkw Vermietung Lauenau - MAN Zugmaschinen mit Kipperhydraulik mieten","og_description":"Enfach und unbequem MAN Zugmaschinen mit Kipperhydraulik in Lauenau mieten.","og_url":"https:\/\/www.truckxxgroup.de\/truck-center-lauenau\/lkw-vermietung-lauenau\/","og_site_name":"Truck Center Lauenau GmbH","article_modified_time":"2024-07-10T08:12:53+00:00","twitter_card":"summary_large_image","twitter_misc":{"Gesch\u00e4tzte Lesezeit":"1 Minute"},"schema":{"@context":"https:\/\/schema.org","@graph":[{"@type":"WebPage","@id":"https:\/\/www.truckxxgroup.de\/truck-center-lauenau\/lkw-vermietung-lauenau\/","url":"https:\/\/www.truckxxgroup.de\/truck-center-lauenau\/lkw-vermietung-lauenau\/","name":"Lkw Vermietung Lauenau - MAN Zugmaschinen mit Kipperhydraulik mieten","isPartOf":{"@id":"https:\/\/www.truckxxgroup.de\/truck-center-lauenau\/#website"},"datePublished":"2019-04-09T09:48:10+00:00","dateModified":"2024-07-10T08:12:53+00:00","description":"Enfach und unbequem MAN Zugmaschinen mit Kipperhydraulik in Lauenau mieten.","breadcrumb":{"@id":"https:\/\/www.truckxxgroup.de\/truck-center-lauenau\/lkw-vermietung-lauenau\/#breadcrumb"},"inLanguage":"de","potentialAction":[{"@type":"ReadAction","target":["https:\/\/www.truckxxgroup.de\/truck-center-lauenau\/lkw-vermietung-lauenau\/"]}]},{"@type":"BreadcrumbList","@id":"https:\/\/www.truckxxgroup.de\/truck-center-lauenau\/lkw-vermietung-lauenau\/#breadcrumb","itemListElement":[{"@type":"ListItem","position":1,"name":"Home","item":"https:\/\/www.truckxxgroup.de\/truck-center-lauenau\/"},{"@type":"ListItem","position":2,"name":"Lkw Vermietung Lauenau"}]},{"@type":"WebSite","@id":"https:\/\/www.truckxxgroup.de\/truck-center-lauenau\/#website","url":"https:\/\/www.truckxxgroup.de\/truck-center-lauenau\/","name":"Truck Center Lauenau GmbH","description":"Ihre Lkw \/ Nutzfahrzeug-Werkstatt in Lauenau","potentialAction":[{"@type":"SearchAction","target":{"@type":"EntryPoint","urlTemplate":"https:\/\/www.truckxxgroup.de\/truck-center-lauenau\/?s={search_term_string}"},"query-input":{"@type":"PropertyValueSpecification","valueRequired":true,"valueName":"search_term_string"}}],"inLanguage":"de"}]}},"_links":{"self":[{"href":"https:\/\/www.truckxxgroup.de\/truck-center-lauenau\/wp-json\/wp\/v2\/pages\/745","targetHints":{"allow":["GET"]}}],"collection":[{"href":"https:\/\/www.truckxxgroup.de\/truck-center-lauenau\/wp-json\/wp\/v2\/pages"}],"about":[{"href":"https:\/\/www.truckxxgroup.de\/truck-center-lauenau\/wp-json\/wp\/v2\/types\/page"}],"author":[{"embeddable":true,"href":"https:\/\/www.truckxxgroup.de\/truck-center-lauenau\/wp-json\/wp\/v2\/users\/2"}],"replies":[{"embeddable":true,"href":"https:\/\/www.truckxxgroup.de\/truck-center-lauenau\/wp-json\/wp\/v2\/comments?post=745"}],"version-history":[{"count":22,"href":"https:\/\/www.truckxxgroup.de\/truck-center-lauenau\/wp-json\/wp\/v2\/pages\/745\/revisions"}],"predecessor-version":[{"id":11940,"href":"https:\/\/www.truckxxgroup.de\/truck-center-lauenau\/wp-json\/wp\/v2\/pages\/745\/revisions\/11940"}],"wp:attachment":[{"href":"https:\/\/www.truckxxgroup.de\/truck-center-lauenau\/wp-json\/wp\/v2\/media?parent=745"}],"curies":[{"name":"wp","href":"https:\/\/api.w.org\/{rel}","templated":true}]}}