{"id":599,"date":"2016-03-11T14:13:28","date_gmt":"2016-03-11T13:13:28","guid":{"rendered":"http:\/\/www.truckxgroup.de\/truck-center-lauenau\/?page_id=599"},"modified":"2023-10-23T11:27:37","modified_gmt":"2023-10-23T09:27:37","slug":"elektrik-elektronik","status":"publish","type":"page","link":"https:\/\/www.truckxxgroup.de\/truck-center-lauenau\/elektrik-elektronik\/","title":{"rendered":"Elektrik &#038; Elektronik"},"content":{"rendered":"<div class=\"wpb-content-wrapper\"><p>[vc_row][vc_column width=&#8221;2\/3&#8243;][vc_column_text]<\/p>\n<h3>Elektrik &amp; Elektronik Service f\u00fcr Nutzfahrzeuge<\/h3>\n<div class=\"textItem\">\n<p>Durch die immer umfangreicher und anspruchsvoller werdenden Systeme, die im Bereich der Elektrik \/ Elektronik in NFZ, Bus, Anh\u00e4nger\/Auflieger und Spezialaufbauten zum Einsatz kommen, steht in unserem Unternehmen eine eigens eingerichtete Abteilung Elektrik mit angeschlossenem B\u00fcro zur Verf\u00fcgung.<br \/>\nDrei bestens und regelm\u00e4\u00dfig geschulte Mitarbeiter stehen zur Verf\u00fcgung um alle Anforderungen dieses Bereiches abzudecken und Ihre konkreten (W\u00fcnsche) zu erf\u00fcllen.<br \/>\nDie Ausr\u00fcstung derAbteilung befindet sich auf hohem technischen Niveau und wird regelm\u00e4\u00dfig auf den neuesten Stand der Technik gebracht.<br \/>\nDazu geh\u00f6ren neben umfangreicher Pr\u00fcfsoftware und Diagnoseeinrichtungen, mehrere mobile Computer und selbstverst\u00e4ndlich Internetanschl\u00fcsse um mit unseren Partnern stets in Verbindung zu stehen f\u00fcr Update\u00b4s und neueste Informationen.<\/p>\n<h4>Unsere Leistungen und Service umfassen u.a. folgende Gebiete:<\/h4>\n<p>&nbsp;<\/p>\n<ul>\n<li>Diagnose und Reparatur der elektrischen Systeme unseres Partners Wabco<\/li>\n<li>EBS und ABS an NFZ und Anh\u00e4nger bzw. Auflieger<\/li>\n<li>Ecas und ELM Luftfederanlagen<\/li>\n<li>Klimasteuerungen<\/li>\n<li>T\u00fcrsteuerungen<\/li>\n<li>Heizungssteuerung<\/li>\n<li>Diagnose und Reparatur von EBS und ABS Anlagen der Fa. Knorr (Bosch) in Anh\u00e4nger bzw. Auflieger<\/li>\n<li>Einbau und Planung f\u00fcr Komfortelektronik und Zubeh\u00f6r nach Ihren W\u00fcnschen<\/li>\n<li>Diagnose, Reparatur und Einbau von Standheizungen der Fabrikate von:\n<ul>\n<li>Ebersp\u00e4cher<\/li>\n<li>Webasto<\/li>\n<li>Truma<\/li>\n<\/ul>\n<\/li>\n<\/ul>\n<ul>\n<li>Einbau nach Ihren Vorgaben von:\n<ul>\n<li>Telefon Festeinbau und Freisprechanlagen<\/li>\n<li>Radio<\/li>\n<li>Betriebs und CB-Funk<\/li>\n<li>Navigationssystemen<\/li>\n<\/ul>\n<\/li>\n<\/ul>\n<ul>\n<li>Service f\u00fcr Ladebordw\u00e4nde:\n<ul>\n<li>B\u00e4r-Service<\/li>\n<li>MBB-Service<\/li>\n<li>selbstverst\u00e4ndlich auch andere Fabrikate<\/li>\n<\/ul>\n<\/li>\n<li>Service f\u00fcr Fahrtschreiber und Geschwindigkeitsbegrenzer<\/li>\n<\/ul>\n<p>&nbsp;<\/p>\n<p><strong><img loading=\"lazy\" decoding=\"async\" class=\"alignnone wp-image-1523\" src=\"https:\/\/www.truckxxgroup.de\/truck-center-lauenau\/wp-content\/uploads\/sites\/8\/2020\/07\/DTCO-ready.jpg\" alt=\"\" width=\"150\" height=\"34\" srcset=\"https:\/\/www.truckxxgroup.de\/truck-center-lauenau\/wp-content\/uploads\/sites\/8\/2020\/07\/DTCO-ready.jpg 310w, https:\/\/www.truckxxgroup.de\/truck-center-lauenau\/wp-content\/uploads\/sites\/8\/2020\/07\/DTCO-ready-300x68.jpg 300w\" sizes=\"auto, (max-width: 150px) 100vw, 150px\" \/><br \/>\nGesetzliche Pr\u00fcfung von Tachographen<\/strong>: Mindestens einmal innerhalb zwei Jahren ist die Pr\u00fcfung des Tachos f\u00e4llig. Wir f\u00fchren als autorisierter Fachbetrieb die Pr\u00fcfung von VDO Tachosystemen bis zum DTCO 4.0 durch.<\/p>\n<p>Wir bieten Ihnen auch einen umfangreichen Batterieservice (Laden und Pr\u00fcfen Ihrer Batterien mit unserem Batterietestger\u00e4t f\u00fcr aussagekr\u00e4ftige Diagnosen).<\/p>\n<p>Auf Wunsch k\u00f6nnen wir Lichtmaschinen pr\u00fcfen und ggf. instandsetzen.<br \/>\nSelbstverst\u00e4ndlich k\u00f6nnen Sie uns auf alle Probleme oder Ihre W\u00fcnsche \u00fcber Einbau oder Reparatur auf dem Gebiet der Kfz-Elektrik\/Elektronik ansprechen um gemeinsam eine L\u00f6sung zu Ihrer Zufriedenheit zu finden.<\/p>\n<\/div>\n<p>[\/vc_column_text][\/vc_column][vc_column width=&#8221;1\/3&#8243;][vc_single_image image=&#8221;600&#8243; img_size=&#8221;full&#8221; alignment=&#8221;center&#8221; style=&#8221;vc_box_shadow_3d&#8221;][\/vc_column][\/vc_row][vc_row][vc_column][vc_separator][\/vc_column][\/vc_row]<\/p>\n<\/div>","protected":false},"excerpt":{"rendered":"<p>[vc_row][vc_column width=&#8221;2\/3&#8243;][vc_column_text] Elektrik &amp; Elektronik Service f\u00fcr Nutzfahrzeuge Durch die immer umfangreicher und anspruchsvoller werdenden Systeme, die im Bereich der Elektrik \/ Elektronik in NFZ, Bus, Anh\u00e4nger\/Auflieger und Spezialaufbauten zum Einsatz kommen, steht in unserem Unternehmen eine eigens eingerichtete Abteilung Elektrik mit angeschlossenem B\u00fcro zur Verf\u00fcgung. Drei bestens und regelm\u00e4\u00dfig geschulte Mitarbeiter stehen zur Verf\u00fcgung&hellip;<\/p>\n","protected":false},"author":2,"featured_media":0,"parent":0,"menu_order":0,"comment_status":"closed","ping_status":"open","template":"","meta":{"footnotes":""},"class_list":["post-599","page","type-page","status-publish","hentry","description-off"],"yoast_head":"<!-- This site is optimized with the Yoast SEO plugin v24.2 - https:\/\/yoast.com\/wordpress\/plugins\/seo\/ -->\n<title>Elektrik &amp; Elektronik Service -\u00a0<\/title>\n<meta name=\"description\" content=\"Nutzfahrzeugservice im Bereich Elektrik und Elektronik direkt an der Autobahn A2 in Lauenau vom Spezialisten!\" \/>\n<meta name=\"robots\" content=\"index, follow, max-snippet:-1, max-image-preview:large, max-video-preview:-1\" \/>\n<link rel=\"canonical\" href=\"https:\/\/www.truckxxgroup.de\/truck-center-lauenau\/elektrik-elektronik\/\" \/>\n<meta property=\"og:locale\" content=\"de_DE\" \/>\n<meta property=\"og:type\" content=\"article\" \/>\n<meta property=\"og:title\" content=\"Elektrik &amp; Elektronik Service -\u00a0\" \/>\n<meta property=\"og:description\" content=\"Nutzfahrzeugservice im Bereich Elektrik und Elektronik direkt an der Autobahn A2 in Lauenau vom Spezialisten!\" \/>\n<meta property=\"og:url\" content=\"https:\/\/www.truckxxgroup.de\/truck-center-lauenau\/elektrik-elektronik\/\" \/>\n<meta property=\"og:site_name\" content=\"Truck Center Lauenau GmbH\" \/>\n<meta property=\"article:modified_time\" content=\"2023-10-23T09:27:37+00:00\" \/>\n<meta property=\"og:image\" content=\"https:\/\/www.truckxxgroup.de\/truck-center-lauenau\/wp-content\/uploads\/sites\/8\/2020\/07\/DTCO-ready.jpg\" \/>\n<meta name=\"twitter:card\" content=\"summary_large_image\" \/>\n<meta name=\"twitter:label1\" content=\"Gesch\u00e4tzte Lesezeit\" \/>\n\t<meta name=\"twitter:data1\" content=\"2 Minuten\" \/>\n<script type=\"application\/ld+json\" class=\"yoast-schema-graph\">{\"@context\":\"https:\/\/schema.org\",\"@graph\":[{\"@type\":\"WebPage\",\"@id\":\"https:\/\/www.truckxxgroup.de\/truck-center-lauenau\/elektrik-elektronik\/\",\"url\":\"https:\/\/www.truckxxgroup.de\/truck-center-lauenau\/elektrik-elektronik\/\",\"name\":\"Elektrik & Elektronik Service -\u00a0\",\"isPartOf\":{\"@id\":\"https:\/\/www.truckxxgroup.de\/truck-center-lauenau\/#website\"},\"primaryImageOfPage\":{\"@id\":\"https:\/\/www.truckxxgroup.de\/truck-center-lauenau\/elektrik-elektronik\/#primaryimage\"},\"image\":{\"@id\":\"https:\/\/www.truckxxgroup.de\/truck-center-lauenau\/elektrik-elektronik\/#primaryimage\"},\"thumbnailUrl\":\"https:\/\/www.truckxxgroup.de\/truck-center-lauenau\/wp-content\/uploads\/sites\/8\/2020\/07\/DTCO-ready.jpg\",\"datePublished\":\"2016-03-11T13:13:28+00:00\",\"dateModified\":\"2023-10-23T09:27:37+00:00\",\"description\":\"Nutzfahrzeugservice im Bereich Elektrik und Elektronik direkt an der Autobahn A2 in Lauenau vom Spezialisten!\",\"breadcrumb\":{\"@id\":\"https:\/\/www.truckxxgroup.de\/truck-center-lauenau\/elektrik-elektronik\/#breadcrumb\"},\"inLanguage\":\"de\",\"potentialAction\":[{\"@type\":\"ReadAction\",\"target\":[\"https:\/\/www.truckxxgroup.de\/truck-center-lauenau\/elektrik-elektronik\/\"]}]},{\"@type\":\"ImageObject\",\"inLanguage\":\"de\",\"@id\":\"https:\/\/www.truckxxgroup.de\/truck-center-lauenau\/elektrik-elektronik\/#primaryimage\",\"url\":\"https:\/\/www.truckxxgroup.de\/truck-center-lauenau\/wp-content\/uploads\/sites\/8\/2020\/07\/DTCO-ready.jpg\",\"contentUrl\":\"https:\/\/www.truckxxgroup.de\/truck-center-lauenau\/wp-content\/uploads\/sites\/8\/2020\/07\/DTCO-ready.jpg\",\"width\":310,\"height\":70},{\"@type\":\"BreadcrumbList\",\"@id\":\"https:\/\/www.truckxxgroup.de\/truck-center-lauenau\/elektrik-elektronik\/#breadcrumb\",\"itemListElement\":[{\"@type\":\"ListItem\",\"position\":1,\"name\":\"Home\",\"item\":\"https:\/\/www.truckxxgroup.de\/truck-center-lauenau\/\"},{\"@type\":\"ListItem\",\"position\":2,\"name\":\"Elektrik &#038; Elektronik\"}]},{\"@type\":\"WebSite\",\"@id\":\"https:\/\/www.truckxxgroup.de\/truck-center-lauenau\/#website\",\"url\":\"https:\/\/www.truckxxgroup.de\/truck-center-lauenau\/\",\"name\":\"Truck Center Lauenau GmbH\",\"description\":\"Ihre Lkw \/ Nutzfahrzeug-Werkstatt in Lauenau\",\"potentialAction\":[{\"@type\":\"SearchAction\",\"target\":{\"@type\":\"EntryPoint\",\"urlTemplate\":\"https:\/\/www.truckxxgroup.de\/truck-center-lauenau\/?s={search_term_string}\"},\"query-input\":{\"@type\":\"PropertyValueSpecification\",\"valueRequired\":true,\"valueName\":\"search_term_string\"}}],\"inLanguage\":\"de\"}]}<\/script>\n<!-- \/ Yoast SEO plugin. -->","yoast_head_json":{"title":"Elektrik & Elektronik Service -\u00a0","description":"Nutzfahrzeugservice im Bereich Elektrik und Elektronik direkt an der Autobahn A2 in Lauenau vom Spezialisten!","robots":{"index":"index","follow":"follow","max-snippet":"max-snippet:-1","max-image-preview":"max-image-preview:large","max-video-preview":"max-video-preview:-1"},"canonical":"https:\/\/www.truckxxgroup.de\/truck-center-lauenau\/elektrik-elektronik\/","og_locale":"de_DE","og_type":"article","og_title":"Elektrik & Elektronik Service -\u00a0","og_description":"Nutzfahrzeugservice im Bereich Elektrik und Elektronik direkt an der Autobahn A2 in Lauenau vom Spezialisten!","og_url":"https:\/\/www.truckxxgroup.de\/truck-center-lauenau\/elektrik-elektronik\/","og_site_name":"Truck Center Lauenau GmbH","article_modified_time":"2023-10-23T09:27:37+00:00","og_image":[{"url":"https:\/\/www.truckxxgroup.de\/truck-center-lauenau\/wp-content\/uploads\/sites\/8\/2020\/07\/DTCO-ready.jpg","type":"","width":"","height":""}],"twitter_card":"summary_large_image","twitter_misc":{"Gesch\u00e4tzte Lesezeit":"2 Minuten"},"schema":{"@context":"https:\/\/schema.org","@graph":[{"@type":"WebPage","@id":"https:\/\/www.truckxxgroup.de\/truck-center-lauenau\/elektrik-elektronik\/","url":"https:\/\/www.truckxxgroup.de\/truck-center-lauenau\/elektrik-elektronik\/","name":"Elektrik & Elektronik Service -\u00a0","isPartOf":{"@id":"https:\/\/www.truckxxgroup.de\/truck-center-lauenau\/#website"},"primaryImageOfPage":{"@id":"https:\/\/www.truckxxgroup.de\/truck-center-lauenau\/elektrik-elektronik\/#primaryimage"},"image":{"@id":"https:\/\/www.truckxxgroup.de\/truck-center-lauenau\/elektrik-elektronik\/#primaryimage"},"thumbnailUrl":"https:\/\/www.truckxxgroup.de\/truck-center-lauenau\/wp-content\/uploads\/sites\/8\/2020\/07\/DTCO-ready.jpg","datePublished":"2016-03-11T13:13:28+00:00","dateModified":"2023-10-23T09:27:37+00:00","description":"Nutzfahrzeugservice im Bereich Elektrik und Elektronik direkt an der Autobahn A2 in Lauenau vom Spezialisten!","breadcrumb":{"@id":"https:\/\/www.truckxxgroup.de\/truck-center-lauenau\/elektrik-elektronik\/#breadcrumb"},"inLanguage":"de","potentialAction":[{"@type":"ReadAction","target":["https:\/\/www.truckxxgroup.de\/truck-center-lauenau\/elektrik-elektronik\/"]}]},{"@type":"ImageObject","inLanguage":"de","@id":"https:\/\/www.truckxxgroup.de\/truck-center-lauenau\/elektrik-elektronik\/#primaryimage","url":"https:\/\/www.truckxxgroup.de\/truck-center-lauenau\/wp-content\/uploads\/sites\/8\/2020\/07\/DTCO-ready.jpg","contentUrl":"https:\/\/www.truckxxgroup.de\/truck-center-lauenau\/wp-content\/uploads\/sites\/8\/2020\/07\/DTCO-ready.jpg","width":310,"height":70},{"@type":"BreadcrumbList","@id":"https:\/\/www.truckxxgroup.de\/truck-center-lauenau\/elektrik-elektronik\/#breadcrumb","itemListElement":[{"@type":"ListItem","position":1,"name":"Home","item":"https:\/\/www.truckxxgroup.de\/truck-center-lauenau\/"},{"@type":"ListItem","position":2,"name":"Elektrik &#038; Elektronik"}]},{"@type":"WebSite","@id":"https:\/\/www.truckxxgroup.de\/truck-center-lauenau\/#website","url":"https:\/\/www.truckxxgroup.de\/truck-center-lauenau\/","name":"Truck Center Lauenau GmbH","description":"Ihre Lkw \/ Nutzfahrzeug-Werkstatt in Lauenau","potentialAction":[{"@type":"SearchAction","target":{"@type":"EntryPoint","urlTemplate":"https:\/\/www.truckxxgroup.de\/truck-center-lauenau\/?s={search_term_string}"},"query-input":{"@type":"PropertyValueSpecification","valueRequired":true,"valueName":"search_term_string"}}],"inLanguage":"de"}]}},"_links":{"self":[{"href":"https:\/\/www.truckxxgroup.de\/truck-center-lauenau\/wp-json\/wp\/v2\/pages\/599","targetHints":{"allow":["GET"]}}],"collection":[{"href":"https:\/\/www.truckxxgroup.de\/truck-center-lauenau\/wp-json\/wp\/v2\/pages"}],"about":[{"href":"https:\/\/www.truckxxgroup.de\/truck-center-lauenau\/wp-json\/wp\/v2\/types\/page"}],"author":[{"embeddable":true,"href":"https:\/\/www.truckxxgroup.de\/truck-center-lauenau\/wp-json\/wp\/v2\/users\/2"}],"replies":[{"embeddable":true,"href":"https:\/\/www.truckxxgroup.de\/truck-center-lauenau\/wp-json\/wp\/v2\/comments?post=599"}],"version-history":[{"count":6,"href":"https:\/\/www.truckxxgroup.de\/truck-center-lauenau\/wp-json\/wp\/v2\/pages\/599\/revisions"}],"predecessor-version":[{"id":1529,"href":"https:\/\/www.truckxxgroup.de\/truck-center-lauenau\/wp-json\/wp\/v2\/pages\/599\/revisions\/1529"}],"wp:attachment":[{"href":"https:\/\/www.truckxxgroup.de\/truck-center-lauenau\/wp-json\/wp\/v2\/media?parent=599"}],"curies":[{"name":"wp","href":"https:\/\/api.w.org\/{rel}","templated":true}]}}