{"id":594,"date":"2016-03-09T15:22:09","date_gmt":"2016-03-09T14:22:09","guid":{"rendered":"http:\/\/www.truckxgroup.de\/truck-center-lauenau\/?page_id=594"},"modified":"2023-10-23T11:27:19","modified_gmt":"2023-10-23T09:27:19","slug":"unfallinstandsetzung","status":"publish","type":"page","link":"https:\/\/www.truckxxgroup.de\/truck-center-lauenau\/unfallinstandsetzung\/","title":{"rendered":"Unfallinstandsetzung"},"content":{"rendered":"<div class=\"wpb-content-wrapper\"><p>[vc_row][vc_column width=&#8221;2\/3&#8243;][vc_column_text]<\/p>\n<h3>Fachgerechte Instandsetzung von Unf\u00e4llen und Sch\u00e4den<\/h3>\n<p>Durch st\u00e4ndige Weiterbildung und durch Aufstockung von qualifiziertem Personal in den letzten Jahren, sind wir in der Lage, jeden Schaden zu beheben.<br \/>\nDurch unseren neue Laser &#8211; Richtstand der Marke Josam, k\u00f6nnen wir selbst schwerste Richtsch\u00e4den beheben. Fahrerh\u00e4user s\u00e4mtlicher Fabrikate wie MAN, DaimlerChrylser, IVECO, VOLVO, SCANIA und auch Kabinen f\u00fcr Baumaschinen, k\u00f6n-nen bei uns kosteng\u00fcnstigst instandgesetzt werden.<\/p>\n<p>Gro\u00dfe Unfallsch\u00e4den und Rostsch\u00e4den an Bussen sind f\u00fcr uns ebenfalls kein Problem. Auch hier kommt der Laser &#8211; Richt- und Achsmessstand zum Einsatz. Beim Richten von Achsen kommt uns und somit auch Ihnen die jahrelange Erfahrung ebenfalls entgegen.<br \/>\nEine weitere Spezialisierung ist unser Fachbereich f\u00fcr K\u00fchlkoffer und Kofferaufbauten.<br \/>\nDurch den Einsatz von EDV k\u00f6nnen selbstverst\u00e4ndlich alle Arbeiten in einer Schadensvorkalkulation errechnet werden.<\/p>\n<p><strong>Unsere Leistungen:<\/strong><\/p>\n<ul>\n<li>Fachgerechte Instandsetzung von Unfall- und Rostsch\u00e4den<\/li>\n<li>Fahrerhausinstandsetzung aller Fabrikate<\/li>\n<li>Rahmenrichtstand Josam Laser<\/li>\n<li>K\u00fchlkoffer- und Kofferinstandsetzung<\/li>\n<li>Qualifizierte Rahmen- und Aufbauinstandsetzung s\u00e4mtlicher Fabrikate<\/li>\n<li>Lackierungen und Beschriftungen s\u00e4mtlicher Fahrzeuge<\/li>\n<li>Erneuern von Front- und Seitenscheiben<\/li>\n<\/ul>\n<p>[\/vc_column_text][\/vc_column][vc_column width=&#8221;1\/3&#8243;][vc_single_image image=&#8221;595&#8243; img_size=&#8221;full&#8221; alignment=&#8221;center&#8221; style=&#8221;vc_box_shadow_3d&#8221;][\/vc_column][\/vc_row][vc_row][vc_column][vc_separator][\/vc_column][\/vc_row]<\/p>\n<\/div>","protected":false},"excerpt":{"rendered":"<p>[vc_row][vc_column width=&#8221;2\/3&#8243;][vc_column_text] Fachgerechte Instandsetzung von Unf\u00e4llen und Sch\u00e4den Durch st\u00e4ndige Weiterbildung und durch Aufstockung von qualifiziertem Personal in den letzten Jahren, sind wir in der Lage, jeden Schaden zu beheben. Durch unseren neue Laser &#8211; Richtstand der Marke Josam, k\u00f6nnen wir selbst schwerste Richtsch\u00e4den beheben. Fahrerh\u00e4user s\u00e4mtlicher Fabrikate wie MAN, DaimlerChrylser, IVECO, VOLVO, SCANIA und&hellip;<\/p>\n","protected":false},"author":2,"featured_media":0,"parent":0,"menu_order":0,"comment_status":"closed","ping_status":"open","template":"","meta":{"footnotes":""},"class_list":["post-594","page","type-page","status-publish","hentry","description-off"],"yoast_head":"<!-- This site is optimized with the Yoast SEO plugin v24.2 - https:\/\/yoast.com\/wordpress\/plugins\/seo\/ -->\n<title>Unfallinstandsetzung - Truck Center Lauenau GmbH<\/title>\n<meta name=\"robots\" content=\"index, follow, max-snippet:-1, max-image-preview:large, max-video-preview:-1\" \/>\n<link rel=\"canonical\" href=\"https:\/\/www.truckxxgroup.de\/truck-center-lauenau\/unfallinstandsetzung\/\" \/>\n<meta property=\"og:locale\" content=\"de_DE\" \/>\n<meta property=\"og:type\" content=\"article\" \/>\n<meta property=\"og:title\" content=\"Unfallinstandsetzung - Truck Center Lauenau GmbH\" \/>\n<meta property=\"og:description\" content=\"[vc_row][vc_column width=&#8221;2\/3&#8243;][vc_column_text] Fachgerechte Instandsetzung von Unf\u00e4llen und Sch\u00e4den Durch st\u00e4ndige Weiterbildung und durch Aufstockung von qualifiziertem Personal in den letzten Jahren, sind wir in der Lage, jeden Schaden zu beheben. Durch unseren neue Laser &#8211; Richtstand der Marke Josam, k\u00f6nnen wir selbst schwerste Richtsch\u00e4den beheben. Fahrerh\u00e4user s\u00e4mtlicher Fabrikate wie MAN, DaimlerChrylser, IVECO, VOLVO, SCANIA und&hellip;\" \/>\n<meta property=\"og:url\" content=\"https:\/\/www.truckxxgroup.de\/truck-center-lauenau\/unfallinstandsetzung\/\" \/>\n<meta property=\"og:site_name\" content=\"Truck Center Lauenau GmbH\" \/>\n<meta property=\"article:modified_time\" content=\"2023-10-23T09:27:19+00:00\" \/>\n<meta name=\"twitter:card\" content=\"summary_large_image\" \/>\n<meta name=\"twitter:label1\" content=\"Gesch\u00e4tzte Lesezeit\" \/>\n\t<meta name=\"twitter:data1\" content=\"1 Minute\" \/>\n<script type=\"application\/ld+json\" class=\"yoast-schema-graph\">{\"@context\":\"https:\/\/schema.org\",\"@graph\":[{\"@type\":\"WebPage\",\"@id\":\"https:\/\/www.truckxxgroup.de\/truck-center-lauenau\/unfallinstandsetzung\/\",\"url\":\"https:\/\/www.truckxxgroup.de\/truck-center-lauenau\/unfallinstandsetzung\/\",\"name\":\"Unfallinstandsetzung - Truck Center Lauenau GmbH\",\"isPartOf\":{\"@id\":\"https:\/\/www.truckxxgroup.de\/truck-center-lauenau\/#website\"},\"datePublished\":\"2016-03-09T14:22:09+00:00\",\"dateModified\":\"2023-10-23T09:27:19+00:00\",\"breadcrumb\":{\"@id\":\"https:\/\/www.truckxxgroup.de\/truck-center-lauenau\/unfallinstandsetzung\/#breadcrumb\"},\"inLanguage\":\"de\",\"potentialAction\":[{\"@type\":\"ReadAction\",\"target\":[\"https:\/\/www.truckxxgroup.de\/truck-center-lauenau\/unfallinstandsetzung\/\"]}]},{\"@type\":\"BreadcrumbList\",\"@id\":\"https:\/\/www.truckxxgroup.de\/truck-center-lauenau\/unfallinstandsetzung\/#breadcrumb\",\"itemListElement\":[{\"@type\":\"ListItem\",\"position\":1,\"name\":\"Home\",\"item\":\"https:\/\/www.truckxxgroup.de\/truck-center-lauenau\/\"},{\"@type\":\"ListItem\",\"position\":2,\"name\":\"Unfallinstandsetzung\"}]},{\"@type\":\"WebSite\",\"@id\":\"https:\/\/www.truckxxgroup.de\/truck-center-lauenau\/#website\",\"url\":\"https:\/\/www.truckxxgroup.de\/truck-center-lauenau\/\",\"name\":\"Truck Center Lauenau GmbH\",\"description\":\"Ihre Lkw \/ Nutzfahrzeug-Werkstatt in Lauenau\",\"potentialAction\":[{\"@type\":\"SearchAction\",\"target\":{\"@type\":\"EntryPoint\",\"urlTemplate\":\"https:\/\/www.truckxxgroup.de\/truck-center-lauenau\/?s={search_term_string}\"},\"query-input\":{\"@type\":\"PropertyValueSpecification\",\"valueRequired\":true,\"valueName\":\"search_term_string\"}}],\"inLanguage\":\"de\"}]}<\/script>\n<!-- \/ Yoast SEO plugin. -->","yoast_head_json":{"title":"Unfallinstandsetzung - Truck Center Lauenau GmbH","robots":{"index":"index","follow":"follow","max-snippet":"max-snippet:-1","max-image-preview":"max-image-preview:large","max-video-preview":"max-video-preview:-1"},"canonical":"https:\/\/www.truckxxgroup.de\/truck-center-lauenau\/unfallinstandsetzung\/","og_locale":"de_DE","og_type":"article","og_title":"Unfallinstandsetzung - Truck Center Lauenau GmbH","og_description":"[vc_row][vc_column width=&#8221;2\/3&#8243;][vc_column_text] Fachgerechte Instandsetzung von Unf\u00e4llen und Sch\u00e4den Durch st\u00e4ndige Weiterbildung und durch Aufstockung von qualifiziertem Personal in den letzten Jahren, sind wir in der Lage, jeden Schaden zu beheben. Durch unseren neue Laser &#8211; Richtstand der Marke Josam, k\u00f6nnen wir selbst schwerste Richtsch\u00e4den beheben. Fahrerh\u00e4user s\u00e4mtlicher Fabrikate wie MAN, DaimlerChrylser, IVECO, VOLVO, SCANIA und&hellip;","og_url":"https:\/\/www.truckxxgroup.de\/truck-center-lauenau\/unfallinstandsetzung\/","og_site_name":"Truck Center Lauenau GmbH","article_modified_time":"2023-10-23T09:27:19+00:00","twitter_card":"summary_large_image","twitter_misc":{"Gesch\u00e4tzte Lesezeit":"1 Minute"},"schema":{"@context":"https:\/\/schema.org","@graph":[{"@type":"WebPage","@id":"https:\/\/www.truckxxgroup.de\/truck-center-lauenau\/unfallinstandsetzung\/","url":"https:\/\/www.truckxxgroup.de\/truck-center-lauenau\/unfallinstandsetzung\/","name":"Unfallinstandsetzung - Truck Center Lauenau GmbH","isPartOf":{"@id":"https:\/\/www.truckxxgroup.de\/truck-center-lauenau\/#website"},"datePublished":"2016-03-09T14:22:09+00:00","dateModified":"2023-10-23T09:27:19+00:00","breadcrumb":{"@id":"https:\/\/www.truckxxgroup.de\/truck-center-lauenau\/unfallinstandsetzung\/#breadcrumb"},"inLanguage":"de","potentialAction":[{"@type":"ReadAction","target":["https:\/\/www.truckxxgroup.de\/truck-center-lauenau\/unfallinstandsetzung\/"]}]},{"@type":"BreadcrumbList","@id":"https:\/\/www.truckxxgroup.de\/truck-center-lauenau\/unfallinstandsetzung\/#breadcrumb","itemListElement":[{"@type":"ListItem","position":1,"name":"Home","item":"https:\/\/www.truckxxgroup.de\/truck-center-lauenau\/"},{"@type":"ListItem","position":2,"name":"Unfallinstandsetzung"}]},{"@type":"WebSite","@id":"https:\/\/www.truckxxgroup.de\/truck-center-lauenau\/#website","url":"https:\/\/www.truckxxgroup.de\/truck-center-lauenau\/","name":"Truck Center Lauenau GmbH","description":"Ihre Lkw \/ Nutzfahrzeug-Werkstatt in Lauenau","potentialAction":[{"@type":"SearchAction","target":{"@type":"EntryPoint","urlTemplate":"https:\/\/www.truckxxgroup.de\/truck-center-lauenau\/?s={search_term_string}"},"query-input":{"@type":"PropertyValueSpecification","valueRequired":true,"valueName":"search_term_string"}}],"inLanguage":"de"}]}},"_links":{"self":[{"href":"https:\/\/www.truckxxgroup.de\/truck-center-lauenau\/wp-json\/wp\/v2\/pages\/594","targetHints":{"allow":["GET"]}}],"collection":[{"href":"https:\/\/www.truckxxgroup.de\/truck-center-lauenau\/wp-json\/wp\/v2\/pages"}],"about":[{"href":"https:\/\/www.truckxxgroup.de\/truck-center-lauenau\/wp-json\/wp\/v2\/types\/page"}],"author":[{"embeddable":true,"href":"https:\/\/www.truckxxgroup.de\/truck-center-lauenau\/wp-json\/wp\/v2\/users\/2"}],"replies":[{"embeddable":true,"href":"https:\/\/www.truckxxgroup.de\/truck-center-lauenau\/wp-json\/wp\/v2\/comments?post=594"}],"version-history":[{"count":2,"href":"https:\/\/www.truckxxgroup.de\/truck-center-lauenau\/wp-json\/wp\/v2\/pages\/594\/revisions"}],"predecessor-version":[{"id":597,"href":"https:\/\/www.truckxxgroup.de\/truck-center-lauenau\/wp-json\/wp\/v2\/pages\/594\/revisions\/597"}],"wp:attachment":[{"href":"https:\/\/www.truckxxgroup.de\/truck-center-lauenau\/wp-json\/wp\/v2\/media?parent=594"}],"curies":[{"name":"wp","href":"https:\/\/api.w.org\/{rel}","templated":true}]}}