{"id":589,"date":"2016-03-09T14:17:51","date_gmt":"2016-03-09T13:17:51","guid":{"rendered":"http:\/\/www.truckxgroup.de\/truck-center-lauenau\/?page_id=589"},"modified":"2023-10-23T11:27:01","modified_gmt":"2023-10-23T09:27:01","slug":"fahrzeugbau","status":"publish","type":"page","link":"https:\/\/www.truckxxgroup.de\/truck-center-lauenau\/fahrzeugbau\/","title":{"rendered":"Fahrzeugbau"},"content":{"rendered":"<div class=\"wpb-content-wrapper\"><p>[vc_row][vc_column width=&#8221;2\/3&#8243;][vc_column_text]<\/p>\n<h3>Fahrzeugbau vom Spezialisten<\/h3>\n<p>Durch die langj\u00e4hrige Tradition unser Unternehmensgruppe im Fahrzeugbau sind wir in der Lage, unseren Kunden einen auf seine W\u00fcnsche und Bed\u00fcrfnisse ma\u00dfgeschneiderten Aufbau liefern zu k\u00f6nnen. Spezielle Details oder auch Sonderaufbauten sind f\u00fcr uns kein Problem.<\/p>\n<p>Insbesondere werden z.B. die Kurz- und Langholzaufbauten bei uns in gewissenhafter, hochwertiger Handarbeit mit fachbezogenem Personal hergestellt.<br \/>\nInstandsetzungen, sowie Richtarbeiten durch neuestes Laser -Rahmenrichtsystem mit Achsvermessung sind 100%ig m\u00f6glich.<\/p>\n<p><strong>Wir haben Erfahrung mit:<\/strong><\/p>\n<ul>\n<li>Kurzholztransportaufbau<\/li>\n<li>Langholztransportaufbau<\/li>\n<li>Schiebeplanenaufbau<\/li>\n<li>Pritschenaufbau<\/li>\n<li>Wechselrahmenaufbau (auch in Tiefbauweise)<\/li>\n<li>Anbau von Ladebordw\u00e4nden<\/li>\n<li>Aufbau von Ladekr\u00e4nen<\/li>\n<li>Abroller<\/li>\n<li>Absetzer<\/li>\n<\/ul>\n<p>[\/vc_column_text][\/vc_column][vc_column width=&#8221;1\/3&#8243;][\/vc_column][\/vc_row][vc_row][vc_column][vc_separator][\/vc_column][\/vc_row]<\/p>\n<\/div>","protected":false},"excerpt":{"rendered":"<p>[vc_row][vc_column width=&#8221;2\/3&#8243;][vc_column_text] Fahrzeugbau vom Spezialisten Durch die langj\u00e4hrige Tradition unser Unternehmensgruppe im Fahrzeugbau sind wir in der Lage, unseren Kunden einen auf seine W\u00fcnsche und Bed\u00fcrfnisse ma\u00dfgeschneiderten Aufbau liefern zu k\u00f6nnen. Spezielle Details oder auch Sonderaufbauten sind f\u00fcr uns kein Problem. Insbesondere werden z.B. die Kurz- und Langholzaufbauten bei uns in gewissenhafter, hochwertiger Handarbeit mit&hellip;<\/p>\n","protected":false},"author":2,"featured_media":0,"parent":0,"menu_order":0,"comment_status":"closed","ping_status":"open","template":"","meta":{"footnotes":""},"class_list":["post-589","page","type-page","status-publish","hentry","description-off"],"yoast_head":"<!-- This site is optimized with the Yoast SEO plugin v24.2 - https:\/\/yoast.com\/wordpress\/plugins\/seo\/ -->\n<title>Fahrzeugbau - Truck Center Lauenau GmbH<\/title>\n<meta name=\"robots\" content=\"index, follow, max-snippet:-1, max-image-preview:large, max-video-preview:-1\" \/>\n<link rel=\"canonical\" href=\"https:\/\/www.truckxxgroup.de\/truck-center-lauenau\/fahrzeugbau\/\" \/>\n<meta property=\"og:locale\" content=\"de_DE\" \/>\n<meta property=\"og:type\" content=\"article\" \/>\n<meta property=\"og:title\" content=\"Fahrzeugbau - Truck Center Lauenau GmbH\" \/>\n<meta property=\"og:description\" content=\"[vc_row][vc_column width=&#8221;2\/3&#8243;][vc_column_text] Fahrzeugbau vom Spezialisten Durch die langj\u00e4hrige Tradition unser Unternehmensgruppe im Fahrzeugbau sind wir in der Lage, unseren Kunden einen auf seine W\u00fcnsche und Bed\u00fcrfnisse ma\u00dfgeschneiderten Aufbau liefern zu k\u00f6nnen. Spezielle Details oder auch Sonderaufbauten sind f\u00fcr uns kein Problem. Insbesondere werden z.B. die Kurz- und Langholzaufbauten bei uns in gewissenhafter, hochwertiger Handarbeit mit&hellip;\" \/>\n<meta property=\"og:url\" content=\"https:\/\/www.truckxxgroup.de\/truck-center-lauenau\/fahrzeugbau\/\" \/>\n<meta property=\"og:site_name\" content=\"Truck Center Lauenau GmbH\" \/>\n<meta property=\"article:modified_time\" content=\"2023-10-23T09:27:01+00:00\" \/>\n<meta name=\"twitter:card\" content=\"summary_large_image\" \/>\n<meta name=\"twitter:label1\" content=\"Gesch\u00e4tzte Lesezeit\" \/>\n\t<meta name=\"twitter:data1\" content=\"1 Minute\" \/>\n<script type=\"application\/ld+json\" class=\"yoast-schema-graph\">{\"@context\":\"https:\/\/schema.org\",\"@graph\":[{\"@type\":\"WebPage\",\"@id\":\"https:\/\/www.truckxxgroup.de\/truck-center-lauenau\/fahrzeugbau\/\",\"url\":\"https:\/\/www.truckxxgroup.de\/truck-center-lauenau\/fahrzeugbau\/\",\"name\":\"Fahrzeugbau - Truck Center Lauenau GmbH\",\"isPartOf\":{\"@id\":\"https:\/\/www.truckxxgroup.de\/truck-center-lauenau\/#website\"},\"datePublished\":\"2016-03-09T13:17:51+00:00\",\"dateModified\":\"2023-10-23T09:27:01+00:00\",\"breadcrumb\":{\"@id\":\"https:\/\/www.truckxxgroup.de\/truck-center-lauenau\/fahrzeugbau\/#breadcrumb\"},\"inLanguage\":\"de\",\"potentialAction\":[{\"@type\":\"ReadAction\",\"target\":[\"https:\/\/www.truckxxgroup.de\/truck-center-lauenau\/fahrzeugbau\/\"]}]},{\"@type\":\"BreadcrumbList\",\"@id\":\"https:\/\/www.truckxxgroup.de\/truck-center-lauenau\/fahrzeugbau\/#breadcrumb\",\"itemListElement\":[{\"@type\":\"ListItem\",\"position\":1,\"name\":\"Home\",\"item\":\"https:\/\/www.truckxxgroup.de\/truck-center-lauenau\/\"},{\"@type\":\"ListItem\",\"position\":2,\"name\":\"Fahrzeugbau\"}]},{\"@type\":\"WebSite\",\"@id\":\"https:\/\/www.truckxxgroup.de\/truck-center-lauenau\/#website\",\"url\":\"https:\/\/www.truckxxgroup.de\/truck-center-lauenau\/\",\"name\":\"Truck Center Lauenau GmbH\",\"description\":\"Ihre Lkw \/ Nutzfahrzeug-Werkstatt in Lauenau\",\"potentialAction\":[{\"@type\":\"SearchAction\",\"target\":{\"@type\":\"EntryPoint\",\"urlTemplate\":\"https:\/\/www.truckxxgroup.de\/truck-center-lauenau\/?s={search_term_string}\"},\"query-input\":{\"@type\":\"PropertyValueSpecification\",\"valueRequired\":true,\"valueName\":\"search_term_string\"}}],\"inLanguage\":\"de\"}]}<\/script>\n<!-- \/ Yoast SEO plugin. -->","yoast_head_json":{"title":"Fahrzeugbau - Truck Center Lauenau GmbH","robots":{"index":"index","follow":"follow","max-snippet":"max-snippet:-1","max-image-preview":"max-image-preview:large","max-video-preview":"max-video-preview:-1"},"canonical":"https:\/\/www.truckxxgroup.de\/truck-center-lauenau\/fahrzeugbau\/","og_locale":"de_DE","og_type":"article","og_title":"Fahrzeugbau - Truck Center Lauenau GmbH","og_description":"[vc_row][vc_column width=&#8221;2\/3&#8243;][vc_column_text] Fahrzeugbau vom Spezialisten Durch die langj\u00e4hrige Tradition unser Unternehmensgruppe im Fahrzeugbau sind wir in der Lage, unseren Kunden einen auf seine W\u00fcnsche und Bed\u00fcrfnisse ma\u00dfgeschneiderten Aufbau liefern zu k\u00f6nnen. Spezielle Details oder auch Sonderaufbauten sind f\u00fcr uns kein Problem. Insbesondere werden z.B. die Kurz- und Langholzaufbauten bei uns in gewissenhafter, hochwertiger Handarbeit mit&hellip;","og_url":"https:\/\/www.truckxxgroup.de\/truck-center-lauenau\/fahrzeugbau\/","og_site_name":"Truck Center Lauenau GmbH","article_modified_time":"2023-10-23T09:27:01+00:00","twitter_card":"summary_large_image","twitter_misc":{"Gesch\u00e4tzte Lesezeit":"1 Minute"},"schema":{"@context":"https:\/\/schema.org","@graph":[{"@type":"WebPage","@id":"https:\/\/www.truckxxgroup.de\/truck-center-lauenau\/fahrzeugbau\/","url":"https:\/\/www.truckxxgroup.de\/truck-center-lauenau\/fahrzeugbau\/","name":"Fahrzeugbau - Truck Center Lauenau GmbH","isPartOf":{"@id":"https:\/\/www.truckxxgroup.de\/truck-center-lauenau\/#website"},"datePublished":"2016-03-09T13:17:51+00:00","dateModified":"2023-10-23T09:27:01+00:00","breadcrumb":{"@id":"https:\/\/www.truckxxgroup.de\/truck-center-lauenau\/fahrzeugbau\/#breadcrumb"},"inLanguage":"de","potentialAction":[{"@type":"ReadAction","target":["https:\/\/www.truckxxgroup.de\/truck-center-lauenau\/fahrzeugbau\/"]}]},{"@type":"BreadcrumbList","@id":"https:\/\/www.truckxxgroup.de\/truck-center-lauenau\/fahrzeugbau\/#breadcrumb","itemListElement":[{"@type":"ListItem","position":1,"name":"Home","item":"https:\/\/www.truckxxgroup.de\/truck-center-lauenau\/"},{"@type":"ListItem","position":2,"name":"Fahrzeugbau"}]},{"@type":"WebSite","@id":"https:\/\/www.truckxxgroup.de\/truck-center-lauenau\/#website","url":"https:\/\/www.truckxxgroup.de\/truck-center-lauenau\/","name":"Truck Center Lauenau GmbH","description":"Ihre Lkw \/ Nutzfahrzeug-Werkstatt in Lauenau","potentialAction":[{"@type":"SearchAction","target":{"@type":"EntryPoint","urlTemplate":"https:\/\/www.truckxxgroup.de\/truck-center-lauenau\/?s={search_term_string}"},"query-input":{"@type":"PropertyValueSpecification","valueRequired":true,"valueName":"search_term_string"}}],"inLanguage":"de"}]}},"_links":{"self":[{"href":"https:\/\/www.truckxxgroup.de\/truck-center-lauenau\/wp-json\/wp\/v2\/pages\/589","targetHints":{"allow":["GET"]}}],"collection":[{"href":"https:\/\/www.truckxxgroup.de\/truck-center-lauenau\/wp-json\/wp\/v2\/pages"}],"about":[{"href":"https:\/\/www.truckxxgroup.de\/truck-center-lauenau\/wp-json\/wp\/v2\/types\/page"}],"author":[{"embeddable":true,"href":"https:\/\/www.truckxxgroup.de\/truck-center-lauenau\/wp-json\/wp\/v2\/users\/2"}],"replies":[{"embeddable":true,"href":"https:\/\/www.truckxxgroup.de\/truck-center-lauenau\/wp-json\/wp\/v2\/comments?post=589"}],"version-history":[{"count":2,"href":"https:\/\/www.truckxxgroup.de\/truck-center-lauenau\/wp-json\/wp\/v2\/pages\/589\/revisions"}],"predecessor-version":[{"id":10483,"href":"https:\/\/www.truckxxgroup.de\/truck-center-lauenau\/wp-json\/wp\/v2\/pages\/589\/revisions\/10483"}],"wp:attachment":[{"href":"https:\/\/www.truckxxgroup.de\/truck-center-lauenau\/wp-json\/wp\/v2\/media?parent=589"}],"curies":[{"name":"wp","href":"https:\/\/api.w.org\/{rel}","templated":true}]}}