{"id":572,"date":"2016-03-09T12:19:54","date_gmt":"2016-03-09T11:19:54","guid":{"rendered":"http:\/\/www.truckxgroup.de\/truck-center-lauenau\/?page_id=572"},"modified":"2023-10-23T11:12:13","modified_gmt":"2023-10-23T09:12:13","slug":"nutzfahrzeug-service","status":"publish","type":"page","link":"https:\/\/www.truckxxgroup.de\/truck-center-lauenau\/nutzfahrzeug-service\/","title":{"rendered":"Nutzfahrzeug-Service"},"content":{"rendered":"<div class=\"wpb-content-wrapper\"><p>[vc_row][vc_column width=&#8221;2\/3&#8243;][vc_column_text]<\/p>\n<h3>Nutzfahrzeug Service in Lauenau<\/h3>\n<p>Fachgerechte Arbeiten sind an einem Nutzfahrzeug oder Bus schon auf Grund der Gr\u00f6\u00dfe nicht in jeder Werkstatt geeignet. Wir bieten das Know-How und die notwendige Ausr\u00fcstung, um anspruchsvolle Aufgaben perfekt zu meistern.<\/p>\n<p>Gro\u00dfdimensionierte Hallenr\u00e4ume, qualifiziertes Fachpersonal, eine umfassende Ger\u00e4teausstattung und ein umfangreiches Ersatzteillager sind Voraussetzungen, mit denen wir Sch\u00e4den an Fahrzeugen schnell, preiswert und qualit\u00e4tsbewusst beheben.<\/p>\n<p>Da unser Fachpersonal \u00fcber die originalen Diagnoseger\u00e4te unserer Vertragspartner verf\u00fcgt, sind Diagnosen genauer und schneller als in Betrieben, die auf Drittanbieter Diagnosesysteme zur\u00fcckgreifen m\u00fcssen. So kann ihr Fahrzeug direkt und ohne blinden Teiletausch wieder einsatzbereit gemacht werden.[\/vc_column_text][\/vc_column][vc_column width=&#8221;1\/3&#8243;][vc_single_image image=&#8221;575&#8243; img_size=&#8221;full&#8221; alignment=&#8221;center&#8221; style=&#8221;vc_box_shadow_3d&#8221;][\/vc_column][\/vc_row][vc_row][vc_column][vc_separator][\/vc_column][\/vc_row][vc_row][vc_column][vc_column_text]<\/p>\n<h3>Leistungs\u00fcbersicht Nutzfahrzeug-Service<\/h3>\n<ul>\n<li>Durchf\u00fchrung s\u00e4mtlicher gesetzlicher Abnahmen an Ihren Fahrzeugen<\/li>\n<li>Wartung nach Herstellerangaben s\u00e4mtlicher Fabrikate<\/li>\n<li>Fachgerechte Instandsetzung von Verschlei\u00dfteilen an s\u00e4mtlichen Fabrikaten<\/li>\n<li>Anh\u00e4nger- und Aufliegerinstandsetzung einschlie\u00dflich Fahrgestell<\/li>\n<li>Qualifizierte Rahmen- und Aufbauinstandsetzung s\u00e4mtlicher Fabrikate<\/li>\n<li>Lackierungen und Beschriftungen s\u00e4mtlicher Fahrzeuge<\/li>\n<li>Erneuern von Front- und Seitenscheiben<\/li>\n<li>WABCO Servicecenter einschlie\u00dflich Gew\u00e4hrleistungsabwicklung<\/li>\n<li>Einbau- und Instandsetzung von Zusatzheizungen<\/li>\n<\/ul>\n<p>[\/vc_column_text][\/vc_column][\/vc_row]<\/p>\n<\/div>","protected":false},"excerpt":{"rendered":"<p>[vc_row][vc_column width=&#8221;2\/3&#8243;][vc_column_text] Nutzfahrzeug Service in Lauenau Fachgerechte Arbeiten sind an einem Nutzfahrzeug oder Bus schon auf Grund der Gr\u00f6\u00dfe nicht in jeder Werkstatt geeignet. Wir bieten das Know-How und die notwendige Ausr\u00fcstung, um anspruchsvolle Aufgaben perfekt zu meistern. Gro\u00dfdimensionierte Hallenr\u00e4ume, qualifiziertes Fachpersonal, eine umfassende Ger\u00e4teausstattung und ein umfangreiches Ersatzteillager sind Voraussetzungen, mit denen wir Sch\u00e4den&hellip;<\/p>\n","protected":false},"author":2,"featured_media":0,"parent":0,"menu_order":0,"comment_status":"closed","ping_status":"open","template":"","meta":{"footnotes":""},"class_list":["post-572","page","type-page","status-publish","hentry","description-off"],"yoast_head":"<!-- This site is optimized with the Yoast SEO plugin v24.2 - https:\/\/yoast.com\/wordpress\/plugins\/seo\/ -->\n<title>Nutzfahrzeug-Service - Truck Center Lauenau GmbH<\/title>\n<meta name=\"robots\" content=\"index, follow, max-snippet:-1, max-image-preview:large, max-video-preview:-1\" \/>\n<link rel=\"canonical\" href=\"https:\/\/www.truckxxgroup.de\/truck-center-lauenau\/nutzfahrzeug-service\/\" \/>\n<meta property=\"og:locale\" content=\"de_DE\" \/>\n<meta property=\"og:type\" content=\"article\" \/>\n<meta property=\"og:title\" content=\"Nutzfahrzeug-Service - Truck Center Lauenau GmbH\" \/>\n<meta property=\"og:description\" content=\"[vc_row][vc_column width=&#8221;2\/3&#8243;][vc_column_text] Nutzfahrzeug Service in Lauenau Fachgerechte Arbeiten sind an einem Nutzfahrzeug oder Bus schon auf Grund der Gr\u00f6\u00dfe nicht in jeder Werkstatt geeignet. Wir bieten das Know-How und die notwendige Ausr\u00fcstung, um anspruchsvolle Aufgaben perfekt zu meistern. Gro\u00dfdimensionierte Hallenr\u00e4ume, qualifiziertes Fachpersonal, eine umfassende Ger\u00e4teausstattung und ein umfangreiches Ersatzteillager sind Voraussetzungen, mit denen wir Sch\u00e4den&hellip;\" \/>\n<meta property=\"og:url\" content=\"https:\/\/www.truckxxgroup.de\/truck-center-lauenau\/nutzfahrzeug-service\/\" \/>\n<meta property=\"og:site_name\" content=\"Truck Center Lauenau GmbH\" \/>\n<meta property=\"article:modified_time\" content=\"2023-10-23T09:12:13+00:00\" \/>\n<meta name=\"twitter:card\" content=\"summary_large_image\" \/>\n<meta name=\"twitter:label1\" content=\"Gesch\u00e4tzte Lesezeit\" \/>\n\t<meta name=\"twitter:data1\" content=\"1 Minute\" \/>\n<script type=\"application\/ld+json\" class=\"yoast-schema-graph\">{\"@context\":\"https:\/\/schema.org\",\"@graph\":[{\"@type\":\"WebPage\",\"@id\":\"https:\/\/www.truckxxgroup.de\/truck-center-lauenau\/nutzfahrzeug-service\/\",\"url\":\"https:\/\/www.truckxxgroup.de\/truck-center-lauenau\/nutzfahrzeug-service\/\",\"name\":\"Nutzfahrzeug-Service - Truck Center Lauenau GmbH\",\"isPartOf\":{\"@id\":\"https:\/\/www.truckxxgroup.de\/truck-center-lauenau\/#website\"},\"datePublished\":\"2016-03-09T11:19:54+00:00\",\"dateModified\":\"2023-10-23T09:12:13+00:00\",\"breadcrumb\":{\"@id\":\"https:\/\/www.truckxxgroup.de\/truck-center-lauenau\/nutzfahrzeug-service\/#breadcrumb\"},\"inLanguage\":\"de\",\"potentialAction\":[{\"@type\":\"ReadAction\",\"target\":[\"https:\/\/www.truckxxgroup.de\/truck-center-lauenau\/nutzfahrzeug-service\/\"]}]},{\"@type\":\"BreadcrumbList\",\"@id\":\"https:\/\/www.truckxxgroup.de\/truck-center-lauenau\/nutzfahrzeug-service\/#breadcrumb\",\"itemListElement\":[{\"@type\":\"ListItem\",\"position\":1,\"name\":\"Home\",\"item\":\"https:\/\/www.truckxxgroup.de\/truck-center-lauenau\/\"},{\"@type\":\"ListItem\",\"position\":2,\"name\":\"Nutzfahrzeug-Service\"}]},{\"@type\":\"WebSite\",\"@id\":\"https:\/\/www.truckxxgroup.de\/truck-center-lauenau\/#website\",\"url\":\"https:\/\/www.truckxxgroup.de\/truck-center-lauenau\/\",\"name\":\"Truck Center Lauenau GmbH\",\"description\":\"Ihre Lkw \/ Nutzfahrzeug-Werkstatt in Lauenau\",\"potentialAction\":[{\"@type\":\"SearchAction\",\"target\":{\"@type\":\"EntryPoint\",\"urlTemplate\":\"https:\/\/www.truckxxgroup.de\/truck-center-lauenau\/?s={search_term_string}\"},\"query-input\":{\"@type\":\"PropertyValueSpecification\",\"valueRequired\":true,\"valueName\":\"search_term_string\"}}],\"inLanguage\":\"de\"}]}<\/script>\n<!-- \/ Yoast SEO plugin. -->","yoast_head_json":{"title":"Nutzfahrzeug-Service - Truck Center Lauenau GmbH","robots":{"index":"index","follow":"follow","max-snippet":"max-snippet:-1","max-image-preview":"max-image-preview:large","max-video-preview":"max-video-preview:-1"},"canonical":"https:\/\/www.truckxxgroup.de\/truck-center-lauenau\/nutzfahrzeug-service\/","og_locale":"de_DE","og_type":"article","og_title":"Nutzfahrzeug-Service - Truck Center Lauenau GmbH","og_description":"[vc_row][vc_column width=&#8221;2\/3&#8243;][vc_column_text] Nutzfahrzeug Service in Lauenau Fachgerechte Arbeiten sind an einem Nutzfahrzeug oder Bus schon auf Grund der Gr\u00f6\u00dfe nicht in jeder Werkstatt geeignet. Wir bieten das Know-How und die notwendige Ausr\u00fcstung, um anspruchsvolle Aufgaben perfekt zu meistern. Gro\u00dfdimensionierte Hallenr\u00e4ume, qualifiziertes Fachpersonal, eine umfassende Ger\u00e4teausstattung und ein umfangreiches Ersatzteillager sind Voraussetzungen, mit denen wir Sch\u00e4den&hellip;","og_url":"https:\/\/www.truckxxgroup.de\/truck-center-lauenau\/nutzfahrzeug-service\/","og_site_name":"Truck Center Lauenau GmbH","article_modified_time":"2023-10-23T09:12:13+00:00","twitter_card":"summary_large_image","twitter_misc":{"Gesch\u00e4tzte Lesezeit":"1 Minute"},"schema":{"@context":"https:\/\/schema.org","@graph":[{"@type":"WebPage","@id":"https:\/\/www.truckxxgroup.de\/truck-center-lauenau\/nutzfahrzeug-service\/","url":"https:\/\/www.truckxxgroup.de\/truck-center-lauenau\/nutzfahrzeug-service\/","name":"Nutzfahrzeug-Service - Truck Center Lauenau GmbH","isPartOf":{"@id":"https:\/\/www.truckxxgroup.de\/truck-center-lauenau\/#website"},"datePublished":"2016-03-09T11:19:54+00:00","dateModified":"2023-10-23T09:12:13+00:00","breadcrumb":{"@id":"https:\/\/www.truckxxgroup.de\/truck-center-lauenau\/nutzfahrzeug-service\/#breadcrumb"},"inLanguage":"de","potentialAction":[{"@type":"ReadAction","target":["https:\/\/www.truckxxgroup.de\/truck-center-lauenau\/nutzfahrzeug-service\/"]}]},{"@type":"BreadcrumbList","@id":"https:\/\/www.truckxxgroup.de\/truck-center-lauenau\/nutzfahrzeug-service\/#breadcrumb","itemListElement":[{"@type":"ListItem","position":1,"name":"Home","item":"https:\/\/www.truckxxgroup.de\/truck-center-lauenau\/"},{"@type":"ListItem","position":2,"name":"Nutzfahrzeug-Service"}]},{"@type":"WebSite","@id":"https:\/\/www.truckxxgroup.de\/truck-center-lauenau\/#website","url":"https:\/\/www.truckxxgroup.de\/truck-center-lauenau\/","name":"Truck Center Lauenau GmbH","description":"Ihre Lkw \/ Nutzfahrzeug-Werkstatt in Lauenau","potentialAction":[{"@type":"SearchAction","target":{"@type":"EntryPoint","urlTemplate":"https:\/\/www.truckxxgroup.de\/truck-center-lauenau\/?s={search_term_string}"},"query-input":{"@type":"PropertyValueSpecification","valueRequired":true,"valueName":"search_term_string"}}],"inLanguage":"de"}]}},"_links":{"self":[{"href":"https:\/\/www.truckxxgroup.de\/truck-center-lauenau\/wp-json\/wp\/v2\/pages\/572","targetHints":{"allow":["GET"]}}],"collection":[{"href":"https:\/\/www.truckxxgroup.de\/truck-center-lauenau\/wp-json\/wp\/v2\/pages"}],"about":[{"href":"https:\/\/www.truckxxgroup.de\/truck-center-lauenau\/wp-json\/wp\/v2\/types\/page"}],"author":[{"embeddable":true,"href":"https:\/\/www.truckxxgroup.de\/truck-center-lauenau\/wp-json\/wp\/v2\/users\/2"}],"replies":[{"embeddable":true,"href":"https:\/\/www.truckxxgroup.de\/truck-center-lauenau\/wp-json\/wp\/v2\/comments?post=572"}],"version-history":[{"count":5,"href":"https:\/\/www.truckxxgroup.de\/truck-center-lauenau\/wp-json\/wp\/v2\/pages\/572\/revisions"}],"predecessor-version":[{"id":581,"href":"https:\/\/www.truckxxgroup.de\/truck-center-lauenau\/wp-json\/wp\/v2\/pages\/572\/revisions\/581"}],"wp:attachment":[{"href":"https:\/\/www.truckxxgroup.de\/truck-center-lauenau\/wp-json\/wp\/v2\/media?parent=572"}],"curies":[{"name":"wp","href":"https:\/\/api.w.org\/{rel}","templated":true}]}}