{"id":4,"date":"2015-07-13T14:51:19","date_gmt":"2015-07-13T12:51:19","guid":{"rendered":"http:\/\/www.truckxgroup.detestwww\/transportkuehlung-hannover\/?page_id=4"},"modified":"2025-01-07T11:51:08","modified_gmt":"2025-01-07T10:51:08","slug":"startseite","status":"publish","type":"page","link":"https:\/\/www.truckxxgroup.de\/truck-center-lauenau\/","title":{"rendered":"Startseite"},"content":{"rendered":"<div class=\"wpb-content-wrapper\"><p>[vc_row][vc_column]\n\t\t\t<!-- START homepagegsh REVOLUTION SLIDER 6.7.37 --><p class=\"rs-p-wp-fix\"><\/p>\n\t\t\t<rs-module-wrap id=\"rev_slider_1_1_wrapper\" data-source=\"gallery\" style=\"visibility:hidden;background:#E9E9E9;padding:0;margin:0px auto;margin-top:0;margin-bottom:0;\">\n\t\t\t\t<rs-module id=\"rev_slider_1_1\" style=\"\" data-version=\"6.7.37\">\n\t\t\t\t\t<rs-slides style=\"overflow: hidden; position: absolute;\">\n\t\t\t\t\t\t<rs-slide style=\"position: absolute;\" data-key=\"rs-1\" data-title=\"Mobilit\u00e4t\" data-thumb=\"\/\/www.truckxxgroup.de\/truck-center-lauenau\/wp-content\/uploads\/sites\/8\/2016\/03\/Slider-motor-100x50.jpg\" data-anim=\"d:10;f:oppslidebased;\" data-in=\"prst:rndany;o:0;sx:1.1;sy:1.1;m:true;row:6;col:6;\" data-out=\"a:false;\">\n\t\t\t\t\t\t\t<img decoding=\"async\" src=\"\/\/www.truckxxgroup.de\/truck-center-lauenau\/wp-content\/plugins\/revslider\/sr6\/assets\/assets\/dummy.png\" alt=\"\" title=\"Startseite\" class=\"rev-slidebg tp-rs-img rs-lazyload\" data-lazyload=\"\/\/www.truckxxgroup.de\/truck-center-lauenau\/wp-content\/uploads\/sites\/8\/2016\/03\/Slider-motor.jpg\" data-bg=\"p:center top;\" data-no-retina>\n<!--\n\t\t\t\t\t\t\t--><rs-layer\n\t\t\t\t\t\t\t\tid=\"slider-1-slide-1-layer-0\" \n\t\t\t\t\t\t\t\tclass=\"whitethick\"\n\t\t\t\t\t\t\t\tdata-type=\"text\"\n\t\t\t\t\t\t\t\tdata-color=\"#ffffff\"\n\t\t\t\t\t\t\t\tdata-rsp_ch=\"on\"\n\t\t\t\t\t\t\t\tdata-xy=\"x:347px;y:348px;\"\n\t\t\t\t\t\t\t\tdata-text=\"s:72;l:40;ls:-2px;fw:800;\"\n\t\t\t\t\t\t\t\tdata-frame_0=\"x:left;\"\n\t\t\t\t\t\t\t\tdata-frame_1=\"st:1900;sp:900;\"\n\t\t\t\t\t\t\t\tdata-frame_999=\"st:8400;auto:true;\"\n\t\t\t\t\t\t\t\tstyle=\"z-index:5;font-family:'Open Sans';text-shadow:0px 2px 5px rgba(0, 0, 0, 0.5)\nwhite-space:nowrap;\"\n\t\t\t\t\t\t\t>Ihre Mobilit\u00e4t... \n\t\t\t\t\t\t\t<\/rs-layer><!--\n\n\t\t\t\t\t\t\t--><rs-layer\n\t\t\t\t\t\t\t\tid=\"slider-1-slide-1-layer-1\" \n\t\t\t\t\t\t\t\tclass=\"whitethick\"\n\t\t\t\t\t\t\t\tdata-type=\"text\"\n\t\t\t\t\t\t\t\tdata-color=\"#ffffff\"\n\t\t\t\t\t\t\t\tdata-rsp_ch=\"on\"\n\t\t\t\t\t\t\t\tdata-xy=\"x:555px;y:423px;\"\n\t\t\t\t\t\t\t\tdata-text=\"s:72;l:40;ls:-2px;fw:800;\"\n\t\t\t\t\t\t\t\tdata-frame_0=\"x:right;\"\n\t\t\t\t\t\t\t\tdata-frame_1=\"st:2600;sp:800;\"\n\t\t\t\t\t\t\t\tdata-frame_999=\"st:8400;auto:true;\"\n\t\t\t\t\t\t\t\tstyle=\"z-index:6;font-family:'Open Sans';text-shadow:0px 2px 5px rgba(0, 0, 0, 0.5)\nwhite-space:nowrap;\"\n\t\t\t\t\t\t\t>...ist unser Ziel. \n\t\t\t\t\t\t\t<\/rs-layer><!--\n-->\t\t\t\t\t<\/rs-slide>\n\t\t\t\t\t\t<rs-slide style=\"position: absolute;\" data-key=\"rs-4\" data-title=\"Turn Detect\" data-thumb=\"\/\/www.truckxxgroup.de\/truck-center-lauenau\/wp-content\/uploads\/sites\/8\/2019\/06\/Slider-LUIS-Turn-Detect-100x50.jpg\" data-link=\"\/\/www.truckxxgroup.de\/blog\/luis-abbiegeassistent-turn-detect-jetzt-bei-allen-truckxxgroup-betrieben-erhaeltlich\/\" data-tag=\"l\" data-target=\"_blank\" data-seoz=\"front\" data-filter=\"e:late3;b:10;\" data-in=\"prst:rndany;o:0;sx:1.1;sy:1.1;e:power1.in;\">\n\t\t\t\t\t\t\t<img decoding=\"async\" src=\"\/\/www.truckxxgroup.de\/truck-center-lauenau\/wp-content\/plugins\/revslider\/sr6\/assets\/assets\/dummy.png\" alt=\"\" title=\"Startseite\" class=\"rev-slidebg tp-rs-img rs-lazyload\" data-lazyload=\"\/\/www.truckxxgroup.de\/truck-center-lauenau\/wp-content\/uploads\/sites\/8\/2019\/06\/Slider-LUIS-Turn-Detect.jpg\" data-no-retina>\n<!---->\t\t\t\t\t<\/rs-slide>\n\t\t\t\t\t\t<rs-slide style=\"position: absolute;\" data-key=\"rs-3\" data-title=\"Kran- Hydraulik\" data-thumb=\"\/\/www.truckxxgroup.de\/truck-center-lauenau\/wp-content\/uploads\/sites\/8\/2016\/03\/slider-hydraulik-100x50.jpg\" data-anim=\"d:80;ms:2000;f:center;\" data-filter=\"e:late2;b:3;\" data-in=\"prst:rndany;o:0;y:cyc(-100%|0|100%);sx:cyc(1|0|1);sy:cyc(1|0|1);row:3;\" data-d3=\"f:incube;d:vertical;z:450;t:20;su:true;sc:#9e9e9e;\">\n\t\t\t\t\t\t\t<img decoding=\"async\" src=\"\/\/www.truckxxgroup.de\/truck-center-lauenau\/wp-content\/plugins\/revslider\/sr6\/assets\/assets\/dummy.png\" alt=\"\" title=\"Startseite\" class=\"rev-slidebg tp-rs-img rs-lazyload\" data-lazyload=\"\/\/www.truckxxgroup.de\/truck-center-lauenau\/wp-content\/uploads\/sites\/8\/2016\/03\/slider-hydraulik.jpg\" data-bg=\"p:center top;\" data-no-retina>\n<!--\n\t\t\t\t\t\t\t--><rs-layer\n\t\t\t\t\t\t\t\tid=\"slider-1-slide-3-layer-1\" \n\t\t\t\t\t\t\t\tclass=\"whitethick\"\n\t\t\t\t\t\t\t\tdata-type=\"text\"\n\t\t\t\t\t\t\t\tdata-color=\"#ffffff\"\n\t\t\t\t\t\t\t\tdata-rsp_ch=\"on\"\n\t\t\t\t\t\t\t\tdata-xy=\"x:227px;y:514px;\"\n\t\t\t\t\t\t\t\tdata-text=\"s:72;l:40;fw:800;\"\n\t\t\t\t\t\t\t\tdata-frame_0=\"x:left;\"\n\t\t\t\t\t\t\t\tdata-frame_1=\"st:1900;sp:900;\"\n\t\t\t\t\t\t\t\tdata-frame_999=\"st:w;auto:true;\"\n\t\t\t\t\t\t\t\tstyle=\"z-index:5;font-family:'Open Sans';text-shadow:0px 2px 5px rgba(0, 0, 0, 0.5);white-space:nowrap;letter-spacing:-2px;\"\n\t\t\t\t\t\t\t>Kran- und Hydraulikservice \n\t\t\t\t\t\t\t<\/rs-layer><!--\n-->\t\t\t\t\t<\/rs-slide>\n\t\t\t\t\t\t<rs-slide style=\"position: absolute;\" data-key=\"rs-2\" data-title=\"Slide\" data-thumb=\"\/\/www.truckxxgroup.de\/truck-center-lauenau\/wp-content\/uploads\/sites\/8\/2016\/01\/Lauenau_m2-100x50.jpg\" data-anim=\"e:slidingoverlay;ms:2000;\" data-in=\"prst:rndany;x:(100%);\">\n\t\t\t\t\t\t\t<img decoding=\"async\" src=\"\/\/www.truckxxgroup.de\/truck-center-lauenau\/wp-content\/plugins\/revslider\/sr6\/assets\/assets\/dummy.png\" alt=\"\" title=\"Startseite\" class=\"rev-slidebg tp-rs-img rs-lazyload\" data-lazyload=\"\/\/www.truckxxgroup.de\/truck-center-lauenau\/wp-content\/uploads\/sites\/8\/2016\/01\/Lauenau_m2.jpg\" data-bg=\"p:left center;\" data-panzoom=\"d:9000;e:power0.inOut;ss:100;se:100;\" data-no-retina>\n<!--\n\t\t\t\t\t\t\t--><rs-layer\n\t\t\t\t\t\t\t\tid=\"slider-1-slide-2-layer-1\" \n\t\t\t\t\t\t\t\tclass=\"mediumlargelightwhiteverdana\"\n\t\t\t\t\t\t\t\tdata-type=\"text\"\n\t\t\t\t\t\t\t\tdata-color=\"#ffffff\"\n\t\t\t\t\t\t\t\tdata-rsp_ch=\"on\"\n\t\t\t\t\t\t\t\tdata-xy=\"x:280px;y:424px;\"\n\t\t\t\t\t\t\t\tdata-text=\"s:37;l:43;fw:300;\"\n\t\t\t\t\t\t\t\tdata-frame_1=\"st:500;\"\n\t\t\t\t\t\t\t\tdata-frame_999=\"st:w;auto:true;\"\n\t\t\t\t\t\t\t\tstyle=\"z-index:5;font-family:'Verdana', 'Geneva', 'sans-serif';\"\n\t\t\t\t\t\t\t><center>Truck Center Lauenau GmbH<br>\nDaimlerstra\u00dfe 1, D-31867 Lauenau<\/center> \n\t\t\t\t\t\t\t<\/rs-layer><!--\n-->\t\t\t\t\t<\/rs-slide>\n\t\t\t\t\t<\/rs-slides>\n\t\t\t\t<\/rs-module>\n\t\t\t\t<script>\n\t\t\t\t\tsetREVStartSize({c: 'rev_slider_1_1',rl:[1240,1024,778,480],el:[575],gw:[1170],gh:[575],type:'standard',justify:'',layout:'fullwidth',mh:\"575px\"});if (window.RS_MODULES!==undefined && window.RS_MODULES.modules!==undefined && window.RS_MODULES.modules[\"revslider11\"]!==undefined) {window.RS_MODULES.modules[\"revslider11\"].once = false;window.revapi1 = undefined;if (window.RS_MODULES.checkMinimal!==undefined) window.RS_MODULES.checkMinimal()}\n\t\t\t\t<\/script>\n\t\t\t<\/rs-module-wrap>\n\t\t\t<!-- END REVOLUTION SLIDER -->\n[vc_empty_space height=&#8221;60px&#8221;][\/vc_column][\/vc_row][vc_row][vc_column][vc_column_text css=&#8221;&#8221;]<\/p>\n<h2 style=\"text-align: center; font-size: 43px; color: #0061a1;\">Truck Center Lauenau GmbH<\/h2>\n<h3 style=\"text-align: center; font-size: 22px; color: black; font-weight: normal;\">Ihr MAN Truck &amp; Bus und Mercedes-Benz Lkw Servicepartner.<\/h3>\n<p>[\/vc_column_text][\/vc_column][\/vc_row][vc_row][vc_column width=&#8221;1\/3&#8243;][vc_column_text]<\/p>\n<p style=\"text-align: left;\"><strong><img loading=\"lazy\" decoding=\"async\" class=\"alignnone wp-image-3665 size-full\" src=\"https:\/\/www.truckxxgroup.de\/truck-center-lauenau\/wp-content\/uploads\/sites\/8\/2021\/06\/mb-2021-tcl-l.png\" alt=\"\" width=\"150\" height=\"85\" \/><\/strong><\/p>\n<p><a href=\"https:\/\/www.truckxxgroup.de\/truck-center-lauenau\/2017\/05\/23\/truck-center-lauenau-erhaelt-service-mit-stern-auszeichnung\/\"><strong>Service mit Stern\u00ae<\/strong><\/a> &#8211; F\u00fcr herausragende Serviceleistungen und h\u00f6chste Kundenzufriedenheit erh\u00e4lt der Mercedes-Benz Partner Truck Center Lauenau GmbH das Pr\u00e4dikat Service mit Stern\u00ae.[\/vc_column_text][vc_tta_tabs][vc_tta_section title=&#8221;\u00d6ffnungszeiten&#8221; tab_id=&#8221;1457434060215-601db96c-3ca6&#8243;][vc_column_text]<strong>Montag &#8211; Freitag<\/strong>: 07:00 &#8211; 18:00 Uhr<br \/>\n<strong>Samstag<\/strong>: 07:00 &#8211; 15:00 Uhr<\/p>\n<p>[\/vc_column_text][\/vc_tta_section][vc_tta_section title=&#8221;Notdienst&#8221; tab_id=&#8221;1457434060354-a922a0df-af3d&#8221;][vc_column_text]<strong>Notdienst-Hotline<\/strong><br \/>\nTag und Nacht &#8211; 365 Tage im Jahr &#8211;<\/p>\n<p>Nutzfahrzeuge<br \/>\nTelefon: +49 (0)5043 9797-0<\/p>\n<p>Transportk\u00fchlung<br \/>\nTelefon: +49 (0)5043 9797-77[\/vc_column_text][\/vc_tta_section][\/vc_tta_tabs][\/vc_column][vc_column width=&#8221;2\/3&#8243;][vc_column_text css=&#8221;&#8221;]<strong>Der Multimarken-Service direkt an der A2<\/strong><\/p>\n<p>Das Truck Center Lauenau bietet Ihnen einen perfekten Rundum-Service f\u00fcr Lkw, Transporter, Anh\u00e4nger\/Auflieger, Wohnmobile und Nutzfahrzeuge aller Fabrikate und Art.<br \/>\nAls Vertragspartner der MAN Nutzfahrzeuge und Mercedes-Benz Nutzfahrzeuge ist unsere Werkstatt auf dem neuesten Stand der Technik.<\/p>\n<p>Zudem bieten wir ihnen auch <strong>Service &amp; Reparatur<\/strong> f\u00fcr ihren <strong>Transporter <\/strong>an<strong>.<\/strong><\/p>\n<p>Mit den aktuellen Diagnosesystemen bietet unser kompetentes und zuverl\u00e4ssiges Fachpersonal schnelle und professionelle Hilfe.<\/p>\n<p>Um eine sp\u00fcrbare Minimierung der Fahrzeugstandzeiten zu erreichen, wurde das Werkstatt- und Ersatzteilangebot speziell auf Ihre Bed\u00fcrfnisse angepasst.<br \/>\nAls Spezialist f\u00fcr die Instandsetzung, Reparatur, Wartung und den Umbau von Fahrzeugen, verwenden wir ausschlie\u00dflich Original-Ersatzteile oder vom Hersteller freigegebene Ersatzteile.[\/vc_column_text][\/vc_column][\/vc_row][vc_row][vc_column][vc_separator][\/vc_column][\/vc_row][vc_row][vc_column width=&#8221;1\/4&#8243;][vc_column_text css=&#8221;.vc_custom_1652861583922{border-top-width: 1px !important;border-right-width: 1px !important;border-bottom-width: 1px !important;border-left-width: 1px !important;padding-top: 5px !important;padding-right: 5px !important;padding-bottom: 5px !important;padding-left: 5px !important;border-left-color: #f2f2f2 !important;border-left-style: solid !important;border-right-color: #f2f2f2 !important;border-right-style: solid !important;border-top-color: #f2f2f2 !important;border-top-style: solid !important;border-bottom-color: #f2f2f2 !important;border-bottom-style: solid !important;}&#8221;]<\/p>\n<p style=\"text-align: center; font-size: 12px; line-height: 1.7;\"><a href=\"https:\/\/www.mantruckandbus.com\/de\/\" target=\"_blank\" rel=\"noopener noreferrer\"><img loading=\"lazy\" decoding=\"async\" class=\"aligncenter wp-image-541 size-full\" src=\"https:\/\/www.truckxxgroup.de\/truck-center-lauenau\/wp-content\/uploads\/sites\/8\/2015\/07\/MAN-logo.png\" alt=\"MAN Truck &amp; Bus Servicepartner\" width=\"150\" height=\"85\" \/><\/a><br \/>\nTruck Center Lauenau ist MAN Truck &amp; Bus Servicepartner.<\/p>\n<p>[\/vc_column_text][\/vc_column][vc_column width=&#8221;1\/4&#8243;][vc_column_text css=&#8221;.vc_custom_1732265707006{border-top-width: 1px !important;border-right-width: 1px !important;border-bottom-width: 1px !important;border-left-width: 1px !important;padding-top: 5px !important;padding-right: 5px !important;padding-bottom: 5px !important;padding-left: 5px !important;border-left-style: solid !important;border-right-style: solid !important;border-top-style: solid !important;border-bottom-style: solid !important;border-color: #f2f2f2 !important;}&#8221;]<img loading=\"lazy\" decoding=\"async\" class=\"wp-image-3665 size-full aligncenter\" src=\"https:\/\/www.truckxxgroup.de\/truck-center-lauenau\/wp-content\/uploads\/sites\/8\/2021\/06\/mb-2021-tcl-l.png\" alt=\"\" width=\"150\" height=\"85\" \/><\/p>\n<p style=\"text-align: center; font-size: 12px; line-height: 1.7;\">Truck Center Lauenau ist Mercedes-Benz Lkw Servicepartner.<\/p>\n<p>[\/vc_column_text][\/vc_column][vc_column width=&#8221;1\/4&#8243;][vc_column_text css=&#8221;.vc_custom_1644488343963{border-top-width: 1px !important;border-right-width: 1px !important;border-bottom-width: 1px !important;border-left-width: 1px !important;padding-top: 5px !important;padding-right: 5px !important;padding-bottom: 5px !important;padding-left: 5px !important;border-left-color: #f2f2f2 !important;border-left-style: solid !important;border-right-color: #f2f2f2 !important;border-right-style: solid !important;border-top-color: #f2f2f2 !important;border-top-style: solid !important;border-bottom-color: #f2f2f2 !important;border-bottom-style: solid !important;}&#8221;]<img loading=\"lazy\" decoding=\"async\" class=\"wp-image-5710 size-full aligncenter\" src=\"https:\/\/www.truckxxgroup.de\/truck-center-lauenau\/wp-content\/uploads\/sites\/8\/2022\/02\/klfrent-partner-lauenau.jpg\" alt=\"\" width=\"150\" height=\"85\" \/><\/p>\n<p style=\"text-align: center; font-size: 12px; line-height: 1.7;\">Wir sind KLVrent Partner: Truck &amp; Trailer Vermietung direkt in Lauenau an der A2.<\/p>\n<p>[\/vc_column_text][\/vc_column][vc_column width=&#8221;1\/4&#8243;][vc_column_text css=&#8221;.vc_custom_1525766714126{border-top-width: 1px !important;border-right-width: 1px !important;border-bottom-width: 1px !important;border-left-width: 1px !important;padding-top: 5px !important;padding-right: 5px !important;padding-bottom: 5px !important;padding-left: 5px !important;border-left-color: #f2f2f2 !important;border-left-style: solid !important;border-right-color: #f2f2f2 !important;border-right-style: solid !important;border-top-color: #f2f2f2 !important;border-top-style: solid !important;border-bottom-color: #f2f2f2 !important;border-bottom-style: solid !important;}&#8221;]<img loading=\"lazy\" decoding=\"async\" class=\"aligncenter wp-image-551 size-full\" src=\"https:\/\/www.truckxxgroup.de\/truck-center-lauenau\/wp-content\/uploads\/sites\/8\/2015\/07\/auto-schmidt-lauenau.jpg\" alt=\"Auto Schmidt Lauenau\" width=\"150\" height=\"85\" \/><\/p>\n<p style=\"text-align: center; font-size: 12px; line-height: 1.7;\">Direkt auf dem Gel\u00e4nde des Truck Center Lauenau: Unser Partner <a href=\"http:\/\/www.auto-schmidt.net\/\" target=\"_blank\" rel=\"noopener noreferrer\">Auto Schmidt<\/a> Abschleppdienst.<\/p>\n<p>[\/vc_column_text][\/vc_column][\/vc_row][vc_row][vc_column width=&#8221;1\/5&#8243;][\/vc_column][vc_column width=&#8221;1\/5&#8243;][\/vc_column][vc_column width=&#8221;1\/5&#8243;][vc_column_text css=&#8221;.vc_custom_1595243063319{border-top-width: 1px !important;border-right-width: 1px !important;border-bottom-width: 1px !important;border-left-width: 1px !important;padding-top: 5px !important;padding-right: 5px !important;padding-bottom: 5px !important;padding-left: 5px !important;border-left-color: #f2f2f2 !important;border-left-style: solid !important;border-right-color: #f2f2f2 !important;border-right-style: solid !important;border-top-color: #f2f2f2 !important;border-top-style: solid !important;border-bottom-color: #f2f2f2 !important;border-bottom-style: solid !important;}&#8221;]<img loading=\"lazy\" decoding=\"async\" class=\"aligncenter wp-image-1523\" src=\"https:\/\/www.truckxxgroup.de\/truck-center-lauenau\/wp-content\/uploads\/sites\/8\/2020\/07\/DTCO-ready.jpg\" alt=\"\" width=\"150\" height=\"34\" srcset=\"https:\/\/www.truckxxgroup.de\/truck-center-lauenau\/wp-content\/uploads\/sites\/8\/2020\/07\/DTCO-ready.jpg 310w, https:\/\/www.truckxxgroup.de\/truck-center-lauenau\/wp-content\/uploads\/sites\/8\/2020\/07\/DTCO-ready-300x68.jpg 300w\" sizes=\"auto, (max-width: 150px) 100vw, 150px\" \/><\/p>\n<p style=\"text-align: center; font-size: 12px; line-height: 1.7;\">Autorisierter Fachbetrieb f\u00fcr die Pr\u00fcfung von VDO Tachosystemen<br \/>\nbis zum DTCO 4.0<\/p>\n<p>[\/vc_column_text][\/vc_column][vc_column width=&#8221;1\/5&#8243;][\/vc_column][vc_column width=&#8221;1\/5&#8243;][\/vc_column][\/vc_row][vc_row][vc_column][vc_separator][\/vc_column][\/vc_row][vc_row][vc_column][vc_column_text]<\/p>\n<p style=\"text-align: center;\"><strong>Truck Center Lauenau GmbH<\/strong><br \/>\nEin Unternehmen der<br \/>\n<a href=\"https:\/\/www.truckxxgroup.de\" target=\"_blank\" rel=\"noopener noreferrer\"><img loading=\"lazy\" decoding=\"async\" class=\"aligncenter size-full wp-image-554\" src=\"https:\/\/www.truckxxgroup.de\/truck-center-lauenau\/wp-content\/uploads\/sites\/8\/2018\/05\/truckxxgroup_logo_4c.png\" alt=\"truckxxgroup\" width=\"270\" height=\"65\" \/><\/a><\/p>\n<p>[\/vc_column_text][\/vc_column][\/vc_row]<\/p>\n<\/div>","protected":false},"excerpt":{"rendered":"<p>[vc_row][vc_column][vc_empty_space height=&#8221;60px&#8221;][\/vc_column][\/vc_row][vc_row][vc_column][vc_column_text css=&#8221;&#8221;] Truck Center Lauenau GmbH Ihr MAN Truck &amp; Bus und Mercedes-Benz Lkw Servicepartner. [\/vc_column_text][\/vc_column][\/vc_row][vc_row][vc_column width=&#8221;1\/3&#8243;][vc_column_text] Service mit Stern\u00ae &#8211; F\u00fcr herausragende Serviceleistungen und h\u00f6chste Kundenzufriedenheit erh\u00e4lt der Mercedes-Benz Partner Truck Center Lauenau GmbH das Pr\u00e4dikat Service mit Stern\u00ae.[\/vc_column_text][vc_tta_tabs][vc_tta_section title=&#8221;\u00d6ffnungszeiten&#8221; tab_id=&#8221;1457434060215-601db96c-3ca6&#8243;][vc_column_text]Montag &#8211; Freitag: 07:00 &#8211; 18:00 Uhr Samstag: 07:00 &#8211; 15:00 Uhr [\/vc_column_text][\/vc_tta_section][vc_tta_section&hellip;<\/p>\n","protected":false},"author":2,"featured_media":0,"parent":0,"menu_order":0,"comment_status":"closed","ping_status":"open","template":"","meta":{"footnotes":""},"class_list":["post-4","page","type-page","status-publish","hentry","description-off"],"yoast_head":"<!-- This site is optimized with the Yoast SEO plugin v24.2 - https:\/\/yoast.com\/wordpress\/plugins\/seo\/ -->\n<title>Willkommen beim Truck Center Lauenau!<\/title>\n<meta name=\"description\" content=\"Multimarken Service f\u00fcr Nutzfahrzeuge. Service f\u00fcr Nutzfahrzeuge und Wohnwagen \/ Wohnmobile. MAN Truck &amp; Bus Deutschland, Mercedes-Benz.\" \/>\n<meta name=\"robots\" content=\"index, follow, max-snippet:-1, max-image-preview:large, max-video-preview:-1\" \/>\n<link rel=\"canonical\" href=\"https:\/\/www.truckxxgroup.de\/truck-center-lauenau\/\" \/>\n<meta property=\"og:locale\" content=\"de_DE\" \/>\n<meta property=\"og:type\" content=\"article\" \/>\n<meta property=\"og:title\" content=\"Willkommen beim Truck Center Lauenau!\" \/>\n<meta property=\"og:description\" content=\"Multimarken Service f\u00fcr Nutzfahrzeuge. Service f\u00fcr Nutzfahrzeuge und Wohnwagen \/ Wohnmobile. MAN Truck &amp; Bus Deutschland, Mercedes-Benz.\" \/>\n<meta property=\"og:url\" content=\"https:\/\/www.truckxxgroup.de\/truck-center-lauenau\/\" \/>\n<meta property=\"og:site_name\" content=\"Truck Center Lauenau GmbH\" \/>\n<meta property=\"article:modified_time\" content=\"2025-01-07T10:51:08+00:00\" \/>\n<meta property=\"og:image\" content=\"https:\/\/www.truckxxgroup.de\/truck-center-lauenau\/wp-content\/uploads\/sites\/8\/2021\/06\/mb-2021-tcl-l.png\" \/>\n<meta name=\"twitter:card\" content=\"summary_large_image\" \/>\n<meta name=\"twitter:label1\" content=\"Gesch\u00e4tzte Lesezeit\" \/>\n\t<meta name=\"twitter:data1\" content=\"4 Minuten\" \/>\n<script type=\"application\/ld+json\" class=\"yoast-schema-graph\">{\"@context\":\"https:\/\/schema.org\",\"@graph\":[{\"@type\":\"WebPage\",\"@id\":\"https:\/\/www.truckxxgroup.de\/truck-center-lauenau\/\",\"url\":\"https:\/\/www.truckxxgroup.de\/truck-center-lauenau\/\",\"name\":\"Willkommen beim Truck Center Lauenau!\",\"isPartOf\":{\"@id\":\"https:\/\/www.truckxxgroup.de\/truck-center-lauenau\/#website\"},\"primaryImageOfPage\":{\"@id\":\"https:\/\/www.truckxxgroup.de\/truck-center-lauenau\/#primaryimage\"},\"image\":{\"@id\":\"https:\/\/www.truckxxgroup.de\/truck-center-lauenau\/#primaryimage\"},\"thumbnailUrl\":\"https:\/\/www.truckxxgroup.de\/truck-center-lauenau\/wp-content\/uploads\/sites\/8\/2021\/06\/mb-2021-tcl-l.png\",\"datePublished\":\"2015-07-13T12:51:19+00:00\",\"dateModified\":\"2025-01-07T10:51:08+00:00\",\"description\":\"Multimarken Service f\u00fcr Nutzfahrzeuge. Service f\u00fcr Nutzfahrzeuge und Wohnwagen \/ Wohnmobile. MAN Truck & Bus Deutschland, Mercedes-Benz.\",\"breadcrumb\":{\"@id\":\"https:\/\/www.truckxxgroup.de\/truck-center-lauenau\/#breadcrumb\"},\"inLanguage\":\"de\",\"potentialAction\":[{\"@type\":\"ReadAction\",\"target\":[\"https:\/\/www.truckxxgroup.de\/truck-center-lauenau\/\"]}]},{\"@type\":\"ImageObject\",\"inLanguage\":\"de\",\"@id\":\"https:\/\/www.truckxxgroup.de\/truck-center-lauenau\/#primaryimage\",\"url\":\"https:\/\/www.truckxxgroup.de\/truck-center-lauenau\/wp-content\/uploads\/sites\/8\/2021\/06\/mb-2021-tcl-l.png\",\"contentUrl\":\"https:\/\/www.truckxxgroup.de\/truck-center-lauenau\/wp-content\/uploads\/sites\/8\/2021\/06\/mb-2021-tcl-l.png\",\"width\":150,\"height\":85},{\"@type\":\"BreadcrumbList\",\"@id\":\"https:\/\/www.truckxxgroup.de\/truck-center-lauenau\/#breadcrumb\",\"itemListElement\":[{\"@type\":\"ListItem\",\"position\":1,\"name\":\"Home\",\"item\":\"https:\/\/www.truckxxgroup.de\/truck-center-lauenau\/\"},{\"@type\":\"ListItem\",\"position\":2,\"name\":\"Startseite\"}]},{\"@type\":\"WebSite\",\"@id\":\"https:\/\/www.truckxxgroup.de\/truck-center-lauenau\/#website\",\"url\":\"https:\/\/www.truckxxgroup.de\/truck-center-lauenau\/\",\"name\":\"Truck Center Lauenau GmbH\",\"description\":\"Ihre Lkw \/ Nutzfahrzeug-Werkstatt in Lauenau\",\"potentialAction\":[{\"@type\":\"SearchAction\",\"target\":{\"@type\":\"EntryPoint\",\"urlTemplate\":\"https:\/\/www.truckxxgroup.de\/truck-center-lauenau\/?s={search_term_string}\"},\"query-input\":{\"@type\":\"PropertyValueSpecification\",\"valueRequired\":true,\"valueName\":\"search_term_string\"}}],\"inLanguage\":\"de\"}]}<\/script>\n<!-- \/ Yoast SEO plugin. -->","yoast_head_json":{"title":"Willkommen beim Truck Center Lauenau!","description":"Multimarken Service f\u00fcr Nutzfahrzeuge. Service f\u00fcr Nutzfahrzeuge und Wohnwagen \/ Wohnmobile. MAN Truck & Bus Deutschland, Mercedes-Benz.","robots":{"index":"index","follow":"follow","max-snippet":"max-snippet:-1","max-image-preview":"max-image-preview:large","max-video-preview":"max-video-preview:-1"},"canonical":"https:\/\/www.truckxxgroup.de\/truck-center-lauenau\/","og_locale":"de_DE","og_type":"article","og_title":"Willkommen beim Truck Center Lauenau!","og_description":"Multimarken Service f\u00fcr Nutzfahrzeuge. Service f\u00fcr Nutzfahrzeuge und Wohnwagen \/ Wohnmobile. MAN Truck & Bus Deutschland, Mercedes-Benz.","og_url":"https:\/\/www.truckxxgroup.de\/truck-center-lauenau\/","og_site_name":"Truck Center Lauenau GmbH","article_modified_time":"2025-01-07T10:51:08+00:00","og_image":[{"url":"https:\/\/www.truckxxgroup.de\/truck-center-lauenau\/wp-content\/uploads\/sites\/8\/2021\/06\/mb-2021-tcl-l.png","type":"","width":"","height":""}],"twitter_card":"summary_large_image","twitter_misc":{"Gesch\u00e4tzte Lesezeit":"4 Minuten"},"schema":{"@context":"https:\/\/schema.org","@graph":[{"@type":"WebPage","@id":"https:\/\/www.truckxxgroup.de\/truck-center-lauenau\/","url":"https:\/\/www.truckxxgroup.de\/truck-center-lauenau\/","name":"Willkommen beim Truck Center Lauenau!","isPartOf":{"@id":"https:\/\/www.truckxxgroup.de\/truck-center-lauenau\/#website"},"primaryImageOfPage":{"@id":"https:\/\/www.truckxxgroup.de\/truck-center-lauenau\/#primaryimage"},"image":{"@id":"https:\/\/www.truckxxgroup.de\/truck-center-lauenau\/#primaryimage"},"thumbnailUrl":"https:\/\/www.truckxxgroup.de\/truck-center-lauenau\/wp-content\/uploads\/sites\/8\/2021\/06\/mb-2021-tcl-l.png","datePublished":"2015-07-13T12:51:19+00:00","dateModified":"2025-01-07T10:51:08+00:00","description":"Multimarken Service f\u00fcr Nutzfahrzeuge. Service f\u00fcr Nutzfahrzeuge und Wohnwagen \/ Wohnmobile. MAN Truck & Bus Deutschland, Mercedes-Benz.","breadcrumb":{"@id":"https:\/\/www.truckxxgroup.de\/truck-center-lauenau\/#breadcrumb"},"inLanguage":"de","potentialAction":[{"@type":"ReadAction","target":["https:\/\/www.truckxxgroup.de\/truck-center-lauenau\/"]}]},{"@type":"ImageObject","inLanguage":"de","@id":"https:\/\/www.truckxxgroup.de\/truck-center-lauenau\/#primaryimage","url":"https:\/\/www.truckxxgroup.de\/truck-center-lauenau\/wp-content\/uploads\/sites\/8\/2021\/06\/mb-2021-tcl-l.png","contentUrl":"https:\/\/www.truckxxgroup.de\/truck-center-lauenau\/wp-content\/uploads\/sites\/8\/2021\/06\/mb-2021-tcl-l.png","width":150,"height":85},{"@type":"BreadcrumbList","@id":"https:\/\/www.truckxxgroup.de\/truck-center-lauenau\/#breadcrumb","itemListElement":[{"@type":"ListItem","position":1,"name":"Home","item":"https:\/\/www.truckxxgroup.de\/truck-center-lauenau\/"},{"@type":"ListItem","position":2,"name":"Startseite"}]},{"@type":"WebSite","@id":"https:\/\/www.truckxxgroup.de\/truck-center-lauenau\/#website","url":"https:\/\/www.truckxxgroup.de\/truck-center-lauenau\/","name":"Truck Center Lauenau GmbH","description":"Ihre Lkw \/ Nutzfahrzeug-Werkstatt in Lauenau","potentialAction":[{"@type":"SearchAction","target":{"@type":"EntryPoint","urlTemplate":"https:\/\/www.truckxxgroup.de\/truck-center-lauenau\/?s={search_term_string}"},"query-input":{"@type":"PropertyValueSpecification","valueRequired":true,"valueName":"search_term_string"}}],"inLanguage":"de"}]}},"_links":{"self":[{"href":"https:\/\/www.truckxxgroup.de\/truck-center-lauenau\/wp-json\/wp\/v2\/pages\/4","targetHints":{"allow":["GET"]}}],"collection":[{"href":"https:\/\/www.truckxxgroup.de\/truck-center-lauenau\/wp-json\/wp\/v2\/pages"}],"about":[{"href":"https:\/\/www.truckxxgroup.de\/truck-center-lauenau\/wp-json\/wp\/v2\/types\/page"}],"author":[{"embeddable":true,"href":"https:\/\/www.truckxxgroup.de\/truck-center-lauenau\/wp-json\/wp\/v2\/users\/2"}],"replies":[{"embeddable":true,"href":"https:\/\/www.truckxxgroup.de\/truck-center-lauenau\/wp-json\/wp\/v2\/comments?post=4"}],"version-history":[{"count":98,"href":"https:\/\/www.truckxxgroup.de\/truck-center-lauenau\/wp-json\/wp\/v2\/pages\/4\/revisions"}],"predecessor-version":[{"id":12833,"href":"https:\/\/www.truckxxgroup.de\/truck-center-lauenau\/wp-json\/wp\/v2\/pages\/4\/revisions\/12833"}],"wp:attachment":[{"href":"https:\/\/www.truckxxgroup.de\/truck-center-lauenau\/wp-json\/wp\/v2\/media?parent=4"}],"curies":[{"name":"wp","href":"https:\/\/api.w.org\/{rel}","templated":true}]}}