{"id":262,"date":"2015-07-30T10:27:13","date_gmt":"2015-07-30T08:27:13","guid":{"rendered":"http:\/\/www.truckxgroup.detestwww\/transportkuehlung-hannover\/?page_id=262"},"modified":"2023-10-23T11:28:24","modified_gmt":"2023-10-23T09:28:24","slug":"24h-stunden-service","status":"publish","type":"page","link":"https:\/\/www.truckxxgroup.de\/truck-center-lauenau\/24h-stunden-service\/","title":{"rendered":"24h Stunden Service"},"content":{"rendered":"<div class=\"wpb-content-wrapper\"><p>[vc_row][vc_column width=&#8221;2\/3&#8243;][vc_column_text]<\/p>\n<h3>UNSER 24h NOTDIENST SERVICE F\u00dcR Lkw<\/h3>\n<p>Unser 24h Service sorgt daf\u00fcr, dass Ihr Lkw jederzeit wieder einsatzbereit gemacht werden kann. Sie haben einen Ausfall zu beklagen? Rufen Sie unseren Notdienst &#8211; wir l\u00f6sen das Problem.<\/p>\n<p>Ob Sie direkt anrufen oder \u00fcber Service 24, wir stehen Ihnen immer zur Verf\u00fcgung.<\/p>\n<p>Ebenfalls sind unsere Pannenfahrzeuge mit allem ausger\u00fcstet, was unterwegs von N\u00f6ten w\u00e4re. Mehrere Service Fahrzeuge von Truck Center Lauenau sind f\u00fcr Sie unterwegs. So wird gew\u00e4hrleistet, dass wir viele Reparaturen vor Ort ausf\u00fchren k\u00f6nnen, ohne dass zeitaufw\u00e4ndige \u00dcberf\u00fchrungen in eine Werkstatt vorgenommen werden m\u00fcssen.<\/p>\n<p>Ihr Lkw ist somit schnell wieder einsatzbereit und darauf kommt es an.<\/p>\n<p>&nbsp;<\/p>\n<h3><strong>Notdienst-Hotline<\/strong><\/h3>\n<p>Tag und Nacht &#8211; 365 Tage im Jahr<br \/>\n<strong>Nutzfahrzeuge<\/strong><br \/>\nTelefon: +49 (0)5043 9797-0<\/p>\n<p><strong>Transportk\u00fchlung<\/strong><br \/>\nTelefon: +49 (0)5043 9797-77[\/vc_column_text][\/vc_column][vc_column width=&#8221;1\/3&#8243;][vc_single_image image=&#8221;611&#8243; img_size=&#8221;full&#8221; alignment=&#8221;center&#8221; style=&#8221;vc_box_shadow&#8221;][\/vc_column][\/vc_row]<\/p>\n<\/div>","protected":false},"excerpt":{"rendered":"<p>[vc_row][vc_column width=&#8221;2\/3&#8243;][vc_column_text] UNSER 24h NOTDIENST SERVICE F\u00dcR Lkw Unser 24h Service sorgt daf\u00fcr, dass Ihr Lkw jederzeit wieder einsatzbereit gemacht werden kann. Sie haben einen Ausfall zu beklagen? Rufen Sie unseren Notdienst &#8211; wir l\u00f6sen das Problem. Ob Sie direkt anrufen oder \u00fcber Service 24, wir stehen Ihnen immer zur Verf\u00fcgung. Ebenfalls sind unsere Pannenfahrzeuge&hellip;<\/p>\n","protected":false},"author":2,"featured_media":0,"parent":0,"menu_order":0,"comment_status":"closed","ping_status":"open","template":"","meta":{"footnotes":""},"class_list":["post-262","page","type-page","status-publish","hentry","description-off"],"yoast_head":"<!-- This site is optimized with the Yoast SEO plugin v24.2 - https:\/\/yoast.com\/wordpress\/plugins\/seo\/ -->\n<title>24 Stunden LKW Notruf -\u00a0<\/title>\n<meta name=\"description\" content=\"Panne mit dem LKW? Wir sind MAN und Mercedes-Benz Servicepartner und machen ihr Fahrzeug wieder flott. Sie finden uns in Lauenau an der Autobahn A2.\" \/>\n<meta name=\"robots\" content=\"index, follow, max-snippet:-1, max-image-preview:large, max-video-preview:-1\" \/>\n<link rel=\"canonical\" href=\"https:\/\/www.truckxxgroup.de\/truck-center-lauenau\/24h-stunden-service\/\" \/>\n<meta property=\"og:locale\" content=\"de_DE\" \/>\n<meta property=\"og:type\" content=\"article\" \/>\n<meta property=\"og:title\" content=\"24 Stunden LKW Notruf -\u00a0\" \/>\n<meta property=\"og:description\" content=\"Panne mit dem LKW? Wir sind MAN und Mercedes-Benz Servicepartner und machen ihr Fahrzeug wieder flott. Sie finden uns in Lauenau an der Autobahn A2.\" \/>\n<meta property=\"og:url\" content=\"https:\/\/www.truckxxgroup.de\/truck-center-lauenau\/24h-stunden-service\/\" \/>\n<meta property=\"og:site_name\" content=\"Truck Center Lauenau GmbH\" \/>\n<meta property=\"article:modified_time\" content=\"2023-10-23T09:28:24+00:00\" \/>\n<meta name=\"twitter:card\" content=\"summary_large_image\" \/>\n<meta name=\"twitter:label1\" content=\"Gesch\u00e4tzte Lesezeit\" \/>\n\t<meta name=\"twitter:data1\" content=\"1 Minute\" \/>\n<script type=\"application\/ld+json\" class=\"yoast-schema-graph\">{\"@context\":\"https:\/\/schema.org\",\"@graph\":[{\"@type\":\"WebPage\",\"@id\":\"https:\/\/www.truckxxgroup.de\/truck-center-lauenau\/24h-stunden-service\/\",\"url\":\"https:\/\/www.truckxxgroup.de\/truck-center-lauenau\/24h-stunden-service\/\",\"name\":\"24 Stunden LKW Notruf -\u00a0\",\"isPartOf\":{\"@id\":\"https:\/\/www.truckxxgroup.de\/truck-center-lauenau\/#website\"},\"datePublished\":\"2015-07-30T08:27:13+00:00\",\"dateModified\":\"2023-10-23T09:28:24+00:00\",\"description\":\"Panne mit dem LKW? Wir sind MAN und Mercedes-Benz Servicepartner und machen ihr Fahrzeug wieder flott. Sie finden uns in Lauenau an der Autobahn A2.\",\"breadcrumb\":{\"@id\":\"https:\/\/www.truckxxgroup.de\/truck-center-lauenau\/24h-stunden-service\/#breadcrumb\"},\"inLanguage\":\"de\",\"potentialAction\":[{\"@type\":\"ReadAction\",\"target\":[\"https:\/\/www.truckxxgroup.de\/truck-center-lauenau\/24h-stunden-service\/\"]}]},{\"@type\":\"BreadcrumbList\",\"@id\":\"https:\/\/www.truckxxgroup.de\/truck-center-lauenau\/24h-stunden-service\/#breadcrumb\",\"itemListElement\":[{\"@type\":\"ListItem\",\"position\":1,\"name\":\"Home\",\"item\":\"https:\/\/www.truckxxgroup.de\/truck-center-lauenau\/\"},{\"@type\":\"ListItem\",\"position\":2,\"name\":\"24h Stunden Service\"}]},{\"@type\":\"WebSite\",\"@id\":\"https:\/\/www.truckxxgroup.de\/truck-center-lauenau\/#website\",\"url\":\"https:\/\/www.truckxxgroup.de\/truck-center-lauenau\/\",\"name\":\"Truck Center Lauenau GmbH\",\"description\":\"Ihre Lkw \/ Nutzfahrzeug-Werkstatt in Lauenau\",\"potentialAction\":[{\"@type\":\"SearchAction\",\"target\":{\"@type\":\"EntryPoint\",\"urlTemplate\":\"https:\/\/www.truckxxgroup.de\/truck-center-lauenau\/?s={search_term_string}\"},\"query-input\":{\"@type\":\"PropertyValueSpecification\",\"valueRequired\":true,\"valueName\":\"search_term_string\"}}],\"inLanguage\":\"de\"}]}<\/script>\n<!-- \/ Yoast SEO plugin. -->","yoast_head_json":{"title":"24 Stunden LKW Notruf -\u00a0","description":"Panne mit dem LKW? Wir sind MAN und Mercedes-Benz Servicepartner und machen ihr Fahrzeug wieder flott. Sie finden uns in Lauenau an der Autobahn A2.","robots":{"index":"index","follow":"follow","max-snippet":"max-snippet:-1","max-image-preview":"max-image-preview:large","max-video-preview":"max-video-preview:-1"},"canonical":"https:\/\/www.truckxxgroup.de\/truck-center-lauenau\/24h-stunden-service\/","og_locale":"de_DE","og_type":"article","og_title":"24 Stunden LKW Notruf -\u00a0","og_description":"Panne mit dem LKW? Wir sind MAN und Mercedes-Benz Servicepartner und machen ihr Fahrzeug wieder flott. Sie finden uns in Lauenau an der Autobahn A2.","og_url":"https:\/\/www.truckxxgroup.de\/truck-center-lauenau\/24h-stunden-service\/","og_site_name":"Truck Center Lauenau GmbH","article_modified_time":"2023-10-23T09:28:24+00:00","twitter_card":"summary_large_image","twitter_misc":{"Gesch\u00e4tzte Lesezeit":"1 Minute"},"schema":{"@context":"https:\/\/schema.org","@graph":[{"@type":"WebPage","@id":"https:\/\/www.truckxxgroup.de\/truck-center-lauenau\/24h-stunden-service\/","url":"https:\/\/www.truckxxgroup.de\/truck-center-lauenau\/24h-stunden-service\/","name":"24 Stunden LKW Notruf -\u00a0","isPartOf":{"@id":"https:\/\/www.truckxxgroup.de\/truck-center-lauenau\/#website"},"datePublished":"2015-07-30T08:27:13+00:00","dateModified":"2023-10-23T09:28:24+00:00","description":"Panne mit dem LKW? Wir sind MAN und Mercedes-Benz Servicepartner und machen ihr Fahrzeug wieder flott. Sie finden uns in Lauenau an der Autobahn A2.","breadcrumb":{"@id":"https:\/\/www.truckxxgroup.de\/truck-center-lauenau\/24h-stunden-service\/#breadcrumb"},"inLanguage":"de","potentialAction":[{"@type":"ReadAction","target":["https:\/\/www.truckxxgroup.de\/truck-center-lauenau\/24h-stunden-service\/"]}]},{"@type":"BreadcrumbList","@id":"https:\/\/www.truckxxgroup.de\/truck-center-lauenau\/24h-stunden-service\/#breadcrumb","itemListElement":[{"@type":"ListItem","position":1,"name":"Home","item":"https:\/\/www.truckxxgroup.de\/truck-center-lauenau\/"},{"@type":"ListItem","position":2,"name":"24h Stunden Service"}]},{"@type":"WebSite","@id":"https:\/\/www.truckxxgroup.de\/truck-center-lauenau\/#website","url":"https:\/\/www.truckxxgroup.de\/truck-center-lauenau\/","name":"Truck Center Lauenau GmbH","description":"Ihre Lkw \/ Nutzfahrzeug-Werkstatt in Lauenau","potentialAction":[{"@type":"SearchAction","target":{"@type":"EntryPoint","urlTemplate":"https:\/\/www.truckxxgroup.de\/truck-center-lauenau\/?s={search_term_string}"},"query-input":{"@type":"PropertyValueSpecification","valueRequired":true,"valueName":"search_term_string"}}],"inLanguage":"de"}]}},"_links":{"self":[{"href":"https:\/\/www.truckxxgroup.de\/truck-center-lauenau\/wp-json\/wp\/v2\/pages\/262","targetHints":{"allow":["GET"]}}],"collection":[{"href":"https:\/\/www.truckxxgroup.de\/truck-center-lauenau\/wp-json\/wp\/v2\/pages"}],"about":[{"href":"https:\/\/www.truckxxgroup.de\/truck-center-lauenau\/wp-json\/wp\/v2\/types\/page"}],"author":[{"embeddable":true,"href":"https:\/\/www.truckxxgroup.de\/truck-center-lauenau\/wp-json\/wp\/v2\/users\/2"}],"replies":[{"embeddable":true,"href":"https:\/\/www.truckxxgroup.de\/truck-center-lauenau\/wp-json\/wp\/v2\/comments?post=262"}],"version-history":[{"count":8,"href":"https:\/\/www.truckxxgroup.de\/truck-center-lauenau\/wp-json\/wp\/v2\/pages\/262\/revisions"}],"predecessor-version":[{"id":672,"href":"https:\/\/www.truckxxgroup.de\/truck-center-lauenau\/wp-json\/wp\/v2\/pages\/262\/revisions\/672"}],"wp:attachment":[{"href":"https:\/\/www.truckxxgroup.de\/truck-center-lauenau\/wp-json\/wp\/v2\/media?parent=262"}],"curies":[{"name":"wp","href":"https:\/\/api.w.org\/{rel}","templated":true}]}}