{"id":25,"date":"2015-07-14T09:28:09","date_gmt":"2015-07-14T07:28:09","guid":{"rendered":"http:\/\/www.truckxgroup.detestwww\/transportkuehlung-hannover\/?page_id=25"},"modified":"2023-10-23T11:31:34","modified_gmt":"2023-10-23T09:31:34","slug":"ueber-uns","status":"publish","type":"page","link":"https:\/\/www.truckxxgroup.de\/truck-center-lauenau\/ueber-uns\/","title":{"rendered":"\u00dcber uns"},"content":{"rendered":"<div class=\"wpb-content-wrapper\"><p>[vc_row][vc_column width=&#8221;2\/3&#8243;][vc_column_text]<\/p>\n<h3>Ihr Nutzfahrzeug Multimarken Service an der A2 in Lauenau.<\/h3>\n<p>Das Truck Center Lauenau bietet Ihnen professionellen Service f\u00fcr alle Transporter, Busse und Nutzfahrzeuge. Als MAN &#8211; und Mercedes &#8211; Vertragswerkstatt ist unsere Werkstatt auf dem neuesten Stand der Technik.<\/p>\n<p>Das Truck Center Lauenau wurde am 14. Mai 2004 von den Gesch\u00e4ftsf\u00fchrern Heinz-J\u00f6rg Templin und Klaus Keese gegr\u00fcndet. Baubeginn der Halle war Mitte September 2004 und seit dem 1. Mai 2005 ist das Truck Center Lauenau in Betrieb.<\/p>\n<p><strong>Partner in unserem Haus:<\/strong><\/p>\n<ul>\n<li>Gabelstapler-Service Hameln<\/li>\n<li>Reifenhaus Lauenau<\/li>\n<li>KLVrent Truck- und Trailervermietung<\/li>\n<li>T\u00fcV NORD STRASSENVERKEHR<\/li>\n<li>Carrier<\/li>\n<li>Thoms<\/li>\n<\/ul>\n<p><strong>Eckdaten der Immobilie:<\/strong><\/p>\n<ul>\n<li>50.000 m2 Grundst\u00fccksgr\u00f6sse<\/li>\n<li>10.000 m2 Hofbefestigung<\/li>\n<li>2500 m2 Nutzflaeche der Werkstatt und B\u00fcro<\/li>\n<\/ul>\n<p>Fertigstellung der Miethalle Ende September 2005:<br \/>\n1100 m2 Nutzfl\u00e4che der Miethalle Werkstatt[\/vc_column_text][\/vc_column][vc_column width=&#8221;1\/3&#8243;][\/vc_column][\/vc_row][vc_row][vc_column][vc_separator][\/vc_column][\/vc_row][vc_row][vc_column width=&#8221;1\/2&#8243;][vc_single_image image=&#8221;627&#8243; img_size=&#8221;full&#8221; alignment=&#8221;center&#8221; style=&#8221;vc_box_shadow&#8221;][\/vc_column][vc_column width=&#8221;1\/2&#8243;][vc_single_image image=&#8221;564&#8243; img_size=&#8221;full&#8221; alignment=&#8221;center&#8221; style=&#8221;vc_box_shadow&#8221;][\/vc_column][\/vc_row]<\/p>\n<\/div>","protected":false},"excerpt":{"rendered":"<p>[vc_row][vc_column width=&#8221;2\/3&#8243;][vc_column_text] Ihr Nutzfahrzeug Multimarken Service an der A2 in Lauenau. Das Truck Center Lauenau bietet Ihnen professionellen Service f\u00fcr alle Transporter, Busse und Nutzfahrzeuge. Als MAN &#8211; und Mercedes &#8211; Vertragswerkstatt ist unsere Werkstatt auf dem neuesten Stand der Technik. Das Truck Center Lauenau wurde am 14. Mai 2004 von den Gesch\u00e4ftsf\u00fchrern Heinz-J\u00f6rg Templin&hellip;<\/p>\n","protected":false},"author":2,"featured_media":0,"parent":0,"menu_order":0,"comment_status":"closed","ping_status":"open","template":"","meta":{"footnotes":""},"class_list":["post-25","page","type-page","status-publish","hentry","description-off"],"yoast_head":"<!-- This site is optimized with the Yoast SEO plugin v24.2 - https:\/\/yoast.com\/wordpress\/plugins\/seo\/ -->\n<title>\u00dcber uns - Truck Center Lauenau GmbH<\/title>\n<meta name=\"description\" content=\"Ihr MAN und Mercedes-Benz Nutzfahrzeuge Servicepartner in Lauenau an der Autobahn A2. Werkstatt mit Multimarken Service: Lkw, Bus, Transporter, Nutzfahrzeug\" \/>\n<meta name=\"robots\" content=\"index, follow, max-snippet:-1, max-image-preview:large, max-video-preview:-1\" \/>\n<link rel=\"canonical\" href=\"https:\/\/www.truckxxgroup.de\/truck-center-lauenau\/ueber-uns\/\" \/>\n<meta property=\"og:locale\" content=\"de_DE\" \/>\n<meta property=\"og:type\" content=\"article\" \/>\n<meta property=\"og:title\" content=\"\u00dcber uns - Truck Center Lauenau GmbH\" \/>\n<meta property=\"og:description\" content=\"Ihr MAN und Mercedes-Benz Nutzfahrzeuge Servicepartner in Lauenau an der Autobahn A2. Werkstatt mit Multimarken Service: Lkw, Bus, Transporter, Nutzfahrzeug\" \/>\n<meta property=\"og:url\" content=\"https:\/\/www.truckxxgroup.de\/truck-center-lauenau\/ueber-uns\/\" \/>\n<meta property=\"og:site_name\" content=\"Truck Center Lauenau GmbH\" \/>\n<meta property=\"article:modified_time\" content=\"2023-10-23T09:31:34+00:00\" \/>\n<meta name=\"twitter:card\" content=\"summary_large_image\" \/>\n<meta name=\"twitter:label1\" content=\"Gesch\u00e4tzte Lesezeit\" \/>\n\t<meta name=\"twitter:data1\" content=\"1 Minute\" \/>\n<script type=\"application\/ld+json\" class=\"yoast-schema-graph\">{\"@context\":\"https:\/\/schema.org\",\"@graph\":[{\"@type\":\"WebPage\",\"@id\":\"https:\/\/www.truckxxgroup.de\/truck-center-lauenau\/ueber-uns\/\",\"url\":\"https:\/\/www.truckxxgroup.de\/truck-center-lauenau\/ueber-uns\/\",\"name\":\"\u00dcber uns - Truck Center Lauenau GmbH\",\"isPartOf\":{\"@id\":\"https:\/\/www.truckxxgroup.de\/truck-center-lauenau\/#website\"},\"datePublished\":\"2015-07-14T07:28:09+00:00\",\"dateModified\":\"2023-10-23T09:31:34+00:00\",\"description\":\"Ihr MAN und Mercedes-Benz Nutzfahrzeuge Servicepartner in Lauenau an der Autobahn A2. Werkstatt mit Multimarken Service: Lkw, Bus, Transporter, Nutzfahrzeug\",\"breadcrumb\":{\"@id\":\"https:\/\/www.truckxxgroup.de\/truck-center-lauenau\/ueber-uns\/#breadcrumb\"},\"inLanguage\":\"de\",\"potentialAction\":[{\"@type\":\"ReadAction\",\"target\":[\"https:\/\/www.truckxxgroup.de\/truck-center-lauenau\/ueber-uns\/\"]}]},{\"@type\":\"BreadcrumbList\",\"@id\":\"https:\/\/www.truckxxgroup.de\/truck-center-lauenau\/ueber-uns\/#breadcrumb\",\"itemListElement\":[{\"@type\":\"ListItem\",\"position\":1,\"name\":\"Home\",\"item\":\"https:\/\/www.truckxxgroup.de\/truck-center-lauenau\/\"},{\"@type\":\"ListItem\",\"position\":2,\"name\":\"\u00dcber uns\"}]},{\"@type\":\"WebSite\",\"@id\":\"https:\/\/www.truckxxgroup.de\/truck-center-lauenau\/#website\",\"url\":\"https:\/\/www.truckxxgroup.de\/truck-center-lauenau\/\",\"name\":\"Truck Center Lauenau GmbH\",\"description\":\"Ihre Lkw \/ Nutzfahrzeug-Werkstatt in Lauenau\",\"potentialAction\":[{\"@type\":\"SearchAction\",\"target\":{\"@type\":\"EntryPoint\",\"urlTemplate\":\"https:\/\/www.truckxxgroup.de\/truck-center-lauenau\/?s={search_term_string}\"},\"query-input\":{\"@type\":\"PropertyValueSpecification\",\"valueRequired\":true,\"valueName\":\"search_term_string\"}}],\"inLanguage\":\"de\"}]}<\/script>\n<!-- \/ Yoast SEO plugin. -->","yoast_head_json":{"title":"\u00dcber uns - Truck Center Lauenau GmbH","description":"Ihr MAN und Mercedes-Benz Nutzfahrzeuge Servicepartner in Lauenau an der Autobahn A2. Werkstatt mit Multimarken Service: Lkw, Bus, Transporter, Nutzfahrzeug","robots":{"index":"index","follow":"follow","max-snippet":"max-snippet:-1","max-image-preview":"max-image-preview:large","max-video-preview":"max-video-preview:-1"},"canonical":"https:\/\/www.truckxxgroup.de\/truck-center-lauenau\/ueber-uns\/","og_locale":"de_DE","og_type":"article","og_title":"\u00dcber uns - Truck Center Lauenau GmbH","og_description":"Ihr MAN und Mercedes-Benz Nutzfahrzeuge Servicepartner in Lauenau an der Autobahn A2. Werkstatt mit Multimarken Service: Lkw, Bus, Transporter, Nutzfahrzeug","og_url":"https:\/\/www.truckxxgroup.de\/truck-center-lauenau\/ueber-uns\/","og_site_name":"Truck Center Lauenau GmbH","article_modified_time":"2023-10-23T09:31:34+00:00","twitter_card":"summary_large_image","twitter_misc":{"Gesch\u00e4tzte Lesezeit":"1 Minute"},"schema":{"@context":"https:\/\/schema.org","@graph":[{"@type":"WebPage","@id":"https:\/\/www.truckxxgroup.de\/truck-center-lauenau\/ueber-uns\/","url":"https:\/\/www.truckxxgroup.de\/truck-center-lauenau\/ueber-uns\/","name":"\u00dcber uns - Truck Center Lauenau GmbH","isPartOf":{"@id":"https:\/\/www.truckxxgroup.de\/truck-center-lauenau\/#website"},"datePublished":"2015-07-14T07:28:09+00:00","dateModified":"2023-10-23T09:31:34+00:00","description":"Ihr MAN und Mercedes-Benz Nutzfahrzeuge Servicepartner in Lauenau an der Autobahn A2. Werkstatt mit Multimarken Service: Lkw, Bus, Transporter, Nutzfahrzeug","breadcrumb":{"@id":"https:\/\/www.truckxxgroup.de\/truck-center-lauenau\/ueber-uns\/#breadcrumb"},"inLanguage":"de","potentialAction":[{"@type":"ReadAction","target":["https:\/\/www.truckxxgroup.de\/truck-center-lauenau\/ueber-uns\/"]}]},{"@type":"BreadcrumbList","@id":"https:\/\/www.truckxxgroup.de\/truck-center-lauenau\/ueber-uns\/#breadcrumb","itemListElement":[{"@type":"ListItem","position":1,"name":"Home","item":"https:\/\/www.truckxxgroup.de\/truck-center-lauenau\/"},{"@type":"ListItem","position":2,"name":"\u00dcber uns"}]},{"@type":"WebSite","@id":"https:\/\/www.truckxxgroup.de\/truck-center-lauenau\/#website","url":"https:\/\/www.truckxxgroup.de\/truck-center-lauenau\/","name":"Truck Center Lauenau GmbH","description":"Ihre Lkw \/ Nutzfahrzeug-Werkstatt in Lauenau","potentialAction":[{"@type":"SearchAction","target":{"@type":"EntryPoint","urlTemplate":"https:\/\/www.truckxxgroup.de\/truck-center-lauenau\/?s={search_term_string}"},"query-input":{"@type":"PropertyValueSpecification","valueRequired":true,"valueName":"search_term_string"}}],"inLanguage":"de"}]}},"_links":{"self":[{"href":"https:\/\/www.truckxxgroup.de\/truck-center-lauenau\/wp-json\/wp\/v2\/pages\/25","targetHints":{"allow":["GET"]}}],"collection":[{"href":"https:\/\/www.truckxxgroup.de\/truck-center-lauenau\/wp-json\/wp\/v2\/pages"}],"about":[{"href":"https:\/\/www.truckxxgroup.de\/truck-center-lauenau\/wp-json\/wp\/v2\/types\/page"}],"author":[{"embeddable":true,"href":"https:\/\/www.truckxxgroup.de\/truck-center-lauenau\/wp-json\/wp\/v2\/users\/2"}],"replies":[{"embeddable":true,"href":"https:\/\/www.truckxxgroup.de\/truck-center-lauenau\/wp-json\/wp\/v2\/comments?post=25"}],"version-history":[{"count":31,"href":"https:\/\/www.truckxxgroup.de\/truck-center-lauenau\/wp-json\/wp\/v2\/pages\/25\/revisions"}],"predecessor-version":[{"id":5802,"href":"https:\/\/www.truckxxgroup.de\/truck-center-lauenau\/wp-json\/wp\/v2\/pages\/25\/revisions\/5802"}],"wp:attachment":[{"href":"https:\/\/www.truckxxgroup.de\/truck-center-lauenau\/wp-json\/wp\/v2\/media?parent=25"}],"curies":[{"name":"wp","href":"https:\/\/api.w.org\/{rel}","templated":true}]}}