{"id":20,"date":"2015-07-14T09:08:03","date_gmt":"2015-07-14T07:08:03","guid":{"rendered":"http:\/\/www.truckxgroup.detestwww\/transportkuehlung-hannover\/?page_id=20"},"modified":"2023-10-23T11:31:55","modified_gmt":"2023-10-23T09:31:55","slug":"impressum","status":"publish","type":"page","link":"https:\/\/www.truckxxgroup.de\/truck-center-lauenau\/impressum\/","title":{"rendered":"Impressum"},"content":{"rendered":"<h3>Impressum<\/h3>\r\n<p>&nbsp;<\/p>\r\n<p><strong>Truck Center Lauenau GmbH<\/strong><br \/>Daimlerstra\u00dfe 1<br \/>D-31867 Lauenau<\/p>\r\n<p><strong>Vertretungsberechtige Gesch\u00e4ftsf\u00fchrer:<\/strong> Vanessa Templin-Barsuhn, Klaus Keese<\/p>\r\n<p><strong>Telefon:<\/strong> +49 (0)5043 9797 &#8211; 0<br \/><strong>Fax:<\/strong> +49 (0)5043 9797 &#8211; 34<br \/><strong>E-Mail:<\/strong> info.lauenau@truckxxgroup.de<\/p>\r\n<p><strong>Registergericht:<\/strong> Handelsregister Stadthagen<br \/><strong>Registernummer:<\/strong> HRB 2839<br \/><strong>Umsatzsteuer-Identifikationsnummer gem. \u00a7 27a UStG:<\/strong> DE 237 388 900<\/p>\r\n<p>Inhaltlich Verantwortlicher: Vanessa Templin-Barsuhn (Anschrift s.o.)<\/p>\r\n<p>&nbsp;<\/p>\r\n<p><strong>Haftungshinweis:<\/strong><br \/>F\u00fcr Verweise auf unseren Seiten m\u00f6chten wir ausdr\u00fccklich betonen, dass wir keinerlei Einfluss auf den Linktext, die Gestaltung, evtl. Verletzungen geltender Rechte, auch Marken- und Titelrechte und die Inhalte der gelinkten Seiten haben. Wir distanzieren uns ausdr\u00fccklich von den Linkformulierungen, sowie von allen Inhalten aller Seiten auf die wir Verweise gesetzt haben und machen uns ihre Inhalte nicht zu eigen. Diese Erkl\u00e4rung gilt f\u00fcr alle auf unserer Website angebrachten Links und f\u00fcr alle Inhalte der Seiten, zu denen die bei uns angemeldeten Banner oder Links f\u00fchren.<\/p>\r\n<p>Wir bem\u00fchen uns, m\u00f6glichst genaue und zuverl\u00e4ssige Informationen auf unseren Webseiten zu ver\u00f6ffentlichen. Wir k\u00f6nnen jedoch keinerlei Gew\u00e4hr f\u00fcr die Richtigkeit aller ver\u00f6ffentlichten Informationen leisten. Jegliche Haftung f\u00fcr den Fall von Irrt\u00fcmern oder Auslassungen auf unseren Webseiten wird ausgeschlossen.<\/p>\r\n<hr class=\"wp-block-separator\" \/>\r\n\r\n\r\n<h3 class=\"wp-block-heading\"><strong>Online-Plattform zur au\u00dfergerichtlichen Beilegung von verbraucherrechtlichen Streitigkeiten<\/strong><\/h3>\r\n\r\n\r\n\r\n<p>Entsprechend der gesetzlichen Verpflichtung weisen wir darauf hin, dass die Europ\u00e4ische Union eine Online-Plattform zur au\u00dfergerichtlichen Beilegung von verbraucherrechtlichen Streitigkeiten (\u201eOSPlattform\u201c) eingerichtet hat: <a href=\"http:\/\/ec.europa.eu\/consumers\/odr\/\" target=\"_blank\" rel=\"noreferrer noopener\">http:\/\/ec.europa.eu\/consumers\/odr\/<\/a><br \/>Wir nehmen jedoch nicht an Streitbeilegungsverfahren vor Verbraucherschlichtungsstellen teil.<\/p>\r\n","protected":false},"excerpt":{"rendered":"<p>Impressum &nbsp; Truck Center Lauenau GmbHDaimlerstra\u00dfe 1D-31867 Lauenau Vertretungsberechtige Gesch\u00e4ftsf\u00fchrer: Vanessa Templin-Barsuhn, Klaus Keese Telefon: +49 (0)5043 9797 &#8211; 0Fax: +49 (0)5043 9797 &#8211; 34E-Mail: info.lauenau@truckxxgroup.de Registergericht: Handelsregister StadthagenRegisternummer: HRB 2839Umsatzsteuer-Identifikationsnummer gem. \u00a7 27a UStG: DE 237 388 900 Inhaltlich Verantwortlicher: Vanessa Templin-Barsuhn (Anschrift s.o.) &nbsp; Haftungshinweis:F\u00fcr Verweise auf unseren Seiten m\u00f6chten wir ausdr\u00fccklich betonen,&hellip;<\/p>\n","protected":false},"author":2,"featured_media":0,"parent":0,"menu_order":0,"comment_status":"closed","ping_status":"closed","template":"","meta":{"footnotes":""},"class_list":["post-20","page","type-page","status-publish","hentry","description-off"],"yoast_head":"<!-- This site is optimized with the Yoast SEO plugin v24.2 - https:\/\/yoast.com\/wordpress\/plugins\/seo\/ -->\n<title>Impressum - Truck Center Lauenau GmbH<\/title>\n<meta name=\"robots\" content=\"index, nofollow, max-snippet:-1, max-image-preview:large, max-video-preview:-1\" \/>\n<link rel=\"canonical\" href=\"https:\/\/www.truckxxgroup.de\/truck-center-lauenau\/impressum\/\" \/>\n<meta property=\"og:locale\" content=\"de_DE\" \/>\n<meta property=\"og:type\" content=\"article\" \/>\n<meta property=\"og:title\" content=\"Impressum - Truck Center Lauenau GmbH\" \/>\n<meta property=\"og:description\" content=\"Impressum &nbsp; Truck Center Lauenau GmbHDaimlerstra\u00dfe 1D-31867 Lauenau Vertretungsberechtige Gesch\u00e4ftsf\u00fchrer: Vanessa Templin-Barsuhn, Klaus Keese Telefon: +49 (0)5043 9797 &#8211; 0Fax: +49 (0)5043 9797 &#8211; 34E-Mail: info.lauenau@truckxxgroup.de Registergericht: Handelsregister StadthagenRegisternummer: HRB 2839Umsatzsteuer-Identifikationsnummer gem. \u00a7 27a UStG: DE 237 388 900 Inhaltlich Verantwortlicher: Vanessa Templin-Barsuhn (Anschrift s.o.) &nbsp; Haftungshinweis:F\u00fcr Verweise auf unseren Seiten m\u00f6chten wir ausdr\u00fccklich betonen,&hellip;\" \/>\n<meta property=\"og:url\" content=\"https:\/\/www.truckxxgroup.de\/truck-center-lauenau\/impressum\/\" \/>\n<meta property=\"og:site_name\" content=\"Truck Center Lauenau GmbH\" \/>\n<meta property=\"article:modified_time\" content=\"2023-10-23T09:31:55+00:00\" \/>\n<meta name=\"twitter:card\" content=\"summary_large_image\" \/>\n<meta name=\"twitter:label1\" content=\"Gesch\u00e4tzte Lesezeit\" \/>\n\t<meta name=\"twitter:data1\" content=\"1 Minute\" \/>\n<script type=\"application\/ld+json\" class=\"yoast-schema-graph\">{\"@context\":\"https:\/\/schema.org\",\"@graph\":[{\"@type\":\"WebPage\",\"@id\":\"https:\/\/www.truckxxgroup.de\/truck-center-lauenau\/impressum\/\",\"url\":\"https:\/\/www.truckxxgroup.de\/truck-center-lauenau\/impressum\/\",\"name\":\"Impressum - Truck Center Lauenau GmbH\",\"isPartOf\":{\"@id\":\"https:\/\/www.truckxxgroup.de\/truck-center-lauenau\/#website\"},\"datePublished\":\"2015-07-14T07:08:03+00:00\",\"dateModified\":\"2023-10-23T09:31:55+00:00\",\"breadcrumb\":{\"@id\":\"https:\/\/www.truckxxgroup.de\/truck-center-lauenau\/impressum\/#breadcrumb\"},\"inLanguage\":\"de\",\"potentialAction\":[{\"@type\":\"ReadAction\",\"target\":[\"https:\/\/www.truckxxgroup.de\/truck-center-lauenau\/impressum\/\"]}]},{\"@type\":\"BreadcrumbList\",\"@id\":\"https:\/\/www.truckxxgroup.de\/truck-center-lauenau\/impressum\/#breadcrumb\",\"itemListElement\":[{\"@type\":\"ListItem\",\"position\":1,\"name\":\"Home\",\"item\":\"https:\/\/www.truckxxgroup.de\/truck-center-lauenau\/\"},{\"@type\":\"ListItem\",\"position\":2,\"name\":\"Impressum\"}]},{\"@type\":\"WebSite\",\"@id\":\"https:\/\/www.truckxxgroup.de\/truck-center-lauenau\/#website\",\"url\":\"https:\/\/www.truckxxgroup.de\/truck-center-lauenau\/\",\"name\":\"Truck Center Lauenau GmbH\",\"description\":\"Ihre Lkw \/ Nutzfahrzeug-Werkstatt in Lauenau\",\"potentialAction\":[{\"@type\":\"SearchAction\",\"target\":{\"@type\":\"EntryPoint\",\"urlTemplate\":\"https:\/\/www.truckxxgroup.de\/truck-center-lauenau\/?s={search_term_string}\"},\"query-input\":{\"@type\":\"PropertyValueSpecification\",\"valueRequired\":true,\"valueName\":\"search_term_string\"}}],\"inLanguage\":\"de\"}]}<\/script>\n<!-- \/ Yoast SEO plugin. -->","yoast_head_json":{"title":"Impressum - Truck Center Lauenau GmbH","robots":{"index":"index","follow":"nofollow","max-snippet":"max-snippet:-1","max-image-preview":"max-image-preview:large","max-video-preview":"max-video-preview:-1"},"canonical":"https:\/\/www.truckxxgroup.de\/truck-center-lauenau\/impressum\/","og_locale":"de_DE","og_type":"article","og_title":"Impressum - Truck Center Lauenau GmbH","og_description":"Impressum &nbsp; Truck Center Lauenau GmbHDaimlerstra\u00dfe 1D-31867 Lauenau Vertretungsberechtige Gesch\u00e4ftsf\u00fchrer: Vanessa Templin-Barsuhn, Klaus Keese Telefon: +49 (0)5043 9797 &#8211; 0Fax: +49 (0)5043 9797 &#8211; 34E-Mail: info.lauenau@truckxxgroup.de Registergericht: Handelsregister StadthagenRegisternummer: HRB 2839Umsatzsteuer-Identifikationsnummer gem. \u00a7 27a UStG: DE 237 388 900 Inhaltlich Verantwortlicher: Vanessa Templin-Barsuhn (Anschrift s.o.) &nbsp; Haftungshinweis:F\u00fcr Verweise auf unseren Seiten m\u00f6chten wir ausdr\u00fccklich betonen,&hellip;","og_url":"https:\/\/www.truckxxgroup.de\/truck-center-lauenau\/impressum\/","og_site_name":"Truck Center Lauenau GmbH","article_modified_time":"2023-10-23T09:31:55+00:00","twitter_card":"summary_large_image","twitter_misc":{"Gesch\u00e4tzte Lesezeit":"1 Minute"},"schema":{"@context":"https:\/\/schema.org","@graph":[{"@type":"WebPage","@id":"https:\/\/www.truckxxgroup.de\/truck-center-lauenau\/impressum\/","url":"https:\/\/www.truckxxgroup.de\/truck-center-lauenau\/impressum\/","name":"Impressum - Truck Center Lauenau GmbH","isPartOf":{"@id":"https:\/\/www.truckxxgroup.de\/truck-center-lauenau\/#website"},"datePublished":"2015-07-14T07:08:03+00:00","dateModified":"2023-10-23T09:31:55+00:00","breadcrumb":{"@id":"https:\/\/www.truckxxgroup.de\/truck-center-lauenau\/impressum\/#breadcrumb"},"inLanguage":"de","potentialAction":[{"@type":"ReadAction","target":["https:\/\/www.truckxxgroup.de\/truck-center-lauenau\/impressum\/"]}]},{"@type":"BreadcrumbList","@id":"https:\/\/www.truckxxgroup.de\/truck-center-lauenau\/impressum\/#breadcrumb","itemListElement":[{"@type":"ListItem","position":1,"name":"Home","item":"https:\/\/www.truckxxgroup.de\/truck-center-lauenau\/"},{"@type":"ListItem","position":2,"name":"Impressum"}]},{"@type":"WebSite","@id":"https:\/\/www.truckxxgroup.de\/truck-center-lauenau\/#website","url":"https:\/\/www.truckxxgroup.de\/truck-center-lauenau\/","name":"Truck Center Lauenau GmbH","description":"Ihre Lkw \/ Nutzfahrzeug-Werkstatt in Lauenau","potentialAction":[{"@type":"SearchAction","target":{"@type":"EntryPoint","urlTemplate":"https:\/\/www.truckxxgroup.de\/truck-center-lauenau\/?s={search_term_string}"},"query-input":{"@type":"PropertyValueSpecification","valueRequired":true,"valueName":"search_term_string"}}],"inLanguage":"de"}]}},"_links":{"self":[{"href":"https:\/\/www.truckxxgroup.de\/truck-center-lauenau\/wp-json\/wp\/v2\/pages\/20","targetHints":{"allow":["GET"]}}],"collection":[{"href":"https:\/\/www.truckxxgroup.de\/truck-center-lauenau\/wp-json\/wp\/v2\/pages"}],"about":[{"href":"https:\/\/www.truckxxgroup.de\/truck-center-lauenau\/wp-json\/wp\/v2\/types\/page"}],"author":[{"embeddable":true,"href":"https:\/\/www.truckxxgroup.de\/truck-center-lauenau\/wp-json\/wp\/v2\/users\/2"}],"replies":[{"embeddable":true,"href":"https:\/\/www.truckxxgroup.de\/truck-center-lauenau\/wp-json\/wp\/v2\/comments?post=20"}],"version-history":[{"count":8,"href":"https:\/\/www.truckxxgroup.de\/truck-center-lauenau\/wp-json\/wp\/v2\/pages\/20\/revisions"}],"predecessor-version":[{"id":10486,"href":"https:\/\/www.truckxxgroup.de\/truck-center-lauenau\/wp-json\/wp\/v2\/pages\/20\/revisions\/10486"}],"wp:attachment":[{"href":"https:\/\/www.truckxxgroup.de\/truck-center-lauenau\/wp-json\/wp\/v2\/media?parent=20"}],"curies":[{"name":"wp","href":"https:\/\/api.w.org\/{rel}","templated":true}]}}