{"id":656,"date":"2016-06-02T09:58:33","date_gmt":"2016-06-02T07:58:33","guid":{"rendered":"http:\/\/www.truckxgroup.de\/truck-center-halberstadt\/?page_id=656"},"modified":"2023-10-20T13:13:09","modified_gmt":"2023-10-20T11:13:09","slug":"transporter-service","status":"publish","type":"page","link":"https:\/\/www.truckxxgroup.de\/truck-center-halberstadt\/transporter-service\/","title":{"rendered":"Transporter-Service"},"content":{"rendered":"<div class=\"wpb-content-wrapper\"><p>[vc_row][vc_column width=&#8221;2\/3&#8243;][vc_column_text]<\/p>\n<h3>Transporter-Service in Halberstadt<\/h3>\n<p>Im Truck Center Halberstadt sind wir auf die Wartung, Reparatur und Instandsetzung von Nutzfahrzeugen spezialisiert. Dazu geh\u00f6ren auch Transporter und Kastenwagen.<\/p>\n<p>In unserer Werkstatt k\u00f6nnen wir Reparaturen aller Art an Transportern aller Marken durchf\u00fchren. Sprechen Sie uns gerne an &#8211; wir freuen uns auf Sie!<\/p>\n<h3>Unsere Leistungen f\u00fcr Transporter:<\/h3>\n<p>&nbsp;<\/p>\n<ul>\n<li>Wartungsarbeiten und Service an Transportern<\/li>\n<li>Verschlei\u00dfreparaturen (z.B. Bremsen, Sto\u00dfd\u00e4mpfer) an Transportern<\/li>\n<li>Unfallreparaturen an Transportern<\/li>\n<li>Achsvermessung an Transportern<\/li>\n<li>Gesetzliche Pr\u00fcfungen<\/li>\n<li>Fahrtschreibernachr\u00fcstungen in Transportern<\/li>\n<li>Nachr\u00fcstl\u00f6sungen f\u00fcr Transporter<\/li>\n<li>Glasbruchreparaturen an Transportern<\/li>\n<\/ul>\n<p>[\/vc_column_text][\/vc_column][vc_column width=&#8221;1\/3&#8243;][vc_single_image image=&#8221;667&#8243; img_size=&#8221;full&#8221;][vc_column_text]<\/p>\n<h3>Ihr Ansprechpartner<\/h3>\n<div class=\"ansprechpartner\"><strong>Andreas Glaetzer<\/strong><br \/>\n<em>Transporterservice<\/em><br \/>\nTel.: +49 (0)3941 \/ 6969-27<\/div>\n<p>[\/vc_column_text][\/vc_column][\/vc_row]<\/p>\n<\/div>","protected":false},"excerpt":{"rendered":"<p>[vc_row][vc_column width=&#8221;2\/3&#8243;][vc_column_text] Transporter-Service in Halberstadt Im Truck Center Halberstadt sind wir auf die Wartung, Reparatur und Instandsetzung von Nutzfahrzeugen spezialisiert. Dazu geh\u00f6ren auch Transporter und Kastenwagen. In unserer Werkstatt k\u00f6nnen wir Reparaturen aller Art an Transportern aller Marken durchf\u00fchren. Sprechen Sie uns gerne an &#8211; wir freuen uns auf Sie! Unsere Leistungen f\u00fcr Transporter: &nbsp;&hellip;<\/p>\n","protected":false},"author":2,"featured_media":0,"parent":0,"menu_order":0,"comment_status":"closed","ping_status":"closed","template":"","meta":{"footnotes":""},"class_list":["post-656","page","type-page","status-publish","hentry","description-off"],"_links":{"self":[{"href":"https:\/\/www.truckxxgroup.de\/truck-center-halberstadt\/wp-json\/wp\/v2\/pages\/656","targetHints":{"allow":["GET"]}}],"collection":[{"href":"https:\/\/www.truckxxgroup.de\/truck-center-halberstadt\/wp-json\/wp\/v2\/pages"}],"about":[{"href":"https:\/\/www.truckxxgroup.de\/truck-center-halberstadt\/wp-json\/wp\/v2\/types\/page"}],"author":[{"embeddable":true,"href":"https:\/\/www.truckxxgroup.de\/truck-center-halberstadt\/wp-json\/wp\/v2\/users\/2"}],"replies":[{"embeddable":true,"href":"https:\/\/www.truckxxgroup.de\/truck-center-halberstadt\/wp-json\/wp\/v2\/comments?post=656"}],"version-history":[{"count":16,"href":"https:\/\/www.truckxxgroup.de\/truck-center-halberstadt\/wp-json\/wp\/v2\/pages\/656\/revisions"}],"predecessor-version":[{"id":682,"href":"https:\/\/www.truckxxgroup.de\/truck-center-halberstadt\/wp-json\/wp\/v2\/pages\/656\/revisions\/682"}],"wp:attachment":[{"href":"https:\/\/www.truckxxgroup.de\/truck-center-halberstadt\/wp-json\/wp\/v2\/media?parent=656"}],"curies":[{"name":"wp","href":"https:\/\/api.w.org\/{rel}","templated":true}]}}