{"id":583,"date":"2016-03-04T12:54:23","date_gmt":"2016-03-04T11:54:23","guid":{"rendered":"http:\/\/www.truckxgroup.de\/truck-center-halberstadt\/?page_id=583"},"modified":"2023-10-20T13:16:35","modified_gmt":"2023-10-20T11:16:35","slug":"elektrik-elektronik","status":"publish","type":"page","link":"https:\/\/www.truckxxgroup.de\/truck-center-halberstadt\/elektrik-elektronik\/","title":{"rendered":"Elektrik &#038; Elektronik"},"content":{"rendered":"<div class=\"wpb-content-wrapper\"><p>[vc_row][vc_column width=&#8221;2\/3&#8243;][vc_column_text]<\/p>\n<h3>Elektrik und Elektronik Service f\u00fcr Nutzfahrzeuge in Halberstadt<\/h3>\n<p>Durch die immer umfangreicher und anspruchsvoller werdenden Systeme, die im Bereich der Elektrik \/ Elektronik in NFZ, Bus, Anh\u00e4nger\/Auflieger und Spezialaufbauten zum Einsatz kommen, steht in unserem Unternehmen eine eigens eingerichtete Abteilung Elektrik mit angeschlossenem B\u00fcro zur Verf\u00fcgung.<\/p>\n<p>Drei bestens und regelm\u00e4\u00dfig geschulte Mitarbeiter stehen zur Verf\u00fcgung um alle Anforderungen dieses Bereiches abzudecken und Ihre konkreten W\u00fcnsche zu erf\u00fcllen.<br \/>\nDie Ausr\u00fcstung der Abteilung befindet sich auf hohem technischen Niveau und wird regelm\u00e4\u00dfig auf den neuesten Stand der Technik gebracht.<\/p>\n<p>Dazu geh\u00f6ren neben umfangreicher Pr\u00fcfsoftware und Diagnoseeinrichtungen, mehrere mobile Computer und selbstverst\u00e4ndlich Internetanschl\u00fcsse um mit unseren Partnern stets in Verbindung zu stehen f\u00fcr Update\u00b4s und neueste Informationen.<\/p>\n<p><strong>Unsere Leistungen und Service umfassen u.a. folgende Gebiete:<\/strong><\/p>\n<ul>\n<li>Diagnose und Reparatur der elektrischen Systeme unseres Partners MAN-NFZ und MAN-Busse<\/li>\n<li>Diagnose und Reparatur der elektrischen Systeme unseres Partners Wabco<\/li>\n<li>EBS und ABS an NFZ und Anh\u00e4nger bzw. Auflieger<\/li>\n<li>ECAS und ELM Luftfederanlagen<\/li>\n<li>Klimasteuerungen<\/li>\n<li>T\u00fcrsteuerungen<\/li>\n<li>Heizungssteuerung<\/li>\n<li>Diagnose und Reparatur von EBS und ABS Anlagen der Fa. Knorr (Bosch) in Anh\u00e4nger bzw. Auflieger<\/li>\n<li>Einbau und Planung f\u00fcr Komfortelektronik und Zubeh\u00f6r nach Ihren W\u00fcnschen<\/li>\n<li>Diagnose, Reparatur und Einbau von Standheizungen der Fabrikate von:\n<ul>\n<li>Ebersp\u00e4cher<\/li>\n<li>Webasto<\/li>\n<li>Truma<\/li>\n<\/ul>\n<\/li>\n<\/ul>\n<p><strong>Einbau nach Ihren Vorgaben von:<\/strong><\/p>\n<ul>\n<li>Telefon Festeinbau und Freisprechanlagen<\/li>\n<li>Radio<\/li>\n<li>Betriebs- und CB-Funk<\/li>\n<li>Navigationssystemen<\/li>\n<\/ul>\n<p><strong>Service f\u00fcr Ladebordw\u00e4nde:<\/strong><\/p>\n<ul>\n<li>B\u00e4r-Service<\/li>\n<li>MBB-Service<\/li>\n<li>selbstverst\u00e4ndlich auch andere Fabrikate<\/li>\n<\/ul>\n<p><strong>Service f\u00fcr Fahrtenschreiber und Geschwindigkeitsbegrenzer<\/strong>[\/vc_column_text][\/vc_column][vc_column width=&#8221;1\/3&#8243;][vc_single_image image=&#8221;585&#8243; img_size=&#8221;full&#8221; alignment=&#8221;center&#8221; style=&#8221;vc_box_shadow_3d&#8221;][\/vc_column][\/vc_row]<\/p>\n<\/div>","protected":false},"excerpt":{"rendered":"<p>[vc_row][vc_column width=&#8221;2\/3&#8243;][vc_column_text] Elektrik und Elektronik Service f\u00fcr Nutzfahrzeuge in Halberstadt Durch die immer umfangreicher und anspruchsvoller werdenden Systeme, die im Bereich der Elektrik \/ Elektronik in NFZ, Bus, Anh\u00e4nger\/Auflieger und Spezialaufbauten zum Einsatz kommen, steht in unserem Unternehmen eine eigens eingerichtete Abteilung Elektrik mit angeschlossenem B\u00fcro zur Verf\u00fcgung. Drei bestens und regelm\u00e4\u00dfig geschulte Mitarbeiter stehen&hellip;<\/p>\n","protected":false},"author":2,"featured_media":0,"parent":0,"menu_order":0,"comment_status":"closed","ping_status":"closed","template":"","meta":{"footnotes":""},"class_list":["post-583","page","type-page","status-publish","hentry","description-off"],"_links":{"self":[{"href":"https:\/\/www.truckxxgroup.de\/truck-center-halberstadt\/wp-json\/wp\/v2\/pages\/583","targetHints":{"allow":["GET"]}}],"collection":[{"href":"https:\/\/www.truckxxgroup.de\/truck-center-halberstadt\/wp-json\/wp\/v2\/pages"}],"about":[{"href":"https:\/\/www.truckxxgroup.de\/truck-center-halberstadt\/wp-json\/wp\/v2\/types\/page"}],"author":[{"embeddable":true,"href":"https:\/\/www.truckxxgroup.de\/truck-center-halberstadt\/wp-json\/wp\/v2\/users\/2"}],"replies":[{"embeddable":true,"href":"https:\/\/www.truckxxgroup.de\/truck-center-halberstadt\/wp-json\/wp\/v2\/comments?post=583"}],"version-history":[{"count":2,"href":"https:\/\/www.truckxxgroup.de\/truck-center-halberstadt\/wp-json\/wp\/v2\/pages\/583\/revisions"}],"predecessor-version":[{"id":586,"href":"https:\/\/www.truckxxgroup.de\/truck-center-halberstadt\/wp-json\/wp\/v2\/pages\/583\/revisions\/586"}],"wp:attachment":[{"href":"https:\/\/www.truckxxgroup.de\/truck-center-halberstadt\/wp-json\/wp\/v2\/media?parent=583"}],"curies":[{"name":"wp","href":"https:\/\/api.w.org\/{rel}","templated":true}]}}