{"id":558,"date":"2016-03-04T11:55:14","date_gmt":"2016-03-04T10:55:14","guid":{"rendered":"http:\/\/www.truckxgroup.de\/truck-center-halberstadt\/?page_id=558"},"modified":"2023-10-20T13:11:36","modified_gmt":"2023-10-20T11:11:36","slug":"nutzfahrzeug-service","status":"publish","type":"page","link":"https:\/\/www.truckxxgroup.de\/truck-center-halberstadt\/nutzfahrzeug-service\/","title":{"rendered":"Nutzfahrzeug-Service"},"content":{"rendered":"<div class=\"wpb-content-wrapper\"><p>[vc_row][vc_column width=&#8221;2\/3&#8243;][vc_column_text]<\/p>\n<h3>Nutzfahrzeugwerkstatt f\u00fcr LKW, Busse, Transporter in Halberstadt am Harz<\/h3>\n<p>Fachgerechte Arbeiten sind an einem Nutzfahrzeug oder Bus schon auf Grund der Gr\u00f6\u00dfe nicht in jeder Werkstatt m\u00f6glich. Wir bieten das Know-How und die notwendige Ausr\u00fcstung, um anspruchsvolle Aufgaben perfekt zu meistern.<\/p>\n<p>Gro\u00dfdimensionierte Hallenr\u00e4ume, qualifiziertes Fachpersonal, eine umfassende Ger\u00e4teausstattung und ein umfangreiches Ersatzteillager sind Voraussetzungen, mit denen wir Sch\u00e4den an Fahrzeugen schnell, preiswert und qualit\u00e4tsbewusst beheben.<\/p>\n<p><strong>Unsere Leistungen:<\/strong><\/p>\n<ul>\n<li>Durchf\u00fchrung s\u00e4mtlicher gesetzlicher Abnahmen an Ihren Fahrzeugen<\/li>\n<li>Wartung nach Herstellerangaben s\u00e4mtlicher Fabrikate<\/li>\n<li>Fachgerechte Instandsetzung von Verschlei\u00dfteilen an s\u00e4mtlichen Fabrikaten<\/li>\n<li>Anh\u00e4nger- und Aufliegerinstandsetzung einschlie\u00dflich Fahrgestell<\/li>\n<li>Qualifizierte Rahmen- und Aufbauinstandsetzung s\u00e4mtlicher Fabrikate<\/li>\n<li>Lackierungen und Beschriftungen s\u00e4mtlicher Fahrzeuge<\/li>\n<li>Erneuern von Front- und Seitenscheiben<\/li>\n<li>WABCO Servicecenter einschlie\u00dflich Gew\u00e4hrleistungsabwicklung<\/li>\n<li>Einbau- und Instandsetzung von Zusatzheizungen<\/li>\n<\/ul>\n<p>[\/vc_column_text][\/vc_column][vc_column width=&#8221;1\/3&#8243;][vc_single_image image=&#8221;560&#8243; img_size=&#8221;full&#8221; alignment=&#8221;center&#8221; style=&#8221;vc_box_shadow_3d&#8221;][\/vc_column][\/vc_row]<\/p>\n<\/div>","protected":false},"excerpt":{"rendered":"<p>[vc_row][vc_column width=&#8221;2\/3&#8243;][vc_column_text] Nutzfahrzeugwerkstatt f\u00fcr LKW, Busse, Transporter in Halberstadt am Harz Fachgerechte Arbeiten sind an einem Nutzfahrzeug oder Bus schon auf Grund der Gr\u00f6\u00dfe nicht in jeder Werkstatt m\u00f6glich. Wir bieten das Know-How und die notwendige Ausr\u00fcstung, um anspruchsvolle Aufgaben perfekt zu meistern. Gro\u00dfdimensionierte Hallenr\u00e4ume, qualifiziertes Fachpersonal, eine umfassende Ger\u00e4teausstattung und ein umfangreiches Ersatzteillager sind&hellip;<\/p>\n","protected":false},"author":2,"featured_media":0,"parent":0,"menu_order":0,"comment_status":"closed","ping_status":"closed","template":"","meta":{"footnotes":""},"class_list":["post-558","page","type-page","status-publish","hentry","description-off"],"_links":{"self":[{"href":"https:\/\/www.truckxxgroup.de\/truck-center-halberstadt\/wp-json\/wp\/v2\/pages\/558","targetHints":{"allow":["GET"]}}],"collection":[{"href":"https:\/\/www.truckxxgroup.de\/truck-center-halberstadt\/wp-json\/wp\/v2\/pages"}],"about":[{"href":"https:\/\/www.truckxxgroup.de\/truck-center-halberstadt\/wp-json\/wp\/v2\/types\/page"}],"author":[{"embeddable":true,"href":"https:\/\/www.truckxxgroup.de\/truck-center-halberstadt\/wp-json\/wp\/v2\/users\/2"}],"replies":[{"embeddable":true,"href":"https:\/\/www.truckxxgroup.de\/truck-center-halberstadt\/wp-json\/wp\/v2\/comments?post=558"}],"version-history":[{"count":4,"href":"https:\/\/www.truckxxgroup.de\/truck-center-halberstadt\/wp-json\/wp\/v2\/pages\/558\/revisions"}],"predecessor-version":[{"id":566,"href":"https:\/\/www.truckxxgroup.de\/truck-center-halberstadt\/wp-json\/wp\/v2\/pages\/558\/revisions\/566"}],"wp:attachment":[{"href":"https:\/\/www.truckxxgroup.de\/truck-center-halberstadt\/wp-json\/wp\/v2\/media?parent=558"}],"curies":[{"name":"wp","href":"https:\/\/api.w.org\/{rel}","templated":true}]}}