{"id":20,"date":"2015-07-14T09:08:03","date_gmt":"2015-07-14T07:08:03","guid":{"rendered":"http:\/\/www.truckxgroup.detestwww\/transportkuehlung-hannover\/?page_id=20"},"modified":"2023-11-02T14:47:28","modified_gmt":"2023-11-02T13:47:28","slug":"impressum","status":"publish","type":"page","link":"https:\/\/www.truckxxgroup.de\/truck-center-halberstadt\/impressum\/","title":{"rendered":"Impressum"},"content":{"rendered":"<h3>Impressum<\/h3>\n<p>&nbsp;<\/p>\n<p><strong>Truck Center Halberstadt GmbH<\/strong><br \/>\nOsttangente 6<br \/>\nD-38820 Halberstadt<\/p>\n<p><strong>Vertretungsberechtige Gesch\u00e4ftsf\u00fchrer:<\/strong> Frank Schevel, Vanessa Templin-Barsuhn<\/p>\n<p><strong>Telefon:<\/strong> 03941 \/ 6969 &#8211; 0<br \/>\n<strong>Fax:<\/strong> 03941 \/ 6969 &#8211; 44<br \/>\n<strong>E-Mail:<\/strong> info.halberstadt@truckxxgroup.de<\/p>\n<p><strong>Registergericht:<\/strong> Amtsgericht Stendal<br \/>\n<strong>Registernummer:<\/strong> HRB 9088<br \/>\n<strong>Umsatzsteuer-Identifikationsnummer gem. \u00a7 27a UStG:<\/strong> DE 266147002<\/p>\n<p>Inhaltlich Verantwortlicher: Frank Schevel (Anschrift s.o.)<\/p>\n<p>&nbsp;<\/p>\n<p>&nbsp;<\/p>\n<p><strong>Haftungshinweis:<\/strong><br \/>\nF\u00fcr Verweise auf unseren Seiten m\u00f6chten wir ausdr\u00fccklich betonen, dass wir keinerlei Einfluss auf den Linktext, die Gestaltung, evtl. Verletzungen geltender Rechte, auch Marken- und Titelrechte und die Inhalte der gelinkten Seiten haben. Wir distanzieren uns ausdr\u00fccklich von den Linkformulierungen, sowie von allen Inhalten aller Seiten auf die wir Verweise gesetzt haben und machen uns ihre Inhalte nicht zu eigen. Diese Erkl\u00e4rung gilt f\u00fcr alle auf unserer Website angebrachten Links und f\u00fcr alle Inhalte der Seiten, zu denen die bei uns angemeldeten Banner oder Links f\u00fchren.<\/p>\n<p>Wir bem\u00fchen uns, m\u00f6glichst genaue und zuverl\u00e4ssige Informationen auf unseren Webseiten zu ver\u00f6ffentlichen. Wir k\u00f6nnen jedoch keinerlei Gew\u00e4hr f\u00fcr die Richtigkeit aller ver\u00f6ffentlichten Informationen leisten. Jegliche Haftung f\u00fcr den Fall von Irrt\u00fcmern oder Auslassungen auf unseren Webseiten wird ausgeschlossen.<\/p>\n<hr \/>\n<p><strong>Online-Plattform zur au\u00dfergerichtlichen Beilegung von verbraucherrechtlichen Streitigkeiten<\/strong><\/p>\n<p>Entsprechend der gesetzlichen Verpflichtung weisen wir darauf hin, dass die Europ\u00e4ische Union eine Online-Plattform zur au\u00dfergerichtlichen Beilegung von verbraucherrechtlichen Streitigkeiten (\u201eOSPlattform\u201c) eingerichtet hat: <a href=\"http:\/\/ec.europa.eu\/consumers\/odr\/\">http:\/\/ec.europa.eu\/consumers\/odr\/<\/a><br \/>\nWir nehmen jedoch nicht an Streitbeilegungsverfahren vor Verbraucherschlichtungsstellen teil.<\/p>\n","protected":false},"excerpt":{"rendered":"<p>Impressum &nbsp; Truck Center Halberstadt GmbH Osttangente 6 D-38820 Halberstadt Vertretungsberechtige Gesch\u00e4ftsf\u00fchrer: Frank Schevel, Vanessa Templin-Barsuhn Telefon: 03941 \/ 6969 &#8211; 0 Fax: 03941 \/ 6969 &#8211; 44 E-Mail: info.halberstadt@truckxxgroup.de Registergericht: Amtsgericht Stendal Registernummer: HRB 9088 Umsatzsteuer-Identifikationsnummer gem. \u00a7 27a UStG: DE 266147002 Inhaltlich Verantwortlicher: Frank Schevel (Anschrift s.o.) &nbsp; &nbsp; Haftungshinweis: F\u00fcr Verweise auf&hellip;<\/p>\n","protected":false},"author":2,"featured_media":0,"parent":0,"menu_order":0,"comment_status":"closed","ping_status":"closed","template":"","meta":{"footnotes":""},"class_list":["post-20","page","type-page","status-publish","hentry","description-off"],"_links":{"self":[{"href":"https:\/\/www.truckxxgroup.de\/truck-center-halberstadt\/wp-json\/wp\/v2\/pages\/20","targetHints":{"allow":["GET"]}}],"collection":[{"href":"https:\/\/www.truckxxgroup.de\/truck-center-halberstadt\/wp-json\/wp\/v2\/pages"}],"about":[{"href":"https:\/\/www.truckxxgroup.de\/truck-center-halberstadt\/wp-json\/wp\/v2\/types\/page"}],"author":[{"embeddable":true,"href":"https:\/\/www.truckxxgroup.de\/truck-center-halberstadt\/wp-json\/wp\/v2\/users\/2"}],"replies":[{"embeddable":true,"href":"https:\/\/www.truckxxgroup.de\/truck-center-halberstadt\/wp-json\/wp\/v2\/comments?post=20"}],"version-history":[{"count":10,"href":"https:\/\/www.truckxxgroup.de\/truck-center-halberstadt\/wp-json\/wp\/v2\/pages\/20\/revisions"}],"predecessor-version":[{"id":5148,"href":"https:\/\/www.truckxxgroup.de\/truck-center-halberstadt\/wp-json\/wp\/v2\/pages\/20\/revisions\/5148"}],"wp:attachment":[{"href":"https:\/\/www.truckxxgroup.de\/truck-center-halberstadt\/wp-json\/wp\/v2\/media?parent=20"}],"curies":[{"name":"wp","href":"https:\/\/api.w.org\/{rel}","templated":true}]}}