{"id":4,"date":"2015-07-13T14:51:19","date_gmt":"2015-07-13T12:51:19","guid":{"rendered":"http:\/\/www.truckxgroup.detestwww\/transportkuehlung-hannover\/?page_id=4"},"modified":"2025-09-09T13:50:26","modified_gmt":"2025-09-09T11:50:26","slug":"startseite","status":"publish","type":"page","link":"https:\/\/www.truckxxgroup.de\/transportkuehlung-hannover\/","title":{"rendered":"Startseite"},"content":{"rendered":"<div class=\"wpb-content-wrapper\"><p>[vc_row][vc_column]\n\t\t\t\t<p class=\"rs-p-wp-fix\"><\/p>\n\t\t\t\t<sr7-module data-alias=\"TKH_HOME\" data-id=\"2\" id=\"SR7_2_1\" class=\"rs-ov-hidden\" data-version=\"6.7.51\">\n\t\t\t\t\t<sr7-adjuster><\/sr7-adjuster>\n\t\t\t\t\t<sr7-content>\n\t\t\t\t\t\t<sr7-slide id=\"SR7_2_1-2\" data-key=\"2\">\n\t\t\t\t\t\t\t<sr7-bg id=\"SR7_2_1-2-1\" class=\"sr7-layer\"><noscript><img decoding=\"async\" src=\"https:\/\/www.truckxxgroup.de\/transportkuehlung-hannover\/wp-content\/uploads\/sites\/7\/2025\/10\/tkh_09-2025.jpg\" alt=\"\" title=\"tkh_09-2025\"><\/noscript><\/sr7-bg>\n\t\t\t\t\t\t<\/sr7-slide>\n\t\t\t\t\t\t<sr7-slide id=\"SR7_2_1-4\" data-key=\"4\">\n\t\t\t\t\t\t<\/sr7-slide>\n\t\t\t\t\t<\/sr7-content>\n\t\t\t\t\t<image_lists style=\"display:none\">\n\t\t\t\t\t\t<img data-src=\"\/\/www.truckxxgroup.de\/transportkuehlung-hannover\/wp-content\/uploads\/sites\/7\/2025\/10\/tkh_09-2025.jpg\" data-libid=\"5122\" data-lib=\"medialibrary\" title=\"tkh_09-2025\" width=\"0\" height=\"0\" data-dbsrc=\"Ly93d3cudHJ1Y2t4eGdyb3VwLmRlL3RyYW5zcG9ydGt1ZWhsdW5nLWhhbm5vdmVyL3dwLWNvbnRlbnQvdXBsb2Fkcy9zaXRlcy83LzIwMjUvMTAvdGtoXzA5LTIwMjUuanBn\"\/>\n\t\t\t\t\t\t<img data-src=\"\/\/www.truckxxgroup.de\/transportkuehlung-hannover\/wp-content\/uploads\/sites\/7\/2019\/06\/Slider-LUIS-Turn-Detect.jpg\" width=\"0\" height=\"0\" data-dbsrc=\"Ly93d3cudHJ1Y2t4eGdyb3VwLmRlL3RyYW5zcG9ydGt1ZWhsdW5nLWhhbm5vdmVyL3dwLWNvbnRlbnQvdXBsb2Fkcy9zaXRlcy83LzIwMTkvMDYvU2xpZGVyLUxVSVMtVHVybi1EZXRlY3QuanBn\"\/>\n\t\t\t\t\t<\/image_lists>\n\t\t\t\t<\/sr7-module>\n\t\t\t\t<script>\n\t\t\t\t\twindow.SR7 ??={};SR7.PMH ??={}; SR7.PMH[\"SR7_2_1\"] = {cn:100,state:false,fn: function() { if (window._tpt!==undefined && window._tpt.prepareModuleHeight !== undefined) {  _tpt.prepareModuleHeight({id:\"SR7_2_1\",el:[575,575,768,960,720],type:'standard',shdw:'2',gh:[575,575,503,382,236],gw:[1170,1170,1024,778,480],vpt:['-200px'],size:{fullWidth:false, fullHeight:false},mh:'0',onh:0,onw:0,bg:{color:'{\"type\":\"solid\",\"orig\":\"#E9E9E9\",\"string\":\"rgba(233, 233, 233, 1)\"}'},plType:'0',plColor:'#FFFFFF'});   SR7.PMH[\"SR7_2_1\"].state=true;} else if(SR7.PMH[\"SR7_2_1\"].cn-->0)\tsetTimeout( SR7.PMH[\"SR7_2_1\"].fn,19);}};SR7.PMH[\"SR7_2_1\" ].fn();\n\t\t\t\t<\/script>\n[vc_empty_space height=&#8221;60px&#8221;][\/vc_column][\/vc_row][vc_row][vc_column][vc_column_text]<\/p>\n<h2 style=\"text-align: center; font-size: 43px; color: #0061a1;\">Transportk\u00fchlung Hannover GmbH<\/h2>\n<h3 style=\"text-align: center; font-size: 22px; color: black; font-weight: normal;\">Die K\u00fchlspezialisten aus Langenhagen.<\/h3>\n<p>[\/vc_column_text][\/vc_column][\/vc_row][vc_row][vc_column width=&#8221;1\/3&#8243;][vc_single_image image=&#8221;491&#8243; img_size=&#8221;full&#8221; style=&#8221;vc_box_shadow_3d&#8221;][\/vc_column][vc_column width=&#8221;2\/3&#8243;][vc_column_text css=&#8221;&#8221;]Die Eisb\u00e4ren bieten Ihnen Beratung, Planung sowie den Um- und Einbau von K\u00fchlaggregaten, ganz nach Ihren kundenspezifischen Anforderungen.<\/p>\n<p>Ob Kleintransporter, Verteilerfahrzeuge oder 40 t-Tiefk\u00fchlauflieger, wir beraten Sie individuell auf Ihren K\u00fchlbedarf abgestimmt.<\/p>\n<p>Als <strong>Vertragspartner von Carrier Transicold<\/strong> bieten wir Ihnen neben der Wartung von Transportk\u00fchlanlagen auch einen mobilen und station\u00e4ren Reparaturservice rund um die Uhr!<\/p>\n<p>Im Gro\u00dfraum Hannover, Minden, Hildesheim , Braunschweig sowie Halberstadt und Magdeburg steht Ihnen unser qualifiziertes Fachpersonal 365 Tage im Jahr zur Verf\u00fcgung, damit Sie Ihre kalte Fracht sicher ans Ziel bringen.<\/p>\n<p><span style=\"color: #008000;\"><strong>Jetzt neu:<\/strong> Auch am<strong> Standort Kassel<\/strong> sind wir ab sofort f\u00fcr Sie da in unserer Au\u00dfenstelle: <strong>Niestetalweg 6-8 , 34123 Kassel (Werkstatt und mobiler Service)<\/strong><\/span>[\/vc_column_text][\/vc_column][\/vc_row][vc_row][vc_column][vc_empty_space height=&#8221;75px&#8221;][\/vc_column][\/vc_row][vc_row parallax=&#8221;content-moving&#8221; parallax_image=&#8221;1007&#8243;][vc_column][vc_column_text css=&#8221;.vc_custom_1712053121702{padding-top: 100px !important;padding-bottom: 100px !important;background-color: rgba(0,0,0,0.5) !important;*background-color: rgb(0,0,0) !important;}&#8221;]<\/p>\n<h2 style=\"color: #0061a1; text-align: center; font-size: 36px;\"><span style=\"color: #ffffff;\">K\u00fchlung versagt?<\/span><\/h2>\n<h3 style=\"color: #0061a1; text-align: center; font-size: 22px;\"><span style=\"color: #ffffff;\">Keine Panik, wir helfen: Tel +49 (0)511 519335-0<\/span><\/h3>\n<p>[\/vc_column_text][\/vc_column][\/vc_row][vc_row][vc_column][vc_empty_space height=&#8221;75px&#8221;][\/vc_column][\/vc_row][vc_row][vc_column width=&#8221;1\/3&#8243;][vc_column_text css=&#8221;.vc_custom_1757418608457{border-top-width: 2px !important;border-right-width: 2px !important;border-bottom-width: 2px !important;border-left-width: 2px !important;padding-top: 10px !important;padding-right: 10px !important;padding-bottom: 10px !important;padding-left: 10px !important;border-left-style: solid !important;border-right-style: solid !important;border-top-style: solid !important;border-bottom-style: solid !important;border-color: #f2f2f2 !important;}&#8221;]<\/p>\n<p style=\"text-align: center;\"><img loading=\"lazy\" decoding=\"async\" class=\"aligncenter size-full wp-image-494\" src=\"https:\/\/www.truckxxgroup.de\/transportkuehlung-hannover\/wp-content\/uploads\/sites\/7\/2015\/07\/carrier-transicold-servicepartner-hannover.jpg\" alt=\"Carrier Transicold Servicepartner in 30853 Langenhagen\" width=\"150\" height=\"85\" \/><\/p>\n<p style=\"text-align: center; font-size: 12px; line-height: 1.7;\">Als Vertragspartner von Carrier Transicold bieten wir Ihnen Rundumservice und Beratung vom Kastenwagen bis zum 40 Tonnen Auflieger. Ganz auf Ihren K\u00fchlbedarf abgestimmt.<\/p>\n<p>[\/vc_column_text][\/vc_column][vc_column width=&#8221;1\/3&#8243;][vc_column_text css=&#8221;.vc_custom_1757418618024{border-top-width: 2px !important;border-right-width: 2px !important;border-bottom-width: 2px !important;border-left-width: 2px !important;padding-top: 10px !important;padding-right: 10px !important;padding-bottom: 10px !important;padding-left: 10px !important;border-left-style: solid !important;border-right-style: solid !important;border-top-style: solid !important;border-bottom-style: solid !important;border-color: #f2f2f2 !important;}&#8221;]<\/p>\n<p style=\"text-align: center;\"><a href=\"https:\/\/addvolt.com\/\" target=\"_blank\" rel=\"noopener\"><img loading=\"lazy\" decoding=\"async\" class=\"alignnone wp-image-2063 size-full\" src=\"https:\/\/www.truckxxgroup.de\/transportkuehlung-hannover\/wp-content\/uploads\/sites\/7\/2022\/07\/addvolt-servicepartner-hannover.png\" alt=\"\" width=\"150\" height=\"85\" \/><\/a><\/p>\n<p style=\"text-align: center; font-size: 12px; line-height: 1.7;\">Elektrifizierung von Transportk\u00e4lteanlagen: Wir sind <a href=\"https:\/\/www.truckxxgroup.de\/transportkuehlung-hannover\/elektrifizierung-von-kaeltemaschinen-mit-addvolt\/\">offizieller AddVolt Servicepartner<\/a>.<\/p>\n<p>[\/vc_column_text][\/vc_column][vc_column width=&#8221;1\/3&#8243;][vc_column_text css=&#8221;.vc_custom_1757418625807{border-top-width: 2px !important;border-right-width: 2px !important;border-bottom-width: 2px !important;border-left-width: 2px !important;padding-top: 10px !important;padding-right: 10px !important;padding-bottom: 10px !important;padding-left: 10px !important;border-left-style: solid !important;border-right-style: solid !important;border-top-style: solid !important;border-bottom-style: solid !important;border-color: #f2f2f2 !important;}&#8221;]<\/p>\n<h3 style=\"text-align: center;\"><strong>ATP-Wiederholungs-<br \/>\npr\u00fcfung\u00a0<\/strong><\/h3>\n<p style=\"text-align: center; font-size: 12px; line-height: 1.7;\">Neu: Seit Juni 2023 bieten wir auch ATP-Wiederholungspr\u00fcfungen f\u00fcr K\u00fchlkoffer\/K\u00fchlauflieger an.<br \/>\n<a href=\"https:\/\/www.truckxxgroup.de\/transportkuehlung-hannover\/atp-wiederholungspruefungen\/\">Weitere Informationen<\/a><\/p>\n<p>[\/vc_column_text][\/vc_column][\/vc_row]<\/p>\n<\/div>","protected":false},"excerpt":{"rendered":"<p>[vc_row][vc_column][vc_empty_space height=&#8221;60px&#8221;][\/vc_column][\/vc_row][vc_row][vc_column][vc_column_text] Transportk\u00fchlung Hannover GmbH Die K\u00fchlspezialisten aus Langenhagen. [\/vc_column_text][\/vc_column][\/vc_row][vc_row][vc_column width=&#8221;1\/3&#8243;][vc_single_image image=&#8221;491&#8243; img_size=&#8221;full&#8221; style=&#8221;vc_box_shadow_3d&#8221;][\/vc_column][vc_column width=&#8221;2\/3&#8243;][vc_column_text css=&#8221;&#8221;]Die Eisb\u00e4ren bieten Ihnen Beratung, Planung sowie den Um- und Einbau von K\u00fchlaggregaten, ganz nach Ihren kundenspezifischen Anforderungen. Ob Kleintransporter, Verteilerfahrzeuge oder 40 t-Tiefk\u00fchlauflieger, wir beraten Sie individuell auf Ihren K\u00fchlbedarf abgestimmt. Als Vertragspartner von Carrier Transicold bieten wir Ihnen&hellip;<\/p>\n","protected":false},"author":2,"featured_media":0,"parent":0,"menu_order":0,"comment_status":"closed","ping_status":"open","template":"","meta":{"footnotes":""},"class_list":["post-4","page","type-page","status-publish","hentry","description-off"],"_links":{"self":[{"href":"https:\/\/www.truckxxgroup.de\/transportkuehlung-hannover\/wp-json\/wp\/v2\/pages\/4","targetHints":{"allow":["GET"]}}],"collection":[{"href":"https:\/\/www.truckxxgroup.de\/transportkuehlung-hannover\/wp-json\/wp\/v2\/pages"}],"about":[{"href":"https:\/\/www.truckxxgroup.de\/transportkuehlung-hannover\/wp-json\/wp\/v2\/types\/page"}],"author":[{"embeddable":true,"href":"https:\/\/www.truckxxgroup.de\/transportkuehlung-hannover\/wp-json\/wp\/v2\/users\/2"}],"replies":[{"embeddable":true,"href":"https:\/\/www.truckxxgroup.de\/transportkuehlung-hannover\/wp-json\/wp\/v2\/comments?post=4"}],"version-history":[{"count":92,"href":"https:\/\/www.truckxxgroup.de\/transportkuehlung-hannover\/wp-json\/wp\/v2\/pages\/4\/revisions"}],"predecessor-version":[{"id":4999,"href":"https:\/\/www.truckxxgroup.de\/transportkuehlung-hannover\/wp-json\/wp\/v2\/pages\/4\/revisions\/4999"}],"wp:attachment":[{"href":"https:\/\/www.truckxxgroup.de\/transportkuehlung-hannover\/wp-json\/wp\/v2\/media?parent=4"}],"curies":[{"name":"wp","href":"https:\/\/api.w.org\/{rel}","templated":true}]}}