{"id":2829,"date":"2023-06-26T11:40:48","date_gmt":"2023-06-26T09:40:48","guid":{"rendered":"https:\/\/www.truckxxgroup.de\/transportkuehlung-hannover\/?page_id=2829"},"modified":"2023-10-19T13:27:16","modified_gmt":"2023-10-19T11:27:16","slug":"atp-wiederholungspruefungen","status":"publish","type":"page","link":"https:\/\/www.truckxxgroup.de\/transportkuehlung-hannover\/atp-wiederholungspruefungen\/","title":{"rendered":"ATP-Wiederholungspr\u00fcfungen f\u00fcr K\u00fchlkoffer\/K\u00fchlauflieger"},"content":{"rendered":"<div class=\"wpb-content-wrapper\"><p>[vc_row][vc_column width=&#8221;2\/3&#8243;][vc_column_text css=&#8221;.vc_custom_1697714835109{padding-right: 40px !important;}&#8221;]<\/p>\n<h3>ATP-Wiederholungspr\u00fcfungen f\u00fcr K\u00fchlkoffer\/K\u00fchlauflieger<\/h3>\n<p>Das ATP-\u00dcbereinkommen sieht in seinem G\u00fcltigkeitsbereich Pr\u00fcfungen f\u00fcr alle Bef\u00f6rderungsmittel vor, die f\u00fcr den Transport leicht verderblicher Lebensmittel im grenz\u00fcberschreitenden, internationalen Verkehr bestimmt sind. Dies betrifft somit K\u00fchlkoffer\/K\u00fchlauflieger und sonstige K\u00fchlfahrzeuge die in Deutschland zugelassen sind und welche im Ausland unterwegs sind. Fahrzeuge welche au\u00dferhalb Deutschlands zugelassen sind und gek\u00fchlte Waren nach Deutschland liefern, sind immer betroffen von ATP-Wiederholungspr\u00fcfungen:<\/p>\n<p style=\"font-size: 20px;\">Wiederholungspr\u00fcfungen sind f\u00fcr bereits im Betrieb befindliche Bef\u00f6rderungsmittel. Diese m\u00fcssen sp\u00e4testens 6 Jahre nach der ersten Inbetriebnahme erneut gepr\u00fcft werden, <strong>danach sp\u00e4testens alle 3 Jahre.<\/strong><\/p>\n<p>&nbsp;<\/p>\n<p><img loading=\"lazy\" decoding=\"async\" class=\"alignnone size-full wp-image-2868\" src=\"https:\/\/www.truckxxgroup.de\/transportkuehlung-hannover\/wp-content\/uploads\/sites\/7\/2023\/06\/atp_pruefung_hannover.jpg\" alt=\"\" width=\"800\" height=\"533\" srcset=\"https:\/\/www.truckxxgroup.de\/transportkuehlung-hannover\/wp-content\/uploads\/sites\/7\/2023\/06\/atp_pruefung_hannover.jpg 800w, https:\/\/www.truckxxgroup.de\/transportkuehlung-hannover\/wp-content\/uploads\/sites\/7\/2023\/06\/atp_pruefung_hannover-300x200.jpg 300w, https:\/\/www.truckxxgroup.de\/transportkuehlung-hannover\/wp-content\/uploads\/sites\/7\/2023\/06\/atp_pruefung_hannover-768x512.jpg 768w\" sizes=\"auto, (max-width: 800px) 100vw, 800px\" \/><\/p>\n<p>&nbsp;<\/p>\n<p>Ziel der Wiederholungspr\u00fcfung ist es, festzustellen, ob die K\u00fchleinrichtung in der Lage ist, den Innenraum des Bef\u00f6rderungsmittels (leer) innerhalb von sechs Stunden auf die der ATP-Klasse entsprechenden Temperatur herunterzuk\u00fchlen. Wird die Pr\u00fcfung bestanden, wird eine ATP-Bescheinigung f\u00fcr das Bef\u00f6rderungsmittel mit einer G\u00fcltigkeit von drei Jahren ausgestellt. Diese ist mitzuf\u00fchren und bei Kontrollen vorzuzeigen.<\/p>\n<p>Wir f\u00fchren ATP-Wiederholungspr\u00fcfungen an K\u00fchlkoffern\/K\u00fchlaufliegern sowohl bei uns <strong>in Langenhagen in der Werkstatt<\/strong> durch <strong>als auch bei Ihnen vor Ort<\/strong> im gr\u00f6\u00dferen Umkreis von Hannover. Sprechen Sie und dazu bitte an.[\/vc_column_text][\/vc_column][vc_column width=&#8221;1\/3&#8243;][vc_column_text]<\/p>\n<h3>Jetzt ATP-Pr\u00fcftermin vereinbaren.<\/h3>\n<p>Wenn Sie in oder um Hannover herum einen ATP-Pr\u00fcftermin f\u00fcr Ihre Bef\u00f6rderungsmittel vereinbaren wollen, rufen Sie und gleich an: <strong>Tel 0511 519335-0<\/strong><\/p>\n<p>Transportk\u00fchlung Hannover GmbH<br \/>\nGalileistra\u00dfe 3, 30853 Langenhagen[\/vc_column_text][\/vc_column][\/vc_row]<\/p>\n<\/div>","protected":false},"excerpt":{"rendered":"<p>[vc_row][vc_column width=&#8221;2\/3&#8243;][vc_column_text css=&#8221;.vc_custom_1697714835109{padding-right: 40px !important;}&#8221;] ATP-Wiederholungspr\u00fcfungen f\u00fcr K\u00fchlkoffer\/K\u00fchlauflieger Das ATP-\u00dcbereinkommen sieht in seinem G\u00fcltigkeitsbereich Pr\u00fcfungen f\u00fcr alle Bef\u00f6rderungsmittel vor, die f\u00fcr den Transport leicht verderblicher Lebensmittel im grenz\u00fcberschreitenden, internationalen Verkehr bestimmt sind. Dies betrifft somit K\u00fchlkoffer\/K\u00fchlauflieger und sonstige K\u00fchlfahrzeuge die in Deutschland zugelassen sind und welche im Ausland unterwegs sind. Fahrzeuge welche au\u00dferhalb Deutschlands zugelassen&hellip;<\/p>\n","protected":false},"author":2,"featured_media":0,"parent":0,"menu_order":0,"comment_status":"closed","ping_status":"closed","template":"","meta":{"footnotes":""},"class_list":["post-2829","page","type-page","status-publish","hentry","description-off"],"_links":{"self":[{"href":"https:\/\/www.truckxxgroup.de\/transportkuehlung-hannover\/wp-json\/wp\/v2\/pages\/2829","targetHints":{"allow":["GET"]}}],"collection":[{"href":"https:\/\/www.truckxxgroup.de\/transportkuehlung-hannover\/wp-json\/wp\/v2\/pages"}],"about":[{"href":"https:\/\/www.truckxxgroup.de\/transportkuehlung-hannover\/wp-json\/wp\/v2\/types\/page"}],"author":[{"embeddable":true,"href":"https:\/\/www.truckxxgroup.de\/transportkuehlung-hannover\/wp-json\/wp\/v2\/users\/2"}],"replies":[{"embeddable":true,"href":"https:\/\/www.truckxxgroup.de\/transportkuehlung-hannover\/wp-json\/wp\/v2\/comments?post=2829"}],"version-history":[{"count":22,"href":"https:\/\/www.truckxxgroup.de\/transportkuehlung-hannover\/wp-json\/wp\/v2\/pages\/2829\/revisions"}],"predecessor-version":[{"id":3106,"href":"https:\/\/www.truckxxgroup.de\/transportkuehlung-hannover\/wp-json\/wp\/v2\/pages\/2829\/revisions\/3106"}],"wp:attachment":[{"href":"https:\/\/www.truckxxgroup.de\/transportkuehlung-hannover\/wp-json\/wp\/v2\/media?parent=2829"}],"curies":[{"name":"wp","href":"https:\/\/api.w.org\/{rel}","templated":true}]}}