{"id":262,"date":"2015-07-30T10:27:13","date_gmt":"2015-07-30T08:27:13","guid":{"rendered":"http:\/\/www.truckxgroup.detestwww\/transportkuehlung-hannover\/?page_id=262"},"modified":"2023-10-19T13:26:02","modified_gmt":"2023-10-19T11:26:02","slug":"24h-stunden-service","status":"publish","type":"page","link":"https:\/\/www.truckxxgroup.de\/transportkuehlung-hannover\/24h-stunden-service\/","title":{"rendered":"24 Stunden Service f\u00fcr Transportk\u00fchlungen"},"content":{"rendered":"<div class=\"wpb-content-wrapper\"><p>[vc_row][vc_column width=&#8221;2\/3&#8243;][vc_column_text]<\/p>\n<h3>UNSER 24h NOTDIENST SERVICE F\u00dcR Transportk\u00fchlungen im Gro\u00dfraum Hannover<\/h3>\n<p><strong>24 Stunden-Service<\/strong><\/p>\n<p>Unsere Hotline-Nummer &#8211; Tag und Nacht &#8211; 365 Tage im Jahr<\/p>\n<p><strong>Telefon: +49 (0)511 519335-0<\/strong><\/p>\n<p>24 Std. Service rund um die Uhr f\u00fcr Sie da![\/vc_column_text][\/vc_column][vc_column width=&#8221;1\/3&#8243;][\/vc_column][\/vc_row]<\/p>\n<\/div>","protected":false},"excerpt":{"rendered":"<p>[vc_row][vc_column width=&#8221;2\/3&#8243;][vc_column_text] UNSER 24h NOTDIENST SERVICE F\u00dcR Transportk\u00fchlungen im Gro\u00dfraum Hannover 24 Stunden-Service Unsere Hotline-Nummer &#8211; Tag und Nacht &#8211; 365 Tage im Jahr Telefon: +49 (0)511 519335-0 24 Std. Service rund um die Uhr f\u00fcr Sie da![\/vc_column_text][\/vc_column][vc_column width=&#8221;1\/3&#8243;][\/vc_column][\/vc_row]<\/p>\n","protected":false},"author":2,"featured_media":0,"parent":0,"menu_order":0,"comment_status":"closed","ping_status":"closed","template":"","meta":{"footnotes":""},"class_list":["post-262","page","type-page","status-publish","hentry","description-off"],"_links":{"self":[{"href":"https:\/\/www.truckxxgroup.de\/transportkuehlung-hannover\/wp-json\/wp\/v2\/pages\/262","targetHints":{"allow":["GET"]}}],"collection":[{"href":"https:\/\/www.truckxxgroup.de\/transportkuehlung-hannover\/wp-json\/wp\/v2\/pages"}],"about":[{"href":"https:\/\/www.truckxxgroup.de\/transportkuehlung-hannover\/wp-json\/wp\/v2\/types\/page"}],"author":[{"embeddable":true,"href":"https:\/\/www.truckxxgroup.de\/transportkuehlung-hannover\/wp-json\/wp\/v2\/users\/2"}],"replies":[{"embeddable":true,"href":"https:\/\/www.truckxxgroup.de\/transportkuehlung-hannover\/wp-json\/wp\/v2\/comments?post=262"}],"version-history":[{"count":8,"href":"https:\/\/www.truckxxgroup.de\/transportkuehlung-hannover\/wp-json\/wp\/v2\/pages\/262\/revisions"}],"predecessor-version":[{"id":3105,"href":"https:\/\/www.truckxxgroup.de\/transportkuehlung-hannover\/wp-json\/wp\/v2\/pages\/262\/revisions\/3105"}],"wp:attachment":[{"href":"https:\/\/www.truckxxgroup.de\/transportkuehlung-hannover\/wp-json\/wp\/v2\/media?parent=262"}],"curies":[{"name":"wp","href":"https:\/\/api.w.org\/{rel}","templated":true}]}}