{"id":20,"date":"2015-07-14T09:08:03","date_gmt":"2015-07-14T07:08:03","guid":{"rendered":"http:\/\/www.truckxgroup.detestwww\/transportkuehlung-hannover\/?page_id=20"},"modified":"2023-11-02T14:48:00","modified_gmt":"2023-11-02T13:48:00","slug":"impressum","status":"publish","type":"page","link":"https:\/\/www.truckxxgroup.de\/transportkuehlung-hannover\/impressum\/","title":{"rendered":"Impressum"},"content":{"rendered":"<h3>Impressum<\/h3>\n<p>&nbsp;<\/p>\n<p><strong>Transportk\u00fchlung Hannover GmbH<\/strong><br \/>\nGalileistra\u00dfe 3<br \/>\n30853 Langenhagen<\/p>\n<p><strong>Vertretungsberechtige Gesch\u00e4ftsf\u00fchrer:<\/strong> Frank Schevel, Klaus Keese, Vanessa Templin-Barsuhn<\/p>\n<p><strong>Inhaltlich Verantwortlicher:<\/strong> Frank Schevel (Anschrift s.o.)<\/p>\n<p><strong>Telefon:<\/strong>\u00a0\u00a0+49 (0)511 519335-0<br \/>\n<strong>Fax:<\/strong> +49 (0)511 519335-24<br \/>\n<strong>E-Mail:<\/strong> info.hannover@truckxxgroup.de<\/p>\n<p><strong>Registergericht:<\/strong> Amtsgericht Hannover<br \/>\n<strong>Registernummer:<\/strong> HRB 203420<br \/>\n<strong>Umsatzsteuer-Identifikationsnummer gem. \u00a7 27a UStG:<\/strong> DE 261 198 960<\/p>\n<p>&nbsp;<\/p>\n<p><strong>Haftungshinweis:<\/strong><br \/>\nF\u00fcr Verweise auf unseren Seiten m\u00f6chten wir ausdr\u00fccklich betonen, dass wir keinerlei Einfluss auf den Linktext, die Gestaltung, evtl. Verletzungen geltender Rechte, auch Marken- und Titelrechte und die Inhalte der gelinkten Seiten haben. Wir distanzieren uns ausdr\u00fccklich von den Linkformulierungen, sowie von allen Inhalten aller Seiten auf die wir Verweise gesetzt haben und machen uns ihre Inhalte nicht zu eigen. Diese Erkl\u00e4rung gilt f\u00fcr alle auf unserer Website angebrachten Links und f\u00fcr alle Inhalte der Seiten, zu denen die bei uns angemeldeten Banner oder Links f\u00fchren.<\/p>\n<p>Wir bem\u00fchen uns, m\u00f6glichst genaue und zuverl\u00e4ssige Informationen auf unseren Webseiten zu ver\u00f6ffentlichen. Wir k\u00f6nnen jedoch keinerlei Gew\u00e4hr f\u00fcr die Richtigkeit aller ver\u00f6ffentlichten Informationen leisten. Jegliche Haftung f\u00fcr den Fall von Irrt\u00fcmern oder Auslassungen auf unseren Webseiten wird ausgeschlossen.<\/p>\n<hr \/>\n<p><strong>Online-Plattform zur au\u00dfergerichtlichen Beilegung von verbraucherrechtlichen Streitigkeiten<\/strong><\/p>\n<p>Entsprechend der gesetzlichen Verpflichtung weisen wir darauf hin, dass die Europ\u00e4ische Union eine Online-Plattform zur au\u00dfergerichtlichen Beilegung von verbraucherrechtlichen Streitigkeiten (\u201eOSPlattform\u201c) eingerichtet hat: <a href=\"http:\/\/ec.europa.eu\/consumers\/odr\/\">http:\/\/ec.europa.eu\/consumers\/odr\/<\/a><br \/>\nWir nehmen jedoch nicht an Streitbeilegungsverfahren vor Verbraucherschlichtungsstellen teil.<\/p>\n","protected":false},"excerpt":{"rendered":"<p>Impressum &nbsp; Transportk\u00fchlung Hannover GmbH Galileistra\u00dfe 3 30853 Langenhagen Vertretungsberechtige Gesch\u00e4ftsf\u00fchrer: Frank Schevel, Klaus Keese, Vanessa Templin-Barsuhn Inhaltlich Verantwortlicher: Frank Schevel (Anschrift s.o.) Telefon:\u00a0\u00a0+49 (0)511 519335-0 Fax: +49 (0)511 519335-24 E-Mail: info.hannover@truckxxgroup.de Registergericht: Amtsgericht Hannover Registernummer: HRB 203420 Umsatzsteuer-Identifikationsnummer gem. \u00a7 27a UStG: DE 261 198 960 &nbsp; Haftungshinweis: F\u00fcr Verweise auf unseren Seiten m\u00f6chten&hellip;<\/p>\n","protected":false},"author":2,"featured_media":0,"parent":0,"menu_order":0,"comment_status":"closed","ping_status":"closed","template":"","meta":{"footnotes":""},"class_list":["post-20","page","type-page","status-publish","hentry","description-off"],"_links":{"self":[{"href":"https:\/\/www.truckxxgroup.de\/transportkuehlung-hannover\/wp-json\/wp\/v2\/pages\/20","targetHints":{"allow":["GET"]}}],"collection":[{"href":"https:\/\/www.truckxxgroup.de\/transportkuehlung-hannover\/wp-json\/wp\/v2\/pages"}],"about":[{"href":"https:\/\/www.truckxxgroup.de\/transportkuehlung-hannover\/wp-json\/wp\/v2\/types\/page"}],"author":[{"embeddable":true,"href":"https:\/\/www.truckxxgroup.de\/transportkuehlung-hannover\/wp-json\/wp\/v2\/users\/2"}],"replies":[{"embeddable":true,"href":"https:\/\/www.truckxxgroup.de\/transportkuehlung-hannover\/wp-json\/wp\/v2\/comments?post=20"}],"version-history":[{"count":10,"href":"https:\/\/www.truckxxgroup.de\/transportkuehlung-hannover\/wp-json\/wp\/v2\/pages\/20\/revisions"}],"predecessor-version":[{"id":3126,"href":"https:\/\/www.truckxxgroup.de\/transportkuehlung-hannover\/wp-json\/wp\/v2\/pages\/20\/revisions\/3126"}],"wp:attachment":[{"href":"https:\/\/www.truckxxgroup.de\/transportkuehlung-hannover\/wp-json\/wp\/v2\/media?parent=20"}],"curies":[{"name":"wp","href":"https:\/\/api.w.org\/{rel}","templated":true}]}}