{"id":41,"date":"2015-07-14T09:58:39","date_gmt":"2015-07-14T07:58:39","guid":{"rendered":"http:\/\/www.truckxgroup.detestwww\/transportkuehlung-hannover\/?page_id=41"},"modified":"2023-10-26T10:43:31","modified_gmt":"2023-10-26T08:43:31","slug":"leistungen","status":"publish","type":"page","link":"https:\/\/www.truckxxgroup.de\/tankservice-bielefeld\/leistungen\/","title":{"rendered":"Leistungen"},"content":{"rendered":"<div class=\"wpb-content-wrapper\"><p>[vc_row][vc_column width=&#8221;2\/3&#8243;][vc_column_text]<\/p>\n<h3>Nutzfahrzeugservice und Tankwagen in Bielefeld<\/h3>\n<p><strong>Unser Leistungsspektrum:<\/strong><\/p>\n<ul>\n<li>Nutzfahrzeug Meisterwerkstatt: Service und Reparaturen f\u00fcr Lkw, Transporter, Auflieger<\/li>\n<li>Unfallinstandsetzung<\/li>\n<li>Verl\u00e4ngern und erstellen von Zulassungsbescheinigungen<\/li>\n<li><a href=\"https:\/\/www.truckxxgroup.de\/tankservice-bielefeld\/ersatzteileservice\/\">Ersatzteilbeschaffung<\/a> s\u00e4mtlicher Tankwagen &#8211; Zulieferer<\/li>\n<li>Soforthilfe 24 h \/ 365 Tage direkt vor Ort<\/li>\n<li>Tankumsetzungen<\/li>\n<li>Schmier\u00f6lanlagen<\/li>\n<li>Wartung aller g\u00e4ngigen Tankfahrzeuge (Sonderfahrzeuge), speziell im Bereich Mineral\u00f6le,<br \/>\nChemikalien sowie Alt\u00f6lentsorgungsfahrzeuge<\/li>\n<li>Instandsetzung aller Tankfahrzeuge<\/li>\n<\/ul>\n<p>&nbsp;<\/p>\n<p><strong>Alle relevanten Untersuchungen direkt bei uns im Haus:<\/strong><\/p>\n<ul>\n<li>ADR Untersuchung<\/li>\n<li>GGVS Abnahmen<\/li>\n<li>Einbau- und Wartung aller QSS- \/ ASS- \/ TMU- und ANA- Systeme<\/li>\n<li>Eichung von Peilstab- und Me\u00dfanlagenfahrzeugen<\/li>\n<li>Sicherheitspr\u00fcfung<\/li>\n<li>Feuerl\u00f6scherpr\u00fcfung<\/li>\n<li>Hauptuntersuchung nach \u00a7 29 \/\u00a0\u00a7 21<\/li>\n<\/ul>\n<p>[\/vc_column_text][\/vc_column][vc_column width=&#8221;1\/3&#8243;][vc_single_image image=&#8221;3176&#8243; img_size=&#8221;full&#8221;][\/vc_column][\/vc_row]<\/p>\n<\/div>","protected":false},"excerpt":{"rendered":"<p>[vc_row][vc_column width=&#8221;2\/3&#8243;][vc_column_text] Nutzfahrzeugservice und Tankwagen in Bielefeld Unser Leistungsspektrum: Nutzfahrzeug Meisterwerkstatt: Service und Reparaturen f\u00fcr Lkw, Transporter, Auflieger Unfallinstandsetzung Verl\u00e4ngern und erstellen von Zulassungsbescheinigungen Ersatzteilbeschaffung s\u00e4mtlicher Tankwagen &#8211; Zulieferer Soforthilfe 24 h \/ 365 Tage direkt vor Ort Tankumsetzungen Schmier\u00f6lanlagen Wartung aller g\u00e4ngigen Tankfahrzeuge (Sonderfahrzeuge), speziell im Bereich Mineral\u00f6le, Chemikalien sowie Alt\u00f6lentsorgungsfahrzeuge Instandsetzung aller Tankfahrzeuge&hellip;<\/p>\n","protected":false},"author":2,"featured_media":0,"parent":0,"menu_order":0,"comment_status":"closed","ping_status":"open","template":"","meta":{"footnotes":""},"class_list":["post-41","page","type-page","status-publish","hentry","description-off"],"_links":{"self":[{"href":"https:\/\/www.truckxxgroup.de\/tankservice-bielefeld\/wp-json\/wp\/v2\/pages\/41","targetHints":{"allow":["GET"]}}],"collection":[{"href":"https:\/\/www.truckxxgroup.de\/tankservice-bielefeld\/wp-json\/wp\/v2\/pages"}],"about":[{"href":"https:\/\/www.truckxxgroup.de\/tankservice-bielefeld\/wp-json\/wp\/v2\/types\/page"}],"author":[{"embeddable":true,"href":"https:\/\/www.truckxxgroup.de\/tankservice-bielefeld\/wp-json\/wp\/v2\/users\/2"}],"replies":[{"embeddable":true,"href":"https:\/\/www.truckxxgroup.de\/tankservice-bielefeld\/wp-json\/wp\/v2\/comments?post=41"}],"version-history":[{"count":83,"href":"https:\/\/www.truckxxgroup.de\/tankservice-bielefeld\/wp-json\/wp\/v2\/pages\/41\/revisions"}],"predecessor-version":[{"id":3179,"href":"https:\/\/www.truckxxgroup.de\/tankservice-bielefeld\/wp-json\/wp\/v2\/pages\/41\/revisions\/3179"}],"wp:attachment":[{"href":"https:\/\/www.truckxxgroup.de\/tankservice-bielefeld\/wp-json\/wp\/v2\/media?parent=41"}],"curies":[{"name":"wp","href":"https:\/\/api.w.org\/{rel}","templated":true}]}}