{"id":262,"date":"2015-07-30T10:27:13","date_gmt":"2015-07-30T08:27:13","guid":{"rendered":"http:\/\/www.truckxgroup.detestwww\/transportkuehlung-hannover\/?page_id=262"},"modified":"2023-10-24T11:09:19","modified_gmt":"2023-10-24T09:09:19","slug":"24-stunden-service","status":"publish","type":"page","link":"https:\/\/www.truckxxgroup.de\/tankservice-bielefeld\/24-stunden-service\/","title":{"rendered":"24 Stunden-Service"},"content":{"rendered":"<div class=\"wpb-content-wrapper\"><p>[vc_row][vc_column width=&#8221;2\/3&#8243;][vc_column_text]24 Stunden Service<br \/>\nUnsere Notdienst-Nummer<\/p>\n<p>Tag und Nacht &#8211; 365 Tage im Jahr<\/p>\n<p><strong>Telefon: +49 (0)521 98 83 23 &#8211; 0<\/strong><\/p>\n<p>Rund um die Uhr f\u00fcr Sie da!<\/p>\n<p>In unserem Haus ist ein 24-Std. Notdienst eingerichtet der Ihr Fahrzeug bei Bedarf zu jederzeit wieder flott macht.<\/p>\n<p>Dieses gew\u00e4hrleistet, dass wir viele Reparaturen vor Ort ausf\u00fchren k\u00f6nnen, ohne dass zeitaufw\u00e4ndige \u00dcberf\u00fchrungen in eine Werkstatt vorgenommen werden m\u00fcssen.[\/vc_column_text][\/vc_column][vc_column width=&#8221;1\/3&#8243;][vc_single_image image=&#8221;568&#8243; img_size=&#8221;full&#8221; alignment=&#8221;center&#8221; style=&#8221;vc_box_shadow_3d&#8221;][\/vc_column][\/vc_row]<\/p>\n<\/div>","protected":false},"excerpt":{"rendered":"<p>[vc_row][vc_column width=&#8221;2\/3&#8243;][vc_column_text]24 Stunden Service Unsere Notdienst-Nummer Tag und Nacht &#8211; 365 Tage im Jahr Telefon: +49 (0)521 98 83 23 &#8211; 0 Rund um die Uhr f\u00fcr Sie da! In unserem Haus ist ein 24-Std. Notdienst eingerichtet der Ihr Fahrzeug bei Bedarf zu jederzeit wieder flott macht. Dieses gew\u00e4hrleistet, dass wir viele Reparaturen vor Ort&hellip;<\/p>\n","protected":false},"author":2,"featured_media":0,"parent":0,"menu_order":0,"comment_status":"closed","ping_status":"open","template":"","meta":{"footnotes":""},"class_list":["post-262","page","type-page","status-publish","hentry","description-off"],"_links":{"self":[{"href":"https:\/\/www.truckxxgroup.de\/tankservice-bielefeld\/wp-json\/wp\/v2\/pages\/262","targetHints":{"allow":["GET"]}}],"collection":[{"href":"https:\/\/www.truckxxgroup.de\/tankservice-bielefeld\/wp-json\/wp\/v2\/pages"}],"about":[{"href":"https:\/\/www.truckxxgroup.de\/tankservice-bielefeld\/wp-json\/wp\/v2\/types\/page"}],"author":[{"embeddable":true,"href":"https:\/\/www.truckxxgroup.de\/tankservice-bielefeld\/wp-json\/wp\/v2\/users\/2"}],"replies":[{"embeddable":true,"href":"https:\/\/www.truckxxgroup.de\/tankservice-bielefeld\/wp-json\/wp\/v2\/comments?post=262"}],"version-history":[{"count":5,"href":"https:\/\/www.truckxxgroup.de\/tankservice-bielefeld\/wp-json\/wp\/v2\/pages\/262\/revisions"}],"predecessor-version":[{"id":569,"href":"https:\/\/www.truckxxgroup.de\/tankservice-bielefeld\/wp-json\/wp\/v2\/pages\/262\/revisions\/569"}],"wp:attachment":[{"href":"https:\/\/www.truckxxgroup.de\/tankservice-bielefeld\/wp-json\/wp\/v2\/media?parent=262"}],"curies":[{"name":"wp","href":"https:\/\/api.w.org\/{rel}","templated":true}]}}