{"id":9779,"date":"2023-02-07T11:19:58","date_gmt":"2023-02-07T10:19:58","guid":{"rendered":"https:\/\/www.truckxxgroup.de\/karriere\/?page_id=9779"},"modified":"2025-04-08T15:02:24","modified_gmt":"2025-04-08T13:02:24","slug":"schnellbewerbung","status":"publish","type":"page","link":"https:\/\/www.truckxxgroup.de\/karriere\/schnellbewerbung\/","title":{"rendered":"Schnellbewerbung"},"content":{"rendered":"<div class=\"wpb-content-wrapper\"><p>[vc_row css=&#8221;.vc_custom_1675848724802{margin-top: 0px !important;margin-right: 0px !important;margin-left: 0px !important;padding-top: 0px !important;padding-right: 0px !important;padding-left: 0px !important;background-image: url(https:\/\/www.truckxxgroup.de\/karriere\/wp-content\/uploads\/sites\/16\/2023\/02\/speedgaugebg2.png?id=9844) !important;background-position: center !important;background-repeat: no-repeat !important;background-size: contain !important;}&#8221;][vc_column][vc_column_text css=&#8221;.vc_custom_1744117342062{margin-top: 35px !important;}&#8221;]<img loading=\"lazy\" decoding=\"async\" class=\"aligncenter wp-image-9813 size-full\" src=\"https:\/\/www.truckxxgroup.de\/karriere\/wp-content\/uploads\/sites\/16\/2023\/02\/TG-Logo_transparent.png\" alt=\"\" width=\"200\" height=\"39\" \/><\/p>\n<h3 id=\"schnellbewerbung\" style=\"text-align: center;\">Ihre Schnellbewerbung \/ Initiativbewerbung<\/h3>\n<p id=\"einleitung\" style=\"text-align: center;\"><strong>Lust in unser Team zu kommen?<\/strong><br \/>\nDann senden Sie uns hier Ihre Kontaktdaten und<br \/>\n<strong>wir melden uns <\/strong><strong>bei Ihnen.<\/strong><\/p>\n<p style=\"text-align: center;\"><strong>Sie schreiben lieber eine E-Mail?<\/strong><br \/>\nDann senden Sie uns Ihre Bewerbung an: <a href=\"mailto:bewerbung@truckxxgroup.de\" target=\"_blank\" rel=\"noopener\">bewerbung@truckxxgroup.de<\/a><\/p>\n<p><img loading=\"lazy\" decoding=\"async\" class=\"aligncenter wp-image-9819 size-full\" src=\"https:\/\/www.truckxxgroup.de\/karriere\/wp-content\/uploads\/sites\/16\/2023\/02\/soschnell.png\" alt=\"\" width=\"356\" height=\"50\" srcset=\"https:\/\/www.truckxxgroup.de\/karriere\/wp-content\/uploads\/sites\/16\/2023\/02\/soschnell.png 356w, https:\/\/www.truckxxgroup.de\/karriere\/wp-content\/uploads\/sites\/16\/2023\/02\/soschnell-300x42.png 300w\" sizes=\"auto, (max-width: 356px) 100vw, 356px\" \/>[\/vc_column_text][\/vc_column][\/vc_row][vc_row][vc_column width=&#8221;1\/3&#8243;][\/vc_column][vc_column width=&#8221;1\/3&#8243; css=&#8221;.vc_custom_1741180709967{background-color: #DBDBDB !important;}&#8221;][vc_column_text]<\/p>\n<p><center><br \/>\n\n<div class=\"wpcf7 no-js\" id=\"wpcf7-f2069-o1\" lang=\"de-DE\" dir=\"ltr\" data-wpcf7-id=\"2069\">\n<div class=\"screen-reader-response\"><p role=\"status\" aria-live=\"polite\" aria-atomic=\"true\"><\/p> <ul><\/ul><\/div>\n<form action=\"\/karriere\/wp-json\/wp\/v2\/pages\/9779#wpcf7-f2069-o1\" method=\"post\" class=\"wpcf7-form init\" aria-label=\"Kontaktformular\" enctype=\"multipart\/form-data\" novalidate=\"novalidate\" data-status=\"init\">\n<fieldset class=\"hidden-fields-container\"><input type=\"hidden\" name=\"_wpcf7\" value=\"2069\" \/><input type=\"hidden\" name=\"_wpcf7_version\" value=\"6.1.5\" \/><input type=\"hidden\" name=\"_wpcf7_locale\" value=\"de_DE\" \/><input type=\"hidden\" name=\"_wpcf7_unit_tag\" value=\"wpcf7-f2069-o1\" \/><input type=\"hidden\" name=\"_wpcf7_container_post\" value=\"0\" \/><input type=\"hidden\" name=\"_wpcf7_posted_data_hash\" value=\"\" \/>\n<\/fieldset>\n<p><strong>Name<\/strong> (Pflichtfeld)\n<\/p>\n<p><span class=\"wpcf7-form-control-wrap\" data-name=\"your-name\"><input size=\"40\" maxlength=\"400\" class=\"wpcf7-form-control wpcf7-text wpcf7-validates-as-required\" aria-required=\"true\" aria-invalid=\"false\" value=\"\" type=\"text\" name=\"your-name\" \/><\/span>\n<\/p>\n<p><strong>Vorname<\/strong> (Pflichtfeld)\n<\/p>\n<p><span class=\"wpcf7-form-control-wrap\" data-name=\"vorname\"><input size=\"40\" maxlength=\"400\" class=\"wpcf7-form-control wpcf7-text wpcf7-validates-as-required\" aria-required=\"true\" aria-invalid=\"false\" value=\"\" type=\"text\" name=\"vorname\" \/><\/span>\n<\/p>\n<p><strong>E-Mail-Adresse<\/strong> (Pflichtfeld)\n<\/p>\n<p><span class=\"wpcf7-form-control-wrap\" data-name=\"your-email\"><input size=\"40\" maxlength=\"400\" class=\"wpcf7-form-control wpcf7-email wpcf7-validates-as-required wpcf7-text wpcf7-validates-as-email\" aria-required=\"true\" aria-invalid=\"false\" value=\"\" type=\"email\" name=\"your-email\" \/><\/span>\n<\/p>\n<p><strong>Telefon<\/strong> (Pflichtfeld)\n<\/p>\n<p><span class=\"wpcf7-form-control-wrap\" data-name=\"telefon\"><input size=\"40\" maxlength=\"400\" class=\"wpcf7-form-control wpcf7-text wpcf7-validates-as-required\" aria-required=\"true\" aria-invalid=\"false\" value=\"\" type=\"text\" name=\"telefon\" \/><\/span>\n<\/p>\n<p><strong>Alter<\/strong> (Kein Pflichtfeld)\n<\/p>\n<p><span class=\"wpcf7-form-control-wrap\" data-name=\"alter\"><input size=\"40\" maxlength=\"400\" class=\"wpcf7-form-control wpcf7-text\" aria-invalid=\"false\" value=\"\" type=\"text\" name=\"alter\" \/><\/span>\n<\/p>\n<hr width=\"350\" align=\"center\" \/>\n<p id=wunschstelle><strong>Wunschstelle<\/strong> (m\/w\/d) \/ Bereich (Pflichtfeld)<br \/>\n(Falls gew\u00fcnschte Stelle nicht aufgef\u00fchrt, bitte unten im Nachrichtenfeld angeben, auf welche Stelle Sie sich beziehen.)\n<\/p>\n<p><span class=\"wpcf7-form-control-wrap\" data-name=\"beruf\"><select class=\"wpcf7-form-control wpcf7-select wpcf7-validates-as-required\" aria-required=\"true\" aria-invalid=\"false\" name=\"beruf\"><option value=\"Kfz Mechatroniker\/in Nutzfahrzeugtechnik\">Kfz Mechatroniker\/in Nutzfahrzeugtechnik<\/option><option value=\"Kfz Mechatroniker\/in System- und Hochvolttechnik\">Kfz Mechatroniker\/in System- und Hochvolttechnik<\/option><option value=\"Kfz Mechatroniker\/in Schwerpunkt Fahrzeugelektrik\">Kfz Mechatroniker\/in Schwerpunkt Fahrzeugelektrik<\/option><option value=\"Kfz Meister\">Kfz Meister<\/option><option value=\"Kfz-Diagnosetechniker\">Kfz-Diagnosetechniker<\/option><option value=\"Mechatroniker\/in f\u00fcr K\u00e4ltetechnik\">Mechatroniker\/in f\u00fcr K\u00e4ltetechnik<\/option><option value=\"Land- und Baumaschinenmechatroniker\">Land- und Baumaschinenmechatroniker<\/option><option value=\"Karosserie- und Fahrzeugbaumechaniker\/in\">Karosserie- und Fahrzeugbaumechaniker\/in<\/option><option value=\"Metallbauer\/in FR Nutzfahrzeugbau\">Metallbauer\/in FR Nutzfahrzeugbau<\/option><option value=\"Fachkraft f\u00fcr Lagerlogistik\">Fachkraft f\u00fcr Lagerlogistik<\/option><option value=\"Automobilkaufmann\/-frau\">Automobilkaufmann\/-frau<\/option><option value=\"Kauffrau\/-mann f\u00fcr B\u00fcromanagement\">Kauffrau\/-mann f\u00fcr B\u00fcromanagement<\/option><option value=\"Studium Bachelor of Arts (B.A. in Betriebswirtschaft)\">Studium Bachelor of Arts (B.A. in Betriebswirtschaft)<\/option><option value=\"Kaufm\u00e4nnischer MA\">Kaufm\u00e4nnischer MA<\/option><option value=\"Serviceberater\/in\">Serviceberater\/in<\/option><option value=\"Betriebsleiter\/in\">Betriebsleiter\/in<\/option><option value=\"Serviceassistenz\">Serviceassistenz<\/option><option value=\"Mitarbeiter\/in Kassen-\/Bistrobereich (Wasch Center Lauenau)\">Mitarbeiter\/in Kassen-\/Bistrobereich (Wasch Center Lauenau)<\/option><option value=\"Lagerleiter\">Lagerleiter<\/option><option value=\"Personaldienstleistungskaufmann\/frau\">Personaldienstleistungskaufmann\/frau<\/option><option value=\"Servicetechniker Transportk\u00e4lte im Au\u00dfeneinsatz (Raum Halberstadt)\">Servicetechniker Transportk\u00e4lte im Au\u00dfeneinsatz (Raum Halberstadt)<\/option><option value=\"Servicetechniker Transportk\u00e4lte im Au\u00dfeneinsatz (Raum Kassel)\">Servicetechniker Transportk\u00e4lte im Au\u00dfeneinsatz (Raum Kassel)<\/option><option value=\"Servicetechniker Transportk\u00e4lte im Au\u00dfeneinsatz (Raum Hannover)\">Servicetechniker Transportk\u00e4lte im Au\u00dfeneinsatz (Raum Hannover)<\/option><option value=\"Servicetechniker Transportk\u00e4lte im Au\u00dfeneinsatz (Raum Hildesheim)\">Servicetechniker Transportk\u00e4lte im Au\u00dfeneinsatz (Raum Hildesheim)<\/option><option value=\"Hausmeister\">Hausmeister<\/option><option value=\"Sonstige\">Sonstige<\/option><\/select><\/span>\n<\/p>\n<p id=interessiert><strong>Interessiert an:<\/strong>\n<\/p>\n<p><span class=\"wpcf7-form-control-wrap\" data-name=\"stellenart\"><span class=\"wpcf7-form-control wpcf7-radio\"><span class=\"wpcf7-list-item first\"><label><input type=\"radio\" name=\"stellenart\" value=\"Arbeitsstelle\" checked=\"checked\" \/><span class=\"wpcf7-list-item-label\">Arbeitsstelle<\/span><\/label><\/span><span class=\"wpcf7-list-item\"><label><input type=\"radio\" name=\"stellenart\" value=\"Ausbildungsplatz\" \/><span class=\"wpcf7-list-item-label\">Ausbildungsplatz<\/span><\/label><\/span><span class=\"wpcf7-list-item last\"><label><input type=\"radio\" name=\"stellenart\" value=\"Praktikumsplatz\" \/><span class=\"wpcf7-list-item-label\">Praktikumsplatz<\/span><\/label><\/span><\/span><\/span>\n<\/p>\n<p id=betrieb>Gew\u00fcnschter <strong>Betrieb \/ Standort<\/strong> (Pflichtfeld)\n<\/p>\n<p><span class=\"wpcf7-form-control-wrap\" data-name=\"betrieb\"><select class=\"wpcf7-form-control wpcf7-select wpcf7-validates-as-required\" aria-required=\"true\" aria-invalid=\"false\" name=\"betrieb\"><option value=\"Fahrzeugbau Schierling GmbH (31789 Hameln)\">Fahrzeugbau Schierling GmbH (31789 Hameln)<\/option><option value=\"Truckxxgroup Verwaltung GmbH (31789 Hameln)\">Truckxxgroup Verwaltung GmbH (31789 Hameln)<\/option><option value=\"Gabelstapler Service Hameln GmbH (31789 Hameln)\">Gabelstapler Service Hameln GmbH (31789 Hameln)<\/option><option value=\"Schevel Nutzfahrzeuge GmbH (49835 Wietmarschen-Lohne)\">Schevel Nutzfahrzeuge GmbH (49835 Wietmarschen-Lohne)<\/option><option value=\"TSB Tank Service Bielefeld GmbH (33605 Bielefeld)\">TSB Tank Service Bielefeld GmbH (33605 Bielefeld)<\/option><option value=\"Transportk\u00fchlung Hannover GmbH (30853 Langenhagen)\">Transportk\u00fchlung Hannover GmbH (30853 Langenhagen)<\/option><option value=\"Truck Center Halberstadt GmbH (38820 Halberstadt)\">Truck Center Halberstadt GmbH (38820 Halberstadt)<\/option><option value=\"Truck Center Minden GmbH (32423 Minden)\">Truck Center Minden GmbH (32423 Minden)<\/option><option value=\"Truck Center Lauenau GmbH (31867 Lauenau)\">Truck Center Lauenau GmbH (31867 Lauenau)<\/option><\/select><\/span>\n<\/p>\n<p id=nhinweis>Bitte senden Sie uns Ihren Lebenslauf. Optional k\u00f6nnen Sie auch noch weitere Dokumente anh\u00e4ngen (unter Anhang 2 + 3).\n<\/p>\n<p style=\"margin-top:20px; margin-bottom:20px; font-size: 13px; line-height:16px;\">(Die maximale Gr\u00f6\u00dfe je Datei darf 4MB nicht \u00fcbersteigen. Erlaubte Dateitypen: pdf, txt, jpg, png, doc, docx, odt)\n<\/p>\n<p>Wir freuen uns auf Ihre Bewerbung!\n<\/p>\n<p style=\"margin-top:30px;\"><strong>Anhang 1 (Lebenslauf)<\/strong><br \/>\n(Pflicht: Lebenslauf muss anh\u00e4ngt werden, sonst kann das Formular nicht abgeschickt werden.)\n<\/p>\n<p><span class=\"wpcf7-form-control-wrap\" data-name=\"anhang-1\"><input size=\"40\" class=\"wpcf7-form-control wpcf7-file wpcf7-validates-as-required\" accept=\".pdf,.txt,.jpg,.png,.doc,.docx,.odt\" aria-required=\"true\" aria-invalid=\"false\" type=\"file\" name=\"anhang-1\" \/><\/span>\n<\/p>\n<p style=\"margin-top:20px;\"><strong>Anhang 2<\/strong>\n<\/p>\n<p><span class=\"wpcf7-form-control-wrap\" data-name=\"anhang-2\"><input size=\"40\" class=\"wpcf7-form-control wpcf7-file\" accept=\".pdf,.txt,.jpg,.png,.doc,.docx,.odt\" aria-invalid=\"false\" type=\"file\" name=\"anhang-2\" \/><\/span>\n<\/p>\n<p style=\"margin-top:20px;\"><strong>Anhang 3<\/strong>\n<\/p>\n<p><span class=\"wpcf7-form-control-wrap\" data-name=\"anhang-3\"><input size=\"40\" class=\"wpcf7-form-control wpcf7-file\" accept=\".pdf,.txt,.jpg,.png,.doc,.docx,.odt\" aria-invalid=\"false\" type=\"file\" name=\"anhang-3\" \/><\/span>\n<\/p>\n<p id=nachricht>Ihre Nachricht an uns (optional):\n<\/p>\n<p><span class=\"wpcf7-form-control-wrap\" data-name=\"nachricht\"><textarea cols=\"40\" rows=\"10\" maxlength=\"2000\" class=\"wpcf7-form-control wpcf7-textarea\" aria-invalid=\"false\" name=\"nachricht\"><\/textarea><\/span>\n<\/p>\n<p><input class=\"wpcf7-form-control wpcf7-submit has-spinner\" type=\"submit\" value=\"Senden\" \/>\n<\/p><div class=\"wpcf7-response-output\" aria-hidden=\"true\"><\/div>\n<\/form>\n<\/div>\n<\/center>[\/vc_column_text][\/vc_column][vc_column width=&#8221;1\/3&#8243;][\/vc_column][\/vc_row]<\/p>\n<\/div>","protected":false},"excerpt":{"rendered":"<p>[vc_row css=&#8221;.vc_custom_1675848724802{margin-top: 0px !important;margin-right: 0px !important;margin-left: 0px !important;padding-top: 0px !important;padding-right: 0px !important;padding-left: 0px !important;background-image: url(https:\/\/www.truckxxgroup.de\/karriere\/wp-content\/uploads\/sites\/16\/2023\/02\/speedgaugebg2.png?id=9844) !important;background-position: center !important;background-repeat: no-repeat !important;background-size: contain !important;}&#8221;][vc_column][vc_column_text css=&#8221;.vc_custom_1744117342062{margin-top: 35px !important;}&#8221;] Ihre Schnellbewerbung \/ Initiativbewerbung Lust in unser Team zu kommen? Dann senden Sie uns hier Ihre Kontaktdaten und wir melden uns bei Ihnen. Sie schreiben lieber eine E-Mail? Dann senden&hellip;<\/p>\n","protected":false},"author":2,"featured_media":0,"parent":0,"menu_order":0,"comment_status":"closed","ping_status":"closed","template":"","meta":{"footnotes":""},"class_list":["post-9779","page","type-page","status-publish","hentry","description-off"],"_links":{"self":[{"href":"https:\/\/www.truckxxgroup.de\/karriere\/wp-json\/wp\/v2\/pages\/9779","targetHints":{"allow":["GET"]}}],"collection":[{"href":"https:\/\/www.truckxxgroup.de\/karriere\/wp-json\/wp\/v2\/pages"}],"about":[{"href":"https:\/\/www.truckxxgroup.de\/karriere\/wp-json\/wp\/v2\/types\/page"}],"author":[{"embeddable":true,"href":"https:\/\/www.truckxxgroup.de\/karriere\/wp-json\/wp\/v2\/users\/2"}],"replies":[{"embeddable":true,"href":"https:\/\/www.truckxxgroup.de\/karriere\/wp-json\/wp\/v2\/comments?post=9779"}],"version-history":[{"count":42,"href":"https:\/\/www.truckxxgroup.de\/karriere\/wp-json\/wp\/v2\/pages\/9779\/revisions"}],"predecessor-version":[{"id":15102,"href":"https:\/\/www.truckxxgroup.de\/karriere\/wp-json\/wp\/v2\/pages\/9779\/revisions\/15102"}],"wp:attachment":[{"href":"https:\/\/www.truckxxgroup.de\/karriere\/wp-json\/wp\/v2\/media?parent=9779"}],"curies":[{"name":"wp","href":"https:\/\/api.w.org\/{rel}","templated":true}]}}