{"id":12821,"date":"2024-08-29T14:10:24","date_gmt":"2024-08-29T12:10:24","guid":{"rendered":"https:\/\/www.truckxxgroup.de\/karriere\/?page_id=12821"},"modified":"2025-11-11T11:26:28","modified_gmt":"2025-11-11T10:26:28","slug":"benefits","status":"publish","type":"page","link":"https:\/\/www.truckxxgroup.de\/karriere\/benefits\/","title":{"rendered":"Benefits"},"content":{"rendered":"<div class=\"wpb-content-wrapper\"><p>[vc_row full_width=&#8221;stretch_row&#8221; css=&#8221;.vc_custom_1741170534501{margin-top: -65px !important;background-image: url(https:\/\/www.truckxxgroup.de\/karriere\/wp-content\/uploads\/sites\/16\/2024\/10\/Benefits_BG-Foto6.jpg?id=13397) !important;background-position: center !important;background-repeat: no-repeat !important;background-size: cover !important;}&#8221;][vc_column][vc_column_text css=&#8221;.vc_custom_1727685072039{padding-top: 50px !important;padding-bottom: 50px !important;background-position: center !important;background-repeat: no-repeat !important;background-size: cover !important;}&#8221;]<img loading=\"lazy\" decoding=\"async\" class=\"aligncenter wp-image-13375 size-full\" title=\"Unsere Benefits - wir bieten mehr\" src=\"https:\/\/www.truckxxgroup.de\/karriere\/wp-content\/uploads\/sites\/16\/2024\/09\/ueberschrift-benefits1024.png\" alt=\"\" width=\"848\" height=\"266\" srcset=\"https:\/\/www.truckxxgroup.de\/karriere\/wp-content\/uploads\/sites\/16\/2024\/09\/ueberschrift-benefits1024.png 848w, https:\/\/www.truckxxgroup.de\/karriere\/wp-content\/uploads\/sites\/16\/2024\/09\/ueberschrift-benefits1024-300x94.png 300w, https:\/\/www.truckxxgroup.de\/karriere\/wp-content\/uploads\/sites\/16\/2024\/09\/ueberschrift-benefits1024-768x241.png 768w, https:\/\/www.truckxxgroup.de\/karriere\/wp-content\/uploads\/sites\/16\/2024\/09\/ueberschrift-benefits1024-480x151.png 480w\" sizes=\"auto, (max-width: 848px) 100vw, 848px\" \/>[\/vc_column_text][\/vc_column][\/vc_row][vc_row full_width=&#8221;stretch_row_content_no_spaces&#8221; css=&#8221;.vc_custom_1755598303884{background-position: 0 0 !important;background-repeat: no-repeat !important;}&#8221;][vc_column][vc_empty_space height=&#8221;20px&#8221;][vc_single_image image=&#8221;12987&#8243; img_size=&#8221;large&#8221; alignment=&#8221;center&#8221; css=&#8221;&#8221;][vc_empty_space height=&#8221;10px&#8221;][vc_column_text css=&#8221;&#8221;]<img loading=\"lazy\" decoding=\"async\" class=\"wp-image-13293 size-full aligncenter\" src=\"https:\/\/www.truckxxgroup.de\/karriere\/wp-content\/uploads\/sites\/16\/2024\/09\/Legende-Benefit-Farben.png\" alt=\"\" width=\"600\" height=\"108\" srcset=\"https:\/\/www.truckxxgroup.de\/karriere\/wp-content\/uploads\/sites\/16\/2024\/09\/Legende-Benefit-Farben.png 600w, https:\/\/www.truckxxgroup.de\/karriere\/wp-content\/uploads\/sites\/16\/2024\/09\/Legende-Benefit-Farben-300x54.png 300w, https:\/\/www.truckxxgroup.de\/karriere\/wp-content\/uploads\/sites\/16\/2024\/09\/Legende-Benefit-Farben-480x86.png 480w\" sizes=\"auto, (max-width: 600px) 100vw, 600px\" \/>[\/vc_column_text][vc_empty_space height=&#8221;20px&#8221;][\/vc_column][\/vc_row][vc_row full_width=&#8221;stretch_row&#8221; css=&#8221;.vc_custom_1762770489463{margin-bottom: -65px !important;padding-bottom: 0px !important;background-image: url(https:\/\/www.truckxxgroup.de\/karriere\/wp-content\/uploads\/sites\/16\/2024\/09\/lkwbg_01-scaled.jpg?id=13254) !important;background-position: center !important;background-repeat: no-repeat !important;background-size: cover !important;}&#8221;][vc_column][vc_row_inner css=&#8221;.vc_custom_1762856786350{margin-top: 25px !important;}&#8221; el_class=&#8221;benefits-row&#8221;][vc_column_inner width=&#8221;1\/3&#8243;][vc_column_text css=&#8221;&#8221; el_class=&#8221;benefitbox&#8221;]<\/p>\n<h3 class=\"benefits\" style=\"text-align: center;\"><img loading=\"lazy\" decoding=\"async\" class=\"alignnone wp-image-13077 size-full\" src=\"https:\/\/www.truckxxgroup.de\/karriere\/wp-content\/uploads\/sites\/16\/2024\/09\/hansefit_wht.png\" alt=\"\" width=\"200\" height=\"200\" srcset=\"https:\/\/www.truckxxgroup.de\/karriere\/wp-content\/uploads\/sites\/16\/2024\/09\/hansefit_wht.png 200w, https:\/\/www.truckxxgroup.de\/karriere\/wp-content\/uploads\/sites\/16\/2024\/09\/hansefit_wht-150x150.png 150w\" sizes=\"auto, (max-width: 200px) 100vw, 200px\" \/><\/h3>\n<h3 class=\"benefits\" style=\"text-align: center;\">Hansefit<\/h3>\n<p class=\"btext\" style=\"text-align: center;\">Zugang zu vielen Studios, Schwimmb\u00e4dern und weiteren sportlichen und gesundheitsf\u00f6rdernden Einrichtungen f\u00fcr nur 20 \u20ac monatlich.<\/p>\n<p>[\/vc_column_text][\/vc_column_inner][vc_column_inner width=&#8221;1\/3&#8243;][vc_column_text css=&#8221;&#8221; el_class=&#8221;benefitbox-fest&#8221;]<\/p>\n<h3 class=\"benefits\" style=\"text-align: center;\"><img loading=\"lazy\" decoding=\"async\" class=\"alignnone wp-image-13166 size-full\" src=\"https:\/\/www.truckxxgroup.de\/karriere\/wp-content\/uploads\/sites\/16\/2024\/09\/rv-kh-vers2.png\" alt=\"\" width=\"200\" height=\"200\" srcset=\"https:\/\/www.truckxxgroup.de\/karriere\/wp-content\/uploads\/sites\/16\/2024\/09\/rv-kh-vers2.png 200w, https:\/\/www.truckxxgroup.de\/karriere\/wp-content\/uploads\/sites\/16\/2024\/09\/rv-kh-vers2-150x150.png 150w\" sizes=\"auto, (max-width: 200px) 100vw, 200px\" \/><\/h3>\n<h3 class=\"benefits\" style=\"text-align: center;\">R+V Zusatzversicherung<\/h3>\n<p class=\"btext\" style=\"text-align: center;\">Privatpatient im Krankenhaus durch die arbeitgeberfinanzierte Krankenhauszusatzversicherung.<\/p>\n<p>[\/vc_column_text][\/vc_column_inner][vc_column_inner width=&#8221;1\/3&#8243;][vc_column_text css=&#8221;&#8221; el_class=&#8221;benefitbox-fest&#8221;]<\/p>\n<h3 class=\"benefits\" style=\"text-align: center;\"><img loading=\"lazy\" decoding=\"async\" class=\"alignnone wp-image-13082 size-full\" src=\"https:\/\/www.truckxxgroup.de\/karriere\/wp-content\/uploads\/sites\/16\/2024\/09\/businessbike_wht.png\" alt=\"\" width=\"200\" height=\"200\" srcset=\"https:\/\/www.truckxxgroup.de\/karriere\/wp-content\/uploads\/sites\/16\/2024\/09\/businessbike_wht.png 200w, https:\/\/www.truckxxgroup.de\/karriere\/wp-content\/uploads\/sites\/16\/2024\/09\/businessbike_wht-150x150.png 150w\" sizes=\"auto, (max-width: 200px) 100vw, 200px\" \/><\/h3>\n<h3 class=\"benefits\" style=\"text-align: center;\">Business Bike<\/h3>\n<p class=\"btext\" style=\"text-align: center;\">G\u00fcnstig mobil sein auf dem Weg zur Arbeit und in der Freizeit.<\/p>\n<p>[\/vc_column_text][\/vc_column_inner][\/vc_row_inner][vc_empty_space height=&#8221;120px&#8221;][vc_row_inner][vc_column_inner width=&#8221;1\/3&#8243;][vc_column_text css=&#8221;&#8221; el_class=&#8221;benefitbox&#8221;]<\/p>\n<h3 class=\"benefits\" style=\"text-align: center;\"><img loading=\"lazy\" decoding=\"async\" class=\"alignnone wp-image-13171 size-full\" src=\"https:\/\/www.truckxxgroup.de\/karriere\/wp-content\/uploads\/sites\/16\/2024\/09\/zusatzgratifikationen_01.png\" alt=\"\" width=\"200\" height=\"200\" srcset=\"https:\/\/www.truckxxgroup.de\/karriere\/wp-content\/uploads\/sites\/16\/2024\/09\/zusatzgratifikationen_01.png 200w, https:\/\/www.truckxxgroup.de\/karriere\/wp-content\/uploads\/sites\/16\/2024\/09\/zusatzgratifikationen_01-150x150.png 150w\" sizes=\"auto, (max-width: 200px) 100vw, 200px\" \/><\/h3>\n<h3 class=\"benefits\" style=\"text-align: center;\">Zusatzgratifikationen<\/h3>\n<p class=\"btext\" style=\"text-align: center;\">Zus\u00e4tzliche Gratifikationen \u00fcber die vereinbarte Verg\u00fctung hinaus.<\/p>\n<p>[\/vc_column_text][\/vc_column_inner][vc_column_inner width=&#8221;1\/3&#8243;][vc_column_text css=&#8221;&#8221; el_class=&#8221;benefitbox&#8221;]<\/p>\n<h3 class=\"benefits\" style=\"text-align: center;\"><img loading=\"lazy\" decoding=\"async\" class=\"alignnone wp-image-13088 size-full\" src=\"https:\/\/www.truckxxgroup.de\/karriere\/wp-content\/uploads\/sites\/16\/2024\/09\/zusch-sicherheitsschuhe_wht.png\" alt=\"\" width=\"200\" height=\"200\" srcset=\"https:\/\/www.truckxxgroup.de\/karriere\/wp-content\/uploads\/sites\/16\/2024\/09\/zusch-sicherheitsschuhe_wht.png 200w, https:\/\/www.truckxxgroup.de\/karriere\/wp-content\/uploads\/sites\/16\/2024\/09\/zusch-sicherheitsschuhe_wht-150x150.png 150w\" sizes=\"auto, (max-width: 200px) 100vw, 200px\" \/><\/h3>\n<h3 class=\"benefits\" style=\"text-align: center;\">Zuschuss &#8211; Sicherheitsschuhe<\/h3>\n<p class=\"btext\" style=\"text-align: center;\">J\u00e4hrlich bis zu 200 \u20ac Zuschuss zu selbst ausgew\u00e4hlten Sicherheitsschuhen.<\/p>\n<p>[\/vc_column_text][\/vc_column_inner][vc_column_inner width=&#8221;1\/3&#8243;][vc_column_text css=&#8221;&#8221; el_class=&#8221;benefitbox-azubi&#8221;]<\/p>\n<h3 class=\"benefits\" style=\"text-align: center;\"><img loading=\"lazy\" decoding=\"async\" class=\"alignnone wp-image-13091 size-full\" src=\"https:\/\/www.truckxxgroup.de\/karriere\/wp-content\/uploads\/sites\/16\/2024\/09\/zusch-schulmaterial_wht.png\" alt=\"\" width=\"200\" height=\"200\" srcset=\"https:\/\/www.truckxxgroup.de\/karriere\/wp-content\/uploads\/sites\/16\/2024\/09\/zusch-schulmaterial_wht.png 200w, https:\/\/www.truckxxgroup.de\/karriere\/wp-content\/uploads\/sites\/16\/2024\/09\/zusch-schulmaterial_wht-150x150.png 150w\" sizes=\"auto, (max-width: 200px) 100vw, 200px\" \/><\/h3>\n<h3 class=\"benefits\" style=\"text-align: center;\">Zuschuss &#8211; Schulmaterialien \/ Fahrtkosten<\/h3>\n<p class=\"btext\" style=\"text-align: center;\">Unterst\u00fcztung der Azubis durch monatlichen Zuschuss f\u00fcr Schulmaterial und Fahrten.<\/p>\n<p>[\/vc_column_text][\/vc_column_inner][\/vc_row_inner][vc_empty_space height=&#8221;120px&#8221;][vc_row_inner][vc_column_inner width=&#8221;1\/3&#8243;][vc_column_text css=&#8221;&#8221; el_class=&#8221;benefitbox&#8221;]<\/p>\n<h3 class=\"benefits\" style=\"text-align: center;\"><img loading=\"lazy\" decoding=\"async\" class=\"alignnone wp-image-13093 size-full\" src=\"https:\/\/www.truckxxgroup.de\/karriere\/wp-content\/uploads\/sites\/16\/2024\/09\/ma-werben-ma_wht.png\" alt=\"\" width=\"200\" height=\"200\" srcset=\"https:\/\/www.truckxxgroup.de\/karriere\/wp-content\/uploads\/sites\/16\/2024\/09\/ma-werben-ma_wht.png 200w, https:\/\/www.truckxxgroup.de\/karriere\/wp-content\/uploads\/sites\/16\/2024\/09\/ma-werben-ma_wht-150x150.png 150w\" sizes=\"auto, (max-width: 200px) 100vw, 200px\" \/><\/h3>\n<h3 class=\"benefits\" style=\"text-align: center;\">Mitarbeiter werben Mitarbeiter<\/h3>\n<p class=\"btext\" style=\"text-align: center;\">Gute Leute kennen gute Leute! Pr\u00e4mienzahlung bei der Vermittlung eines\/r neuen Mitarbeiter\/in.<\/p>\n<p>[\/vc_column_text][\/vc_column_inner][vc_column_inner width=&#8221;1\/3&#8243;][vc_column_text css=&#8221;&#8221; el_class=&#8221;benefitbox-fest&#8221;]<\/p>\n<h3 class=\"benefits\" style=\"text-align: center;\"><img loading=\"lazy\" decoding=\"async\" class=\"wp-image-13174 size-full aligncenter\" src=\"https:\/\/www.truckxxgroup.de\/karriere\/wp-content\/uploads\/sites\/16\/2024\/09\/altersvorsorge_stuhl_01.png\" alt=\"\" width=\"200\" height=\"200\" srcset=\"https:\/\/www.truckxxgroup.de\/karriere\/wp-content\/uploads\/sites\/16\/2024\/09\/altersvorsorge_stuhl_01.png 200w, https:\/\/www.truckxxgroup.de\/karriere\/wp-content\/uploads\/sites\/16\/2024\/09\/altersvorsorge_stuhl_01-150x150.png 150w\" sizes=\"auto, (max-width: 200px) 100vw, 200px\" \/><\/h3>\n<h3 class=\"benefits\" style=\"text-align: center;\">Zuschuss &#8211; Betriebliche Altersvorsorge<\/h3>\n<p class=\"btext\" style=\"text-align: center;\">Zus\u00e4tzlicher Zuschuss zum gesetzlichen Arbeitgeberanteil zur betrieblichen Altersvorsorge.<\/p>\n<p>[\/vc_column_text][\/vc_column_inner][vc_column_inner width=&#8221;1\/3&#8243;][vc_column_text css=&#8221;&#8221; el_class=&#8221;benefitbox&#8221;]<\/p>\n<h3 class=\"benefits\" style=\"text-align: center;\"><img loading=\"lazy\" decoding=\"async\" class=\"alignnone wp-image-13178 size-full\" src=\"https:\/\/www.truckxxgroup.de\/karriere\/wp-content\/uploads\/sites\/16\/2024\/09\/events.png\" alt=\"\" width=\"200\" height=\"200\" srcset=\"https:\/\/www.truckxxgroup.de\/karriere\/wp-content\/uploads\/sites\/16\/2024\/09\/events.png 200w, https:\/\/www.truckxxgroup.de\/karriere\/wp-content\/uploads\/sites\/16\/2024\/09\/events-150x150.png 150w\" sizes=\"auto, (max-width: 200px) 100vw, 200px\" \/><\/h3>\n<h3 class=\"benefits\" style=\"text-align: center;\">Mitarbeiter- \/Azubi-Events<\/h3>\n<p class=\"btext\" style=\"text-align: center;\">F\u00fcr die Gemeinschaft und gute Zusammenarbeit &#8211; Events f\u00fcr alle Mitarbeiter, Familienfeste, actionreiche Events f\u00fcr die Azubis, gemeinsames Grillen&#8230;<\/p>\n<p>[\/vc_column_text][\/vc_column_inner][\/vc_row_inner][vc_empty_space height=&#8221;100px&#8221;][\/vc_column][\/vc_row]<\/p>\n<\/div>","protected":false},"excerpt":{"rendered":"<p>[vc_row full_width=&#8221;stretch_row&#8221; css=&#8221;.vc_custom_1741170534501{margin-top: -65px !important;background-image: url(https:\/\/www.truckxxgroup.de\/karriere\/wp-content\/uploads\/sites\/16\/2024\/10\/Benefits_BG-Foto6.jpg?id=13397) !important;background-position: center !important;background-repeat: no-repeat !important;background-size: cover !important;}&#8221;][vc_column][vc_column_text css=&#8221;.vc_custom_1727685072039{padding-top: 50px !important;padding-bottom: 50px !important;background-position: center !important;background-repeat: no-repeat !important;background-size: cover !important;}&#8221;][\/vc_column_text][\/vc_column][\/vc_row][vc_row full_width=&#8221;stretch_row_content_no_spaces&#8221; css=&#8221;.vc_custom_1755598303884{background-position: 0 0 !important;background-repeat: no-repeat !important;}&#8221;][vc_column][vc_empty_space height=&#8221;20px&#8221;][vc_single_image image=&#8221;12987&#8243; img_size=&#8221;large&#8221; alignment=&#8221;center&#8221; css=&#8221;&#8221;][vc_empty_space height=&#8221;10px&#8221;][vc_column_text css=&#8221;&#8221;][\/vc_column_text][vc_empty_space height=&#8221;20px&#8221;][\/vc_column][\/vc_row][vc_row full_width=&#8221;stretch_row&#8221; css=&#8221;.vc_custom_1762770489463{margin-bottom: -65px !important;padding-bottom: 0px !important;background-image: url(https:\/\/www.truckxxgroup.de\/karriere\/wp-content\/uploads\/sites\/16\/2024\/09\/lkwbg_01-scaled.jpg?id=13254) !important;background-position: center !important;background-repeat: no-repeat !important;background-size: cover !important;}&#8221;][vc_column][vc_row_inner css=&#8221;.vc_custom_1762856786350{margin-top: 25px&hellip;<\/p>\n","protected":false},"author":2,"featured_media":0,"parent":0,"menu_order":0,"comment_status":"closed","ping_status":"closed","template":"","meta":{"footnotes":""},"class_list":["post-12821","page","type-page","status-publish","hentry","description-off"],"_links":{"self":[{"href":"https:\/\/www.truckxxgroup.de\/karriere\/wp-json\/wp\/v2\/pages\/12821","targetHints":{"allow":["GET"]}}],"collection":[{"href":"https:\/\/www.truckxxgroup.de\/karriere\/wp-json\/wp\/v2\/pages"}],"about":[{"href":"https:\/\/www.truckxxgroup.de\/karriere\/wp-json\/wp\/v2\/types\/page"}],"author":[{"embeddable":true,"href":"https:\/\/www.truckxxgroup.de\/karriere\/wp-json\/wp\/v2\/users\/2"}],"replies":[{"embeddable":true,"href":"https:\/\/www.truckxxgroup.de\/karriere\/wp-json\/wp\/v2\/comments?post=12821"}],"version-history":[{"count":260,"href":"https:\/\/www.truckxxgroup.de\/karriere\/wp-json\/wp\/v2\/pages\/12821\/revisions"}],"predecessor-version":[{"id":16686,"href":"https:\/\/www.truckxxgroup.de\/karriere\/wp-json\/wp\/v2\/pages\/12821\/revisions\/16686"}],"wp:attachment":[{"href":"https:\/\/www.truckxxgroup.de\/karriere\/wp-json\/wp\/v2\/media?parent=12821"}],"curies":[{"name":"wp","href":"https:\/\/api.w.org\/{rel}","templated":true}]}}