{"id":1205,"date":"2015-06-29T14:32:22","date_gmt":"2015-06-29T12:32:22","guid":{"rendered":"http:\/\/www.truckxgroup.detestwww\/?page_id=1205"},"modified":"2025-03-05T14:08:04","modified_gmt":"2025-03-05T13:08:04","slug":"impressum","status":"publish","type":"page","link":"https:\/\/www.truckxxgroup.de\/karriere\/impressum\/","title":{"rendered":"Impressum"},"content":{"rendered":"<div class=\"wpb-content-wrapper\"><p>[vc_row][vc_column][vc_column_text]<strong>Truckxxgroup Verwaltungs GmbH<\/strong><br \/>\nOtto-K\u00f6rting-Stra\u00dfe 4<br \/>\nD &#8211; 31789 Hameln<\/p>\n<p><strong>Telefon:<\/strong> +49 (0) 5151 \/ 5734-19<br \/>\n<strong>Fax:<\/strong> +49 (0) 5151 \/ 5734-74<br \/>\n<strong>eMail:<\/strong> info@truckxxgroup.de<\/p>\n<p><a href=\"https:\/\/www.truckxxgroup.de\/karriere\/kontakt\/\">Zum Kontaktformular<\/a><\/p>\n<p><strong>Handelsregister:<\/strong> Hannover<br \/>\n<strong>Handelsregisternr.:<\/strong> HRB 207 107<br \/>\n<strong>Umsatzsteuer-Identifikationsnr. nach \u00a7 27a Umsatzsteuergesetz:\u00a0<\/strong>DE276734585<\/p>\n<p><strong>Vertretungsberechtigte Gesch\u00e4ftsf\u00fchrer<\/strong>:<br \/>\nVanessa Templin-Barsuhn, Martina Hobein, Klaus Keese, Felix Joppich<\/p>\n<p><strong>Haftungshinweis:<\/strong><br \/>\nF\u00fcr Verweise auf unseren Seiten m\u00f6chten wir ausdr\u00fccklich betonen, dass wir keinerlei Einfluss auf den Linktext, die Gestaltung, evtl. Verletzungen geltender Rechte, auch Marken- und Titelrechte und die Inhalte der gelinkten Seiten haben. Wir distanzieren uns ausdr\u00fccklich von den Linkformulierungen, sowie von allen Inhalten aller Seiten auf die wir Verweise gesetzt haben und machen uns ihre Inhalte nicht zu eigen. Diese Erkl\u00e4rung gilt f\u00fcr alle auf unserer Website angebrachten Links und f\u00fcr alle Inhalte der Seiten, zu denen die bei uns angemeldeten Banner oder Links f\u00fchren.<\/p>\n<p>Wir bem\u00fchen uns, m\u00f6glichst genaue und zuverl\u00e4ssige Informationen auf unseren Webseiten zu ver\u00f6ffentlichen. Wir k\u00f6nnen jedoch keinerlei Gew\u00e4hr f\u00fcr die Richtigkeit aller ver\u00f6ffentlichten Informationen leisten. Jegliche Haftung f\u00fcr den Fall von Irrt\u00fcmern oder Auslassungen auf unseren Webseiten wird ausgeschlossen.[\/vc_column_text][\/vc_column][\/vc_row]<\/p>\n<\/div>","protected":false},"excerpt":{"rendered":"<p>[vc_row][vc_column][vc_column_text]Truckxxgroup Verwaltungs GmbH Otto-K\u00f6rting-Stra\u00dfe 4 D &#8211; 31789 Hameln Telefon: +49 (0) 5151 \/ 5734-19 Fax: +49 (0) 5151 \/ 5734-74 eMail: info@truckxxgroup.de Zum Kontaktformular Handelsregister: Hannover Handelsregisternr.: HRB 207 107 Umsatzsteuer-Identifikationsnr. nach \u00a7 27a Umsatzsteuergesetz:\u00a0DE276734585 Vertretungsberechtigte Gesch\u00e4ftsf\u00fchrer: Vanessa Templin-Barsuhn, Martina Hobein, Klaus Keese, Felix Joppich Haftungshinweis: F\u00fcr Verweise auf unseren Seiten m\u00f6chten wir ausdr\u00fccklich&hellip;<\/p>\n","protected":false},"author":2,"featured_media":0,"parent":0,"menu_order":0,"comment_status":"closed","ping_status":"closed","template":"","meta":{"footnotes":""},"class_list":["post-1205","page","type-page","status-publish","hentry","description-off"],"_links":{"self":[{"href":"https:\/\/www.truckxxgroup.de\/karriere\/wp-json\/wp\/v2\/pages\/1205","targetHints":{"allow":["GET"]}}],"collection":[{"href":"https:\/\/www.truckxxgroup.de\/karriere\/wp-json\/wp\/v2\/pages"}],"about":[{"href":"https:\/\/www.truckxxgroup.de\/karriere\/wp-json\/wp\/v2\/types\/page"}],"author":[{"embeddable":true,"href":"https:\/\/www.truckxxgroup.de\/karriere\/wp-json\/wp\/v2\/users\/2"}],"replies":[{"embeddable":true,"href":"https:\/\/www.truckxxgroup.de\/karriere\/wp-json\/wp\/v2\/comments?post=1205"}],"version-history":[{"count":20,"href":"https:\/\/www.truckxxgroup.de\/karriere\/wp-json\/wp\/v2\/pages\/1205\/revisions"}],"predecessor-version":[{"id":8633,"href":"https:\/\/www.truckxxgroup.de\/karriere\/wp-json\/wp\/v2\/pages\/1205\/revisions\/8633"}],"wp:attachment":[{"href":"https:\/\/www.truckxxgroup.de\/karriere\/wp-json\/wp\/v2\/media?parent=1205"}],"curies":[{"name":"wp","href":"https:\/\/api.w.org\/{rel}","templated":true}]}}