{"id":11464,"date":"2023-11-07T13:27:16","date_gmt":"2023-11-07T12:27:16","guid":{"rendered":"https:\/\/www.truckxxgroup.de\/karriere\/?page_id=11464"},"modified":"2025-10-16T11:42:51","modified_gmt":"2025-10-16T09:42:51","slug":"jobs-minijobs","status":"publish","type":"page","link":"https:\/\/www.truckxxgroup.de\/karriere\/jobs-minijobs\/","title":{"rendered":"Jobs (Minijobs)"},"content":{"rendered":"<div class=\"wpb-content-wrapper\"><p>[vc_row css=&#8221;.vc_custom_1699353713294{margin-bottom: 0px !important;}&#8221;][vc_column][vc_column_text css=&#8221;&#8221;]<a class=\"kbutton\" href=\"https:\/\/www.truckxxgroup.de\/karriere\/job-uebersicht\/\">&lt;- Zur\u00fcck zur Jobauswahl<\/a><\/p>\n<h1>Minijobs<\/h1>\n<p>[\/vc_column_text][vc_column_text css_animation=&#8221;none&#8221; css=&#8221;.vc_custom_1747299981744{margin-bottom: 0px !important;}&#8221;]<\/p>\n<h3>Stellenangebote nach Standort filtern:<\/h3>\n<p><a href=\"?search_location=bielefeld\"><img loading=\"lazy\" decoding=\"async\" class=\"alignnone size-full wp-image-11433\" src=\"https:\/\/www.truckxxgroup.de\/karriere\/wp-content\/uploads\/sites\/16\/2023\/11\/loc_Bielefeld.jpg\" alt=\"Bielefeld\" width=\"220\" height=\"50\" \/> <\/a><a href=\"?search_location=halberstadt\"><img loading=\"lazy\" decoding=\"async\" class=\"alignnone wp-image-11427 size-full\" src=\"https:\/\/www.truckxxgroup.de\/karriere\/wp-content\/uploads\/sites\/16\/2023\/11\/loc_halberstadt.jpg\" alt=\"Halberstadt\" width=\"220\" height=\"50\" \/><\/a> <a href=\"?search_location=hameln\"><img loading=\"lazy\" decoding=\"async\" class=\"alignnone wp-image-11421 size-full\" src=\"https:\/\/www.truckxxgroup.de\/karriere\/wp-content\/uploads\/sites\/16\/2023\/11\/loc_hameln.jpg\" alt=\"\" width=\"220\" height=\"50\" \/> <\/a><a href=\"?search_location=langenhagen\"><img loading=\"lazy\" decoding=\"async\" class=\"alignnone wp-image-11423 size-full\" src=\"https:\/\/www.truckxxgroup.de\/karriere\/wp-content\/uploads\/sites\/16\/2023\/11\/loc_hannover.jpg\" alt=\"Hannover\" width=\"220\" height=\"50\" \/> <\/a><a href=\"?search_location=lauenau\"><img loading=\"lazy\" decoding=\"async\" class=\"alignnone wp-image-11429 size-full\" src=\"https:\/\/www.truckxxgroup.de\/karriere\/wp-content\/uploads\/sites\/16\/2023\/11\/loc_lauenau.jpg\" alt=\"Lauenau\" width=\"220\" height=\"50\" \/><\/a> <a href=\"?search_location=minden\"><img loading=\"lazy\" decoding=\"async\" class=\"alignnone wp-image-11431 size-full\" src=\"https:\/\/www.truckxxgroup.de\/karriere\/wp-content\/uploads\/sites\/16\/2023\/11\/loc_minden.jpg\" alt=\"Minden\" width=\"220\" height=\"50\" \/><\/a> <a href=\"?search_location=sch\u00fcttorf\"><img loading=\"lazy\" decoding=\"async\" class=\"alignnone size-full wp-image-11435\" src=\"https:\/\/www.truckxxgroup.de\/karriere\/wp-content\/uploads\/sites\/16\/2023\/11\/loc_schuettorf.jpg\" alt=\"Sch\u00fcttorf\" width=\"220\" height=\"50\" \/><\/a><a href=\"?search_location=wietmarschen\"> <img loading=\"lazy\" decoding=\"async\" class=\"alignnone wp-image-11425 size-full\" src=\"https:\/\/www.truckxxgroup.de\/karriere\/wp-content\/uploads\/sites\/16\/2023\/11\/loc_wietmarschen2.jpg\" alt=\"Wietmarschen-Lohne\" width=\"220\" height=\"50\" \/><\/a> <a href=\"?search_location=kassel\"><img loading=\"lazy\" decoding=\"async\" class=\"alignnone size-full wp-image-15371\" src=\"https:\/\/www.truckxxgroup.de\/karriere\/wp-content\/uploads\/sites\/16\/2025\/05\/loc_kassel.jpg\" alt=\"Kassel\" width=\"220\" height=\"50\" \/><\/a><br \/>\n<a href=\"https:\/\/www.truckxxgroup.de\/karriere\/jobs-minijobs\/\">Filter zur\u00fccksetzen<\/a>[\/vc_column_text][\/vc_column][\/vc_row][vc_row][vc_column][vc_column_text]<div class=\"job_listings\" data-location=\"\" data-keywords=\"\" data-show_filters=\"true\" data-show_pagination=\"false\" data-per_page=\"35\" data-orderby=\"featured\" data-order=\"DESC\" data-categories=\"minijob\" data-disable-form-state-storage=\"\" data-featured_first=\"false\" data-post_id=\"11464\" >\n<form class=\"job_filters\">\n\t\n\t<div class=\"search_jobs\">\n\t\t\n\t\t<div class=\"search_keywords\">\n\t\t\t<label for=\"search_keywords\">Stichw\u00f6rter<\/label>\n\t\t\t<input type=\"text\" name=\"search_keywords\" id=\"search_keywords\" placeholder=\"Stichw\u00f6rter\" value=\"\" \/>\n\t\t<\/div>\n\n\t\t<div class=\"search_location\">\n\t\t\t<label for=\"search_location\">Arbeitsort<\/label>\n\t\t\t<input type=\"text\" name=\"search_location\" id=\"search_location\" placeholder=\"Arbeitsort\" value=\"\" \/>\n\t\t<\/div>\n\n\t\t\n\t\t<div style=\"clear: both\"><\/div>\n\n\t\t\t\t\t\t\t\t\t<input type=\"hidden\" name=\"search_categories[]\" value=\"minijob\" \/>\n\t\t\t\t\t\n\t\t\t\t\t<div class=\"search_submit\">\n\t\t\t\t<input type=\"submit\" value=\"Jobs finden\">\n\t\t\t<\/div>\n\t\t\n\t\t\t<\/div>\n\n\t\t<ul class=\"job_types\">\n\t\t\t\t\t<li><label for=\"job_type_ausbildung\" class=\"ausbildung\"><input type=\"checkbox\" name=\"filter_job_type[]\" value=\"ausbildung\"  checked='checked' id=\"job_type_ausbildung\" \/> Ausbildung<\/label><\/li>\n\t\t\t\t\t<li><label for=\"job_type_minijob\" class=\"minijob\"><input type=\"checkbox\" name=\"filter_job_type[]\" value=\"minijob\"  checked='checked' id=\"job_type_minijob\" \/> Minijob<\/label><\/li>\n\t\t\t\t\t<li><label for=\"job_type_praktikum\" class=\"praktikum\"><input type=\"checkbox\" name=\"filter_job_type[]\" value=\"praktikum\"  checked='checked' id=\"job_type_praktikum\" \/> Praktikum<\/label><\/li>\n\t\t\t\t\t<li><label for=\"job_type_teilzeit\" class=\"teilzeit\"><input type=\"checkbox\" name=\"filter_job_type[]\" value=\"teilzeit\"  checked='checked' id=\"job_type_teilzeit\" \/> Teilzeit<\/label><\/li>\n\t\t\t\t\t<li><label for=\"job_type_vollzeit\" class=\"vollzeit\"><input type=\"checkbox\" name=\"filter_job_type[]\" value=\"vollzeit\"  checked='checked' id=\"job_type_vollzeit\" \/> Vollzeit<\/label><\/li>\n\t\t\t<\/ul>\n\t<input type=\"hidden\" name=\"filter_job_type[]\" value=\"\" \/>\n<div class=\"showing_jobs\"><\/div><\/form>\n\n\n<noscript>Dein Browser unterst\u00fctzt kein JavaScript oder es ist deaktiviert. JavaScript muss aktiviert sein, um Eintr\u00e4ge zu sehen.<\/noscript>\n<ul class=\"job_listings\">\n<\/ul>\n<a class=\"load_more_jobs\" href=\"#\" style=\"display:none;\"><strong>Weitere Jobangebote laden<\/strong><\/a><\/div>[\/vc_column_text][\/vc_column][\/vc_row][vc_row][vc_column][vc_column_text css=&#8221;&#8221;]<strong>Willkommen im Stellenportal der Truckxxgroup<\/strong>. Auf dieser Seite finden Sie unsere geringf\u00fcgigen Besch\u00e4ftigungen f\u00fcr folgende Orte: Sch\u00fcttorf, Hameln, Wietmarschen-Lohne, Bielefeld, Hannover \/ Langenhagen, Halberstadt, Lauenau, Minden, Gerstungen. Informationen zum Datenschutz bei Bewerbungen und im Bewerbungsverfahren finden Sie <a href=\"https:\/\/www.truckxxgroup.de\/karriere\/datenschutz\/\">hier<\/a>.[\/vc_column_text][vc_column_text css_animation=&#8221;lightSpeedIn&#8221;]<\/p>\n<h3>Sie haben es ganz eilig?<\/h3>\n<p><strong> <a title=\"1 Minute zur Kontaktaufnahme\" href=\"https:\/\/www.truckxxgroup.de\/karriere\/schnellbewerbung\/\">Dann nutzen Sie unsere Schnellbewerbung \/ Initiativbewerbung mit R\u00fcckruf Funktion! (hier klicken!)<\/a><\/strong><br \/>\n[\/vc_column_text][\/vc_column][\/vc_row][vc_row][vc_column][vc_column_text]<div class='cookieplus'><div class='cookieplus-blocked-cookies-message'>Inhalt gesperrt, Sie m\u00fcssen Cookies akzeptieren, um diesen Inhalt zu sehen.<\/div><div  class='cookieplus-btn cookieplus-btn-green  cookieplus-btn-accept-cookies' style='border-radius: 5px; '>Cookies akzeptieren<\/div><\/div>[\/vc_column_text][\/vc_column][\/vc_row]<\/p>\n<\/div>","protected":false},"excerpt":{"rendered":"<p>[vc_row css=&#8221;.vc_custom_1699353713294{margin-bottom: 0px !important;}&#8221;][vc_column][vc_column_text css=&#8221;&#8221;]&lt;- Zur\u00fcck zur Jobauswahl Minijobs [\/vc_column_text][vc_column_text css_animation=&#8221;none&#8221; css=&#8221;.vc_custom_1747299981744{margin-bottom: 0px !important;}&#8221;] Stellenangebote nach Standort filtern: Filter zur\u00fccksetzen[\/vc_column_text][\/vc_column][\/vc_row][vc_row][vc_column][vc_column_text][\/vc_column_text][\/vc_column][\/vc_row][vc_row][vc_column][vc_column_text css=&#8221;&#8221;]Willkommen im Stellenportal der Truckxxgroup. Auf dieser Seite finden Sie unsere geringf\u00fcgigen Besch\u00e4ftigungen f\u00fcr folgende Orte: Sch\u00fcttorf, Hameln, Wietmarschen-Lohne, Bielefeld, Hannover \/ Langenhagen, Halberstadt, Lauenau, Minden, Gerstungen. Informationen zum Datenschutz bei Bewerbungen und im Bewerbungsverfahren&hellip;<\/p>\n","protected":false},"author":2,"featured_media":0,"parent":0,"menu_order":0,"comment_status":"closed","ping_status":"closed","template":"","meta":{"footnotes":""},"class_list":["post-11464","page","type-page","status-publish","hentry","description-off"],"_links":{"self":[{"href":"https:\/\/www.truckxxgroup.de\/karriere\/wp-json\/wp\/v2\/pages\/11464","targetHints":{"allow":["GET"]}}],"collection":[{"href":"https:\/\/www.truckxxgroup.de\/karriere\/wp-json\/wp\/v2\/pages"}],"about":[{"href":"https:\/\/www.truckxxgroup.de\/karriere\/wp-json\/wp\/v2\/types\/page"}],"author":[{"embeddable":true,"href":"https:\/\/www.truckxxgroup.de\/karriere\/wp-json\/wp\/v2\/users\/2"}],"replies":[{"embeddable":true,"href":"https:\/\/www.truckxxgroup.de\/karriere\/wp-json\/wp\/v2\/comments?post=11464"}],"version-history":[{"count":4,"href":"https:\/\/www.truckxxgroup.de\/karriere\/wp-json\/wp\/v2\/pages\/11464\/revisions"}],"predecessor-version":[{"id":16452,"href":"https:\/\/www.truckxxgroup.de\/karriere\/wp-json\/wp\/v2\/pages\/11464\/revisions\/16452"}],"wp:attachment":[{"href":"https:\/\/www.truckxxgroup.de\/karriere\/wp-json\/wp\/v2\/media?parent=11464"}],"curies":[{"name":"wp","href":"https:\/\/api.w.org\/{rel}","templated":true}]}}