{"id":10004,"date":"2023-03-01T12:16:12","date_gmt":"2023-03-01T11:16:12","guid":{"rendered":"https:\/\/www.truckxxgroup.de\/karriere\/?page_id=10004"},"modified":"2026-01-14T15:23:17","modified_gmt":"2026-01-14T14:23:17","slug":"job-uebersicht","status":"publish","type":"page","link":"https:\/\/www.truckxxgroup.de\/karriere\/job-uebersicht\/","title":{"rendered":"Job \u00dcbersicht"},"content":{"rendered":"<div class=\"wpb-content-wrapper\"><p>[vc_row full_width=&#8221;stretch_row&#8221; css=&#8221;.vc_custom_1677679860414{margin-top: 0px !important;margin-right: 0px !important;margin-bottom: 0px !important;margin-left: 0px !important;background: #ffffff url(https:\/\/www.truckxxgroup.de\/karriere\/wp-content\/uploads\/sites\/16\/2022\/02\/jb-bg-scaled.jpg?id=7992) !important;background-position: center !important;background-repeat: no-repeat !important;background-size: cover !important;}&#8221;][vc_column][vc_empty_space height=&#8221;40px&#8221;][vc_column_text]<\/p>\n<h1><img loading=\"lazy\" decoding=\"async\" class=\"aligncenter wp-image-9813 size-full\" src=\"https:\/\/www.truckxxgroup.de\/karriere\/wp-content\/uploads\/sites\/16\/2023\/02\/TG-Logo_transparent.png\" alt=\"\" width=\"200\" height=\"39\" \/><\/h1>\n<h1 style=\"text-align: center;\">Truckxxgroup Stellenportal<\/h1>\n<p style=\"text-align: center; font-size: 1.5em; margin-top: 20px;\">Alle offenen Stellen, Ausbildungs- und Studienpl\u00e4tze der Truckxxgroup Unternehmensgruppe<br \/>\nim kaufm\u00e4nnischen und handwerklichen Bereich.<\/p>\n<p style=\"text-align: center;\"><strong>Willkommen im Stellenportal der Truckxxgroup<\/strong>. Auf dieser Seite finden Sie Stellenangebote und Ausbildungspl\u00e4tze f\u00fcr folgende Orte:<br \/>\nSch\u00fcttorf, Hameln, Wietmarschen-Lohne, Bielefeld, Hannover \/ Langenhagen, Halberstadt, Lauenau, Minden.<br \/>\nInformationen zum Datenschutz bei Bewerbungen und im Bewerbungsverfahren finden Sie <a href=\"https:\/\/www.truckxxgroup.de\/karriere\/datenschutz\/\">hier<\/a>.<\/p>\n<p>[\/vc_column_text][vc_empty_space height=&#8221;40px&#8221;][\/vc_column][\/vc_row][vc_row full_width=&#8221;stretch_row&#8221; css=&#8221;.vc_custom_1717662051566{padding-bottom: 100px !important;background: #ffffff url(https:\/\/www.truckxxgroup.de\/karriere\/wp-content\/uploads\/sites\/16\/2018\/07\/tg-flag-bg.jpg?id=2699) !important;background-position: center !important;background-repeat: no-repeat !important;background-size: cover !important;}&#8221;][vc_column][vc_empty_space][vc_row_inner][vc_column_inner width=&#8221;1\/2&#8243;][vc_column_text css=&#8221;.vc_custom_1680083764540{margin-bottom: 10px !important;}&#8221;]<\/p>\n<h3 style=\"text-align: center; font-size: 2em; color: #0061a1;\"><strong>Handwerkliche Arbeitspl\u00e4tze<br \/>\n<\/strong><\/h3>\n<p>[\/vc_column_text][vc_single_image image=&#8221;11707&#8243; img_size=&#8221;full&#8221; alignment=&#8221;center&#8221; style=&#8221;vc_box_shadow_3d&#8221; onclick=&#8221;custom_link&#8221; css_animation=&#8221;fadeIn&#8221; css=&#8221;.vc_custom_1741599168208{margin-top: 0px !important;padding-top: 0px !important;}&#8221; link=&#8221;https:\/\/www.truckxxgroup.de\/karriere\/jobs\/&#8221;][\/vc_column_inner][vc_column_inner width=&#8221;1\/2&#8243;][vc_column_text css=&#8221;.vc_custom_1680083775195{margin-bottom: 10px !important;}&#8221;]<\/p>\n<h3 style=\"text-align: center; font-size: 2em; color: #0061a1;\"><strong>Kaufm\u00e4nnische Arbeitspl\u00e4tze<br \/>\n<\/strong><\/h3>\n<p>[\/vc_column_text][vc_single_image image=&#8221;10081&#8243; img_size=&#8221;full&#8221; alignment=&#8221;center&#8221; style=&#8221;vc_box_shadow_3d&#8221; onclick=&#8221;custom_link&#8221; css_animation=&#8221;fadeIn&#8221; css=&#8221;.vc_custom_1741599173613{margin-top: 0px !important;padding-top: 0px !important;}&#8221; link=&#8221;https:\/\/www.truckxxgroup.de\/karriere\/jobs-kfm\/&#8221;][\/vc_column_inner][\/vc_row_inner][vc_row_inner][vc_column_inner width=&#8221;1\/2&#8243;][vc_column_text css=&#8221;.vc_custom_1678095880065{margin-bottom: 10px !important;}&#8221;]<\/p>\n<h3 style=\"text-align: center; font-size: 2em; color: #0061a1;\"><strong>Ausbildungspl\u00e4tze<\/strong><\/h3>\n<p>[\/vc_column_text][vc_single_image image=&#8221;10092&#8243; img_size=&#8221;full&#8221; alignment=&#8221;center&#8221; style=&#8221;vc_box_shadow_3d&#8221; onclick=&#8221;custom_link&#8221; css_animation=&#8221;fadeIn&#8221; css=&#8221;.vc_custom_1705586452158{margin-top: 0px !important;padding-top: 0px !important;}&#8221; link=&#8221;https:\/\/www.truckxxgroup.de\/karriere\/ausbildungsplaetze\/&#8221;][vc_column_text css=&#8221;.vc_custom_1717407292684{margin-top: -30px !important;padding-top: 0px !important;}&#8221;]<\/p>\n<p style=\"text-align: center;\"><a href=\"https:\/\/www.truckxxgroup.de\/karriere\/ausbildungsplaetze\/\">Alle Ausbildungspl\u00e4tze<\/a> | <a href=\"https:\/\/www.truckxxgroup.de\/karriere\/ausbildungsplaetze-handwerklich\/\">Handwerkliche Ausbildungspl\u00e4tze<\/a><br \/>\n<a href=\"https:\/\/www.truckxxgroup.de\/karriere\/ausbildungsplaetze-kfm\/\">Kaufm\u00e4nnische Ausbildungspl\u00e4tze<\/a><\/p>\n<p>[\/vc_column_text][\/vc_column_inner][vc_column_inner width=&#8221;1\/2&#8243;][vc_column_text css=&#8221;.vc_custom_1678095886137{margin-bottom: 10px !important;}&#8221;]<\/p>\n<h3 style=\"text-align: center; font-size: 2em; color: #0061a1;\"><strong>Studienpl\u00e4tze<\/strong><\/h3>\n<p>[\/vc_column_text][vc_single_image image=&#8221;19216&#8243; img_size=&#8221;full&#8221; alignment=&#8221;center&#8221; style=&#8221;vc_box_shadow_3d&#8221; onclick=&#8221;custom_link&#8221; css_animation=&#8221;fadeIn&#8221; css=&#8221;.vc_custom_1768400595119{margin-top: 0px !important;padding-top: 0px !important;}&#8221; link=&#8221;https:\/\/www.truckxxgroup.de\/karriere\/studienplaetze\/&#8221;][\/vc_column_inner][\/vc_row_inner][vc_row_inner][vc_column_inner width=&#8221;1\/2&#8243;][vc_column_text css=&#8221;.vc_custom_1680176405666{margin-bottom: 10px !important;}&#8221;]<\/p>\n<h3 style=\"text-align: center; font-size: 2em; color: #0061a1;\"><strong>Minijobs<\/strong><\/h3>\n<p>[\/vc_column_text][vc_single_image image=&#8221;10409&#8243; img_size=&#8221;full&#8221; alignment=&#8221;center&#8221; style=&#8221;vc_box_shadow_3d&#8221; onclick=&#8221;custom_link&#8221; css_animation=&#8221;fadeIn&#8221; css=&#8221;.vc_custom_1760526975996{margin-top: 0px !important;padding-top: 0px !important;}&#8221; link=&#8221;https:\/\/www.truckxxgroup.de\/karriere\/jobs-minijobs\/&#8221;][\/vc_column_inner][vc_column_inner width=&#8221;1\/2&#8243;][vc_column_text css=&#8221;.vc_custom_1717661862782{margin-bottom: 10px !important;}&#8221;]<\/p>\n<h3 style=\"text-align: center; font-size: 2em; color: #0061a1;\"><strong>Praktikumspl\u00e4tze<\/strong><\/h3>\n<p>[\/vc_column_text][vc_single_image image=&#8221;12464&#8243; img_size=&#8221;full&#8221; alignment=&#8221;center&#8221; style=&#8221;vc_box_shadow_3d&#8221; onclick=&#8221;custom_link&#8221; css_animation=&#8221;fadeIn&#8221; css=&#8221;.vc_custom_1717661967600{margin-top: 0px !important;padding-top: 0px !important;}&#8221; link=&#8221;https:\/\/www.truckxxgroup.de\/karriere\/praktikumsplaetze\/&#8221;][\/vc_column_inner][\/vc_row_inner][\/vc_column][\/vc_row][vc_row full_width=&#8221;stretch_row&#8221; css=&#8221;.vc_custom_1677678155477{background-color: #ffffff !important;}&#8221;][vc_column][vc_empty_space][\/vc_column][\/vc_row][vc_row full_width=&#8221;stretch_row&#8221; css=&#8221;.vc_custom_1677680399003{background-color: #ffffff !important;}&#8221;][vc_column][vc_btn title=&#8221;Alternativ: Alle Stellen in allen Bereichen &amp; Standorten anzeigen&#8221; color=&#8221;primary&#8221; size=&#8221;lg&#8221; align=&#8221;center&#8221; link=&#8221;url:https%3A%2F%2Fwww.truckxxgroup.de%2Fkarriere%2Fjobs-all%2F|title:Alle%20offenen%20Stellen%20anzeigen&#8221;][\/vc_column][\/vc_row][vc_row full_width=&#8221;stretch_row&#8221; css=&#8221;.vc_custom_1677678619941{margin-bottom: -25px !important;border-bottom-width: 0px !important;background-color: #ffffff !important;}&#8221;][vc_column][vc_empty_space height=&#8221;50px&#8221;][\/vc_column][\/vc_row]<\/p>\n<\/div>","protected":false},"excerpt":{"rendered":"<p>[vc_row full_width=&#8221;stretch_row&#8221; css=&#8221;.vc_custom_1677679860414{margin-top: 0px !important;margin-right: 0px !important;margin-bottom: 0px !important;margin-left: 0px !important;background: #ffffff url(https:\/\/www.truckxxgroup.de\/karriere\/wp-content\/uploads\/sites\/16\/2022\/02\/jb-bg-scaled.jpg?id=7992) !important;background-position: center !important;background-repeat: no-repeat !important;background-size: cover !important;}&#8221;][vc_column][vc_empty_space height=&#8221;40px&#8221;][vc_column_text] Truckxxgroup Stellenportal Alle offenen Stellen, Ausbildungs- und Studienpl\u00e4tze der Truckxxgroup Unternehmensgruppe im kaufm\u00e4nnischen und handwerklichen Bereich. Willkommen im Stellenportal der Truckxxgroup. Auf dieser Seite finden Sie Stellenangebote und Ausbildungspl\u00e4tze f\u00fcr folgende Orte: Sch\u00fcttorf, Hameln,&hellip;<\/p>\n","protected":false},"author":2,"featured_media":0,"parent":0,"menu_order":0,"comment_status":"closed","ping_status":"closed","template":"","meta":{"footnotes":""},"class_list":["post-10004","page","type-page","status-publish","hentry","description-off"],"_links":{"self":[{"href":"https:\/\/www.truckxxgroup.de\/karriere\/wp-json\/wp\/v2\/pages\/10004","targetHints":{"allow":["GET"]}}],"collection":[{"href":"https:\/\/www.truckxxgroup.de\/karriere\/wp-json\/wp\/v2\/pages"}],"about":[{"href":"https:\/\/www.truckxxgroup.de\/karriere\/wp-json\/wp\/v2\/types\/page"}],"author":[{"embeddable":true,"href":"https:\/\/www.truckxxgroup.de\/karriere\/wp-json\/wp\/v2\/users\/2"}],"replies":[{"embeddable":true,"href":"https:\/\/www.truckxxgroup.de\/karriere\/wp-json\/wp\/v2\/comments?post=10004"}],"version-history":[{"count":151,"href":"https:\/\/www.truckxxgroup.de\/karriere\/wp-json\/wp\/v2\/pages\/10004\/revisions"}],"predecessor-version":[{"id":19217,"href":"https:\/\/www.truckxxgroup.de\/karriere\/wp-json\/wp\/v2\/pages\/10004\/revisions\/19217"}],"wp:attachment":[{"href":"https:\/\/www.truckxxgroup.de\/karriere\/wp-json\/wp\/v2\/media?parent=10004"}],"curies":[{"name":"wp","href":"https:\/\/api.w.org\/{rel}","templated":true}]}}