{"id":5808,"date":"2021-06-11T10:07:34","date_gmt":"2021-06-11T08:07:34","guid":{"rendered":"https:\/\/www.truckxxgroup.de\/gabelstapler-service-hameln\/?page_id=5808"},"modified":"2023-10-19T10:48:54","modified_gmt":"2023-10-19T08:48:54","slug":"maschine-finden","status":"publish","type":"page","link":"https:\/\/www.truckxxgroup.de\/gabelstapler-service-hameln\/maschine-finden\/","title":{"rendered":"Maschine finden"},"content":{"rendered":"<div class=\"wpb-content-wrapper\"><p>[vc_row][vc_column][vc_column_text]<\/p>\n<h3>Maschine finden lassen.<\/h3>\n<h3>Wir suchen ihre Wunsch-Gebrauchtmaschine:<img loading=\"lazy\" decoding=\"async\" class=\"alignright wp-image-5823\" src=\"https:\/\/www.truckxxgroup.de\/gabelstapler-service-hameln\/wp-content\/uploads\/sites\/3\/2021\/06\/Gebrauchtstapler-Suchauftrag.png\" alt=\"\" width=\"350\" height=\"350\" srcset=\"https:\/\/www.truckxxgroup.de\/gabelstapler-service-hameln\/wp-content\/uploads\/sites\/3\/2021\/06\/Gebrauchtstapler-Suchauftrag.png 792w, https:\/\/www.truckxxgroup.de\/gabelstapler-service-hameln\/wp-content\/uploads\/sites\/3\/2021\/06\/Gebrauchtstapler-Suchauftrag-300x300.png 300w, https:\/\/www.truckxxgroup.de\/gabelstapler-service-hameln\/wp-content\/uploads\/sites\/3\/2021\/06\/Gebrauchtstapler-Suchauftrag-150x150.png 150w, https:\/\/www.truckxxgroup.de\/gabelstapler-service-hameln\/wp-content\/uploads\/sites\/3\/2021\/06\/Gebrauchtstapler-Suchauftrag-768x768.png 768w\" sizes=\"auto, (max-width: 350px) 100vw, 350px\" \/><br \/>\nMaststapler, Teleskopstapler uvm.<\/h3>\n<p style=\"font-weight: 400;\">Je nach Bedarf und Budget finden wir Ihre Neu-oder Gebrauchtmaschine.<br \/>\nKomplett <strong>aufgearbeitete Gebrauchtmaschinen<\/strong> nach aktueller UVV-Gesetzgebung (optisch wie technisch) Individuelle Kundenw\u00fcnsche im Bereich Fahrzeugbau oder sonstige Nachr\u00fcstungen k\u00f6nnen ebenfalls bei uns im Haus vorgenommen werden.<\/p>\n<h3 style=\"font-weight: 400;\">Top Maschinen nach Ma\u00df!<\/h3>\n<p style=\"font-weight: 400;\"><strong>Rund-um-sorglos-Service.<\/strong> Vom ersten Gespr\u00e4ch bis zur Auslieferung der Maschine sowie im After-Sales-Bereich sind wir Ihr kompetenter Ansprechpartner. <strong>Markenungebunden<\/strong>. Wir finden Ihre Wunschmaschine unabh\u00e4ngig vom Hersteller.<\/p>\n<p><strong>Kurz gesagt<\/strong>: Wir finden ihre Wunschmaschine, bereiten diese ggf. f\u00fcr Sie auf und sind auch nach dem Kauf ihr kompetenter Ansprechpartner f\u00fcr Service, Reparatur und Schulung (<a href=\"https:\/\/www.truckxxgroup.de\/gabelstapler-service-hameln\/gabelstapler-fahrerschulung\/\">Maststapler-Schulungen<\/a> und <a href=\"https:\/\/www.truckxxgroup.de\/gabelstapler-service-hameln\/teleskopstapler-schulung\/\">Teleskoplader-Schulungen<\/a>)![\/vc_column_text][vc_separator][\/vc_column][\/vc_row][vc_row][vc_column][vc_column_text]<\/p>\n<h3 style=\"text-align: center;\">Beauftragen Sie uns noch heute, mit der Suche nach Ihrem Wunschstapler!<\/h3>\n<p style=\"text-align: center;\">F\u00fcr Sie ist unser Suchservice v\u00f6llig kostenfrei und unverbindlich. Im Grunde lassen Sie uns einfach nur wissen, welche Kriterien ihr Stapler erf\u00fcllen muss. Wir halten dann unsere Augen nach dem passenden Stapler f\u00fcr Sie am Markt offen und melden uns, sobald wir ein passendes Angebot ausfindig gemacht haben.<\/p>\n<p style=\"text-align: center; font-size: 20px;\">Rufen Sie uns einfach an oder schreiben Sie uns eine E-Mail.<br \/>\n<strong>Tel. 05151 \/ 99 6900\u00a0 \u00a0\/\u00a0 \u00a0info.gabelstapler@truckxxgroup.de<\/strong><\/p>\n<p>[\/vc_column_text][\/vc_column][\/vc_row]<\/p>\n<\/div>","protected":false},"excerpt":{"rendered":"<p>[vc_row][vc_column][vc_column_text] Maschine finden lassen. Wir suchen ihre Wunsch-Gebrauchtmaschine: Maststapler, Teleskopstapler uvm. Je nach Bedarf und Budget finden wir Ihre Neu-oder Gebrauchtmaschine. Komplett aufgearbeitete Gebrauchtmaschinen nach aktueller UVV-Gesetzgebung (optisch wie technisch) Individuelle Kundenw\u00fcnsche im Bereich Fahrzeugbau oder sonstige Nachr\u00fcstungen k\u00f6nnen ebenfalls bei uns im Haus vorgenommen werden. Top Maschinen nach Ma\u00df! Rund-um-sorglos-Service. Vom ersten Gespr\u00e4ch bis&hellip;<\/p>\n","protected":false},"author":2,"featured_media":0,"parent":0,"menu_order":0,"comment_status":"closed","ping_status":"closed","template":"","meta":{"footnotes":""},"class_list":["post-5808","page","type-page","status-publish","hentry","description-off"],"_links":{"self":[{"href":"https:\/\/www.truckxxgroup.de\/gabelstapler-service-hameln\/wp-json\/wp\/v2\/pages\/5808","targetHints":{"allow":["GET"]}}],"collection":[{"href":"https:\/\/www.truckxxgroup.de\/gabelstapler-service-hameln\/wp-json\/wp\/v2\/pages"}],"about":[{"href":"https:\/\/www.truckxxgroup.de\/gabelstapler-service-hameln\/wp-json\/wp\/v2\/types\/page"}],"author":[{"embeddable":true,"href":"https:\/\/www.truckxxgroup.de\/gabelstapler-service-hameln\/wp-json\/wp\/v2\/users\/2"}],"replies":[{"embeddable":true,"href":"https:\/\/www.truckxxgroup.de\/gabelstapler-service-hameln\/wp-json\/wp\/v2\/comments?post=5808"}],"version-history":[{"count":15,"href":"https:\/\/www.truckxxgroup.de\/gabelstapler-service-hameln\/wp-json\/wp\/v2\/pages\/5808\/revisions"}],"predecessor-version":[{"id":10189,"href":"https:\/\/www.truckxxgroup.de\/gabelstapler-service-hameln\/wp-json\/wp\/v2\/pages\/5808\/revisions\/10189"}],"wp:attachment":[{"href":"https:\/\/www.truckxxgroup.de\/gabelstapler-service-hameln\/wp-json\/wp\/v2\/media?parent=5808"}],"curies":[{"name":"wp","href":"https:\/\/api.w.org\/{rel}","templated":true}]}}