{"id":3073,"date":"2020-10-09T15:09:18","date_gmt":"2020-10-09T13:09:18","guid":{"rendered":"https:\/\/www.truckxxgroup.de\/gabelstapler-service-hameln\/?page_id=3073"},"modified":"2023-10-19T10:55:39","modified_gmt":"2023-10-19T08:55:39","slug":"club-car","status":"publish","type":"page","link":"https:\/\/www.truckxxgroup.de\/gabelstapler-service-hameln\/club-car\/","title":{"rendered":"Club Car"},"content":{"rendered":"<div class=\"wpb-content-wrapper\"><p>[vc_row][vc_column width=&#8221;2\/3&#8243;][vc_column_text]<\/p>\n<h2>Verkauf, Service und Vermietung von Club Car Golfcarts und Nutzfahrzeugen in Hameln<\/h2>\n<p>[\/vc_column_text][vc_column_text]Als Partner der Cart Care Company GmbH bietet Ihnen die Gabelstapler Service Hameln GmbH ab sofort als kunden- und serviceorientierter Fachbetrieb fabrikneue oder gebrauchte Golfcarts und Nutzfahrzeuge der Marke Club Car mit Elektro- oder Verbrennungsmotor an.<\/p>\n<p>&nbsp;<\/p>\n<ul style=\"font-size: 18px!important;\">\n<li><strong>Sie suchen f\u00fcr Ihr Unternehmen ein ClubCar oder Elektrofahrzeug?<\/strong><\/li>\n<li><strong>Sie haben Interesse an einer Kurz- oder Langzeitmiete eines ClubCars?<\/strong><\/li>\n<li><strong>Sie ben\u00f6tigen Ersatzteile oder Service f\u00fcr bereits vorhandene Fahrzeuge?<\/strong><\/li>\n<\/ul>\n<p><strong><u>Dann sind Sie bei Gabelstapler Service Hameln GmbH an der richtigen Adresse.<\/u><\/strong>[\/vc_column_text][\/vc_column][vc_column width=&#8221;1\/3&#8243;][\/vc_column][\/vc_row][vc_row][vc_column][vc_separator][vc_column_text]<\/p>\n<h3 style=\"text-align: center;\"><strong>Gabelstapler Service Hameln GmbH<\/strong><br \/>\nWir sind ihr Ansprechpartner in Sachen Club Car Fahrzeuge:<\/h3>\n<p>[\/vc_column_text][\/vc_column][\/vc_row][vc_row gap=&#8221;35&#8243;][vc_column width=&#8221;1\/3&#8243;][detailed_panel title=&#8221;Verkauf&#8221; icon=&#8221;fas fa-key&#8221;]Wir realisieren Spezialfahrzeuge mit und ohne Stra\u00dfenzulassung f\u00fcr verschiedenste Anwendungsbereiche wie Freizeit, Hotelerie, Industrie, Flugh\u00e4fen, St\u00e4dte und Kommunen. Egal ob Sie sich f\u00fcr ein Neu- oder Gebrauchtfahrzeug interessieren \u2013 bei uns werden Sie fachkundig beraten.[\/detailed_panel][\/vc_column][vc_column width=&#8221;1\/3&#8243;][detailed_panel title=&#8221;Vermietung&#8221; icon=&#8221;fa fa-check&#8221;]Sowohl in der Kurzzeitmiete als auch in der Langzeitmiete sind wir Ihr kompetenter Ansprechpartner. In der Kurzzeitmiete k\u00f6nnen die Fahrzeuge Tage- oder Wochenweise angemietet werden um Bedarfsspitzen (Turniere, Konzerte, sonstige Veranstaltungen) abzudecken.<\/p>\n<p>Mit einer Langzeitmiete k\u00f6nnen die Fahrzeuge f\u00fcr die Saison (M\u00e4rz bis Oktober) kosteng\u00fcnstig angemietet werden.[\/detailed_panel][\/vc_column][vc_column width=&#8221;1\/3&#8243;][detailed_panel title=&#8221;Service &amp; Reparatur&#8221; icon=&#8221;fa fa-cog&#8221;]Durch unseren Vor-Ort-Service erhalten Sie schnell Hilfe, falls Sie einmal Probleme mit Ihrem Club Car haben sollten. Mit unserem kompetenten und zuverl\u00e4ssigem Serviceteam minimieren wir die Ausfallzeiten Ihres ClubCars. Bei der Auswahl des passenden Zubeh\u00f6rs unterst\u00fctzen wir Sie gerne.[\/detailed_panel][\/vc_column][\/vc_row][vc_row][vc_column][vc_separator css=&#8221;.vc_custom_1602248560865{margin-top: 40px !important;}&#8221;][\/vc_column][\/vc_row]<\/p>\n<\/div>","protected":false},"excerpt":{"rendered":"<p>[vc_row][vc_column width=&#8221;2\/3&#8243;][vc_column_text] Verkauf, Service und Vermietung von Club Car Golfcarts und Nutzfahrzeugen in Hameln [\/vc_column_text][vc_column_text]Als Partner der Cart Care Company GmbH bietet Ihnen die Gabelstapler Service Hameln GmbH ab sofort als kunden- und serviceorientierter Fachbetrieb fabrikneue oder gebrauchte Golfcarts und Nutzfahrzeuge der Marke Club Car mit Elektro- oder Verbrennungsmotor an. &nbsp; Sie suchen f\u00fcr Ihr&hellip;<\/p>\n","protected":false},"author":2,"featured_media":0,"parent":0,"menu_order":0,"comment_status":"closed","ping_status":"closed","template":"","meta":{"footnotes":""},"class_list":["post-3073","page","type-page","status-publish","hentry","description-off"],"_links":{"self":[{"href":"https:\/\/www.truckxxgroup.de\/gabelstapler-service-hameln\/wp-json\/wp\/v2\/pages\/3073","targetHints":{"allow":["GET"]}}],"collection":[{"href":"https:\/\/www.truckxxgroup.de\/gabelstapler-service-hameln\/wp-json\/wp\/v2\/pages"}],"about":[{"href":"https:\/\/www.truckxxgroup.de\/gabelstapler-service-hameln\/wp-json\/wp\/v2\/types\/page"}],"author":[{"embeddable":true,"href":"https:\/\/www.truckxxgroup.de\/gabelstapler-service-hameln\/wp-json\/wp\/v2\/users\/2"}],"replies":[{"embeddable":true,"href":"https:\/\/www.truckxxgroup.de\/gabelstapler-service-hameln\/wp-json\/wp\/v2\/comments?post=3073"}],"version-history":[{"count":30,"href":"https:\/\/www.truckxxgroup.de\/gabelstapler-service-hameln\/wp-json\/wp\/v2\/pages\/3073\/revisions"}],"predecessor-version":[{"id":15823,"href":"https:\/\/www.truckxxgroup.de\/gabelstapler-service-hameln\/wp-json\/wp\/v2\/pages\/3073\/revisions\/15823"}],"wp:attachment":[{"href":"https:\/\/www.truckxxgroup.de\/gabelstapler-service-hameln\/wp-json\/wp\/v2\/media?parent=3073"}],"curies":[{"name":"wp","href":"https:\/\/api.w.org\/{rel}","templated":true}]}}