{"id":25,"date":"2015-07-14T09:28:09","date_gmt":"2015-07-14T07:28:09","guid":{"rendered":"http:\/\/www.truckxgroup.detestwww\/gabelstapler-service-hameln\/?page_id=25"},"modified":"2023-10-19T10:57:25","modified_gmt":"2023-10-19T08:57:25","slug":"ueber-uns","status":"publish","type":"page","link":"https:\/\/www.truckxxgroup.de\/gabelstapler-service-hameln\/ueber-uns\/","title":{"rendered":"\u00dcber uns"},"content":{"rendered":"<div class=\"wpb-content-wrapper\"><p>[vc_row][vc_column width=&#8221;2\/3&#8243;][vc_column_text]<\/p>\n<h3>Ihr Ansprechpartner rund um Gabelstapler und Lagertechnikger\u00e4te<\/h3>\n<p>Als Spezialist halten wir st\u00e4ndig ein gro\u00dfes Angebot an Neu- und Gebrauchtger\u00e4ten vor.<\/p>\n<p>In unserer modernen Werkstatt f\u00fchren wir Servicearbeiten an allen Fabrikaten durch. Unser kompetentes Team ist auf dem neusten Stand geschult, um den wachsenen Anforderungen der Technik und unseren Kunden gerecht zu werden. Das umfangreiche Ersatzteillager sorgt f\u00fcr kurze Standzeiten.<\/p>\n<p>Zur Kurzzeit- oder Langzeitmiete haben wir ein breites Spektrum an modernen Mietger\u00e4ten vorr\u00e4tig.<\/p>\n<p style=\"font-size: 12px;\">Die Vorteile einer Miete:<br \/>\nKeine Abschreibungen, kalkulierbare Kosten, Bedarfsspitzen k\u00f6nnen bequem und schnell abgedeckt werden und bei Bedarf ist die Anmietung mit Fahrer m\u00f6glich.<\/p>\n<p>[\/vc_column_text][\/vc_column][vc_column width=&#8221;1\/3&#8243;][\/vc_column][\/vc_row][vc_row][vc_column][vc_separator][\/vc_column][\/vc_row][vc_row][vc_column][vc_column_text]<img loading=\"lazy\" decoding=\"async\" class=\"aligncenter size-full wp-image-142\" src=\"https:\/\/www.truckxxgroup.de\/gabelstapler-service-hameln\/wp-content\/uploads\/sites\/3\/2015\/07\/Trennbild-gsh-hameln.jpg\" alt=\"Trennbild-gsh-hameln\" width=\"1200\" height=\"200\" srcset=\"https:\/\/www.truckxxgroup.de\/gabelstapler-service-hameln\/wp-content\/uploads\/sites\/3\/2015\/07\/Trennbild-gsh-hameln.jpg 1200w, https:\/\/www.truckxxgroup.de\/gabelstapler-service-hameln\/wp-content\/uploads\/sites\/3\/2015\/07\/Trennbild-gsh-hameln-300x50.jpg 300w, https:\/\/www.truckxxgroup.de\/gabelstapler-service-hameln\/wp-content\/uploads\/sites\/3\/2015\/07\/Trennbild-gsh-hameln-1024x171.jpg 1024w\" sizes=\"auto, (max-width: 1200px) 100vw, 1200px\" \/>[\/vc_column_text][\/vc_column][\/vc_row]<\/p>\n<\/div>","protected":false},"excerpt":{"rendered":"<p>[vc_row][vc_column width=&#8221;2\/3&#8243;][vc_column_text] Ihr Ansprechpartner rund um Gabelstapler und Lagertechnikger\u00e4te Als Spezialist halten wir st\u00e4ndig ein gro\u00dfes Angebot an Neu- und Gebrauchtger\u00e4ten vor. In unserer modernen Werkstatt f\u00fchren wir Servicearbeiten an allen Fabrikaten durch. Unser kompetentes Team ist auf dem neusten Stand geschult, um den wachsenen Anforderungen der Technik und unseren Kunden gerecht zu werden. Das&hellip;<\/p>\n","protected":false},"author":2,"featured_media":0,"parent":0,"menu_order":0,"comment_status":"closed","ping_status":"open","template":"","meta":{"footnotes":""},"class_list":["post-25","page","type-page","status-publish","hentry","description-off"],"_links":{"self":[{"href":"https:\/\/www.truckxxgroup.de\/gabelstapler-service-hameln\/wp-json\/wp\/v2\/pages\/25","targetHints":{"allow":["GET"]}}],"collection":[{"href":"https:\/\/www.truckxxgroup.de\/gabelstapler-service-hameln\/wp-json\/wp\/v2\/pages"}],"about":[{"href":"https:\/\/www.truckxxgroup.de\/gabelstapler-service-hameln\/wp-json\/wp\/v2\/types\/page"}],"author":[{"embeddable":true,"href":"https:\/\/www.truckxxgroup.de\/gabelstapler-service-hameln\/wp-json\/wp\/v2\/users\/2"}],"replies":[{"embeddable":true,"href":"https:\/\/www.truckxxgroup.de\/gabelstapler-service-hameln\/wp-json\/wp\/v2\/comments?post=25"}],"version-history":[{"count":18,"href":"https:\/\/www.truckxxgroup.de\/gabelstapler-service-hameln\/wp-json\/wp\/v2\/pages\/25\/revisions"}],"predecessor-version":[{"id":14207,"href":"https:\/\/www.truckxxgroup.de\/gabelstapler-service-hameln\/wp-json\/wp\/v2\/pages\/25\/revisions\/14207"}],"wp:attachment":[{"href":"https:\/\/www.truckxxgroup.de\/gabelstapler-service-hameln\/wp-json\/wp\/v2\/media?parent=25"}],"curies":[{"name":"wp","href":"https:\/\/api.w.org\/{rel}","templated":true}]}}