{"id":23147,"date":"2025-07-02T10:26:50","date_gmt":"2025-07-02T08:26:50","guid":{"rendered":"https:\/\/www.truckxxgroup.de\/gabelstapler-service-hameln\/?page_id=23147"},"modified":"2025-07-02T11:12:48","modified_gmt":"2025-07-02T09:12:48","slug":"manitou-kranausleger","status":"publish","type":"page","link":"https:\/\/www.truckxxgroup.de\/gabelstapler-service-hameln\/manitou-anbaugeraete\/manitou-kranausleger\/","title":{"rendered":"Manitou Kranausleger"},"content":{"rendered":"<div class=\"wpb-content-wrapper\"><p>[vc_row][vc_column][vc_single_image image=&#8221;21205&#8243; img_size=&#8221;450&#215;116&#8243; alignment=&#8221;center&#8221; css=&#8221;&#8221;][vc_column_text css=&#8221;&#8221;]<\/p>\n<h1 style=\"text-align: center;\">Anbauger\u00e4te: Kranausleger.<\/h1>\n<p style=\"text-align: center;\">Die Kranausleger von Manitou sind leistungsstarke Anbauger\u00e4te zur sicheren Lastaufnahme und -verlagerung \u00fcber gr\u00f6\u00dfere Distanzen oder H\u00f6hen hinweg. <strong>Sie verwandeln Teleskoplader in flexible Hebekr\u00e4ne<\/strong> und erm\u00f6glichen pr\u00e4zises Arbeiten bei Montage-, Bau- oder Instandhaltungsaufgaben. Dank robuster Bauweise und optionaler Haken oder Winden sind sie ideal f\u00fcr anspruchsvolle Eins\u00e4tze in Industrie, Bau und Landwirtschaft.<\/p>\n<p>[\/vc_column_text][\/vc_column][\/vc_row][vc_row][vc_column][vc_empty_space height=&#8221;50px&#8221;][\/vc_column][\/vc_row][vc_row][vc_column width=&#8221;2\/3&#8243;][vc_column_text css=&#8221;&#8221;]<\/p>\n<h3>Manitou Kranausleger mit 2 Haken &#8211; (Anbauger\u00e4t)<\/h3>\n<p>2 Tragf\u00e4higkeiten \/ Auslegerpaare. Sicherheit: homologierter drehbarer selbstsichernder Haken.<\/p>\n<p>&nbsp;<\/p>\n<ul>\n<li>Tragf\u00e4higkeit: von 4.000 kg bis 6.000 kg<\/li>\n<li>Maximale seitliche Reichweite: von 708 mm bis 808 mm<\/li>\n<li>Gewicht: von 210 kg bis 282 kg<\/li>\n<li>Gesamtl\u00e4nge: 2.838 mm<\/li>\n<\/ul>\n<p>&nbsp;<\/p>\n<p><a href=\"https:\/\/www.truckxxgroup.de\/gabelstapler-service-hameln\/wp-content\/uploads\/sites\/3\/2025\/07\/Kranausleger-mit-2-Haken.pdf\" target=\"_blank\" rel=\"noopener\">Datenblatt hier herunterladen<\/a>[\/vc_column_text][\/vc_column][vc_column width=&#8221;1\/3&#8243;][vc_single_image image=&#8221;23150&#8243; img_size=&#8221;full&#8221; css=&#8221;&#8221;][\/vc_column][\/vc_row][vc_row][vc_column][vc_empty_space height=&#8221;20px&#8221;][vc_separator border_width=&#8221;2&#8243; css=&#8221;&#8221;][vc_empty_space height=&#8221;20px&#8221;][\/vc_column][\/vc_row][vc_row][vc_column width=&#8221;2\/3&#8243;][vc_column_text css=&#8221;&#8221;]<\/p>\n<h3>Manitou Kranausleger mit 3 Haken &#8211; (Anbauger\u00e4t)<\/h3>\n<p>3 Tragf\u00e4higkeiten \/ Ausfahrpaare.<br \/>\nSicherheit: homologierter, schwenkbarer, selbstsichernder Haken.<\/p>\n<p>&nbsp;<\/p>\n<ul>\n<li>Tragf\u00e4higkeit: von 9.000 kg bis 40.000 kg<\/li>\n<li>Maximale seitliche Reichweite: von 470 mm bis 905 mm<\/li>\n<li>Gewicht: von 295 kg bis 3.500 kg<\/li>\n<li>Gesamtl\u00e4nge: von 2.085 mm bis 3.351 mm<\/li>\n<\/ul>\n<p>&nbsp;<\/p>\n<p><a href=\"https:\/\/www.truckxxgroup.de\/gabelstapler-service-hameln\/wp-content\/uploads\/sites\/3\/2025\/07\/Kranausleger-mit-3-Haken-Datenblatt.pdf\" target=\"_blank\" rel=\"noopener\">Datenblatt hier herunterladen<\/a>[\/vc_column_text][\/vc_column][vc_column width=&#8221;1\/3&#8243;][vc_single_image image=&#8221;23155&#8243; img_size=&#8221;full&#8221; css=&#8221;&#8221;][\/vc_column][\/vc_row][vc_row][vc_column][vc_empty_space height=&#8221;20px&#8221;][vc_separator border_width=&#8221;2&#8243; css=&#8221;&#8221;][vc_empty_space height=&#8221;20px&#8221;][\/vc_column][\/vc_row][vc_row][vc_column width=&#8221;2\/3&#8243;][vc_column_text css=&#8221;&#8221;]<\/p>\n<h3>Manitou Big-Bag-Tr\u00e4ger &#8211; (Anbauger\u00e4t)<\/h3>\n<p>Gesamtkapazit\u00e4t von 4000 kg \/ 8820 lb. 4 Ladepunkte mit je 1000 kg \/ 2205 lb Kapazit\u00e4t. 4 Sackstopper an jedem Ladepunkt montiert &#8211; begrenzen das Risiko, dass der Sack herunterf\u00e4llt. Anti-Schwing Sackstabilisator, erh\u00f6ht die Stabilit\u00e4t.<\/p>\n<p>&nbsp;<\/p>\n<ul>\n<li>Tragf\u00e4higkeit: von 2.400 kg bis 4.000 kg<\/li>\n<li>Gewicht: von 186 kg bis 285 kg<\/li>\n<li>Gesamtl\u00e4nge: von 1.643 mm bis 2.181 mm<\/li>\n<\/ul>\n<p>&nbsp;<\/p>\n<p><a href=\"https:\/\/www.truckxxgroup.de\/gabelstapler-service-hameln\/wp-content\/uploads\/sites\/3\/2025\/07\/Big-Bag-Traeger-Datenblatt.pdf\" target=\"_blank\" rel=\"noopener\">Datenblatt hier herunterladen<\/a>[\/vc_column_text][\/vc_column][vc_column width=&#8221;1\/3&#8243;][vc_single_image image=&#8221;23158&#8243; img_size=&#8221;full&#8221; css=&#8221;&#8221;][\/vc_column][\/vc_row][vc_row][vc_column][vc_empty_space height=&#8221;20px&#8221;][vc_separator border_width=&#8221;2&#8243; css=&#8221;&#8221;][vc_empty_space height=&#8221;20px&#8221;][\/vc_column][\/vc_row][vc_row][vc_column width=&#8221;2\/3&#8243;][vc_column_text css=&#8221;&#8221;]<\/p>\n<h3>Manitou Ausziehbarer Ausleger &#8211; (Anbauger\u00e4t)<\/h3>\n<p>Kapazit\u00e4t 600 kg\/1323 lb bei 4 m\/300 kg \/ 13 ft\/662 lb bei 5 m\/100 kg \/ 16 ft\/212 lb bei 6 m \/ 20 ft. Sicherheit: homologierter, drehbarer Traversenhaken. Sicherheit: selbstsichernder, drehbarer homologierter Haken.<\/p>\n<p>&nbsp;<\/p>\n<ul>\n<li>Tragf\u00e4higkeit: 600 kg<\/li>\n<li>Maximale seitliche Reichweite: 3.895 mm<\/li>\n<li>Gewicht: 265 kg<\/li>\n<li>Gesamtl\u00e4nge: 4.347 mm<\/li>\n<\/ul>\n<p>&nbsp;<\/p>\n<p><a href=\"https:\/\/www.truckxxgroup.de\/gabelstapler-service-hameln\/wp-content\/uploads\/sites\/3\/2025\/07\/Ausziehbarer-Ausleger-Datenblatt.pdf\" target=\"_blank\" rel=\"noopener\">Datenblatt hier herunterladen<\/a>[\/vc_column_text][\/vc_column][vc_column width=&#8221;1\/3&#8243;][vc_single_image image=&#8221;23161&#8243; img_size=&#8221;full&#8221; css=&#8221;&#8221;][\/vc_column][\/vc_row][vc_row][vc_column][vc_empty_space height=&#8221;20px&#8221;][vc_separator border_width=&#8221;2&#8243; css=&#8221;&#8221;][vc_empty_space height=&#8221;20px&#8221;][\/vc_column][\/vc_row][vc_row][vc_column width=&#8221;2\/3&#8243;][vc_column_text css=&#8221;&#8221;]<\/p>\n<h3>Manitou Ausziehbarer Ausleger mit Winde &#8211; (Anbauger\u00e4t)<\/h3>\n<p>\u00d6lgetr\u00e4nkte Negativbremse. Sicherheit: homologierter, drehbarer, selbstsichernder Haken. Sicherheit: automatischer Bewegungsstopp am Seilende\/Haken in der oberen Position. Manuelles Ausfahren (Handwinde) mit einstellbarer Auslegerl\u00e4nge.<\/p>\n<p>&nbsp;<\/p>\n<ul>\n<li>Tragf\u00e4higkeit: 800 kg<\/li>\n<li>Maximale seitliche Reichweite: 4.525 mm<\/li>\n<li>Gewicht: 605 kg<\/li>\n<li>Gesamtl\u00e4nge: 4.632 mm<\/li>\n<\/ul>\n<p>&nbsp;<\/p>\n<p><a href=\"https:\/\/www.truckxxgroup.de\/gabelstapler-service-hameln\/wp-content\/uploads\/sites\/3\/2025\/07\/Manitou-ausziehbarer-Ausleger-mit-Winde-Datenblatt.pdf\" target=\"_blank\" rel=\"noopener\">Datenblatt hier herunterladen<\/a>[\/vc_column_text][\/vc_column][vc_column width=&#8221;1\/3&#8243;][vc_single_image image=&#8221;23164&#8243; img_size=&#8221;full&#8221; css=&#8221;&#8221;][\/vc_column][\/vc_row][vc_row][vc_column][vc_empty_space height=&#8221;20px&#8221;][vc_separator border_width=&#8221;2&#8243; css=&#8221;&#8221;][vc_empty_space height=&#8221;20px&#8221;][\/vc_column][\/vc_row][vc_row][vc_column width=&#8221;2\/3&#8243;][vc_column_text css=&#8221;&#8221;]<\/p>\n<h3>Manitou Gittermastausleger &#8211; (Anbauger\u00e4t)<\/h3>\n<p>Breiter Auslegerbereich von 600 kg \/ 1323 lb bis 2000 kg \/ 4410 lb. Vorw\u00e4rtsreichweite max. von 2,5 m \/ 8 ft bis 4 m \/ 13 ft. Sicherheit: homologierter, drehbarer, selbstverriegelnder Haken. Ausleger auch in Windenausf\u00fchrung erh\u00e4ltlich.<\/p>\n<p>&nbsp;<\/p>\n<ul>\n<li>Tragf\u00e4higkeit: von 600 kg bis 2.000 kg<\/li>\n<li>Maximale seitliche Reichweite: von 2.336 mm bis 3.797 mm<\/li>\n<li>Gewicht: von 186 kg bis 210 kg<\/li>\n<li>Gesamtl\u00e4nge: von 2.479 mm bis 4.120 mm<\/li>\n<\/ul>\n<p>&nbsp;<\/p>\n<p><a href=\"https:\/\/www.truckxxgroup.de\/gabelstapler-service-hameln\/wp-content\/uploads\/sites\/3\/2025\/07\/Gittermastausleger-Datenblatt.pdf\" target=\"_blank\" rel=\"noopener\">Datenblatt hier herunterladen<\/a>[\/vc_column_text][\/vc_column][vc_column width=&#8221;1\/3&#8243;][vc_single_image image=&#8221;23167&#8243; img_size=&#8221;full&#8221; css=&#8221;&#8221;][\/vc_column][\/vc_row][vc_row][vc_column][vc_empty_space height=&#8221;20px&#8221;][vc_separator border_width=&#8221;2&#8243; css=&#8221;&#8221;][vc_empty_space height=&#8221;20px&#8221;][\/vc_column][\/vc_row][vc_row][vc_column width=&#8221;2\/3&#8243;][vc_column_text css=&#8221;&#8221;]<\/p>\n<h3>Manitou Ausleger mit Winde &#8211; (Anbauger\u00e4t)<\/h3>\n<p>Weite Produktpalette von Kranauslegern mit Winde von 600 kg \/ 1323 lb bis 2000 kg \/ 4410 lb mit einer Reichweite von max. 4 m \/ 13 ft \/ bis 2,5 m \/ 8 ft. \u00d6lgetr\u00e4nkte Negativbremsen.<br \/>\nSicherheit: homologierter, selbstsichernder Haken. Endschaltersensor (auf und ab).<\/p>\n<p>&nbsp;<\/p>\n<ul>\n<li>Tragf\u00e4higkeit: von 600 kg bis 2.000 kg<\/li>\n<li>Maximale seitliche Reichweite: von 2.008 mm bis 4.104 mm<\/li>\n<li>Gewicht: von 94 kg bis 400 kg<\/li>\n<li>Gesamtl\u00e4nge: von 2.387 mm bis 4.107 mm<\/li>\n<\/ul>\n<p>&nbsp;<\/p>\n<p><a href=\"https:\/\/www.truckxxgroup.de\/gabelstapler-service-hameln\/wp-content\/uploads\/sites\/3\/2025\/07\/Manitou-Ausleger-mit-Winde-Datenblatt.pdf\" target=\"_blank\" rel=\"noopener\">Datenblatt hier herunterladen<\/a>[\/vc_column_text][\/vc_column][vc_column width=&#8221;1\/3&#8243;][vc_single_image image=&#8221;23170&#8243; img_size=&#8221;full&#8221; css=&#8221;&#8221;][\/vc_column][\/vc_row][vc_row][vc_column][vc_empty_space height=&#8221;20px&#8221;][vc_separator border_width=&#8221;2&#8243; css=&#8221;&#8221;][vc_empty_space height=&#8221;20px&#8221;][\/vc_column][\/vc_row][vc_row][vc_column width=&#8221;2\/3&#8243;][vc_column_text css=&#8221;&#8221;]<\/p>\n<h3>Manitou Lasthaken &#8211; (Anbauger\u00e4t)<\/h3>\n<p>Bereich von 4000 kg bis 6000 kg Tragf\u00e4higkeit. Direkt am Schlitten angeh\u00e4ngt. Sicherheit: homologierter, drehbarer, selbstsichernder Haken.<\/p>\n<p>&nbsp;<\/p>\n<ul>\n<li>Tragf\u00e4higkeit: von 2.500 kg bis 9.000 kg<\/li>\n<li>Maximale seitliche Reichweite: von 260 mm bis 506 mm<\/li>\n<li>Gewicht: von 94 kg bis 400 kg<\/li>\n<li>Gesamtl\u00e4nge: von 2.387 mm bis 4.107 mm<\/li>\n<\/ul>\n<p>&nbsp;<\/p>\n<p><a href=\"https:\/\/www.truckxxgroup.de\/gabelstapler-service-hameln\/wp-content\/uploads\/sites\/3\/2025\/07\/Manitou-Lasthaken-Datenblatt.pdf\" target=\"_blank\" rel=\"noopener\">Datenblatt hier herunterladen<\/a>[\/vc_column_text][\/vc_column][vc_column width=&#8221;1\/3&#8243;][vc_single_image image=&#8221;23173&#8243; img_size=&#8221;full&#8221; css=&#8221;&#8221;][\/vc_column][\/vc_row][vc_row][vc_column][vc_empty_space height=&#8221;20px&#8221;][vc_separator border_width=&#8221;2&#8243; css=&#8221;&#8221;][vc_empty_space height=&#8221;20px&#8221;][\/vc_column][\/vc_row][vc_row][vc_column width=&#8221;2\/3&#8243;][vc_column_text css=&#8221;&#8221;]<\/p>\n<h3>Manitou Schwerlast-Lasthaken &#8211; (Anbauger\u00e4t)<\/h3>\n<p>H\u00e4ngende Tragf\u00e4higkeit bis zu 25000 kg \/ 55125 lb. Sicherheit: Homologierter, drehbarer, selbstsichernder Haken.<\/p>\n<p>&nbsp;<\/p>\n<ul>\n<li>Tragf\u00e4higkeit: von 9.000 kg bis 25.000 kg<\/li>\n<li>Maximale seitliche Reichweite: von 260 mm bis 700 mm<\/li>\n<li>Gewicht: von 129 kg bis 460 kg<\/li>\n<li>Gesamtl\u00e4nge: von 425 mm bis 985 mm<\/li>\n<\/ul>\n<p>&nbsp;<\/p>\n<p><a href=\"https:\/\/www.truckxxgroup.de\/gabelstapler-service-hameln\/wp-content\/uploads\/sites\/3\/2025\/07\/Manitou-Schwerlast-Lasthaken-Datenblatt.pdf\" target=\"_blank\" rel=\"noopener\">Datenblatt hier herunterladen<\/a>[\/vc_column_text][\/vc_column][vc_column width=&#8221;1\/3&#8243;][vc_single_image image=&#8221;23176&#8243; img_size=&#8221;full&#8221; css=&#8221;&#8221;][\/vc_column][\/vc_row][vc_row][vc_column][vc_empty_space height=&#8221;20px&#8221;][vc_separator border_width=&#8221;2&#8243; css=&#8221;&#8221;][vc_empty_space height=&#8221;20px&#8221;][\/vc_column][\/vc_row][vc_row][vc_column width=&#8221;2\/3&#8243;][vc_column_text css=&#8221;&#8221;]<\/p>\n<h3>Manitou Schwenkbarer Kranausleger &#8211; (Anbauger\u00e4t)<\/h3>\n<p>Einhakenausleger mit 15\u00b0\/15\u00b0-Drehung. Hydraulische Drehung f\u00fcr mehr Genauigkeit. Einfache &amp; starke Befestigung. Homologierter, drehbarer, selbstsichernder Haken.<\/p>\n<p>&nbsp;<\/p>\n<ul>\n<li>Tragf\u00e4higkeit: von 600 kg bis 2.000 kg<\/li>\n<li>Maximale seitliche Reichweite: von 1.000 mm bis 2.500 mm<\/li>\n<li>Gewicht: von 255 kg bis 320 kg<\/li>\n<li>Gesamtl\u00e4nge: von 1.374 mm bis 2.874 mm<\/li>\n<\/ul>\n<p>&nbsp;<\/p>\n<p><a href=\"https:\/\/www.truckxxgroup.de\/gabelstapler-service-hameln\/wp-content\/uploads\/sites\/3\/2025\/07\/Manitou-Schwenkbarer-Kranausleger-Datenblatt.pdf\" target=\"_blank\" rel=\"noopener\">Datenblatt hier herunterladen<\/a>[\/vc_column_text][\/vc_column][vc_column width=&#8221;1\/3&#8243;][vc_single_image image=&#8221;23179&#8243; img_size=&#8221;full&#8221; css=&#8221;&#8221;][\/vc_column][\/vc_row][vc_row][vc_column][vc_empty_space height=&#8221;20px&#8221;][vc_separator border_width=&#8221;2&#8243; css=&#8221;&#8221;][vc_empty_space height=&#8221;20px&#8221;][\/vc_column][\/vc_row]<\/p>\n<\/div>","protected":false},"excerpt":{"rendered":"<p>[vc_row][vc_column][vc_single_image image=&#8221;21205&#8243; img_size=&#8221;450&#215;116&#8243; alignment=&#8221;center&#8221; css=&#8221;&#8221;][vc_column_text css=&#8221;&#8221;] Anbauger\u00e4te: Kranausleger. Die Kranausleger von Manitou sind leistungsstarke Anbauger\u00e4te zur sicheren Lastaufnahme und -verlagerung \u00fcber gr\u00f6\u00dfere Distanzen oder H\u00f6hen hinweg. Sie verwandeln Teleskoplader in flexible Hebekr\u00e4ne und erm\u00f6glichen pr\u00e4zises Arbeiten bei Montage-, Bau- oder Instandhaltungsaufgaben. Dank robuster Bauweise und optionaler Haken oder Winden sind sie ideal f\u00fcr anspruchsvolle Eins\u00e4tze&hellip;<\/p>\n","protected":false},"author":2,"featured_media":0,"parent":22519,"menu_order":0,"comment_status":"closed","ping_status":"closed","template":"","meta":{"footnotes":""},"class_list":["post-23147","page","type-page","status-publish","hentry","description-off"],"_links":{"self":[{"href":"https:\/\/www.truckxxgroup.de\/gabelstapler-service-hameln\/wp-json\/wp\/v2\/pages\/23147","targetHints":{"allow":["GET"]}}],"collection":[{"href":"https:\/\/www.truckxxgroup.de\/gabelstapler-service-hameln\/wp-json\/wp\/v2\/pages"}],"about":[{"href":"https:\/\/www.truckxxgroup.de\/gabelstapler-service-hameln\/wp-json\/wp\/v2\/types\/page"}],"author":[{"embeddable":true,"href":"https:\/\/www.truckxxgroup.de\/gabelstapler-service-hameln\/wp-json\/wp\/v2\/users\/2"}],"replies":[{"embeddable":true,"href":"https:\/\/www.truckxxgroup.de\/gabelstapler-service-hameln\/wp-json\/wp\/v2\/comments?post=23147"}],"version-history":[{"count":13,"href":"https:\/\/www.truckxxgroup.de\/gabelstapler-service-hameln\/wp-json\/wp\/v2\/pages\/23147\/revisions"}],"predecessor-version":[{"id":23180,"href":"https:\/\/www.truckxxgroup.de\/gabelstapler-service-hameln\/wp-json\/wp\/v2\/pages\/23147\/revisions\/23180"}],"up":[{"embeddable":true,"href":"https:\/\/www.truckxxgroup.de\/gabelstapler-service-hameln\/wp-json\/wp\/v2\/pages\/22519"}],"wp:attachment":[{"href":"https:\/\/www.truckxxgroup.de\/gabelstapler-service-hameln\/wp-json\/wp\/v2\/media?parent=23147"}],"curies":[{"name":"wp","href":"https:\/\/api.w.org\/{rel}","templated":true}]}}