{"id":23054,"date":"2025-07-01T14:31:35","date_gmt":"2025-07-01T12:31:35","guid":{"rendered":"https:\/\/www.truckxxgroup.de\/gabelstapler-service-hameln\/?page_id=23054"},"modified":"2025-07-02T10:07:23","modified_gmt":"2025-07-02T08:07:23","slug":"manitou-klammern","status":"publish","type":"page","link":"https:\/\/www.truckxxgroup.de\/gabelstapler-service-hameln\/manitou-anbaugeraete\/manitou-klammern\/","title":{"rendered":"Manitou Klammern"},"content":{"rendered":"<div class=\"wpb-content-wrapper\"><p>[vc_row][vc_column][vc_single_image image=&#8221;21205&#8243; img_size=&#8221;450&#215;116&#8243; alignment=&#8221;center&#8221; css=&#8221;&#8221;][vc_column_text css=&#8221;&#8221;]<\/p>\n<h1 style=\"text-align: center;\">Anbauger\u00e4te: Klammern f\u00fcr Manitou.<\/h1>\n<p style=\"text-align: center;\">Die Klammern von Manitou sind vielseitige Anbauger\u00e4te zum sicheren Greifen, Halten und Transportieren unterschiedlichster Lasten wie Ballen, Rohre oder sperrige G\u00fcter. Sie sorgen f\u00fcr pr\u00e4zises Arbeiten, maximale Stabilit\u00e4t und sind ideal f\u00fcr den <strong>Einsatz in Landwirtschaft, Industrie und Recycling<\/strong>.<\/p>\n<p>[\/vc_column_text][\/vc_column][\/vc_row][vc_row][vc_column][vc_empty_space height=&#8221;50px&#8221;][\/vc_column][\/vc_row][vc_row][vc_column width=&#8221;2\/3&#8243;][vc_column_text css=&#8221;&#8221;]<\/p>\n<h3>Manitou Ballengreifer Classic &#8211; (Anbauger\u00e4t)<\/h3>\n<p>2&#215;4 oder 2&#215;3 Z\u00e4hne. Synchronisiertes Schlie\u00dfen. Hervorragende Hubkraft von 1000 kg \/ 2205 lb oder 1200 kg \/ 2646 lb bei 800 mm \/ 31 lb. H\u00e4lt 1 Rundballen \u00d8 1,8 m \/ 6 ft max. f\u00fcr den 2&#215;4 und \u00d8 1,5 m \/ 5 ft bis 2 m \/ 7 ft f\u00fcr den 2&#215;3. H\u00e4lt 2 Quaderballen von max. 0,8 m \/ 3 ft H\u00f6he pro Ballen.<\/p>\n<p>&nbsp;<\/p>\n<ul>\n<li>Tragf\u00e4higkeit: von 1.200 kg bis 1.800 kg<\/li>\n<li>Breite: 1.090 mm<\/li>\n<li>Gewicht: von 235 kg bis 330 kg<\/li>\n<li>Zinken: 2<\/li>\n<\/ul>\n<p>&nbsp;<\/p>\n<p><a href=\"https:\/\/www.truckxxgroup.de\/gabelstapler-service-hameln\/wp-content\/uploads\/sites\/3\/2025\/06\/ManitouBallengreifer-Classic-Datenblatt-1.pdf\" target=\"_blank\" rel=\"noopener\">Datenblatt hier herunterladen<\/a>[\/vc_column_text][\/vc_column][vc_column width=&#8221;1\/3&#8243;][vc_single_image image=&#8221;23059&#8243; img_size=&#8221;full&#8221; css=&#8221;&#8221;][\/vc_column][\/vc_row][vc_row][vc_column][vc_empty_space height=&#8221;20px&#8221;][vc_separator border_width=&#8221;2&#8243; css=&#8221;&#8221;][vc_empty_space height=&#8221;20px&#8221;][\/vc_column][\/vc_row][vc_row][vc_column width=&#8221;2\/3&#8243;][vc_column_text css=&#8221;&#8221;]<\/p>\n<h3>Manitou Ballengreifer High Intensive\u00a0&#8211; (Anbauger\u00e4t)<\/h3>\n<p>2&#215;6 Z\u00e4hne. Synchronisiertes Schlie\u00dfen. Hervorragende Tragf\u00e4higkeit von 2000 kg \/ 4410 lb bei 800 mm \/ 31 in oder 2500 kg \/ 5513 lb mit optionalen unteren Zinken.<br \/>\nH\u00e4lt 1 Rundballen \u00d8 1,8 m \/ 6 ft max. f\u00fcr den 2&#215;4 und \u00d8 1,5 m \/ 5 ft bis 2 m \/ 7 ft f\u00fcr den 2&#215;3. H\u00e4lt 2 Quaderballen von maximal 0,8 m \/ 3 ft H\u00f6he pro Ballen.<\/p>\n<p>&nbsp;<\/p>\n<ul>\n<li>Tragf\u00e4higkeit: 2.000 kg<\/li>\n<li>Breite: 1.002 mm<\/li>\n<li>Gewicht: 434 kg<\/li>\n<li>Zinken: 2<\/li>\n<\/ul>\n<p>&nbsp;<\/p>\n<p><a href=\"https:\/\/www.truckxxgroup.de\/gabelstapler-service-hameln\/wp-content\/uploads\/sites\/3\/2025\/06\/Ballengreifer-High-Intensive-Datenblatt.pdf\" target=\"_blank\" rel=\"noopener\">Datenblatt hier herunterladen<\/a>[\/vc_column_text][\/vc_column][vc_column width=&#8221;1\/3&#8243;][vc_single_image image=&#8221;23065&#8243; img_size=&#8221;full&#8221; css=&#8221;&#8221;][\/vc_column][\/vc_row][vc_row][vc_column][vc_empty_space height=&#8221;20px&#8221;][vc_separator border_width=&#8221;2&#8243; css=&#8221;&#8221;][vc_empty_space height=&#8221;20px&#8221;][\/vc_column][\/vc_row][vc_row][vc_column width=&#8221;2\/3&#8243;][vc_column_text css=&#8221;&#8221;]<\/p>\n<h3>Manitou Ballengreifer Intensive &#8211; (Anbauger\u00e4t)<\/h3>\n<p>Geschmiedete 2&#215;4 Zinken. Synchronisiertes Schlie\u00dfen. Impressive Hubkapazit\u00e4t von 1800 kg \/ 3969 lb. H\u00e4lt 1 oder 2 Rundballen: 1,80 m maximal. H\u00e4lt 2 Quaderballen: 1,2 m \/ 4 ft hoch.<br \/>\nH\u00e4lt 3 Quaderballen: je 0,8 m \/ 3 ft hoch. Optional: 2 untere Zinken 680 mm \/ 27 in \u00d8 35 mm \/ 1 in Ref. 790521 &#8211; Ersatzteilset.<\/p>\n<p>&nbsp;<\/p>\n<ul>\n<li>Tragf\u00e4higkeit: 1.800 kg<\/li>\n<li>Breite: 1.090 mm<\/li>\n<li>Gewicht: von 35 kg bis 283 kg<\/li>\n<li>Zinken: 2<\/li>\n<\/ul>\n<p>&nbsp;<\/p>\n<p><a href=\"https:\/\/www.truckxxgroup.de\/gabelstapler-service-hameln\/wp-content\/uploads\/sites\/3\/2025\/06\/Manitou-Ballengreifer-Intensiv-Datenbl.pdf\" target=\"_blank\" rel=\"noopener\">Datenblatt hier herunterladen<\/a>[\/vc_column_text][\/vc_column][vc_column width=&#8221;1\/3&#8243;][vc_single_image image=&#8221;23068&#8243; img_size=&#8221;full&#8221; css=&#8221;&#8221;][\/vc_column][\/vc_row][vc_row][vc_column][vc_empty_space height=&#8221;20px&#8221;][vc_separator border_width=&#8221;2&#8243; css=&#8221;&#8221;][vc_empty_space height=&#8221;20px&#8221;][\/vc_column][\/vc_row][vc_row][vc_column width=&#8221;2\/3&#8243;][vc_column_text css=&#8221;&#8221;]<\/p>\n<h3>Manitou Ballengreifer Super Compact\u00a0&#8211; (Anbauger\u00e4t)<\/h3>\n<p>2&#215;2 Z\u00e4hne. Voneinander-unabh\u00e4ngiger-Verschluss. Fassungsverm\u00f6gen: 800 kg \/ 1764 lb. H\u00e4lt 1 Rundballen &#8211; \u00d8 1,8 m \/ 6 ft maximal. H\u00e4lt 1 Quaderballen &#8211; 1,2 m \/ 4 ft hoch.<\/p>\n<p>&nbsp;<\/p>\n<ul>\n<li>Tragf\u00e4higkeit: 800 kg<\/li>\n<li>Breite: 1.090 mm<\/li>\n<li>Gewicht: 156 kg<\/li>\n<li>Zinken: 2<\/li>\n<\/ul>\n<p>&nbsp;<\/p>\n<p><a href=\"https:\/\/www.truckxxgroup.de\/gabelstapler-service-hameln\/wp-content\/uploads\/sites\/3\/2025\/06\/Manitou-Ballengreifer-Super-Compact-Datenbl.pdf\" target=\"_blank\" rel=\"noopener\">Datenblatt hier herunterladen<\/a>[\/vc_column_text][\/vc_column][vc_column width=&#8221;1\/3&#8243;][vc_single_image image=&#8221;23072&#8243; img_size=&#8221;full&#8221; css=&#8221;&#8221;][\/vc_column][\/vc_row][vc_row][vc_column][vc_empty_space height=&#8221;20px&#8221;][vc_separator border_width=&#8221;2&#8243; css=&#8221;&#8221;][vc_empty_space height=&#8221;20px&#8221;][\/vc_column][\/vc_row][vc_row][vc_column width=&#8221;2\/3&#8243;][vc_column_text css=&#8221;&#8221;]<\/p>\n<h3>Manitou Allzweckgreifer &#8211; (Anbauger\u00e4t)<\/h3>\n<p>2 x 3 Z\u00e4hne. Umschaltung von einem synchronisierten auf einen unsynchronisierten Verschluss. Sehr gute Hubkraft bis zu 800 kg \/ 1764 lb. H\u00e4lt rund gewickelte Ballen: \u00d8 von 1 m \/ 3 ft bis 1,60 m \/ 5 ft. Handhabt Rundballen mit \u00d8 von 0,9 m \/ 3 ft bis 1,80 m \/ 6 ft. Handhabt 2 Quaderballen: je 1,2 m \/ 4 ft hoch.<\/p>\n<p>&nbsp;<\/p>\n<ul>\n<li>Tragf\u00e4higkeit: 800 kg<\/li>\n<li>Breite: 1.196 mm<\/li>\n<li>Gewicht: 290 kg<\/li>\n<li>Zinken: 2<\/li>\n<\/ul>\n<p>&nbsp;<\/p>\n<p><a href=\"https:\/\/www.truckxxgroup.de\/gabelstapler-service-hameln\/wp-content\/uploads\/sites\/3\/2025\/06\/Manitou-Allzweckgreifer-Datenbl.pdf\" target=\"_blank\" rel=\"noopener\">Datenblatt hier herunterladen<\/a>[\/vc_column_text][\/vc_column][vc_column width=&#8221;1\/3&#8243;][vc_single_image image=&#8221;23075&#8243; img_size=&#8221;full&#8221; css=&#8221;&#8221;][\/vc_column][\/vc_row][vc_row][vc_column][vc_empty_space height=&#8221;20px&#8221;][vc_separator border_width=&#8221;2&#8243; css=&#8221;&#8221;][vc_empty_space height=&#8221;20px&#8221;][\/vc_column][\/vc_row][vc_row][vc_column width=&#8221;2\/3&#8243;][vc_column_text css=&#8221;&#8221;]<\/p>\n<h3>Manitou Topfgreifer &#8211; (Anbauger\u00e4t)<\/h3>\n<p>Gelenkige Griffe f\u00fcr ein sanftes Einspannen der T\u00f6pfe. Einstellbarer Druckbegrenzer, um eine Besch\u00e4digung von zerbrechlichen T\u00f6pfen (Terrakotta) zu verhindern. Erh\u00f6hter Komponentenschutz &amp; vereinfachte Wartung. H\u00e4lt T\u00f6pfe mit einem maximalen Durchmesser von 1 m \/ 3 ft.<\/p>\n<p>&nbsp;<\/p>\n<ul>\n<li>Tragf\u00e4higkeit: 800 kg<\/li>\n<li>Breite: 750 mm<\/li>\n<li>Gewicht: 136 kg<\/li>\n<li>Gesamth\u00f6he: 689 mm<\/li>\n<\/ul>\n<p>&nbsp;<\/p>\n<p><a href=\"https:\/\/www.truckxxgroup.de\/gabelstapler-service-hameln\/wp-content\/uploads\/sites\/3\/2025\/07\/Manitou-Topfgreifer.pdf\" target=\"_blank\" rel=\"noopener\">Datenblatt hier herunterladen<\/a>[\/vc_column_text][\/vc_column][vc_column width=&#8221;1\/3&#8243;][vc_single_image image=&#8221;23111&#8243; img_size=&#8221;full&#8221; css=&#8221;&#8221;][\/vc_column][\/vc_row][vc_row][vc_column][vc_empty_space height=&#8221;20px&#8221;][vc_separator border_width=&#8221;2&#8243; css=&#8221;&#8221;][vc_empty_space height=&#8221;20px&#8221;][\/vc_column][\/vc_row][vc_row][vc_column width=&#8221;2\/3&#8243;][vc_column_text css=&#8221;&#8221;]<\/p>\n<h3>Manitou K\u00fcbelgreifer f\u00fcr Kompaktmaschinen\u00a0&#8211; (Anbauger\u00e4t)<\/h3>\n<p>Gelenkige Griffe f\u00fcr ein sanftes Einspannen der T\u00f6pfe. Einstellbarer Druckbegrenzer zur Vermeidung von Besch\u00e4digungen zerbrechlicher T\u00f6pfe (Terrakotta).<\/p>\n<p>&nbsp;<\/p>\n<ul>\n<li>Tragf\u00e4higkeit: 800 kg<\/li>\n<li>Breite: 686 mm<\/li>\n<li>Gewicht: 109 kg<\/li>\n<li>Gesamth\u00f6he: 507 mm<\/li>\n<\/ul>\n<p>&nbsp;<\/p>\n<p><a href=\"https:\/\/www.truckxxgroup.de\/gabelstapler-service-hameln\/wp-content\/uploads\/sites\/3\/2025\/07\/Kuebelgreifer-Kompaktmaschinen.pdf\" target=\"_blank\" rel=\"noopener\">Datenblatt hier herunterladen<\/a>[\/vc_column_text][\/vc_column][vc_column width=&#8221;1\/3&#8243;][vc_single_image image=&#8221;23117&#8243; img_size=&#8221;full&#8221; css=&#8221;&#8221;][\/vc_column][\/vc_row][vc_row][vc_column][vc_empty_space height=&#8221;20px&#8221;][vc_separator border_width=&#8221;2&#8243; css=&#8221;&#8221;][vc_empty_space height=&#8221;20px&#8221;][\/vc_column][\/vc_row][vc_row][vc_column width=&#8221;2\/3&#8243;][vc_column_text css=&#8221;&#8221;]<\/p>\n<h3>Manitou Ringschwellengreifer\u00a0&#8211; (Anbauger\u00e4t)<\/h3>\n<p>Der Manitou Ringschwellengreifer ist ein spezielles Anbauger\u00e4t, das f\u00fcr den sicheren und effizienten Transport sowie das pr\u00e4zise Verlegen von Betonschwellen mit Ringankern im Gleisbau entwickelt wurde. Tragf\u00e4higkeit 4000 kg \/ 8820 lb. 45\u00b0 hydraulische Armbewegung. 65\u00b0\/65\u00b0 manuelle Kopfdrehung.<\/p>\n<p>&nbsp;<\/p>\n<ul>\n<li>Tragf\u00e4higkeit: von 2.000 kg bis 4.000 kg<\/li>\n<li>Gewicht: von 450 kg bis 790 kg<\/li>\n<li>\u00d6ffnung Minimum: 203 mm<\/li>\n<li>\u00d6ffnung Maximum: 480 mm<\/li>\n<\/ul>\n<p>&nbsp;<\/p>\n<p><a href=\"https:\/\/www.truckxxgroup.de\/gabelstapler-service-hameln\/wp-content\/uploads\/sites\/3\/2025\/07\/Ringschwellengreifer.pdf\" target=\"_blank\" rel=\"noopener\">Datenblatt hier herunterladen<\/a>[\/vc_column_text][\/vc_column][vc_column width=&#8221;1\/3&#8243;][vc_single_image image=&#8221;23120&#8243; img_size=&#8221;full&#8221; css=&#8221;&#8221;][\/vc_column][\/vc_row][vc_row][vc_column][vc_empty_space height=&#8221;20px&#8221;][vc_separator border_width=&#8221;2&#8243; css=&#8221;&#8221;][vc_empty_space height=&#8221;20px&#8221;][\/vc_column][\/vc_row][vc_row][vc_column width=&#8221;2\/3&#8243;][vc_column_text css=&#8221;&#8221;]<\/p>\n<h3>Manitou Rundballenzange f\u00fcr Kompaktmaschinen\u00a0&#8211; (Anbauger\u00e4t)<\/h3>\n<p>Kann f\u00fcr Quaderballen verwendet werden. Synchronisierte Arme mit je 4 geschmiedeten Z\u00e4hnen.<\/p>\n<p>&nbsp;<\/p>\n<ul>\n<li>Tragf\u00e4higkeit: 800 kg<\/li>\n<li>Breite: 1.090 mm<\/li>\n<li>Gewicht: 150 kg<\/li>\n<li>Zinken: 2<\/li>\n<\/ul>\n<p>&nbsp;<\/p>\n<p><a href=\"https:\/\/www.truckxxgroup.de\/gabelstapler-service-hameln\/wp-content\/uploads\/sites\/3\/2025\/07\/Rundballenzange-Kompaktmaschinen.pdf\" target=\"_blank\" rel=\"noopener\">Datenblatt hier herunterladen<\/a>[\/vc_column_text][\/vc_column][vc_column width=&#8221;1\/3&#8243;][vc_single_image image=&#8221;23128&#8243; img_size=&#8221;full&#8221; css=&#8221;&#8221;][\/vc_column][\/vc_row][vc_row][vc_column][vc_empty_space height=&#8221;20px&#8221;][vc_separator border_width=&#8221;2&#8243; css=&#8221;&#8221;][vc_empty_space height=&#8221;20px&#8221;][\/vc_column][\/vc_row][vc_row][vc_column width=&#8221;2\/3&#8243;][vc_column_text css=&#8221;&#8221;]<\/p>\n<h3>Manitou Greifer f\u00fcr Quaderballen\u00a0&#8211; (Anbauger\u00e4t)<\/h3>\n<p>Kapazit\u00e4t: 2100 kg \/ 4631 lb \/ 5 Ballen (700 mm \/ 28 in hoch). Verst\u00e4rkter Rahmen &amp; Greiferstruktur f\u00fcr raue Arbeitsbedingungen. 2x 7 geschmiedete Z\u00e4hne, \u00d8 25 mm \/ 1 in L\u00e4nge 340 mm \/ 13 in. 3x untere Zinken, \u00d8 40 mm \/ 2 in L\u00e4nge 1000 mm \/ 39 in. Synchronisierter Verschluss.<\/p>\n<p>&nbsp;<\/p>\n<ul>\n<li>Tragf\u00e4higkeit: 2.100 kg<\/li>\n<li>Breite: 1.800 mm<\/li>\n<li>Gewicht: 760 kg<\/li>\n<li>Zinken: 14<\/li>\n<\/ul>\n<p>&nbsp;<\/p>\n<p><a href=\"https:\/\/www.truckxxgroup.de\/gabelstapler-service-hameln\/wp-content\/uploads\/sites\/3\/2025\/07\/Greifer-fuer-Quaderballen.pdf\" target=\"_blank\" rel=\"noopener\">Datenblatt hier herunterladen<\/a>[\/vc_column_text][\/vc_column][vc_column width=&#8221;1\/3&#8243;][vc_single_image image=&#8221;23131&#8243; img_size=&#8221;full&#8221; css=&#8221;&#8221;][\/vc_column][\/vc_row][vc_row][vc_column][vc_empty_space height=&#8221;20px&#8221;][vc_separator border_width=&#8221;2&#8243; css=&#8221;&#8221;][vc_empty_space height=&#8221;20px&#8221;][\/vc_column][\/vc_row][vc_row][vc_column width=&#8221;2\/3&#8243;][vc_column_text css=&#8221;&#8221;]<\/p>\n<h3>Manitou Klammer f\u00fcr Quaderballen\u00a0&#8211; (Anbauger\u00e4t)<\/h3>\n<p>Starker Rahmen &amp; Komponenten f\u00fcr intensive Anwendungen. Teleskopische Kinematik, sanfte Bewegung &amp; starke Klemmkapazit\u00e4t. Gemeinsame Verwendung von Teflon\u00ae-Pads &#8211; Begrenzte Wartung. Standard-Druckbegrenzer.<\/p>\n<p>&nbsp;<\/p>\n<ul>\n<li>Tragf\u00e4higkeit: 1.000 kg<\/li>\n<li>Breite: 1.525 mm<\/li>\n<li>Gewicht: 483 kg<\/li>\n<li>Gesamth\u00f6he: 679 mm<\/li>\n<\/ul>\n<p>&nbsp;<\/p>\n<p><a href=\"https:\/\/www.truckxxgroup.de\/gabelstapler-service-hameln\/wp-content\/uploads\/sites\/3\/2025\/07\/Klammer-fuer-Quaderballen.pdf\" target=\"_blank\" rel=\"noopener\">Datenblatt hier herunterladen<\/a>[\/vc_column_text][\/vc_column][vc_column width=&#8221;1\/3&#8243;][vc_single_image image=&#8221;23134&#8243; img_size=&#8221;full&#8221; css=&#8221;&#8221;][\/vc_column][\/vc_row][vc_row][vc_column][vc_empty_space height=&#8221;20px&#8221;][vc_separator border_width=&#8221;2&#8243; css=&#8221;&#8221;][vc_empty_space height=&#8221;20px&#8221;][\/vc_column][\/vc_row][vc_row][vc_column width=&#8221;2\/3&#8243;][vc_column_text css=&#8221;&#8221;]<\/p>\n<h3>Manitou Vierkant-Ballenzange f\u00fcr Kompaktmaschinen\u00a0&#8211; (Anbauger\u00e4t)<\/h3>\n<p>Starker Rahmen &amp; Komponenten f\u00fcr intensive Anwendungen. Teleskopische Kinematik-leichte Bewegung &amp; starke Klemmkapazit\u00e4t. Massiver Einsatz von Teflon\u00ae-Pad. Standard-Druckbegrenzer.<\/p>\n<p>&nbsp;<\/p>\n<ul>\n<li>Tragf\u00e4higkeit: 1.000 kg<\/li>\n<li>Gewicht: 477 kg<\/li>\n<li>\u00d6ffnung Maximum: 2.090 mm<\/li>\n<li>Gesamth\u00f6he: 679 mm<\/li>\n<\/ul>\n<p>&nbsp;<\/p>\n<p><a href=\"https:\/\/www.truckxxgroup.de\/gabelstapler-service-hameln\/wp-content\/uploads\/sites\/3\/2025\/07\/Vierkant-Ballenzange-Kompaktmaschinen.pdf\" target=\"_blank\" rel=\"noopener\">Datenblatt hier herunterladen<\/a>[\/vc_column_text][\/vc_column][vc_column width=&#8221;1\/3&#8243;][vc_single_image image=&#8221;23137&#8243; img_size=&#8221;full&#8221; css=&#8221;&#8221;][\/vc_column][\/vc_row][vc_row][vc_column][vc_empty_space height=&#8221;20px&#8221;][vc_separator border_width=&#8221;2&#8243; css=&#8221;&#8221;][vc_empty_space height=&#8221;20px&#8221;][\/vc_column][\/vc_row][vc_row][vc_column width=&#8221;2\/3&#8243;][vc_column_text css=&#8221;&#8221;]<\/p>\n<h3>Manitou Greifer f\u00fcr Silageballen\u00a0&#8211; (Anbauger\u00e4t)<\/h3>\n<p>Selbstgeschmierter Anti-Verschlei\u00df-Ring, der die Langlebigkeit des Anbauger\u00e4ts verbessert. Exzellente Hubkapazit\u00e4t von 800 kg \/ 1764 lb bis zu 1000 kg \/ 2205 lb. Geschwei\u00dftes Monoblock-Chassis.<\/p>\n<p>CLBW 800 : verarbeitet gewickelte Ballen mit \u00d8 von 0,85 m \/ 3 ft bis 1,45 m \/ 5 ft.<br \/>\nCLBW 1500 : verarbeitet gewickelte Ballen mit \u00d8 von 1 m \/ 3 ft bis 1,7 m \/ 6 ft.<\/p>\n<p>&nbsp;<\/p>\n<ul>\n<li>Tragf\u00e4higkeit: von 800 kg bis 1.500 kg<\/li>\n<li>Gewicht: von 227 kg bis 251 kg<\/li>\n<li>Breite: von 1.587 mm bis 2.250 mm<\/li>\n<li>Gesamth\u00f6he: von 800 bis 810 mm<\/li>\n<\/ul>\n<p>&nbsp;<\/p>\n<p><a href=\"https:\/\/www.truckxxgroup.de\/gabelstapler-service-hameln\/wp-content\/uploads\/sites\/3\/2025\/07\/Greifer-fuer-Silageballen.pdf\" target=\"_blank\" rel=\"noopener\">Datenblatt hier herunterladen<\/a>[\/vc_column_text][\/vc_column][vc_column width=&#8221;1\/3&#8243;][vc_single_image image=&#8221;23140&#8243; img_size=&#8221;full&#8221; css=&#8221;&#8221;][\/vc_column][\/vc_row][vc_row][vc_column][vc_empty_space height=&#8221;20px&#8221;][vc_separator border_width=&#8221;2&#8243; css=&#8221;&#8221;][vc_empty_space height=&#8221;20px&#8221;][\/vc_column][\/vc_row]<\/p>\n<\/div>","protected":false},"excerpt":{"rendered":"<p>[vc_row][vc_column][vc_single_image image=&#8221;21205&#8243; img_size=&#8221;450&#215;116&#8243; alignment=&#8221;center&#8221; css=&#8221;&#8221;][vc_column_text css=&#8221;&#8221;] Anbauger\u00e4te: Klammern f\u00fcr Manitou. Die Klammern von Manitou sind vielseitige Anbauger\u00e4te zum sicheren Greifen, Halten und Transportieren unterschiedlichster Lasten wie Ballen, Rohre oder sperrige G\u00fcter. Sie sorgen f\u00fcr pr\u00e4zises Arbeiten, maximale Stabilit\u00e4t und sind ideal f\u00fcr den Einsatz in Landwirtschaft, Industrie und Recycling. [\/vc_column_text][\/vc_column][\/vc_row][vc_row][vc_column][vc_empty_space height=&#8221;50px&#8221;][\/vc_column][\/vc_row][vc_row][vc_column width=&#8221;2\/3&#8243;][vc_column_text css=&#8221;&#8221;] Manitou Ballengreifer&hellip;<\/p>\n","protected":false},"author":2,"featured_media":0,"parent":22519,"menu_order":0,"comment_status":"closed","ping_status":"closed","template":"","meta":{"footnotes":""},"class_list":["post-23054","page","type-page","status-publish","hentry","description-off"],"_links":{"self":[{"href":"https:\/\/www.truckxxgroup.de\/gabelstapler-service-hameln\/wp-json\/wp\/v2\/pages\/23054","targetHints":{"allow":["GET"]}}],"collection":[{"href":"https:\/\/www.truckxxgroup.de\/gabelstapler-service-hameln\/wp-json\/wp\/v2\/pages"}],"about":[{"href":"https:\/\/www.truckxxgroup.de\/gabelstapler-service-hameln\/wp-json\/wp\/v2\/types\/page"}],"author":[{"embeddable":true,"href":"https:\/\/www.truckxxgroup.de\/gabelstapler-service-hameln\/wp-json\/wp\/v2\/users\/2"}],"replies":[{"embeddable":true,"href":"https:\/\/www.truckxxgroup.de\/gabelstapler-service-hameln\/wp-json\/wp\/v2\/comments?post=23054"}],"version-history":[{"count":20,"href":"https:\/\/www.truckxxgroup.de\/gabelstapler-service-hameln\/wp-json\/wp\/v2\/pages\/23054\/revisions"}],"predecessor-version":[{"id":23141,"href":"https:\/\/www.truckxxgroup.de\/gabelstapler-service-hameln\/wp-json\/wp\/v2\/pages\/23054\/revisions\/23141"}],"up":[{"embeddable":true,"href":"https:\/\/www.truckxxgroup.de\/gabelstapler-service-hameln\/wp-json\/wp\/v2\/pages\/22519"}],"wp:attachment":[{"href":"https:\/\/www.truckxxgroup.de\/gabelstapler-service-hameln\/wp-json\/wp\/v2\/media?parent=23054"}],"curies":[{"name":"wp","href":"https:\/\/api.w.org\/{rel}","templated":true}]}}