{"id":22806,"date":"2025-06-11T11:19:15","date_gmt":"2025-06-11T09:19:15","guid":{"rendered":"https:\/\/www.truckxxgroup.de\/gabelstapler-service-hameln\/?page_id=22806"},"modified":"2025-06-23T14:26:54","modified_gmt":"2025-06-23T12:26:54","slug":"manitou-gabeln-greifer","status":"publish","type":"page","link":"https:\/\/www.truckxxgroup.de\/gabelstapler-service-hameln\/manitou-anbaugeraete\/manitou-gabeln-greifer\/","title":{"rendered":"Manitou Gabeln und Greifer"},"content":{"rendered":"<div class=\"wpb-content-wrapper\"><p>[vc_row][vc_column][vc_single_image image=&#8221;21205&#8243; img_size=&#8221;450&#215;116&#8243; alignment=&#8221;center&#8221; css=&#8221;&#8221;][vc_column_text css=&#8221;&#8221;]<\/p>\n<h1 style=\"text-align: center;\">Anbauger\u00e4te: Gabeln und Greifer f\u00fcr Manitou.<\/h1>\n<p style=\"text-align: center;\">Die Gabeln und Greifer von Manitou sind robuste Anbauger\u00e4te, die f\u00fcr das sichere Heben, Bewegen und Verladen unterschiedlichster Lasten konzipiert sind \u2013 von <strong>Paletten bis zu sperrigem Sch\u00fcttgut<\/strong>. Sie bieten maximale Vielseitigkeit und Effizienz f\u00fcr den <strong>Einsatz in Landwirtschaft, Bauwesen und Industrie<\/strong>.<\/p>\n<p>[\/vc_column_text][\/vc_column][\/vc_row][vc_row][vc_column][vc_empty_space height=&#8221;50px&#8221;][\/vc_column][\/vc_row][vc_row][vc_column width=&#8221;2\/3&#8243;][vc_column_text css=&#8221;&#8221;]<\/p>\n<h3>Manitou Ballengabel f\u00fcr Kompaktmaschinen &#8211;\u00a0(Anbauger\u00e4t)<\/h3>\n<p>2 hochbelastbare geschmiedete Zinken. LB: Version mit R\u00fcckenlehne. [Das 3D-Foto oben auf dieser Seite ist Referenz N51502684 &#8211; FB 950 \/ 700].<\/p>\n<p>&nbsp;<\/p>\n<ul>\n<li>Tragf\u00e4higkeit: von 560 kg bis 700 kg<\/li>\n<li>Breite: von 1.127 mm bis 1.170 mm<\/li>\n<li>Gewicht: von 72 kg bis 75 kg<\/li>\n<li>Zinken: 2<\/li>\n<\/ul>\n<p>&nbsp;<\/p>\n<p><a href=\"https:\/\/www.truckxxgroup.de\/gabelstapler-service-hameln\/wp-content\/uploads\/sites\/3\/2025\/06\/manitou_ballengabel_kompaktmaschinen.pdf\" target=\"_blank\" rel=\"noopener\">Datenblatt hier herunterladen<\/a>[\/vc_column_text][\/vc_column][vc_column width=&#8221;1\/3&#8243;][vc_single_image image=&#8221;22918&#8243; img_size=&#8221;full&#8221; css=&#8221;&#8221;][\/vc_column][\/vc_row][vc_row][vc_column][vc_empty_space height=&#8221;20px&#8221;][vc_separator border_width=&#8221;2&#8243; css=&#8221;&#8221;][vc_empty_space height=&#8221;20px&#8221;][\/vc_column][\/vc_row][vc_row][vc_column width=&#8221;2\/3&#8243;][vc_column_text css=&#8221;&#8221;]<\/p>\n<h3>Manitou Gabelballen-Baumwolle &#8211;\u00a0(Anbauger\u00e4t)<\/h3>\n<p>Kapazit\u00e4t von 5000 kg \/ 11025 lb. 2 Zinken, \u00d8 50 mm \/ 2 in, Arbeitsl\u00e4nge 2000 mm \/ 79 in. 3 Zinken, \u00d8 50 mm \/ 2 in, Arbeitsl\u00e4nge 2300 mm \/ 91 in.<\/p>\n<p>&nbsp;<\/p>\n<ul>\n<li>Abnehmbare Zinken (einfach zu wechseln, zu versenden und in der Nebensaison zu lagern).<\/li>\n<li>[Das 3D-Foto rechts ist Referenz FBC 5 \/ 5000 &#8211; 52775361].<\/li>\n<\/ul>\n<p>&nbsp;<\/p>\n<p><a href=\"https:\/\/www.truckxxgroup.de\/gabelstapler-service-hameln\/wp-content\/uploads\/sites\/3\/2025\/06\/Gabelballen-Baumwolle_manitou.pdf\" target=\"_blank\" rel=\"noopener\">Datenblatt hier herunterladen<\/a>[\/vc_column_text][\/vc_column][vc_column width=&#8221;1\/3&#8243;][vc_single_image image=&#8221;22923&#8243; img_size=&#8221;full&#8221; css=&#8221;&#8221;][\/vc_column][\/vc_row][vc_row][vc_column][vc_empty_space height=&#8221;20px&#8221;][vc_separator border_width=&#8221;2&#8243; css=&#8221;&#8221;][vc_empty_space height=&#8221;20px&#8221;][\/vc_column][\/vc_row][vc_row][vc_column width=&#8221;2\/3&#8243;][vc_column_text css=&#8221;&#8221;]<\/p>\n<h3>Manitou Dunggabel mit Greifer, schwere Ausf\u00fchrung &#8211;\u00a0(Anbauger\u00e4t)<\/h3>\n<p>Gro\u00dfes Fassungsverm\u00f6gen 2000 L \/ 71 ft\u00b3. Drehstopps sorgen f\u00fcr eine lange Lebensdauer der Hydraulikzylinder. Anschraubbare Z\u00e4hne und Zinken f\u00fcr eine einfache Wartung. Hochwertige, verschlei\u00dffeste und hochfeste St\u00e4hle werden in gro\u00dfem Umfang verwendet.<\/p>\n<p>&nbsp;<\/p>\n<ul>\n<li>Z\u00e4hne: \u00d8 45 mm \/ 2 in, 939 mm \/ 37 in.<\/li>\n<li>Zinken: \u00d8 45 mm \/ 2 in, 1100 mm \/ 43 in.<\/li>\n<li>F\u00fcr Silage und leichten Strohd\u00fcnger. Max 700 kg\/m\u00b3 \/ 44 lb\/ft\u00b3.<\/li>\n<\/ul>\n<p>&nbsp;<\/p>\n<p><a href=\"https:\/\/www.truckxxgroup.de\/gabelstapler-service-hameln\/wp-content\/uploads\/sites\/3\/2025\/06\/Manitou_Dunggabel_greifer_schwer_datenblatt.pdf\" target=\"_blank\" rel=\"noopener\">Datenblatt hier herunterladen<\/a>[\/vc_column_text][\/vc_column][vc_column width=&#8221;1\/3&#8243;][vc_single_image image=&#8221;22927&#8243; img_size=&#8221;full&#8221; css=&#8221;&#8221;][\/vc_column][\/vc_row][vc_row][vc_column][vc_empty_space height=&#8221;20px&#8221;][vc_separator border_width=&#8221;2&#8243; css=&#8221;&#8221;][vc_empty_space height=&#8221;20px&#8221;][\/vc_column][\/vc_row][vc_row][vc_column width=&#8221;2\/3&#8243;][vc_column_text css=&#8221;&#8221;]<\/p>\n<h3>Manitou Dunggabel, klein &#8211; (Anbauger\u00e4t)<\/h3>\n<p>Starke &amp; einfache Konstruktion. Schwerlastzinken.<\/p>\n<p>&nbsp;<\/p>\n<p>&nbsp;<\/p>\n<p>&nbsp;<\/p>\n<p><a href=\"https:\/\/www.truckxxgroup.de\/gabelstapler-service-hameln\/wp-content\/uploads\/sites\/3\/2025\/06\/manitou_dunggabel_klein_datenblatt.pdf\" target=\"_blank\" rel=\"noopener\">Datenblatt hier herunterladen<\/a>[\/vc_column_text][\/vc_column][vc_column width=&#8221;1\/3&#8243;][vc_single_image image=&#8221;22931&#8243; img_size=&#8221;full&#8221; css=&#8221;&#8221;][\/vc_column][\/vc_row][vc_row][vc_column][vc_empty_space height=&#8221;20px&#8221;][vc_separator border_width=&#8221;2&#8243; css=&#8221;&#8221;][vc_empty_space height=&#8221;20px&#8221;][\/vc_column][\/vc_row][vc_row][vc_column width=&#8221;2\/3&#8243;][vc_column_text css=&#8221;&#8221;]<\/p>\n<h3>Manitou Dunggabel mit Greifer &#8211;\u00a0(Anbauger\u00e4t)<\/h3>\n<p>Massive Struktur und verst\u00e4rkter Greifer f\u00fcr mehr Langlebigkeit. Offene Struktur. Sehr gute Dungaufnahme durch den Greifer. Einstellbare Greifer\u00f6ffnung- mehr Arbeitsgenauigkeit. Geschmiedete Zinken &amp; Z\u00e4hne- einfach zu demontieren. Gut gesch\u00fctzte Hydraulikkomponenten.<\/p>\n<p>&nbsp;<\/p>\n<ul>\n<li>Tragf\u00e4higkeit: von 720 kg bis 1.700 kg<\/li>\n<li>Breite: von 1.535 mm bis 2.400 mm<\/li>\n<li>Gewicht: von 340 kg bis 530 kg<\/li>\n<li>Zinken: von 7 bis 12<\/li>\n<\/ul>\n<p>&nbsp;<\/p>\n<p><a href=\"https:\/\/www.truckxxgroup.de\/gabelstapler-service-hameln\/wp-content\/uploads\/sites\/3\/2025\/06\/manitou_dunggabel_greifer_normal_datenblatt.pdf\" target=\"_blank\" rel=\"noopener\">Datenblatt hier herunterladen<\/a>[\/vc_column_text][\/vc_column][vc_column width=&#8221;1\/3&#8243;][vc_single_image image=&#8221;22934&#8243; img_size=&#8221;full&#8221; css=&#8221;&#8221;][\/vc_column][\/vc_row][vc_row][vc_column][vc_empty_space height=&#8221;20px&#8221;][vc_separator border_width=&#8221;2&#8243; css=&#8221;&#8221;][vc_empty_space height=&#8221;20px&#8221;][\/vc_column][\/vc_row][vc_row][vc_column width=&#8221;2\/3&#8243;][vc_column_text css=&#8221;&#8221;]<\/p>\n<h3>Manitou Dunggabel mit Greifer f\u00fcr Kompaktmaschinen) &#8211;\u00a0(Anbauger\u00e4t)<\/h3>\n<p>Komplette Greifer\u00f6ffnung f\u00fcr effizientes Arbeiten. Schwerlastz\u00e4hne &amp; Zinken.<\/p>\n<p>&nbsp;<\/p>\n<ul>\n<li>Gesamth\u00f6he: von 746 mm bis 851 mm<\/li>\n<li>Breite: von 920 mm bis 2.150 mm<\/li>\n<li>Gewicht: von 120 kg bis 365 kg<\/li>\n<li>Zinken: von 3 bis 8<\/li>\n<\/ul>\n<p>&nbsp;<\/p>\n<p><a href=\"https:\/\/www.truckxxgroup.de\/gabelstapler-service-hameln\/wp-content\/uploads\/sites\/3\/2025\/06\/Dunggabel_mit_Greifer_Kompaktmaschinen_Datenblatt.pdf\" target=\"_blank\" rel=\"noopener\">Datenblatt hier herunterladen<\/a>[\/vc_column_text][\/vc_column][vc_column width=&#8221;1\/3&#8243;][vc_single_image image=&#8221;22937&#8243; img_size=&#8221;full&#8221; css=&#8221;&#8221;][\/vc_column][\/vc_row][vc_row][vc_column][vc_empty_space height=&#8221;20px&#8221;][vc_separator border_width=&#8221;2&#8243; css=&#8221;&#8221;][vc_empty_space height=&#8221;20px&#8221;][\/vc_column][\/vc_row][vc_row][vc_column width=&#8221;2\/3&#8243;][vc_column_text css=&#8221;&#8221;]<\/p>\n<h3>Manitou Silageschneidgabel &#8211;\u00a0(Anbauger\u00e4t)<\/h3>\n<p>Kapself\u00f6rmige Konstruktion, robust &amp; langlebig. K\u00f6rper aus hochfesten St\u00e4hlen. Schwerlastz\u00e4hne f\u00fcr leichtes Eindringen.<\/p>\n<p>&nbsp;<\/p>\n<ul>\n<li>Tragf\u00e4higkeit: von 1.052 kg bis 1.579 kg<\/li>\n<li>Breite: von 1.654 mm bis 2.454 mm<\/li>\n<li>Gewicht: von 705 kg bis 936 kg<\/li>\n<li>Zinken: 14<\/li>\n<\/ul>\n<p>&nbsp;<\/p>\n<p><a href=\"https:\/\/www.truckxxgroup.de\/gabelstapler-service-hameln\/wp-content\/uploads\/sites\/3\/2025\/06\/manitou_Silageschneidgabel_datenblatt.pdf\" target=\"_blank\" rel=\"noopener\">Datenblatt hier herunterladen<\/a>[\/vc_column_text][\/vc_column][vc_column width=&#8221;1\/3&#8243;][vc_single_image image=&#8221;22939&#8243; img_size=&#8221;full&#8221; css=&#8221;&#8221;][\/vc_column][\/vc_row][vc_row][vc_column][vc_empty_space height=&#8221;20px&#8221;][vc_separator border_width=&#8221;2&#8243; css=&#8221;&#8221;][vc_empty_space height=&#8221;20px&#8221;][\/vc_column][\/vc_row][vc_row][vc_column width=&#8221;2\/3&#8243;][vc_column_text css=&#8221;&#8221;]<\/p>\n<h3>Manitou Ballenspie\u00df f\u00fcr Gro\u00dfballen &#8211;\u00a0(Anbauger\u00e4t)<\/h3>\n<p>700 kg bis 1700 kg \/ 3749 lb Tragf\u00e4higkeit. Haltezinken (ohne Werkzeug) f\u00fcr den Stra\u00dfenverkehr. Halteoberrahmen, einfaches Arbeiten unter dem Dach.<\/p>\n<p>&nbsp;<\/p>\n<ul>\n<li>2 Zinken, \u00d8 35 mm \/ 1 in, 950 mm \/ 37 in Arbeitsl\u00e4nge.<\/li>\n<li>4 Zinken, \u00d8 45 mm \/ 2 in, 1010 mm \/ 40 in Arbeitsl\u00e4nge.<\/li>\n<\/ul>\n<p>&nbsp;<\/p>\n<p><a href=\"https:\/\/www.truckxxgroup.de\/gabelstapler-service-hameln\/wp-content\/uploads\/sites\/3\/2025\/06\/manitou-ballenspiess_datenblatt.pdf\" target=\"_blank\" rel=\"noopener\">Datenblatt hier herunterladen<\/a>[\/vc_column_text][\/vc_column][vc_column width=&#8221;1\/3&#8243;][vc_single_image image=&#8221;22945&#8243; img_size=&#8221;full&#8221; css=&#8221;&#8221;][\/vc_column][\/vc_row][vc_row][vc_column][vc_empty_space height=&#8221;20px&#8221;][vc_separator border_width=&#8221;2&#8243; css=&#8221;&#8221;][vc_empty_space height=&#8221;20px&#8221;][\/vc_column][\/vc_row]<\/p>\n<\/div>","protected":false},"excerpt":{"rendered":"<p>[vc_row][vc_column][vc_single_image image=&#8221;21205&#8243; img_size=&#8221;450&#215;116&#8243; alignment=&#8221;center&#8221; css=&#8221;&#8221;][vc_column_text css=&#8221;&#8221;] Anbauger\u00e4te: Gabeln und Greifer f\u00fcr Manitou. Die Gabeln und Greifer von Manitou sind robuste Anbauger\u00e4te, die f\u00fcr das sichere Heben, Bewegen und Verladen unterschiedlichster Lasten konzipiert sind \u2013 von Paletten bis zu sperrigem Sch\u00fcttgut. Sie bieten maximale Vielseitigkeit und Effizienz f\u00fcr den Einsatz in Landwirtschaft, Bauwesen und Industrie. [\/vc_column_text][\/vc_column][\/vc_row][vc_row][vc_column][vc_empty_space&hellip;<\/p>\n","protected":false},"author":2,"featured_media":0,"parent":22519,"menu_order":0,"comment_status":"closed","ping_status":"closed","template":"","meta":{"footnotes":""},"class_list":["post-22806","page","type-page","status-publish","hentry","description-off"],"_links":{"self":[{"href":"https:\/\/www.truckxxgroup.de\/gabelstapler-service-hameln\/wp-json\/wp\/v2\/pages\/22806","targetHints":{"allow":["GET"]}}],"collection":[{"href":"https:\/\/www.truckxxgroup.de\/gabelstapler-service-hameln\/wp-json\/wp\/v2\/pages"}],"about":[{"href":"https:\/\/www.truckxxgroup.de\/gabelstapler-service-hameln\/wp-json\/wp\/v2\/types\/page"}],"author":[{"embeddable":true,"href":"https:\/\/www.truckxxgroup.de\/gabelstapler-service-hameln\/wp-json\/wp\/v2\/users\/2"}],"replies":[{"embeddable":true,"href":"https:\/\/www.truckxxgroup.de\/gabelstapler-service-hameln\/wp-json\/wp\/v2\/comments?post=22806"}],"version-history":[{"count":12,"href":"https:\/\/www.truckxxgroup.de\/gabelstapler-service-hameln\/wp-json\/wp\/v2\/pages\/22806\/revisions"}],"predecessor-version":[{"id":22946,"href":"https:\/\/www.truckxxgroup.de\/gabelstapler-service-hameln\/wp-json\/wp\/v2\/pages\/22806\/revisions\/22946"}],"up":[{"embeddable":true,"href":"https:\/\/www.truckxxgroup.de\/gabelstapler-service-hameln\/wp-json\/wp\/v2\/pages\/22519"}],"wp:attachment":[{"href":"https:\/\/www.truckxxgroup.de\/gabelstapler-service-hameln\/wp-json\/wp\/v2\/media?parent=22806"}],"curies":[{"name":"wp","href":"https:\/\/api.w.org\/{rel}","templated":true}]}}