{"id":22527,"date":"2025-06-11T11:01:08","date_gmt":"2025-06-11T09:01:08","guid":{"rendered":"https:\/\/www.truckxxgroup.de\/gabelstapler-service-hameln\/?page_id=22527"},"modified":"2025-06-11T11:01:08","modified_gmt":"2025-06-11T09:01:08","slug":"arbeitsbuehnen-mrt","status":"publish","type":"page","link":"https:\/\/www.truckxxgroup.de\/gabelstapler-service-hameln\/manitou-anbaugeraete\/arbeitsbuehnen-mrt\/","title":{"rendered":"Manitou Arbeitsb\u00fchnen MRT"},"content":{"rendered":"<div class=\"wpb-content-wrapper\"><p>[vc_row][vc_column][vc_single_image image=&#8221;21205&#8243; img_size=&#8221;450&#215;116&#8243; alignment=&#8221;center&#8221; css=&#8221;&#8221;][vc_column_text css=&#8221;&#8221;]<\/p>\n<h1 style=\"text-align: center;\">Anbauger\u00e4te: Arbeitsb\u00fchnen f\u00fcr Manitou.<\/h1>\n<p style=\"text-align: center;\">Die Arbeitsb\u00fchnen von Manitou sind speziell entwickelte <strong>Anbauger\u00e4te f\u00fcr Teleskop- und Gabelstapler<\/strong>, die sichere H\u00f6henarbeiten erm\u00f6glichen. Sie sind f\u00fcr Wartungs-, Montage- oder Inspektionsarbeiten in schwer zug\u00e4nglichen Bereichen gedacht und bieten Platz f\u00fcr ein oder mehrere Bediener samt Werkzeug. Die B\u00fchnen zeichnen sich durch robuste Bauweise, einfache Handhabung und Sicherheitsfeatures wie Gel\u00e4nder und rutschfeste B\u00f6den aus \u2013 ideal f\u00fcr den Einsatz im <strong>Bauwesen, in der Industrie oder im Facility Management<\/strong>.<\/p>\n<p>[\/vc_column_text][\/vc_column][\/vc_row][vc_row][vc_column][vc_empty_space height=&#8221;50px&#8221;][\/vc_column][\/vc_row][vc_row][vc_column width=&#8221;2\/3&#8243;][vc_column_text css=&#8221;&#8221;]<\/p>\n<h3>Manitou Aerial Jib 1 &#8211; Arbeitsb\u00fchne (Anbauger\u00e4t)<\/h3>\n<p>90\u00b0 Drehung auf beiden Seiten des Korbes. Korbbreite: 2690 mm \/ 106 in. Gesetzlich zugelassen f\u00fcr 2 Personen.<\/p>\n<p>&nbsp;<\/p>\n<ul>\n<li>Tragf\u00e4higkeit inkl. Personen: 300 kg<\/li>\n<li>Anzahl Personen: von 2 bis 3<\/li>\n<li>Gewicht: 930 kg<\/li>\n<li>Gesamth\u00f6he: von 1.655 mm bis 1.995 mm<\/li>\n<\/ul>\n<p>&nbsp;<\/p>\n<p><a href=\"https:\/\/www.truckxxgroup.de\/gabelstapler-service-hameln\/wp-content\/uploads\/sites\/3\/2025\/06\/Aerial-Jib-1.pdf\" target=\"_blank\" rel=\"noopener\">Datenblatt hier herunterladen<\/a>[\/vc_column_text][\/vc_column][vc_column width=&#8221;1\/3&#8243;][vc_single_image image=&#8221;22743&#8243; img_size=&#8221;full&#8221; css=&#8221;&#8221;][\/vc_column][\/vc_row][vc_row][vc_column][vc_empty_space height=&#8221;20px&#8221;][vc_separator border_width=&#8221;2&#8243; css=&#8221;&#8221;][vc_empty_space height=&#8221;20px&#8221;][\/vc_column][\/vc_row][vc_row][vc_column width=&#8221;2\/3&#8243;][vc_column_text css=&#8221;&#8221;]<\/p>\n<h3>Manitou Aerial Jib 2 &#8211; Arbeitsb\u00fchne (Anbauger\u00e4t)<\/h3>\n<p>344\u00b0 Gesamtauslegerdrehung des Anbauger\u00e4ts. Korbbreite: 1200 mm \/ 47 in x Tiefe 800 mm \/ 31 in. Gesetzlich zugelassen f\u00fcr 2 Personen.<\/p>\n<p>&nbsp;<\/p>\n<ul>\n<li>Tragf\u00e4higkeit inkl. Personen: 200 kg<\/li>\n<li>Anzahl Personen: 2<\/li>\n<li>Gewicht: von 1.100 kg bis 1.200 kg<\/li>\n<li>Gesamth\u00f6he: 2.823 mm<\/li>\n<\/ul>\n<p>&nbsp;<\/p>\n<p><a href=\"https:\/\/www.truckxxgroup.de\/gabelstapler-service-hameln\/wp-content\/uploads\/sites\/3\/2025\/06\/Aerial-Jib-2.pdf\" target=\"_blank\" rel=\"noopener\">Datenblatt hier herunterladen<\/a>[\/vc_column_text][\/vc_column][vc_column width=&#8221;1\/3&#8243;][vc_single_image image=&#8221;22747&#8243; img_size=&#8221;full&#8221; css=&#8221;&#8221;][\/vc_column][\/vc_row][vc_row][vc_column][vc_empty_space height=&#8221;20px&#8221;][vc_separator border_width=&#8221;2&#8243; css=&#8221;&#8221;][vc_empty_space height=&#8221;20px&#8221;][\/vc_column][\/vc_row][vc_row][vc_column width=&#8221;2\/3&#8243;][vc_column_text css=&#8221;&#8221;]<\/p>\n<h3>Manitou Asbest-Plattform &#8211; Arbeitsb\u00fchne (Anbauger\u00e4t)<\/h3>\n<p>Bis zu 1000 kg \/ 2205 lb Kapazit\u00e4t, wovon 500 kg \/ 1103 lb auf den \u00fcberh\u00e4ngenden Teil angewendet werden k\u00f6nnen. 90\u00b0 Drehung auf beiden Seiten. Arbeitet offen, wenn die Bediener in der Sicherheitszone das angeschlossene Gurtzeug tragen und die Anwesenheit dr\u00fccken.<\/p>\n<p>&nbsp;<\/p>\n<ul>\n<li>Tragf\u00e4higkeit inkl. Personen: 1.000 kg<\/li>\n<li>Anzahl Personen: 2<\/li>\n<li>Gewicht: 1.200 kg<\/li>\n<li>Gesamth\u00f6he: 1.380 mm<\/li>\n<\/ul>\n<p>&nbsp;<\/p>\n<p><a href=\"https:\/\/www.truckxxgroup.de\/gabelstapler-service-hameln\/wp-content\/uploads\/sites\/3\/2025\/06\/Asbest-Plattform.pdf\" target=\"_blank\" rel=\"noopener\">Datenblatt hier herunterladen<\/a>[\/vc_column_text][\/vc_column][vc_column width=&#8221;1\/3&#8243;][vc_single_image image=&#8221;22750&#8243; img_size=&#8221;full&#8221; css=&#8221;&#8221;][\/vc_column][\/vc_row][vc_row][vc_column][vc_empty_space height=&#8221;20px&#8221;][vc_separator border_width=&#8221;2&#8243; css=&#8221;&#8221;][vc_empty_space height=&#8221;20px&#8221;][\/vc_column][\/vc_row][vc_row][vc_column width=&#8221;2\/3&#8243;][vc_column_text css=&#8221;&#8221;]<\/p>\n<h3>Manitou Tiefe, erweiterbare Plattform &#8211; Arbeitsb\u00fchne (Anbauger\u00e4t)<\/h3>\n<p>Bis zu 1000 kg \/ 2205 lb Kapazit\u00e4t, wovon 500 kg \/ 1103 lb auf den \u00fcberh\u00e4ngenden Teil angewendet werden k\u00f6nnen. 90\u00b0 Drehung auf beiden Seiten. Arbeitet offen, wenn die Bediener in der Sicherheitszone das angeschlossene Gurtzeug tragen und die Anwesenheit dr\u00fccken.<\/p>\n<p>&nbsp;<\/p>\n<ul>\n<li>Tragf\u00e4higkeit inkl. Personen: von 700 kg bis 1.000 kg<\/li>\n<li>Anzahl Personen: 3<\/li>\n<li>Gewicht: von 1.000 kg bis 1.300 kg<\/li>\n<li>Gesamth\u00f6he: von 1.290 mm bis 1.669 mm<\/li>\n<\/ul>\n<p>&nbsp;<\/p>\n<p><a href=\"https:\/\/www.truckxxgroup.de\/gabelstapler-service-hameln\/wp-content\/uploads\/sites\/3\/2025\/06\/Tiefe_erweiterbare-Plattform.pdf\" target=\"_blank\" rel=\"noopener\">Datenblatt hier herunterladen<\/a>[\/vc_column_text][\/vc_column][vc_column width=&#8221;1\/3&#8243;][vc_single_image image=&#8221;22753&#8243; img_size=&#8221;full&#8221; css=&#8221;&#8221;][\/vc_column][\/vc_row][vc_row][vc_column][vc_empty_space height=&#8221;20px&#8221;][vc_separator border_width=&#8221;2&#8243; css=&#8221;&#8221;][vc_empty_space height=&#8221;20px&#8221;][\/vc_column][\/vc_row][vc_row][vc_column width=&#8221;2\/3&#8243;][vc_column_text css=&#8221;&#8221;]<\/p>\n<h3>Manitou Ausklappbare Arbeitsb\u00fchne &#8211; (Anbauger\u00e4t)<\/h3>\n<p>Tragf\u00e4higkeit von 365 kg \/ 805 lb bis 1000 kg \/ 2205 lb. Schwenkbare Plattform +\/- 90\u00b0 auf beiden Seiten. Gesetzlich zugelassen f\u00fcr 3 Personen.<\/p>\n<p>&nbsp;<\/p>\n<ul>\n<li>Tragf\u00e4higkeit inkl. Personen: von 365 kg bis 1.000 kg<\/li>\n<li>Anzahl Personen: 3<\/li>\n<li>Gewicht: von 1.020 kg bis 1.090 kg<\/li>\n<li>Gesamth\u00f6he: von 1.289 mm bis 1.639 mm<\/li>\n<\/ul>\n<p>&nbsp;<\/p>\n<p><a href=\"https:\/\/www.truckxxgroup.de\/gabelstapler-service-hameln\/wp-content\/uploads\/sites\/3\/2025\/06\/Manitou-Ausklappbare-Arbeitsbuehne.pdf\" target=\"_blank\" rel=\"noopener\">Datenblatt hier herunterladen<\/a>[\/vc_column_text][\/vc_column][vc_column width=&#8221;1\/3&#8243;][vc_single_image image=&#8221;22756&#8243; img_size=&#8221;full&#8221; css=&#8221;&#8221;][\/vc_column][\/vc_row][vc_row][vc_column][vc_empty_space height=&#8221;20px&#8221;][vc_separator border_width=&#8221;2&#8243; css=&#8221;&#8221;][vc_empty_space height=&#8221;20px&#8221;][\/vc_column][\/vc_row][vc_row][vc_column width=&#8221;2\/3&#8243;][vc_column_text css=&#8221;&#8221;]<\/p>\n<h3>Manitou Schnell klappende Arbeitsb\u00fchne &#8211; (Anbauger\u00e4t)<\/h3>\n<p>Tragf\u00e4higkeit 365\/1000\/700 kg \/ 805\/2205\/1544 lb inkl. 3 Personen. Ausgeklappte Arbeitsbreite 4,4 m \/ 14 ft. Schwenkbare Plattform +\/- 90\u00b0 auf beiden Seiten.<\/p>\n<p>&nbsp;<\/p>\n<ul>\n<li>Tragf\u00e4higkeit inkl. Personen: von 365 kg bis 1.000 kg<\/li>\n<li>Anzahl Personen: 3<\/li>\n<li>Gewicht: von 650 kg bis 1.030 kg<\/li>\n<li>Gesamth\u00f6he: von 1.300 mm bis 1.312 mm<\/li>\n<\/ul>\n<p>&nbsp;<\/p>\n<p><a href=\"https:\/\/www.truckxxgroup.de\/gabelstapler-service-hameln\/wp-content\/uploads\/sites\/3\/2025\/06\/Schnell-klappende-Arbeitsbuehne.pdf\" target=\"_blank\" rel=\"noopener\">Datenblatt hier herunterladen<\/a>[\/vc_column_text][\/vc_column][vc_column width=&#8221;1\/3&#8243;][vc_single_image image=&#8221;22761&#8243; img_size=&#8221;full&#8221; css=&#8221;&#8221;][\/vc_column][\/vc_row][vc_row][vc_column][vc_empty_space height=&#8221;20px&#8221;][vc_separator border_width=&#8221;2&#8243; css=&#8221;&#8221;][vc_empty_space height=&#8221;20px&#8221;][\/vc_column][\/vc_row][vc_row][vc_column width=&#8221;2\/3&#8243;][vc_column_text css=&#8221;&#8221;]<\/p>\n<h3>Schwenkbare, starre Dachdeckerarbeitsb\u00fchne &#8211; (Anbauger\u00e4t)<\/h3>\n<p>Gesamttragf\u00e4higkeit 1000 kg \/ 2205 lb, wovon 400 kg \/ 882 lb auf den auskragenden Teil aufgebracht werden k\u00f6nnen. Schwenkbare Plattform +\/- 90\u00b0 auf beiden Seiten. Gesetzlich zugelassen f\u00fcr 3 Personen.<\/p>\n<p>&nbsp;<\/p>\n<ul>\n<li>Tragf\u00e4higkeit inkl. Personen: 1.000 kg<\/li>\n<li>Anzahl Personen: 3<\/li>\n<li>Gewicht: 945 kg<\/li>\n<li>Gesamth\u00f6he: 1.307 mm<\/li>\n<\/ul>\n<p>&nbsp;<\/p>\n<p><a href=\"https:\/\/www.truckxxgroup.de\/gabelstapler-service-hameln\/wp-content\/uploads\/sites\/3\/2025\/06\/Schwenkbare-starre-Dachdeckerarbeitsbuehne-1.pdf\" target=\"_blank\" rel=\"noopener\">Datenblatt hier herunterladen<\/a>[\/vc_column_text][\/vc_column][vc_column width=&#8221;1\/3&#8243;][vc_single_image image=&#8221;22766&#8243; img_size=&#8221;full&#8221; css=&#8221;&#8221;][\/vc_column][\/vc_row][vc_row][vc_column][vc_empty_space height=&#8221;20px&#8221;][vc_separator border_width=&#8221;2&#8243; css=&#8221;&#8221;][vc_empty_space height=&#8221;20px&#8221;][\/vc_column][\/vc_row][vc_row][vc_column width=&#8221;2\/3&#8243;][vc_column_text css=&#8221;&#8221;]<\/p>\n<h3>Manitou Arbeitsb\u00fchne &#8211; (Anbauger\u00e4t)<\/h3>\n<p>Kapazit\u00e4t 200 kg \/ 441 lb oder 365 kg \/ 805 lb. Feste oder schwenkbare Ausf\u00fchrung 90\u00b0\/90\u00b0. Zugelassen f\u00fcr 2 Personen (200 kg \/ 441 lb) oder 3 Personen (365 kg \/ 805 lb), die Kapazit\u00e4t in kg schlie\u00dft die Personen ein. Verriegelungssensor und \u00dcberlastungssensor (365 kg \/ 805 lb). Rutschfester Boden.<\/p>\n<p>&nbsp;<\/p>\n<ul>\n<li>Tragf\u00e4higkeit inkl. Personen: von 200 kg bis 365 kg<\/li>\n<li>Anzahl Personen: von 2 bis 3<\/li>\n<li>Gewicht: von 165 kg bis 570 kg<\/li>\n<li>Gesamth\u00f6he: von 1.240 mm bis 1.631 mm<\/li>\n<\/ul>\n<p>&nbsp;<\/p>\n<p><a href=\"https:\/\/www.truckxxgroup.de\/gabelstapler-service-hameln\/wp-content\/uploads\/sites\/3\/2025\/06\/Arbeitsbuehnemnt.pdf\" target=\"_blank\" rel=\"noopener\">Datenblatt hier herunterladen<\/a>[\/vc_column_text][\/vc_column][vc_column width=&#8221;1\/3&#8243;][vc_single_image image=&#8221;22779&#8243; img_size=&#8221;full&#8221; css=&#8221;&#8221;][\/vc_column][\/vc_row][vc_row][vc_column][vc_empty_space height=&#8221;20px&#8221;][vc_separator border_width=&#8221;2&#8243; css=&#8221;&#8221;][vc_empty_space height=&#8221;20px&#8221;][\/vc_column][\/vc_row][vc_row][vc_column width=&#8221;2\/3&#8243;][vc_column_text css=&#8221;&#8221;]<\/p>\n<h3>Manitou Arbeitsb\u00fchne mit abnehmbarem Fops-Dach &#8211; (Anbauger\u00e4t)<\/h3>\n<p>Plattform mit Schutzdach nach FOPS-1-Standard. Genehmigung f\u00fcr 3 Personen. Dach abnehmbar. 90\u00b0\/90\u00b0 drehbar. 3 m \/ 10 ft breiter Korb, nicht ausziehbar. Gabelh\u00fclsen: 238 mm x 100 mm \/ 9 in x 4 in. Zugang: Schiebestange. <strong>L\u00f6sung f\u00fcr Tunnel-\/Bergbauanwendungen, bei denen der Schutzdes Bedienpersonals erforderlich ist.<\/strong> Demontierbare \u00dcberdachung &#8211; die Plattform kann f\u00fcr Standardanwendungen verwendet werden, wenn kein Schutzerforderlich ist.<\/p>\n<p>&nbsp;<\/p>\n<ul>\n<li>Tragf\u00e4higkeit inkl. Personen: 1.000 kg<\/li>\n<li>Anzahl Personen: 3<\/li>\n<li>Gewicht: von 1.100 kg bis 1.105 kg<\/li>\n<li>Gesamth\u00f6he: 2.140 mm<\/li>\n<\/ul>\n<p>&nbsp;<\/p>\n<p><a href=\"https:\/\/www.truckxxgroup.de\/gabelstapler-service-hameln\/wp-content\/uploads\/sites\/3\/2025\/06\/Arbeitsbuehne-mit-abnehmbarem-Fops-Dach.pdf\" target=\"_blank\" rel=\"noopener\">Datenblatt hier herunterladen<\/a>[\/vc_column_text][\/vc_column][vc_column width=&#8221;1\/3&#8243;][vc_single_image image=&#8221;22782&#8243; img_size=&#8221;full&#8221; css=&#8221;&#8221;][\/vc_column][\/vc_row][vc_row][vc_column][vc_empty_space height=&#8221;20px&#8221;][vc_separator border_width=&#8221;2&#8243; css=&#8221;&#8221;][vc_empty_space height=&#8221;20px&#8221;][\/vc_column][\/vc_row][vc_row][vc_column width=&#8221;2\/3&#8243;][vc_column_text css=&#8221;&#8221;]<\/p>\n<h3>Manitou Arbeitsb\u00fchne mit Seilwinde &#8211; (Anbauger\u00e4t)<\/h3>\n<p>450 kg \/ 992 lb bzw. 600 kg \/ 1323 lb f\u00fcr die Plattform + 450 kg \/ 992 lb bzw. 300 kg \/ 662 lb f\u00fcr die Winde = 900 kg \/ 1985 lb Tragf\u00e4higkeit insgesamt. 2 verschiedene Paare von Windenkapazit\u00e4t \/ Plattformkapazit\u00e4t. Hydraulische Winde am drehbaren (manuell) ausfahrbaren (hydraulischen) Teleskopausleger. Beidseitig schwenkbare Plattform +\/- 90\u00b0.<br \/>\nGesetzlich zugelassen f\u00fcr 3 Personen. \u00dcberlastsensor an der Plattform + \u00dcberlastsensor an der Winde. Gabelh\u00fclsen f\u00fcr das Yard-Handling.<\/p>\n<p>&nbsp;<\/p>\n<ul>\n<li>Tragf\u00e4higkeit inkl. Personen: von 450 kg bis 600 kg<\/li>\n<li>Anzahl Personen: 3<\/li>\n<li>Gewicht: von 1.190 kg bis 1.330 kg<\/li>\n<li>Gesamth\u00f6he: von 2.608 mm bis 2.743 mm<\/li>\n<\/ul>\n<p>&nbsp;<\/p>\n<p><a href=\"https:\/\/www.truckxxgroup.de\/gabelstapler-service-hameln\/wp-content\/uploads\/sites\/3\/2025\/06\/Arbeitsbuehne-mit-Seilwinde.pdf\" target=\"_blank\" rel=\"noopener\">Datenblatt hier herunterladen<\/a>[\/vc_column_text][\/vc_column][vc_column width=&#8221;1\/3&#8243;][vc_single_image image=&#8221;22786&#8243; img_size=&#8221;full&#8221; css=&#8221;&#8221;][\/vc_column][\/vc_row][vc_row][vc_column][vc_empty_space height=&#8221;20px&#8221;][vc_separator border_width=&#8221;2&#8243; css=&#8221;&#8221;][vc_empty_space height=&#8221;20px&#8221;][\/vc_column][\/vc_row][vc_row][vc_column width=&#8221;2\/3&#8243;][vc_column_text css=&#8221;&#8221;]<\/p>\n<h3>Manitou Erh\u00f6hte ausklappbare Arbeitsb\u00fchne &#8211; (Anbauger\u00e4t)<\/h3>\n<p>55 cm \/ 22 in erh\u00f6hte Plattform f\u00fcr Anwendungen unter dem Dach. 90\u00b0\/90\u00b0 schwenkbar. Ausziehbar: 2,25-4 m \/ 7-13 ft breit. Tragf\u00e4higkeit 365 kg \/ 805 lb inklusive 3 Personen.<br \/>\nZugang: eigene Leiter + T\u00fcr mit \u00d6ffnungssensor. Gabeltaschen: 238 mm x 100 mm \/ 9 in x 4 in.<\/p>\n<p>&nbsp;<\/p>\n<ul>\n<li>Tragf\u00e4higkeit inkl. Personen: 365 kg<\/li>\n<li>Anzahl Personen: 3<\/li>\n<li>Gewicht: 1.100 kg<\/li>\n<li>Gesamth\u00f6he: von 2.078 mm bis 2.409 mm<\/li>\n<\/ul>\n<p>&nbsp;<\/p>\n<p><a href=\"https:\/\/www.truckxxgroup.de\/gabelstapler-service-hameln\/wp-content\/uploads\/sites\/3\/2025\/06\/Manitou-erhoehte-ausklappbare-Arbeitsbuehne.pdf\" target=\"_blank\" rel=\"noopener\">Datenblatt hier herunterladen<\/a>[\/vc_column_text][\/vc_column][vc_column width=&#8221;1\/3&#8243;][vc_single_image image=&#8221;22789&#8243; img_size=&#8221;full&#8221; css=&#8221;&#8221;][\/vc_column][\/vc_row][vc_row][vc_column][vc_empty_space height=&#8221;20px&#8221;][vc_separator border_width=&#8221;2&#8243; css=&#8221;&#8221;][vc_empty_space height=&#8221;20px&#8221;][\/vc_column][\/vc_row][vc_row][vc_column width=&#8221;2\/3&#8243;][vc_column_text css=&#8221;&#8221;]<\/p>\n<h3>Manitou Dachdeckerb\u00fchne &#8211; (Anbauger\u00e4t)<\/h3>\n<p>Tragf\u00e4higkeit von 365 kg \/ 805 lb bis 1000 kg \/ 2205 lb. Schwenkbare Plattform +\/- 90\u00b0 auf beiden Seiten. Rechtlich zugelassen f\u00fcr 3 Personen. Anwesenheitssensor, der jede Bewegung nach dem \u00d6ffnen der T\u00fcr verbietet. \u00dcberlastsensor. Physikalischer Sensor, der das \u00d6ffnen der T\u00fcr nur bei Dachkontakt erlaubt.<\/p>\n<p>&nbsp;<\/p>\n<ul>\n<li>Tragf\u00e4higkeit inkl. Personen: von 365 kg bis 1.000 kg<\/li>\n<li>Anzahl Personen: 3<\/li>\n<li>Gewicht: von 1.210 kg bis 1.315 kg<\/li>\n<li>Gesamth\u00f6he: von 1.614 mm bis 1.954 mm<\/li>\n<\/ul>\n<p>&nbsp;<\/p>\n<p><a href=\"https:\/\/www.truckxxgroup.de\/gabelstapler-service-hameln\/wp-content\/uploads\/sites\/3\/2025\/06\/Manitou-Dachdeckerbuehne.pdf\" target=\"_blank\" rel=\"noopener\">Datenblatt hier herunterladen<\/a>[\/vc_column_text][\/vc_column][vc_column width=&#8221;1\/3&#8243;][vc_single_image image=&#8221;22792&#8243; img_size=&#8221;full&#8221; css=&#8221;&#8221;][\/vc_column][\/vc_row][vc_row][vc_column][vc_empty_space height=&#8221;20px&#8221;][vc_separator border_width=&#8221;2&#8243; css=&#8221;&#8221;][vc_empty_space height=&#8221;20px&#8221;][\/vc_column][\/vc_row][vc_row][vc_column width=&#8221;2\/3&#8243;][vc_column_text css=&#8221;&#8221;]<\/p>\n<h3>Manitou 3D-Arbeitskorb &#8211; (Anbauger\u00e4t)<\/h3>\n<p>Teleskopischer Vertikalarm + Negativ. 170\u00b0 Auslegerdrehung auf beiden Seiten des Korbes. Positiv- und Negativ-Arbeitsbereich f\u00fcr Anwendungen. Gesetzlich zugelassen f\u00fcr 2 Personen.<br \/>\nAuslegerpositionssensor. Sperrbolzen-Pr\u00e4senzsensor.<\/p>\n<p>&nbsp;<\/p>\n<ul>\n<li>Tragf\u00e4higkeit inkl. Personen: 200 kg<\/li>\n<li>Anzahl Personen: 2<\/li>\n<li>Gewicht: von 1.025 kg bis 1.100 kg<\/li>\n<li>Gesamth\u00f6he: von 1.898 mm bis 2.900 mm<\/li>\n<\/ul>\n<p>&nbsp;<\/p>\n<p><a href=\"https:\/\/www.truckxxgroup.de\/gabelstapler-service-hameln\/wp-content\/uploads\/sites\/3\/2025\/06\/manitou-3D-Arbeitskorb.pdf\" target=\"_blank\" rel=\"noopener\">Datenblatt hier herunterladen<\/a>[\/vc_column_text][\/vc_column][vc_column width=&#8221;1\/3&#8243;][vc_single_image image=&#8221;22795&#8243; img_size=&#8221;full&#8221; css=&#8221;&#8221;][\/vc_column][\/vc_row][vc_row][vc_column][vc_empty_space height=&#8221;20px&#8221;][vc_separator border_width=&#8221;2&#8243; css=&#8221;&#8221;][vc_empty_space height=&#8221;20px&#8221;][\/vc_column][\/vc_row]<\/p>\n<\/div>","protected":false},"excerpt":{"rendered":"<p>[vc_row][vc_column][vc_single_image image=&#8221;21205&#8243; img_size=&#8221;450&#215;116&#8243; alignment=&#8221;center&#8221; css=&#8221;&#8221;][vc_column_text css=&#8221;&#8221;] Anbauger\u00e4te: Arbeitsb\u00fchnen f\u00fcr Manitou. Die Arbeitsb\u00fchnen von Manitou sind speziell entwickelte Anbauger\u00e4te f\u00fcr Teleskop- und Gabelstapler, die sichere H\u00f6henarbeiten erm\u00f6glichen. Sie sind f\u00fcr Wartungs-, Montage- oder Inspektionsarbeiten in schwer zug\u00e4nglichen Bereichen gedacht und bieten Platz f\u00fcr ein oder mehrere Bediener samt Werkzeug. Die B\u00fchnen zeichnen sich durch robuste Bauweise,&hellip;<\/p>\n","protected":false},"author":2,"featured_media":0,"parent":22519,"menu_order":0,"comment_status":"closed","ping_status":"closed","template":"","meta":{"footnotes":""},"class_list":["post-22527","page","type-page","status-publish","hentry","description-off"],"_links":{"self":[{"href":"https:\/\/www.truckxxgroup.de\/gabelstapler-service-hameln\/wp-json\/wp\/v2\/pages\/22527","targetHints":{"allow":["GET"]}}],"collection":[{"href":"https:\/\/www.truckxxgroup.de\/gabelstapler-service-hameln\/wp-json\/wp\/v2\/pages"}],"about":[{"href":"https:\/\/www.truckxxgroup.de\/gabelstapler-service-hameln\/wp-json\/wp\/v2\/types\/page"}],"author":[{"embeddable":true,"href":"https:\/\/www.truckxxgroup.de\/gabelstapler-service-hameln\/wp-json\/wp\/v2\/users\/2"}],"replies":[{"embeddable":true,"href":"https:\/\/www.truckxxgroup.de\/gabelstapler-service-hameln\/wp-json\/wp\/v2\/comments?post=22527"}],"version-history":[{"count":20,"href":"https:\/\/www.truckxxgroup.de\/gabelstapler-service-hameln\/wp-json\/wp\/v2\/pages\/22527\/revisions"}],"predecessor-version":[{"id":22796,"href":"https:\/\/www.truckxxgroup.de\/gabelstapler-service-hameln\/wp-json\/wp\/v2\/pages\/22527\/revisions\/22796"}],"up":[{"embeddable":true,"href":"https:\/\/www.truckxxgroup.de\/gabelstapler-service-hameln\/wp-json\/wp\/v2\/pages\/22519"}],"wp:attachment":[{"href":"https:\/\/www.truckxxgroup.de\/gabelstapler-service-hameln\/wp-json\/wp\/v2\/media?parent=22527"}],"curies":[{"name":"wp","href":"https:\/\/api.w.org\/{rel}","templated":true}]}}