{"id":22519,"date":"2025-05-16T12:22:12","date_gmt":"2025-05-16T10:22:12","guid":{"rendered":"https:\/\/www.truckxxgroup.de\/gabelstapler-service-hameln\/?page_id=22519"},"modified":"2025-07-04T12:03:59","modified_gmt":"2025-07-04T10:03:59","slug":"manitou-anbaugeraete","status":"publish","type":"page","link":"https:\/\/www.truckxxgroup.de\/gabelstapler-service-hameln\/manitou-anbaugeraete\/","title":{"rendered":"Manitou Anbauger\u00e4te"},"content":{"rendered":"<div class=\"wpb-content-wrapper\"><p>[vc_row][vc_column][vc_single_image image=&#8221;21205&#8243; img_size=&#8221;450&#215;116&#8243; alignment=&#8221;center&#8221; css=&#8221;&#8221;][vc_column_text css=&#8221;&#8221;]<\/p>\n<h1 style=\"text-align: center;\">Anbauger\u00e4te f\u00fcr Manitou.<\/h1>\n<p style=\"text-align: center;\">Manitou bietet eine gro\u00dfe Auswahl an Anbauger\u00e4ten, um f\u00fcr nahezu jeden Bedarf die passende L\u00f6sung bereitzustellen. Ob in der Landwirtschaft, im Bauwesen oder der Industrie \u2013 unsere Anbauger\u00e4te erweitern die Einsatzm\u00f6glichkeiten Ihrer Maschine und sorgen f\u00fcr mehr Vielseitigkeit im Alltag.<\/p>\n<p style=\"text-align: center;\">Je nach T\u00e4tigkeit, ob Transport, Heben oder Materialumschlag, bietet Manitou passende L\u00f6sungen \u2013 von Schaufeln \u00fcber Gabeln bis hin zu Greifern, Arbeitsb\u00fchnen und Spezialaufs\u00e4tzen. Dank der exakten Abstimmung auf unsere Maschinen sind sie schnell einsatzbereit und einfach zu bedienen.<\/p>\n<p style=\"text-align: center;\">Sicherheit hat dabei h\u00f6chste Priorit\u00e4t. Die Kombination aus Manitou Maschine und Anbauger\u00e4t sorgt f\u00fcr optimale Leistung und sch\u00fctzt sowohl den Bediener als auch das Ger\u00e4t \u2013 selbst bei anspruchsvollen Eins\u00e4tzen.<\/p>\n<p>&nbsp;<\/p>\n<p style=\"text-align: center;\"><strong>F\u00fcr weitere Informationen, bitte auf Produktbilder klicken.<\/strong><\/p>\n<p>[\/vc_column_text][\/vc_column][\/vc_row][vc_row][vc_column][vc_empty_space height=&#8221;80px&#8221;][\/vc_column][\/vc_row][vc_row][vc_column width=&#8221;1\/3&#8243;][vc_column_text css=&#8221;&#8221;]<\/p>\n<h3 style=\"text-align: center;\"><strong>Gabeln und Greifer<\/strong><\/h3>\n<p>[\/vc_column_text][vc_single_image image=&#8221;22803&#8243; img_size=&#8221;full&#8221; alignment=&#8221;center&#8221; onclick=&#8221;custom_link&#8221; css=&#8221;&#8221; link=&#8221;https:\/\/www.truckxxgroup.de\/gabelstapler-service-hameln\/manitou-anbaugeraete\/manitou-gabeln-greifer\/&#8221;][\/vc_column][vc_column width=&#8221;1\/3&#8243;][vc_column_text css=&#8221;&#8221;]<\/p>\n<h3 style=\"text-align: center;\"><strong>Gabeltr\u00e4ger<\/strong><\/h3>\n<p>[\/vc_column_text][vc_single_image image=&#8221;23040&#8243; img_size=&#8221;full&#8221; alignment=&#8221;center&#8221; onclick=&#8221;custom_link&#8221; css=&#8221;&#8221; link=&#8221;https:\/\/www.truckxxgroup.de\/gabelstapler-service-hameln\/manitou-anbaugeraete\/manitou-gabeltraeger\/&#8221;][\/vc_column][vc_column width=&#8221;1\/3&#8243;][vc_column_text css=&#8221;&#8221;]<\/p>\n<h3 style=\"text-align: center;\"><strong>Arbeitsb\u00fchnen<\/strong><\/h3>\n<p>[\/vc_column_text][vc_single_image image=&#8221;22523&#8243; img_size=&#8221;full&#8221; alignment=&#8221;center&#8221; onclick=&#8221;custom_link&#8221; css=&#8221;&#8221; link=&#8221;https:\/\/www.truckxxgroup.de\/gabelstapler-service-hameln\/manitou-anbaugeraete\/arbeitsbuehnen-mrt\/&#8221;][\/vc_column][\/vc_row][vc_row][vc_column][vc_empty_space height=&#8221;15px&#8221;][\/vc_column][\/vc_row][vc_row][vc_column width=&#8221;1\/3&#8243;][vc_column_text css=&#8221;&#8221;]<\/p>\n<h3 style=\"text-align: center;\"><strong>Kranausleger<\/strong><\/h3>\n<p>[\/vc_column_text][vc_single_image image=&#8221;23181&#8243; img_size=&#8221;full&#8221; alignment=&#8221;center&#8221; onclick=&#8221;custom_link&#8221; css=&#8221;&#8221; link=&#8221;https:\/\/www.truckxxgroup.de\/gabelstapler-service-hameln\/manitou-anbaugeraete\/manitou-kranausleger\/&#8221;][\/vc_column][vc_column width=&#8221;1\/3&#8243;][vc_column_text css=&#8221;&#8221;]<\/p>\n<h3 style=\"text-align: center;\"><strong>Klammern<\/strong><\/h3>\n<p>[\/vc_column_text][vc_single_image image=&#8221;23143&#8243; img_size=&#8221;full&#8221; alignment=&#8221;center&#8221; onclick=&#8221;custom_link&#8221; css=&#8221;&#8221; link=&#8221;https:\/\/www.truckxxgroup.de\/gabelstapler-service-hameln\/manitou-anbaugeraete\/manitou-klammern\/&#8221;][\/vc_column][vc_column width=&#8221;1\/3&#8243;][vc_column_text css=&#8221;&#8221;]<\/p>\n<h3 style=\"text-align: center;\"><strong>Schaufeln<\/strong><\/h3>\n<p>[\/vc_column_text][vc_single_image image=&#8221;23307&#8243; img_size=&#8221;full&#8221; alignment=&#8221;center&#8221; onclick=&#8221;custom_link&#8221; css=&#8221;&#8221; link=&#8221;https:\/\/www.truckxxgroup.de\/gabelstapler-service-hameln\/manitou-anbaugeraete\/manitou-schaufeln\/&#8221;][\/vc_column][\/vc_row][vc_row][vc_column][vc_empty_space height=&#8221;15px&#8221;][\/vc_column][\/vc_row][vc_row][vc_column width=&#8221;1\/3&#8243;][\/vc_column][vc_column width=&#8221;1\/3&#8243;][vc_column_text css=&#8221;&#8221;]<\/p>\n<h3 style=\"text-align: center;\"><strong>Seilwinden<\/strong><\/h3>\n<p>[\/vc_column_text][vc_single_image image=&#8221;23333&#8243; img_size=&#8221;full&#8221; alignment=&#8221;center&#8221; onclick=&#8221;custom_link&#8221; css=&#8221;&#8221; link=&#8221;https:\/\/www.truckxxgroup.de\/gabelstapler-service-hameln\/manitou-anbaugeraete\/manitou-seilwinden\/&#8221;][\/vc_column][vc_column width=&#8221;1\/3&#8243;][\/vc_column][\/vc_row]<\/p>\n<\/div>","protected":false},"excerpt":{"rendered":"<p>[vc_row][vc_column][vc_single_image image=&#8221;21205&#8243; img_size=&#8221;450&#215;116&#8243; alignment=&#8221;center&#8221; css=&#8221;&#8221;][vc_column_text css=&#8221;&#8221;] Anbauger\u00e4te f\u00fcr Manitou. Manitou bietet eine gro\u00dfe Auswahl an Anbauger\u00e4ten, um f\u00fcr nahezu jeden Bedarf die passende L\u00f6sung bereitzustellen. Ob in der Landwirtschaft, im Bauwesen oder der Industrie \u2013 unsere Anbauger\u00e4te erweitern die Einsatzm\u00f6glichkeiten Ihrer Maschine und sorgen f\u00fcr mehr Vielseitigkeit im Alltag. Je nach T\u00e4tigkeit, ob Transport, Heben&hellip;<\/p>\n","protected":false},"author":2,"featured_media":0,"parent":0,"menu_order":0,"comment_status":"closed","ping_status":"closed","template":"","meta":{"footnotes":""},"class_list":["post-22519","page","type-page","status-publish","hentry","description-off"],"_links":{"self":[{"href":"https:\/\/www.truckxxgroup.de\/gabelstapler-service-hameln\/wp-json\/wp\/v2\/pages\/22519","targetHints":{"allow":["GET"]}}],"collection":[{"href":"https:\/\/www.truckxxgroup.de\/gabelstapler-service-hameln\/wp-json\/wp\/v2\/pages"}],"about":[{"href":"https:\/\/www.truckxxgroup.de\/gabelstapler-service-hameln\/wp-json\/wp\/v2\/types\/page"}],"author":[{"embeddable":true,"href":"https:\/\/www.truckxxgroup.de\/gabelstapler-service-hameln\/wp-json\/wp\/v2\/users\/2"}],"replies":[{"embeddable":true,"href":"https:\/\/www.truckxxgroup.de\/gabelstapler-service-hameln\/wp-json\/wp\/v2\/comments?post=22519"}],"version-history":[{"count":18,"href":"https:\/\/www.truckxxgroup.de\/gabelstapler-service-hameln\/wp-json\/wp\/v2\/pages\/22519\/revisions"}],"predecessor-version":[{"id":23335,"href":"https:\/\/www.truckxxgroup.de\/gabelstapler-service-hameln\/wp-json\/wp\/v2\/pages\/22519\/revisions\/23335"}],"wp:attachment":[{"href":"https:\/\/www.truckxxgroup.de\/gabelstapler-service-hameln\/wp-json\/wp\/v2\/media?parent=22519"}],"curies":[{"name":"wp","href":"https:\/\/api.w.org\/{rel}","templated":true}]}}