{"id":21944,"date":"2025-03-26T11:09:23","date_gmt":"2025-03-26T10:09:23","guid":{"rendered":"https:\/\/www.truckxxgroup.de\/gabelstapler-service-hameln\/?page_id=21944"},"modified":"2025-03-26T13:24:57","modified_gmt":"2025-03-26T12:24:57","slug":"manitou-knicklader","status":"publish","type":"page","link":"https:\/\/www.truckxxgroup.de\/gabelstapler-service-hameln\/manitou-neumaschinen\/manitou-knicklader\/","title":{"rendered":"Manitou Knicklader"},"content":{"rendered":"<div class=\"wpb-content-wrapper\"><p>[vc_row][vc_column][vc_single_image image=&#8221;21205&#8243; img_size=&#8221;450&#215;116&#8243; alignment=&#8221;center&#8221; css=&#8221;&#8221;][vc_column_text css=&#8221;&#8221;]<\/p>\n<h1 style=\"text-align: center;\">Knicklader von Manitou.<\/h1>\n<p style=\"text-align: left;\">Die Manitou Knicklader der <strong>MLA-Serie<\/strong> verbinden kompakte Bauweise <strong>mit hoher Wendigkeit<\/strong> und sind ideal f\u00fcr den Einsatz in der <strong>Landwirtschaft<\/strong>, im <strong>GaLaBau<\/strong> oder auf <strong>engen Baustellen<\/strong>. Dank kraftvoller Hydraulik, gro\u00dfer Hubkraft und optionaler Parallelf\u00fchrung erm\u00f6glichen sie pr\u00e4zises Arbeiten mit verschiedenen Anbauger\u00e4ten. Die ergonomische Kabine, intuitive Steuerung und robuste Konstruktion machen den MLA zum vielseitigen Helfer f\u00fcr anspruchsvolle Ladeaufgaben unter beengten Bedingungen.<\/p>\n<p>[\/vc_column_text][\/vc_column][\/vc_row][vc_row][vc_column][vc_empty_space height=&#8221;80px&#8221;][\/vc_column][\/vc_row][vc_row][vc_column width=&#8221;2\/3&#8243;][vc_column_text css=&#8221;&#8221;]<\/p>\n<h3>Manitou MLA 2-25 H &#8211; Knicklader<\/h3>\n<p>Untersch\u00e4tzen Sie den kompakten MLA 2-25 H nicht \u2013 er ist ein echtes Kraftpaket f\u00fcr den Einsatz im Gel\u00e4nde. Ideal f\u00fcr Landschaftsg\u00e4rtner:innen, Hobbylandwirte oder alle, die gr\u00f6\u00dfere Arbeiten effizient und m\u00fchelos erledigen m\u00f6chten. Auch f\u00fcr Mietparks ist dieser Knicklader besonders attraktiv: Mit seinem modernen Fahrerstand, wahlweise mit offenem Schutzdach oder Vollkabine, bietet er eine hervorragende Rundumsicht und setzt sich damit deutlich von Standardangeboten anderer Anbieter ab.<\/p>\n<p>&nbsp;<\/p>\n<ul>\n<li>Statische Kipplast mit Gabeln (gerade): 740 kg<\/li>\n<li>Statische Kipplast mit Schaufel (gerade): 1015 kg<\/li>\n<li>Max. H\u00f6he des Schaufeldrehpunkts: 2736 mm<\/li>\n<li>Nennleistung Verbrennungsmotor: 24.70 Hp<\/li>\n<\/ul>\n<p>&nbsp;<\/p>\n<p><a href=\"https:\/\/www.truckxxgroup.de\/gabelstapler-service-hameln\/wp-content\/uploads\/sites\/3\/2025\/03\/MLA-2-25-H.pdf\" target=\"_blank\" rel=\"noopener\">Datenblatt hier herunterladen<\/a>[\/vc_column_text][\/vc_column][vc_column width=&#8221;1\/3&#8243;][vc_single_image image=&#8221;21955&#8243; img_size=&#8221;full&#8221; css=&#8221;&#8221;][\/vc_column][\/vc_row][vc_row][vc_column][vc_empty_space height=&#8221;20px&#8221;][vc_separator border_width=&#8221;2&#8243; css=&#8221;&#8221;][vc_empty_space height=&#8221;20px&#8221;][\/vc_column][\/vc_row][vc_row][vc_column width=&#8221;2\/3&#8243;][vc_column_text css=&#8221;&#8221;]<\/p>\n<h3>Manitou MLA 3-25 H &#8211; Knicklader<\/h3>\n<p>Kompakt und leistungsstark: Der MLA 3-25 H ist ideal f\u00fcr Eins\u00e4tze auf engem Raum und bietet gleichzeitig genug Kraft, um jede Aufgabe zuverl\u00e4ssig zu meistern. Durch sein geringes Transportgewicht l\u00e4sst er sich problemlos mit einem Pkw-Anh\u00e4nger (bis 3,5\u202ft Gesamtgewicht) zur Baustelle bringen. Seine schmale Bauweise erm\u00f6glicht den Zugang zu Bereichen, die f\u00fcr viele Kompaktlader in dieser Leistungsklasse unerreichbar sind. Trotz seiner nur 25 PS \u00fcberzeugt der MLA 3-25 H mit beeindruckender Zugkraft und Wendigkeit.<\/p>\n<p>&nbsp;<\/p>\n<ul>\n<li>Statische Kipplast mit Gabeln (gerade): 965 kg<\/li>\n<li>Statische Kipplast mit Schaufel (gerade): 1270 kg<\/li>\n<li>Max. H\u00f6he des Schaufeldrehpunkts: 2836 mm<\/li>\n<li>Nennleistung Verbrennungsmotor: 24.70 Hp<\/li>\n<\/ul>\n<p>&nbsp;<\/p>\n<p><a href=\"https:\/\/www.truckxxgroup.de\/gabelstapler-service-hameln\/wp-content\/uploads\/sites\/3\/2025\/03\/MLA-3-25-H.pdf\" target=\"_blank\" rel=\"noopener\">Datenblatt hier herunterladen<\/a>[\/vc_column_text][\/vc_column][vc_column width=&#8221;1\/3&#8243;][vc_single_image image=&#8221;21953&#8243; img_size=&#8221;full&#8221; css=&#8221;&#8221;][\/vc_column][\/vc_row][vc_row][vc_column][vc_empty_space height=&#8221;20px&#8221;][vc_separator border_width=&#8221;2&#8243; css=&#8221;&#8221;][vc_empty_space height=&#8221;20px&#8221;][\/vc_column][\/vc_row][vc_row][vc_column width=&#8221;2\/3&#8243;][vc_column_text css=&#8221;&#8221;]<\/p>\n<h3>Manitou MLA 3-25 H-C &#8211; Knicklader<\/h3>\n<p>Klein, aber oho \u2013 der MLA 3-25 H \u00fcberzeugt mit beeindruckender Leistung auf kleinstem Raum. Er eignet sich perfekt f\u00fcr Arbeiten in engen Bereichen und liefert dennoch die Power, die Sie f\u00fcr Ihre Aufgaben brauchen. Dank seiner kompakten Bauweise und dem geringen Transportgewicht l\u00e4sst sich die Maschine ganz einfach zu unterschiedlichen Einsatzorten transportieren. Die schmale Breite erm\u00f6glicht den Zugang zu beengten Bereichen, die f\u00fcr viele Kompaktlader mit vergleichbarer Tragf\u00e4higkeit unzug\u00e4nglich sind. Mit nur 25 PS \u00fcberrascht der MLA 3-25 H durch seine Kraft und Zugleistung.<\/p>\n<p>&nbsp;<\/p>\n<ul>\n<li>Statische Kipplast mit Gabeln (gerade): 1208 kg<\/li>\n<li>Statische Kipplast mit Schaufel (gerade): 1613 kg<\/li>\n<li>Max. H\u00f6he des Schaufeldrehpunkts: 2488 mm<\/li>\n<li>Nennleistung Verbrennungsmotor: 24.70 Hp<\/li>\n<\/ul>\n<p>&nbsp;<\/p>\n<p><a href=\"https:\/\/www.truckxxgroup.de\/gabelstapler-service-hameln\/wp-content\/uploads\/sites\/3\/2025\/03\/MLA-3-25-H-C.pdf\" target=\"_blank\" rel=\"noopener\">Datenblatt hier herunterladen<\/a>[\/vc_column_text][\/vc_column][vc_column width=&#8221;1\/3&#8243;][vc_single_image image=&#8221;21959&#8243; img_size=&#8221;full&#8221; css=&#8221;&#8221;][\/vc_column][\/vc_row][vc_row][vc_column][vc_empty_space height=&#8221;20px&#8221;][vc_separator border_width=&#8221;2&#8243; css=&#8221;&#8221;][vc_empty_space height=&#8221;20px&#8221;][\/vc_column][\/vc_row][vc_row][vc_column width=&#8221;2\/3&#8243;][vc_column_text css=&#8221;&#8221;]<\/p>\n<h3>Manitou MLA 4-50 H &#8211; Knicklader<\/h3>\n<p>Klein, aber oho \u2013 der MLA 3-25 H \u00fcberzeugt mit beeindruckender Leistung auf kleinstem Raum. Er eignet sich perfekt f\u00fcr Arbeiten in engen Bereichen und liefert dennoch die Power, die Sie f\u00fcr Ihre Aufgaben brauchen. Dank seiner kompakten Bauweise und dem geringen Transportgewicht l\u00e4sst sich die Maschine ganz einfach zu unterschiedlichen Einsatzorten transportieren. Die schmale Breite erm\u00f6glicht den Zugang zu beengten Bereichen, die f\u00fcr viele Kompaktlader mit vergleichbarer Tragf\u00e4higkeit unzug\u00e4nglich sind. Mit nur 25 PS \u00fcberrascht der MLA 3-25 H durch seine Kraft und Zugleistung.<\/p>\n<p>&nbsp;<\/p>\n<ul>\n<li>Statische Kipplast mit Gabeln (gerade): 1175 kg<\/li>\n<li>Statische Kipplast mit Schaufel (gerade): 1540 kg<\/li>\n<li>Max. H\u00f6he des Schaufeldrehpunkts: 2836 mm<\/li>\n<li>Nennleistung Verbrennungsmotor: 48 Hp<\/li>\n<\/ul>\n<p>&nbsp;<\/p>\n<p><a href=\"https:\/\/www.truckxxgroup.de\/gabelstapler-service-hameln\/wp-content\/uploads\/sites\/3\/2025\/03\/MLA-4-50-H.pdf\" target=\"_blank\" rel=\"noopener\">Datenblatt hier herunterladen<\/a>[\/vc_column_text][\/vc_column][vc_column width=&#8221;1\/3&#8243;][vc_single_image image=&#8221;21962&#8243; img_size=&#8221;full&#8221; css=&#8221;&#8221;][\/vc_column][\/vc_row][vc_row][vc_column][vc_empty_space height=&#8221;20px&#8221;][vc_separator border_width=&#8221;2&#8243; css=&#8221;&#8221;][vc_empty_space height=&#8221;20px&#8221;][\/vc_column][\/vc_row][vc_row][vc_column width=&#8221;2\/3&#8243;][vc_column_text css=&#8221;&#8221;]<\/p>\n<h3>Manitou MLA 4-50 H-C &#8211; Knicklader<\/h3>\n<p>Schwieriges Gel\u00e4nde? Enge Einsatzbereiche? Kein Problem f\u00fcr den MLA 4-50 H-C \u2013 er bringt Sie sicher durch jede Herausforderung und direkt weiter zum n\u00e4chsten Einsatz. Ob mit offenem Fahrerschutzdach oder geschlossener Kabine: Sie profitieren von einer rundum freien Sicht auf die Baustelle und sind gleichzeitig optimal gesch\u00fctzt. F\u00fcr noch mehr Komfort ist der MLA 4-50 H auch mit Klimaanlage erh\u00e4ltlich. Diese Maschine ist ein echtes Leistungspaket f\u00fcr anspruchsvolle Anwender!<\/p>\n<p>&nbsp;<\/p>\n<ul>\n<li>Statische Kipplast mit Gabeln (gerade): 1310 kg<\/li>\n<li>Statische Kipplast mit Schaufel (gerade): 1765 kg<\/li>\n<li>Max. H\u00f6he des Schaufeldrehpunkts: 2488 mm<\/li>\n<li>Nennleistung Verbrennungsmotor: 48 Hp<\/li>\n<\/ul>\n<p>&nbsp;<\/p>\n<p><a href=\"https:\/\/www.truckxxgroup.de\/gabelstapler-service-hameln\/wp-content\/uploads\/sites\/3\/2025\/03\/MLA-4-50-H-C.pdf\" target=\"_blank\" rel=\"noopener\">Datenblatt hier herunterladen<\/a>[\/vc_column_text][\/vc_column][vc_column width=&#8221;1\/3&#8243;][vc_single_image image=&#8221;21965&#8243; img_size=&#8221;full&#8221; css=&#8221;&#8221;][\/vc_column][\/vc_row][vc_row][vc_column][vc_empty_space height=&#8221;20px&#8221;][vc_separator border_width=&#8221;2&#8243; css=&#8221;&#8221;][vc_empty_space height=&#8221;20px&#8221;][\/vc_column][\/vc_row][vc_row][vc_column width=&#8221;2\/3&#8243;][vc_column_text css=&#8221;&#8221;]<\/p>\n<h3>Manitou MLA 5-50 H &#8211; Knicklader<\/h3>\n<p>Der MLA 5-50 H ist das gr\u00f6\u00dfte Modell der kompakten Baureihe und serienm\u00e4\u00dfig mit einer parallel gef\u00fchrten Ladeschwinge ausgestattet \u2013 die perfekte Kombination aus hoher Hubkraft und beeindruckender Hubh\u00f6he. W\u00e4hlen Sie zwischen einem offenen Fahrerschutzdach oder einer komfortablen Vollkabine, je nach Einsatzbereich. Dank einer breiten Auswahl an Anbauger\u00e4ten l\u00e4sst sich die Maschine individuell an Ihre Anforderungen anpassen. Kompakt in der Bauweise, stark in der Leistung: Der MLA 5-50 H steht f\u00fcr Robustheit, Kraft und Vielseitigkeit im t\u00e4glichen Einsatz.<\/p>\n<p>&nbsp;<\/p>\n<ul>\n<li>Statische Kipplast mit Gabeln (gerade): 1470 kg<\/li>\n<li>Statische Kipplast mit Schaufel (gerade): 1880 kg<\/li>\n<li>Max. H\u00f6he des Schaufeldrehpunkts: 3070 mm<\/li>\n<li>Nennleistung Verbrennungsmotor: 48 Hp<\/li>\n<\/ul>\n<p>&nbsp;<\/p>\n<p><a href=\"https:\/\/www.truckxxgroup.de\/gabelstapler-service-hameln\/wp-content\/uploads\/sites\/3\/2025\/03\/MLA-5-50-H.pdf\" target=\"_blank\" rel=\"noopener\">Datenblatt hier herunterladen<\/a>[\/vc_column_text][\/vc_column][vc_column width=&#8221;1\/3&#8243;][vc_single_image image=&#8221;21968&#8243; img_size=&#8221;full&#8221; css=&#8221;&#8221;][\/vc_column][\/vc_row][vc_row][vc_column][vc_empty_space height=&#8221;20px&#8221;][vc_separator border_width=&#8221;2&#8243; css=&#8221;&#8221;][vc_empty_space height=&#8221;20px&#8221;][\/vc_column][\/vc_row][vc_row][vc_column width=&#8221;2\/3&#8243;][vc_column_text css=&#8221;&#8221;]<\/p>\n<h3>Manitou MLA 5-60 H-Z &#8211; Knicklader<\/h3>\n<p>Der MLA 5-60 H-Z ist das kompakteste Modell unserer Baureihe mit Z-Kinematik-Ladeschwinge \u2013 f\u00fcr au\u00dfergew\u00f6hnlich hohe Losbrechkr\u00e4fte. Als neuestes Mitglied der Manitou-Knickladerreihe wird er serienm\u00e4\u00dfig mit offenem Fahrerschutzdach angeboten, weitere Optionen sind ab 2021 verf\u00fcgbar. Zur Standardausstattung geh\u00f6ren ein 2-Gang-Hydrostatgetriebe, 100\u202f% Differenzialsperre und ein Handgas, die f\u00fcr starke Leistung und hohen Fahrkomfort sorgen. Kleine Maschine \u2013 gro\u00dfe Power.<\/p>\n<p>&nbsp;<\/p>\n<ul>\n<li>Statische Kipplast mit Gabeln (gerade): 1547 kg<\/li>\n<li>Statische Kipplast mit Schaufel (gerade): 2190 kg<\/li>\n<li>Max. H\u00f6he des Schaufeldrehpunkts: 3160 mm<\/li>\n<li>Nennleistung Verbrennungsmotor: 60 Hp<\/li>\n<\/ul>\n<p>&nbsp;<\/p>\n<p><a href=\"https:\/\/www.truckxxgroup.de\/gabelstapler-service-hameln\/wp-content\/uploads\/sites\/3\/2025\/03\/MLA-5-60-H-Z.pdf\" target=\"_blank\" rel=\"noopener\">Datenblatt hier herunterladen<\/a>[\/vc_column_text][\/vc_column][vc_column width=&#8221;1\/3&#8243;][vc_single_image image=&#8221;21971&#8243; img_size=&#8221;full&#8221; css=&#8221;&#8221;][\/vc_column][\/vc_row][vc_row][vc_column][vc_empty_space height=&#8221;20px&#8221;][vc_separator border_width=&#8221;2&#8243; css=&#8221;&#8221;][vc_empty_space height=&#8221;20px&#8221;][\/vc_column][\/vc_row][vc_row][vc_column width=&#8221;2\/3&#8243;][vc_column_text css=&#8221;&#8221;]<\/p>\n<h3>Manitou MLA 6-65 H-Z &#8211; Knicklader<\/h3>\n<p>Der MLA 6-65 kombiniert kompakte Abmessungen mit beeindruckender Leistung \u2013 ideal f\u00fcr Arbeiten in beengten Bereichen und auf anspruchsvollem Gel\u00e4nde. Das hydrostatische Getriebe sorgt f\u00fcr kraftvolle Traktion und sanfte Fahrweise, w\u00e4hrend die Z-Kinematik des Hubarms zus\u00e4tzliche Losbrechkr\u00e4fte, Kipph\u00f6he und Reichweite erm\u00f6glicht. Der Fokus liegt klar auf dem Bedienkomfort: Alle Steuerungen sind ergonomisch auf der schwebenden Armlehne rund um den Joystick angeordnet. Mit voller 360\u00b0-Rundumsicht, einem individuell einstellbaren Arbeitsbereich und durchdachter Bedienung ist der MLA 6-65 ideal f\u00fcr lange Arbeitstage.<\/p>\n<p>&nbsp;<\/p>\n<ul>\n<li>Statische Kipplast mit Gabeln (gerade): 2259 kg<\/li>\n<li>Statische Kipplast mit Schaufel (gerade): 2907 kg<\/li>\n<li>Max. H\u00f6he des Schaufeldrehpunkts: 3320 mm<\/li>\n<li>Nennleistung Verbrennungsmotor: 65 Hp<\/li>\n<\/ul>\n<p>&nbsp;<\/p>\n<p><a href=\"https:\/\/www.truckxxgroup.de\/gabelstapler-service-hameln\/wp-content\/uploads\/sites\/3\/2025\/03\/MLA-6-65-H-Z.pdf\" target=\"_blank\" rel=\"noopener\">Datenblatt hier herunterladen<\/a>[\/vc_column_text][\/vc_column][vc_column width=&#8221;1\/3&#8243;][vc_single_image image=&#8221;21971&#8243; img_size=&#8221;full&#8221; css=&#8221;&#8221;][\/vc_column][\/vc_row][vc_row][vc_column][vc_empty_space height=&#8221;20px&#8221;][vc_separator border_width=&#8221;2&#8243; css=&#8221;&#8221;][vc_empty_space height=&#8221;20px&#8221;][\/vc_column][\/vc_row][vc_row][vc_column width=&#8221;2\/3&#8243;][vc_column_text css=&#8221;&#8221;]<\/p>\n<h3>Manitou MLA 7-75 H-Z &#8211; Knicklader<\/h3>\n<p>Der MLA 7-75 ist das gr\u00f6\u00dfte Modell der Manitou-Radladerbaureihe mit Standard-Hubarm und \u00fcberzeugt durch kompromisslose Leistung und Fahrkomfort \u2013 ganz wie die kompakteren Modelle. Das hydrostatische Getriebe sorgt f\u00fcr sanftes Fahren bei niedriger Geschwindigkeit und bietet gleichzeitig volle Kraft bei anspruchsvollen Eins\u00e4tzen. Die Gangwahl und 100\u202f% Differenzialsperre sind bequem \u00fcber den Joystick steuerbar und geben dem Fahrer jederzeit volle Kontrolle. Optional ist der Radlader mit 30\u202fkm\/h H\u00f6chstgeschwindigkeit und Hubarmfederung erh\u00e4ltlich \u2013 f\u00fcr komfortable Fahrten zwischen Baustellen. Das Z-Kinematik-Ladergest\u00e4nge liefert starke Losbrechkr\u00e4fte, eine automatische R\u00fcckkehr zur Grabstellung und pr\u00e4zise Parallelf\u00fchrung. Ob im Bauwesen oder in der Landwirtschaft: Der MLA 7-75 ist ein zuverl\u00e4ssiger Allrounder f\u00fcr h\u00e4rteste Eins\u00e4tze.<\/p>\n<p>&nbsp;<\/p>\n<ul>\n<li>Statische Kipplast mit Gabeln (gerade): 2741 kg<\/li>\n<li>Statische Kipplast mit Schaufel (gerade): 3378 kg<\/li>\n<li>Max. H\u00f6he des Schaufeldrehpunkts: 3470 mm<\/li>\n<li>Nennleistung Verbrennungsmotor: 74.30 Hp<\/li>\n<\/ul>\n<p>&nbsp;<\/p>\n<p><a href=\"https:\/\/www.truckxxgroup.de\/gabelstapler-service-hameln\/wp-content\/uploads\/sites\/3\/2025\/03\/MLA-7-75-H-Z.pdf\" target=\"_blank\" rel=\"noopener\">Datenblatt hier herunterladen<\/a>[\/vc_column_text][\/vc_column][vc_column width=&#8221;1\/3&#8243;][vc_single_image image=&#8221;21976&#8243; img_size=&#8221;full&#8221; css=&#8221;&#8221;][\/vc_column][\/vc_row][vc_row][vc_column][vc_empty_space height=&#8221;20px&#8221;][vc_separator border_width=&#8221;2&#8243; css=&#8221;&#8221;][vc_empty_space height=&#8221;20px&#8221;][\/vc_column][\/vc_row][vc_row][vc_column width=&#8221;2\/3&#8243;][vc_column_text css=&#8221;&#8221;]<\/p>\n<h3>Manitou MLA-T 516-75 H &#8211; Knicklader<\/h3>\n<p>Der MLA 7-75 ist das gr\u00f6\u00dfte Modell der Manitou-Radladerbaureihe mit Standard-Hubarm und \u00fcberzeugt durch kompromisslose Leistung und Fahrkomfort \u2013 ganz wie die kompakteren Modelle. Das hydrostatische Getriebe sorgt f\u00fcr sanftes Fahren bei niedriger Geschwindigkeit und bietet gleichzeitig volle Kraft bei anspruchsvollen Eins\u00e4tzen. Die Gangwahl und 100\u202f% Differenzialsperre sind bequem \u00fcber den Joystick steuerbar und geben dem Fahrer jederzeit volle Kontrolle. Optional ist der Radlader mit 30\u202fkm\/h H\u00f6chstgeschwindigkeit und Hubarmfederung erh\u00e4ltlich \u2013 f\u00fcr komfortable Fahrten zwischen Baustellen. Das Z-Kinematik-Ladergest\u00e4nge liefert starke Losbrechkr\u00e4fte, eine automatische R\u00fcckkehr zur Grabstellung und pr\u00e4zise Parallelf\u00fchrung. Ob im Bauwesen oder in der Landwirtschaft: Der MLA 7-75 ist ein zuverl\u00e4ssiger Allrounder f\u00fcr h\u00e4rteste Eins\u00e4tze.<\/p>\n<p>&nbsp;<\/p>\n<ul>\n<li>Statische Kipplast mit Gabeln (gerade): 2732 kg<\/li>\n<li>Statische Kipplast mit Schaufel (gerade): 3535 kg<\/li>\n<li>Max. H\u00f6he des Schaufeldrehpunkts: 5030 mm<\/li>\n<li>Nennleistung Verbrennungsmotor: 74.30 Hp<\/li>\n<\/ul>\n<p>&nbsp;<\/p>\n<p><a href=\"https:\/\/www.truckxxgroup.de\/gabelstapler-service-hameln\/wp-content\/uploads\/sites\/3\/2025\/03\/MLA-T-516-75-H.pdf\" target=\"_blank\" rel=\"noopener\">Datenblatt hier herunterladen<\/a>[\/vc_column_text][\/vc_column][vc_column width=&#8221;1\/3&#8243;][vc_single_image image=&#8221;21980&#8243; img_size=&#8221;full&#8221; css=&#8221;&#8221;][\/vc_column][\/vc_row][vc_row][vc_column][vc_empty_space height=&#8221;20px&#8221;][vc_separator border_width=&#8221;2&#8243; css=&#8221;&#8221;][vc_empty_space height=&#8221;20px&#8221;][\/vc_column][\/vc_row][vc_row][vc_column width=&#8221;2\/3&#8243;][vc_column_text css=&#8221;&#8221;]<\/p>\n<h3>Manitou MLA-T 533-145 V+ &#8211; ST5 &#8211; Knicklader<\/h3>\n<p>Der MLA-T 533-145 V+ ist der neueste knickgelenkte Teleskoplader von Manitou \u2013 speziell entwickelt f\u00fcr hohe Effizienz im t\u00e4glichen Materialumschlag. Der Teleskopausleger mit Sto\u00dfd\u00e4mpfung sorgt f\u00fcr mehr Fahrkomfort, ob mit oder ohne Last. Mit Funktionen wie Allradantrieb und Allradlenkung, 45\u00b0-Knickgelenk, schneller Anbauger\u00e4tewechsel und dem innovativen Verbindungssystem ist der Lader ideal f\u00fcr den vielseitigen Einsatz auf landwirtschaftlichen Betrieben. Der MLA-T 533-145 V+ kombiniert Gel\u00e4ndeg\u00e4ngigkeit, Flexibilit\u00e4t und Produktivit\u00e4t \u2013 und ist damit ein leistungsstarker Partner f\u00fcr s\u00e4mtliche Umschlagarbeiten.<\/p>\n<p>&nbsp;<\/p>\n<ul>\n<li>Statische Kipplast mit Gabeln (gerade): 4978 kg<\/li>\n<li>Nennleistung Verbrennungsmotor: 143 Hp<\/li>\n<\/ul>\n<p>&nbsp;<\/p>\n<p><a href=\"https:\/\/www.truckxxgroup.de\/gabelstapler-service-hameln\/wp-content\/uploads\/sites\/3\/2025\/03\/MLA-T-533-145-V-ST5.pdf\" target=\"_blank\" rel=\"noopener\">Datenblatt hier herunterladen<\/a>[\/vc_column_text][\/vc_column][vc_column width=&#8221;1\/3&#8243;][vc_single_image image=&#8221;21983&#8243; img_size=&#8221;full&#8221; css=&#8221;&#8221;][\/vc_column][\/vc_row][vc_row][vc_column][vc_empty_space height=&#8221;20px&#8221;][vc_separator border_width=&#8221;2&#8243; css=&#8221;&#8221;][vc_empty_space height=&#8221;20px&#8221;][\/vc_column][\/vc_row]<\/p>\n<\/div>","protected":false},"excerpt":{"rendered":"<p>[vc_row][vc_column][vc_single_image image=&#8221;21205&#8243; img_size=&#8221;450&#215;116&#8243; alignment=&#8221;center&#8221; css=&#8221;&#8221;][vc_column_text css=&#8221;&#8221;] Knicklader von Manitou. Die Manitou Knicklader der MLA-Serie verbinden kompakte Bauweise mit hoher Wendigkeit und sind ideal f\u00fcr den Einsatz in der Landwirtschaft, im GaLaBau oder auf engen Baustellen. Dank kraftvoller Hydraulik, gro\u00dfer Hubkraft und optionaler Parallelf\u00fchrung erm\u00f6glichen sie pr\u00e4zises Arbeiten mit verschiedenen Anbauger\u00e4ten. Die ergonomische Kabine, intuitive Steuerung&hellip;<\/p>\n","protected":false},"author":2,"featured_media":0,"parent":21186,"menu_order":0,"comment_status":"closed","ping_status":"closed","template":"","meta":{"footnotes":""},"class_list":["post-21944","page","type-page","status-publish","hentry","description-off"],"_links":{"self":[{"href":"https:\/\/www.truckxxgroup.de\/gabelstapler-service-hameln\/wp-json\/wp\/v2\/pages\/21944","targetHints":{"allow":["GET"]}}],"collection":[{"href":"https:\/\/www.truckxxgroup.de\/gabelstapler-service-hameln\/wp-json\/wp\/v2\/pages"}],"about":[{"href":"https:\/\/www.truckxxgroup.de\/gabelstapler-service-hameln\/wp-json\/wp\/v2\/types\/page"}],"author":[{"embeddable":true,"href":"https:\/\/www.truckxxgroup.de\/gabelstapler-service-hameln\/wp-json\/wp\/v2\/users\/2"}],"replies":[{"embeddable":true,"href":"https:\/\/www.truckxxgroup.de\/gabelstapler-service-hameln\/wp-json\/wp\/v2\/comments?post=21944"}],"version-history":[{"count":17,"href":"https:\/\/www.truckxxgroup.de\/gabelstapler-service-hameln\/wp-json\/wp\/v2\/pages\/21944\/revisions"}],"predecessor-version":[{"id":21984,"href":"https:\/\/www.truckxxgroup.de\/gabelstapler-service-hameln\/wp-json\/wp\/v2\/pages\/21944\/revisions\/21984"}],"up":[{"embeddable":true,"href":"https:\/\/www.truckxxgroup.de\/gabelstapler-service-hameln\/wp-json\/wp\/v2\/pages\/21186"}],"wp:attachment":[{"href":"https:\/\/www.truckxxgroup.de\/gabelstapler-service-hameln\/wp-json\/wp\/v2\/media?parent=21944"}],"curies":[{"name":"wp","href":"https:\/\/api.w.org\/{rel}","templated":true}]}}