{"id":21887,"date":"2025-03-26T09:50:33","date_gmt":"2025-03-26T08:50:33","guid":{"rendered":"https:\/\/www.truckxxgroup.de\/gabelstapler-service-hameln\/?page_id=21887"},"modified":"2025-03-26T10:37:12","modified_gmt":"2025-03-26T09:37:12","slug":"manitou-mitnahmestapler","status":"publish","type":"page","link":"https:\/\/www.truckxxgroup.de\/gabelstapler-service-hameln\/manitou-neumaschinen\/manitou-mitnahmestapler\/","title":{"rendered":"Manitou Mitnahmestapler"},"content":{"rendered":"<div class=\"wpb-content-wrapper\"><p>[vc_row][vc_column][vc_single_image image=&#8221;21205&#8243; img_size=&#8221;450&#215;116&#8243; alignment=&#8221;center&#8221; css=&#8221;&#8221;][vc_column_text css=&#8221;&#8221;]<\/p>\n<h1 style=\"text-align: center;\">Mitnahmestapler von Manitou.<\/h1>\n<p style=\"text-align: left;\">Mitnahmestapler von Manitou sind die perfekte L\u00f6sung, wenn es darum geht, Waren schnell und unabh\u00e4ngig direkt am Einsatzort zu entladen \u2013 ganz ohne station\u00e4re Infrastruktur. Ob auf Baustellen, in der Landwirtschaft oder im Verteilerverkehr: Die kompakten, kraftvollen Stapler lassen sich direkt am Heck von Lkw mitf\u00fchren und sind in wenigen Minuten einsatzbereit.<\/p>\n<p style=\"text-align: left;\">Dank ihrer Gel\u00e4ndetauglichkeit, hohen <strong>Tragkraft (bis zu 2.500\u202fkg)<\/strong> und robusten Bauweise sind Manitou Mitnahmestapler ideal f\u00fcr anspruchsvolle Umgebungen. Sie erreichen <strong>Hubh\u00f6hen von bis zu 3,90\u202fMetern<\/strong> und erm\u00f6glichen auch auf unebenem Gel\u00e4nde pr\u00e4zises Arbeiten.<\/p>\n<p style=\"text-align: left;\"><strong>TMM vs. TMT \u2013 die Unterschiede im \u00dcberblick: <\/strong>Manitou bietet zwei Baureihen von Mitnahmestaplern an, die jeweils f\u00fcr unterschiedliche Anforderungen konzipiert sind:<\/p>\n<p>[\/vc_column_text][vc_row_inner][vc_column_inner width=&#8221;1\/2&#8243;][vc_column_text css=&#8221;&#8221;]<\/p>\n<h3 style=\"text-align: left;\"><strong>TMM \u2013 Mitnahmestapler f\u00fcr feste Untergr\u00fcnde<\/strong><\/h3>\n<p style=\"text-align: left;\">Die TMM-Baureihe (Truck Mounted Mast) ist ideal f\u00fcr den Einsatz auf festem Untergrund wie Asphalt oder Beton. Sie zeichnen sich durch ihre geringe Bauh\u00f6he, hohe Wendigkeit und schnelle Ladezeiten aus. TMM-Modelle sind besonders leicht und eignen sich perfekt f\u00fcr den urbanen Verteilerverkehr oder das Transportgewerbe, bei dem Platz und Gewicht eine wichtige Rolle spielen.<\/p>\n<p>[\/vc_column_text][\/vc_column_inner][vc_column_inner width=&#8221;1\/2&#8243;][vc_column_text css=&#8221;&#8221;]<\/p>\n<h3 style=\"text-align: left;\"><strong>TMT \u2013 Mitnahmestapler mit Ausleger f\u00fcr unebenes Gel\u00e4nde<\/strong><\/h3>\n<p style=\"text-align: left;\">Die TMT-Baureihe (Truck Mounted Telescopic) verf\u00fcgt \u00fcber einen ausfahrbaren Teleskoparm und ist damit besonders flexibel beim Be- und Entladen \u2013 auch von nur einer Fahrzeugseite aus. TMT-Modelle sind f\u00fcr den Einsatz auf unebenem, schlammigem oder losem Untergrund optimiert und bieten durch ihre Gel\u00e4ndebereifung sowie optionalen Allradantrieb maximale Bewegungsfreiheit.<\/p>\n<p>[\/vc_column_text][\/vc_column_inner][\/vc_row_inner][vc_row_inner][vc_column_inner][vc_column_text css=&#8221;&#8221;]<\/p>\n<h3 style=\"text-align: left;\"><strong>Fazit<\/strong><\/h3>\n<p style=\"text-align: left;\">Ob TMM f\u00fcr glatte Oberfl\u00e4chen oder TMT f\u00fcr den Gel\u00e4ndeeinsatz \u2013 Mitnahmestapler von Manitou stehen f\u00fcr Effizienz, Mobilit\u00e4t und Zuverl\u00e4ssigkeit. Sie erh\u00f6hen die Unabh\u00e4ngigkeit Ihrer Logistikprozesse und sorgen f\u00fcr maximale Produktivit\u00e4t direkt vor Ort.<\/p>\n<p>[\/vc_column_text][\/vc_column_inner][\/vc_row_inner][\/vc_column][\/vc_row][vc_row][vc_column][vc_empty_space height=&#8221;80px&#8221;][\/vc_column][\/vc_row][vc_row][vc_column width=&#8221;2\/3&#8243;][vc_column_text css=&#8221;&#8221;]<\/p>\n<h3>Manitou TMM 20 4W ST5 &#8211; Mitnahmestapler<\/h3>\n<p>Der Manitou TMM 20 4W ist ein besonders kompakter Mitnahmestapler mit multidirektionalem Fahrsystem, das speziell f\u00fcr den sicheren Transport von langen Lasten entwickelt wurde. Dank seiner Vier-Wege-Lenkung l\u00e4sst sich der Stapler auch seitlich bewegen \u2013 ideal f\u00fcr enge Ladezonen und schmale Durchfahrten. Mit einer Hubh\u00f6he von 3 bis 3,9 Metern und der Option auf zwei verschiedene Verl\u00e4ngerungssysteme ist der TMM 20 4W flexibel anpassbar und bestens f\u00fcr verschiedenste Anforderungen geeignet.\u00a0Ob auf festem Untergrund oder im leichten Gel\u00e4nde \u2013 der Mitnahmestapler l\u00e4sst sich pr\u00e4zise man\u00f6vrieren und bringt die Ladung direkt bis zum Einsatzort. Der ergonomisch gestaltete Fahrerplatz, die hohe Tragf\u00e4higkeit und der einfache Zugang machen den TMM 20 4W zur effizienten L\u00f6sung f\u00fcr Transporteure, die auf Flexibilit\u00e4t, Sicherheit und Produktivit\u00e4t setzen.<\/p>\n<p>&nbsp;<\/p>\n<ul>\n<li>Max. Hubh\u00f6he: 4200 mm<\/li>\n<li>Max. Tragkraft: 2000 kg<\/li>\n<li>Betriebsgewicht: 2450 kg<\/li>\n<li>Antriebsart: Diesel<\/li>\n<\/ul>\n<p>&nbsp;<\/p>\n<p><a href=\"https:\/\/www.truckxxgroup.de\/gabelstapler-service-hameln\/wp-content\/uploads\/sites\/3\/2025\/03\/TMM-20-4W-ST5.pdf\" target=\"_blank\" rel=\"noopener\">Datenblatt hier herunterladen<\/a>[\/vc_column_text][\/vc_column][vc_column width=&#8221;1\/3&#8243;][vc_single_image image=&#8221;21914&#8243; img_size=&#8221;full&#8221; css=&#8221;&#8221;][\/vc_column][\/vc_row][vc_row][vc_column][vc_empty_space height=&#8221;20px&#8221;][vc_separator border_width=&#8221;2&#8243; css=&#8221;&#8221;][vc_empty_space height=&#8221;20px&#8221;][\/vc_column][\/vc_row][vc_row][vc_column width=&#8221;2\/3&#8243;][vc_column_text css=&#8221;&#8221;]<\/p>\n<h3>Manitou TMM 20 ST5 &#8211; Mitnahmestapler<\/h3>\n<p>Der TMM 20 ist ein kompakter, leichter Mitnahmestapler, der Transporteure bei Auslieferungen in halbst\u00e4dtischen Gebieten, auf Bauernh\u00f6fen oder an schwer zug\u00e4nglichen Stellen autonom arbeiten l\u00e4sst. Er l\u00e4sst sich schnell am Fahrzeug montieren und ist mit allen g\u00e4ngigen Anbaus\u00e4tzen kompatibel. Mit bis zu 3,9\u202fm Hubh\u00f6he, seitlicher Mastbewegung und 3-Rad-Antrieb \u00fcberzeugt der TMM 20 durch hohe Man\u00f6vrierf\u00e4higkeit auf jedem Untergrund. Stabilisatoren, Richtungssteuerung und ein kombiniertes Inch-\/Bremspedal sorgen f\u00fcr Stabilit\u00e4t und Fahrkomfort. Dank optionaler Verl\u00e4ngerungssysteme ist auch das Entladen von nur einer Seite problemlos m\u00f6glich.<\/p>\n<p>&nbsp;<\/p>\n<ul>\n<li>Max. Hubh\u00f6he: 4200 mm<\/li>\n<li>Max. Tragkraft: 2000 kg<\/li>\n<li>Betriebsgewicht: 2290 kg<\/li>\n<li>Antriebsart: Diesel<\/li>\n<\/ul>\n<p>&nbsp;<\/p>\n<p><a href=\"https:\/\/www.truckxxgroup.de\/gabelstapler-service-hameln\/wp-content\/uploads\/sites\/3\/2025\/03\/TMM-20-ST5.pdf\" target=\"_blank\" rel=\"noopener\">Datenblatt hier herunterladen<\/a>[\/vc_column_text][\/vc_column][vc_column width=&#8221;1\/3&#8243;][vc_single_image image=&#8221;21914&#8243; img_size=&#8221;full&#8221; css=&#8221;&#8221;][\/vc_column][\/vc_row][vc_row][vc_column][vc_empty_space height=&#8221;20px&#8221;][vc_separator border_width=&#8221;2&#8243; css=&#8221;&#8221;][vc_empty_space height=&#8221;20px&#8221;][\/vc_column][\/vc_row][vc_row][vc_column width=&#8221;2\/3&#8243;][vc_column_text css=&#8221;&#8221;]<\/p>\n<h3>Manitou TMM 25 4W ST5 &#8211; Mitnahmestapler<\/h3>\n<p>Der Manitou TMM 25 4W ist ein robuster Mitnahmestapler mit Allradantrieb, der speziell f\u00fcr den Transport von langen oder sperrigen Lasten auf verschiedensten Untergr\u00fcnden entwickelt wurde. Durch sein multidirektionales Fahrwerk kann er auch seitlich man\u00f6vrieren, was besonders in engen Ladebereichen von Vorteil ist. Mit einer Hubh\u00f6he von bis zu 3,9\u202fMetern, 2.500\u202fkg Tragkraft und kompaktem Design bietet der TMM 25 4W maximale Effizienz auf kleinstem Raum. Er ist kompatibel mit allen g\u00e4ngigen Anbaus\u00e4tzen, l\u00e4sst sich schnell am Lkw-Heck montieren und steht jederzeit f\u00fcr flexible und schnelle Lieferungen direkt vor Ort bereit.<\/p>\n<p>&nbsp;<\/p>\n<ul>\n<li>Max. Hubh\u00f6he: 4200 mm<\/li>\n<li>Max. Tragkraft: 2500 kg<\/li>\n<li>Betriebsgewicht: 2500 kg<\/li>\n<li>Antriebsart: Diesel<\/li>\n<\/ul>\n<p>&nbsp;<\/p>\n<p><a href=\"https:\/\/www.truckxxgroup.de\/gabelstapler-service-hameln\/wp-content\/uploads\/sites\/3\/2025\/03\/TMM-25-4W-ST5.pdf\" target=\"_blank\" rel=\"noopener\">Datenblatt hier herunterladen<\/a>[\/vc_column_text][\/vc_column][vc_column width=&#8221;1\/3&#8243;][vc_single_image image=&#8221;21920&#8243; img_size=&#8221;full&#8221; css=&#8221;&#8221;][\/vc_column][\/vc_row][vc_row][vc_column][vc_empty_space height=&#8221;20px&#8221;][vc_separator border_width=&#8221;2&#8243; css=&#8221;&#8221;][vc_empty_space height=&#8221;20px&#8221;][\/vc_column][\/vc_row][vc_row][vc_column width=&#8221;2\/3&#8243;][vc_column_text css=&#8221;&#8221;]<\/p>\n<h3>Manitou TMM 25 ST5 &#8211; Mitnahmestapler<\/h3>\n<p>Der TMM 25 ist ein gel\u00e4ndeg\u00e4ngiger Mitnahmestapler mit einer Tragkraft von bis zu 2,5 Tonnen, der f\u00fcr den schnellen und flexiblen Einsatz am Auslieferungsort konzipiert wurde. Mit einer Hubh\u00f6he von bis zu 3,9\u202fMetern und einem seitlich verschiebbaren Hubger\u00fcst lassen sich Lasten effizient aufnehmen, bewegen und absetzen \u2013 auch bei beengten Platzverh\u00e4ltnissen. Der Stapler ist mit allen g\u00e4ngigen Anbaus\u00e4tzen kompatibel und in weniger als einer Minute einsatzbereit. Ein zuverl\u00e4ssiger Produktivit\u00e4tshelfer, der Ihre Lieferungen direkt vor Ort schneller und unabh\u00e4ngiger macht.<\/p>\n<p>&nbsp;<\/p>\n<ul>\n<li>Max. Hubh\u00f6he: 4200 mm<\/li>\n<li>Max. Tragkraft: 2500 kg<\/li>\n<li>Betriebsgewicht: 2340 kg<\/li>\n<li>Antriebsart: Diesel<\/li>\n<\/ul>\n<p>&nbsp;<\/p>\n<p><a href=\"https:\/\/www.truckxxgroup.de\/gabelstapler-service-hameln\/wp-content\/uploads\/sites\/3\/2025\/03\/TMM-25-ST5.pdf\" target=\"_blank\" rel=\"noopener\">Datenblatt hier herunterladen<\/a>[\/vc_column_text][\/vc_column][vc_column width=&#8221;1\/3&#8243;][vc_single_image image=&#8221;21923&#8243; img_size=&#8221;full&#8221; css=&#8221;&#8221;][\/vc_column][\/vc_row][vc_row][vc_column][vc_empty_space height=&#8221;20px&#8221;][vc_separator border_width=&#8221;2&#8243; css=&#8221;&#8221;][vc_empty_space height=&#8221;20px&#8221;][\/vc_column][\/vc_row][vc_row][vc_column width=&#8221;2\/3&#8243;][vc_column_text css=&#8221;&#8221;]<\/p>\n<h3>Manitou TMT 25I Y ST5 &#8211; Mitnahmestapler<\/h3>\n<p>Der TMT 25 I verf\u00fcgt \u00fcber einen Teleskopausleger mit Seitenverschiebung, sodass das Be- und Entladen bequem von nur einer Fahrzeugseite aus m\u00f6glich ist. Die kompakte Bauweise erleichtert den Transport auch bei beengten Platzverh\u00e4ltnissen. Mit Vorderradantrieb, robustem Fahrgestell und 2,5 Tonnen Hubkapazit\u00e4t eignet sich der Stapler ideal f\u00fcr landwirtschaftliche Eins\u00e4tze und halbst\u00e4dtische Lieferzonen. Die 360\u00b0-Rundumsicht vom Fahrersitz sorgt f\u00fcr sicheres Arbeiten, und je nach Bereifung ist der TMT 25 I auf nahezu jedem Untergrund zuverl\u00e4ssig einsetzbar.<\/p>\n<p>&nbsp;<\/p>\n<ul>\n<li>Max. Hubh\u00f6he: 3380 mm<\/li>\n<li>Max. Tragkraft: 2500 kg<\/li>\n<li>Betriebsgewicht: 2320 kg<\/li>\n<li>Antriebsart: Diesel<\/li>\n<\/ul>\n<p>&nbsp;<\/p>\n<p><a href=\"https:\/\/www.truckxxgroup.de\/gabelstapler-service-hameln\/wp-content\/uploads\/sites\/3\/2025\/03\/TMT-25I-Y-ST5.pdf\" target=\"_blank\" rel=\"noopener\">Datenblatt hier herunterladen<\/a>[\/vc_column_text][\/vc_column][vc_column width=&#8221;1\/3&#8243;][vc_single_image image=&#8221;21926&#8243; img_size=&#8221;full&#8221; css=&#8221;&#8221;][\/vc_column][\/vc_row][vc_row][vc_column][vc_empty_space height=&#8221;20px&#8221;][vc_separator border_width=&#8221;2&#8243; css=&#8221;&#8221;][vc_empty_space height=&#8221;20px&#8221;][\/vc_column][\/vc_row][vc_row][vc_column width=&#8221;2\/3&#8243;][vc_column_text css=&#8221;&#8221;]<\/p>\n<h3>Manitou TMT 25S 4W Y ST5 &#8211; Mitnahmestapler<\/h3>\n<p>Der TMT 25 S 4W ist ein gel\u00e4ndeg\u00e4ngiger Teleskopstapler mit einer Tragf\u00e4higkeit von 2,5 Tonnen. Er ist in weniger als einer Minute einsatzbereit und eignet sich optimal f\u00fcr das Be- und Entladen unterschiedlichster Lasten \u2013 auch unter beengten Platzverh\u00e4ltnissen.\u00a0Durch seine spezielle Konstruktion ist der TMT 25 S 4W besonders f\u00fcr den Umgang mit langen, sperrigen oder \u00fcbergro\u00dfen G\u00fctern ausgelegt. Die Allradlenkung erm\u00f6glicht h\u00f6chste Wendigkeit, auch auf instabilen oder unebenen Untergr\u00fcnden wie Schlamm, Schotter oder Baustellenfl\u00e4chen.\u00a0F\u00fcr den sicheren Betrieb ist das Ger\u00e4t mit einer automatischen Kippsicherung, einem Anwesenheitssensor sowie drei gebremsten R\u00e4dern ausgestattet. Der teleskopierbare Hubarm erlaubt ein punktgenaues Ausliefern der Last \u2013 unterst\u00fctzt durch eine umfassende 360\u00b0-Sicht auf das Arbeitsumfeld.<\/p>\n<p>&nbsp;<\/p>\n<ul>\n<li>Max. Hubh\u00f6he: 3380 mm<\/li>\n<li>Max. Tragkraft: 2500 kg<\/li>\n<li>Max. Reichweite: 1310 mm<\/li>\n<li>Antriebsart: Diesel<\/li>\n<\/ul>\n<p>&nbsp;<\/p>\n<p><a href=\"https:\/\/www.truckxxgroup.de\/gabelstapler-service-hameln\/wp-content\/uploads\/sites\/3\/2025\/03\/TMT-25S-4W-Y-ST5.pdf\" target=\"_blank\" rel=\"noopener\">Datenblatt hier herunterladen<\/a>[\/vc_column_text][\/vc_column][vc_column width=&#8221;1\/3&#8243;][vc_single_image image=&#8221;21930&#8243; img_size=&#8221;full&#8221; css=&#8221;&#8221;][\/vc_column][\/vc_row][vc_row][vc_column][vc_empty_space height=&#8221;20px&#8221;][vc_separator border_width=&#8221;2&#8243; css=&#8221;&#8221;][vc_empty_space height=&#8221;20px&#8221;][\/vc_column][\/vc_row][vc_row][vc_column width=&#8221;2\/3&#8243;][vc_column_text css=&#8221;&#8221;]<\/p>\n<h3>Manitou TMT 25 S Y ST5 &#8211; Mitnahmestapler<\/h3>\n<p>Der TMT 25 S ist ein kompakter Mitnahmestapler, der die Logistik auf der letzten Meile effizient unterst\u00fctzt. Direkt am Fahrzeugheck montiert, ist er <strong>in weniger als einer Minute einsatzbereit<\/strong>. Sein Teleskopausleger erm\u00f6glicht das Entladen von nur einer Seite und sorgt f\u00fcr hervorragende Man\u00f6vrierf\u00e4higkeit auf jedem Untergrund. Zwei stabile Ausleger bieten zus\u00e4tzliche Sicherheit und erm\u00f6glichen eine Hubh\u00f6he von bis zu 3,42\u202fMetern. Der TMT 25 S ist ein zuverl\u00e4ssiger Partner f\u00fcr Transporteure, die Wert auf Flexibilit\u00e4t, Schnelligkeit und Produktivit\u00e4t legen.<\/p>\n<p>&nbsp;<\/p>\n<ul>\n<li>Max. Hubh\u00f6he: 3420 mm<\/li>\n<li>Max. Tragkraft: 2500 kg<\/li>\n<li>Betriebsgewicht: 2610 kg<\/li>\n<li>Antriebsart: Diesel<\/li>\n<\/ul>\n<p>&nbsp;<\/p>\n<p><a href=\"https:\/\/www.truckxxgroup.de\/gabelstapler-service-hameln\/wp-content\/uploads\/sites\/3\/2025\/03\/TMT-25-S-Y-ST5.pdf\" target=\"_blank\" rel=\"noopener\">Datenblatt hier herunterladen<\/a>[\/vc_column_text][\/vc_column][vc_column width=&#8221;1\/3&#8243;][vc_single_image image=&#8221;21934&#8243; img_size=&#8221;full&#8221; css=&#8221;&#8221;][\/vc_column][\/vc_row][vc_row][vc_column][vc_empty_space height=&#8221;20px&#8221;][vc_separator border_width=&#8221;2&#8243; css=&#8221;&#8221;][vc_empty_space height=&#8221;20px&#8221;][\/vc_column][\/vc_row][vc_row][vc_column width=&#8221;2\/3&#8243;][vc_column_text css=&#8221;&#8221;]<\/p>\n<h3>Manitou TMT 27P Y ST5 &#8211; Mitnahmestapler<\/h3>\n<p>Der TMT 27 P ist ein speziell entwickelter Teleskop-Mitnahmestapler f\u00fcr die Anforderungen der Gefl\u00fcgelzucht und Tierverladung. Ausgestattet mit gel\u00e4ndeg\u00e4ngigen Reifen meistert er auch schlammige Untergr\u00fcnde und eignet sich ideal f\u00fcr den Transport von Gefl\u00fcgelkisten auf landwirtschaftlichen Betrieben \u2013 inklusive spezieller blauer Beleuchtung, die das Tierwohl ber\u00fccksichtigt.\u00a0Ein integriertes Filtersystem und ein zus\u00e4tzlicher K\u00fchlblock sch\u00fctzen den Motor vor \u00dcberhitzung und machen den TMT 27 P besonders zuverl\u00e4ssig auf staubigen B\u00f6den. Er kann mit einem drehbaren Gabeltr\u00e4ger und senkrechten Spezialgabeln ausgestattet werden, um K\u00e4fige effizient zu bewegen \u2013 sogar ohne das Geb\u00e4ude betreten zu m\u00fcssen.\u00a0Mit seiner robusten Bauweise und hohen Tragkraft ist der TMT 27 P der leistungsst\u00e4rkste Mitnahmestapler seiner Klasse in der Gefl\u00fcgelindustrie \u2013 f\u00fcr sichere, schnelle und hygienische Verladungen direkt vor Ort.<\/p>\n<p>&nbsp;<\/p>\n<ul>\n<li>Max. Hubh\u00f6he: 3380 mm<\/li>\n<li>Max. Tragkraft: 2700 kg<\/li>\n<li>Max. Reichweite: 1310 mm<\/li>\n<li>Antriebsart: Diesel<\/li>\n<\/ul>\n<p>&nbsp;<\/p>\n<p><a href=\"https:\/\/www.truckxxgroup.de\/gabelstapler-service-hameln\/wp-content\/uploads\/sites\/3\/2025\/03\/TMT-27P-Y-ST5.pdf\" target=\"_blank\" rel=\"noopener\">Datenblatt hier herunterladen<\/a>[\/vc_column_text][\/vc_column][vc_column width=&#8221;1\/3&#8243;][vc_single_image image=&#8221;21937&#8243; img_size=&#8221;full&#8221; css=&#8221;&#8221;][\/vc_column][\/vc_row][vc_row][vc_column][vc_empty_space height=&#8221;20px&#8221;][vc_separator border_width=&#8221;2&#8243; css=&#8221;&#8221;][vc_empty_space height=&#8221;20px&#8221;][\/vc_column][\/vc_row][vc_row][vc_column width=&#8221;2\/3&#8243;][vc_column_text css=&#8221;&#8221;]<\/p>\n<h3>Manitou TMT 27S Y ST5 &#8211; Mitnahmestapler<\/h3>\n<p>Der Manitou TMT 27 S ist die ideale L\u00f6sung f\u00fcr alle, die ihre Kunden schnell und effizient bis zum letzten Meter beliefern m\u00f6chten. Ausgestattet mit einem Teleskopausleger erm\u00f6glicht er das Be- und Entladen von nur einer Fahrzeugseite aus \u2013 ideal bei beengten Platzverh\u00e4ltnissen. Mit einer Tragf\u00e4higkeit von 2,7 Tonnen bietet der TMT 27 S h\u00f6chste Leistung, selbst beim Transport schwerer Lasten wie Paletten mit Ziegeln, M\u00f6rtel oder Betonbl\u00f6cken. Die 360\u00b0-Rundumsicht vom Fahrersitz, die einfache Handhabung und die schnelle Einsatzbereitschaft machen ihn zum unverzichtbaren Partner f\u00fcr Ihre Lieferlogistik \u2013 in weniger als einer Minute bereit f\u00fcr den n\u00e4chsten Einsatz.<\/p>\n<p>&nbsp;<\/p>\n<ul>\n<li>Max. Hubh\u00f6he: 3380 mm<\/li>\n<li>Max. Tragkraft: 2700 kg<\/li>\n<li>Max. Reichweite: 1310 mm<\/li>\n<li>Antriebsart: Diesel<\/li>\n<\/ul>\n<p>&nbsp;<\/p>\n<p><a href=\"https:\/\/www.truckxxgroup.de\/gabelstapler-service-hameln\/wp-content\/uploads\/sites\/3\/2025\/03\/TMT-27S-Y-ST5.pdf\" target=\"_blank\" rel=\"noopener\">Datenblatt hier herunterladen<\/a>[\/vc_column_text][\/vc_column][vc_column width=&#8221;1\/3&#8243;][vc_single_image image=&#8221;21940&#8243; img_size=&#8221;full&#8221; css=&#8221;&#8221;][\/vc_column][\/vc_row][vc_row][vc_column][vc_empty_space height=&#8221;20px&#8221;][vc_separator border_width=&#8221;2&#8243; css=&#8221;&#8221;][vc_empty_space height=&#8221;20px&#8221;][\/vc_column][\/vc_row]<\/p>\n<\/div>","protected":false},"excerpt":{"rendered":"<p>[vc_row][vc_column][vc_single_image image=&#8221;21205&#8243; img_size=&#8221;450&#215;116&#8243; alignment=&#8221;center&#8221; css=&#8221;&#8221;][vc_column_text css=&#8221;&#8221;] Mitnahmestapler von Manitou. Mitnahmestapler von Manitou sind die perfekte L\u00f6sung, wenn es darum geht, Waren schnell und unabh\u00e4ngig direkt am Einsatzort zu entladen \u2013 ganz ohne station\u00e4re Infrastruktur. Ob auf Baustellen, in der Landwirtschaft oder im Verteilerverkehr: Die kompakten, kraftvollen Stapler lassen sich direkt am Heck von Lkw mitf\u00fchren&hellip;<\/p>\n","protected":false},"author":2,"featured_media":0,"parent":21186,"menu_order":0,"comment_status":"closed","ping_status":"closed","template":"","meta":{"footnotes":""},"class_list":["post-21887","page","type-page","status-publish","hentry","description-off"],"_links":{"self":[{"href":"https:\/\/www.truckxxgroup.de\/gabelstapler-service-hameln\/wp-json\/wp\/v2\/pages\/21887","targetHints":{"allow":["GET"]}}],"collection":[{"href":"https:\/\/www.truckxxgroup.de\/gabelstapler-service-hameln\/wp-json\/wp\/v2\/pages"}],"about":[{"href":"https:\/\/www.truckxxgroup.de\/gabelstapler-service-hameln\/wp-json\/wp\/v2\/types\/page"}],"author":[{"embeddable":true,"href":"https:\/\/www.truckxxgroup.de\/gabelstapler-service-hameln\/wp-json\/wp\/v2\/users\/2"}],"replies":[{"embeddable":true,"href":"https:\/\/www.truckxxgroup.de\/gabelstapler-service-hameln\/wp-json\/wp\/v2\/comments?post=21887"}],"version-history":[{"count":19,"href":"https:\/\/www.truckxxgroup.de\/gabelstapler-service-hameln\/wp-json\/wp\/v2\/pages\/21887\/revisions"}],"predecessor-version":[{"id":21941,"href":"https:\/\/www.truckxxgroup.de\/gabelstapler-service-hameln\/wp-json\/wp\/v2\/pages\/21887\/revisions\/21941"}],"up":[{"embeddable":true,"href":"https:\/\/www.truckxxgroup.de\/gabelstapler-service-hameln\/wp-json\/wp\/v2\/pages\/21186"}],"wp:attachment":[{"href":"https:\/\/www.truckxxgroup.de\/gabelstapler-service-hameln\/wp-json\/wp\/v2\/media?parent=21887"}],"curies":[{"name":"wp","href":"https:\/\/api.w.org\/{rel}","templated":true}]}}