{"id":21186,"date":"2025-03-12T13:29:37","date_gmt":"2025-03-12T12:29:37","guid":{"rendered":"https:\/\/www.truckxxgroup.de\/gabelstapler-service-hameln\/?page_id=21186"},"modified":"2025-07-16T10:09:03","modified_gmt":"2025-07-16T08:09:03","slug":"manitou-neumaschinen","status":"publish","type":"page","link":"https:\/\/www.truckxxgroup.de\/gabelstapler-service-hameln\/manitou-neumaschinen\/","title":{"rendered":"Manitou Neumaschinen"},"content":{"rendered":"<div class=\"wpb-content-wrapper\"><p>[vc_row][vc_column][vc_single_image image=&#8221;21205&#8243; img_size=&#8221;450&#215;116&#8243; alignment=&#8221;center&#8221; css=&#8221;&#8221;][vc_column_text css=&#8221;&#8221;]<\/p>\n<h1 style=\"text-align: center;\">Neumaschinen von Manitou im \u00dcberblick.<\/h1>\n<p style=\"text-align: center;\">Flurf\u00f6rderger\u00e4te und Teleskopen stehen bei uns selbstverst\u00e4ndlich an oberster Stelle. Das geht schon aus unserem Firmennamen hervor. Als Vertragspartner von Manitou sind wir kompetenter Ansprech- und Servicepartner f\u00fcr den Verkauf, den Service und die Reparatur dieser Stapler. Wir wissen wovon wir sprechen. Sei es Service und Aufbereitung oder Einweisung. Stapler sind unser Thema. Es w\u00fcrde uns freuen, auch Sie zu beraten. Gerne k\u00f6nnen Sie uns in Hameln besuchen. Schauen Sie sich z.B. einen Manitou MRT Teleskopen live an und lassen Sie sich hinsichtlich seiner enormen Flexibilit\u00e4t von uns beraten!<\/p>\n<p>&nbsp;<\/p>\n<p style=\"text-align: center;\"><strong>F\u00fcr weitere Informationen, bitte auf Produktbilder klicken.<\/strong><\/p>\n<p>[\/vc_column_text][\/vc_column][\/vc_row][vc_row][vc_column][vc_empty_space height=&#8221;80px&#8221;][\/vc_column][\/vc_row][vc_row][vc_column width=&#8221;1\/3&#8243;][vc_column_text css=&#8221;&#8221;]<\/p>\n<h3 style=\"text-align: center;\"><strong>Teleskoplader starr<\/strong><\/h3>\n<p>[\/vc_column_text][vc_single_image image=&#8221;21194&#8243; img_size=&#8221;full&#8221; alignment=&#8221;center&#8221; onclick=&#8221;custom_link&#8221; css=&#8221;&#8221; link=&#8221;https:\/\/www.truckxxgroup.de\/gabelstapler-service-hameln\/manitou-neumaschinen\/manitou-teleskoplader-starr\/&#8221;][\/vc_column][vc_column width=&#8221;1\/3&#8243;][vc_column_text css=&#8221;&#8221;]<\/p>\n<h3 style=\"text-align: center;\"><strong>Teleskoplader drehbar<\/strong><\/h3>\n<p>[\/vc_column_text][vc_single_image image=&#8221;21200&#8243; img_size=&#8221;full&#8221; alignment=&#8221;center&#8221; onclick=&#8221;custom_link&#8221; css=&#8221;&#8221; link=&#8221;https:\/\/www.truckxxgroup.de\/gabelstapler-service-hameln\/manitou-neumaschinen\/manitou-teleskoplader-drehbar\/&#8221;][\/vc_column][vc_column width=&#8221;1\/3&#8243;][vc_column_text css=&#8221;&#8221;]<\/p>\n<h3 style=\"text-align: center;\"><strong>Knicklader<\/strong><\/h3>\n<p>[\/vc_column_text][vc_single_image image=&#8221;21203&#8243; img_size=&#8221;full&#8221; alignment=&#8221;center&#8221; onclick=&#8221;custom_link&#8221; css=&#8221;&#8221; link=&#8221;https:\/\/www.truckxxgroup.de\/gabelstapler-service-hameln\/manitou-neumaschinen\/manitou-knicklader\/&#8221;][\/vc_column][\/vc_row][vc_row][vc_column][vc_empty_space height=&#8221;50px&#8221;][\/vc_column][\/vc_row][vc_row][vc_column width=&#8221;1\/3&#8243;][vc_column_text css=&#8221;&#8221;]<\/p>\n<h3 style=\"text-align: center;\"><strong>Gel\u00e4ndestapler<\/strong><\/h3>\n<p>[\/vc_column_text][vc_single_image image=&#8221;21211&#8243; img_size=&#8221;full&#8221; alignment=&#8221;center&#8221; onclick=&#8221;custom_link&#8221; css=&#8221;&#8221; link=&#8221;https:\/\/www.truckxxgroup.de\/gabelstapler-service-hameln\/manitou-neumaschinen\/manitou-gelaendestapler\/&#8221;][\/vc_column][vc_column width=&#8221;1\/3&#8243;][vc_column_text css=&#8221;&#8221;]<\/p>\n<h3 style=\"text-align: center;\"><strong>Frontstapler<\/strong><\/h3>\n<p>[\/vc_column_text][vc_single_image image=&#8221;21448&#8243; img_size=&#8221;full&#8221; alignment=&#8221;center&#8221; onclick=&#8221;custom_link&#8221; css=&#8221;&#8221; link=&#8221;https:\/\/www.truckxxgroup.de\/gabelstapler-service-hameln\/manitou-neumaschinen\/manitou-frontstapler\/&#8221;][\/vc_column][vc_column width=&#8221;1\/3&#8243;][vc_column_text css=&#8221;&#8221;]<\/p>\n<h3 style=\"text-align: center;\"><strong>Mitnahmestapler<\/strong><\/h3>\n<p>[\/vc_column_text][vc_single_image image=&#8221;21213&#8243; img_size=&#8221;full&#8221; alignment=&#8221;center&#8221; onclick=&#8221;custom_link&#8221; css=&#8221;&#8221; link=&#8221;https:\/\/www.truckxxgroup.de\/gabelstapler-service-hameln\/manitou-neumaschinen\/manitou-mitnahmestapler\/&#8221;][\/vc_column][\/vc_row][vc_row][vc_column width=&#8221;1\/3&#8243;][vc_column_text css=&#8221;&#8221;]<\/p>\n<h3 style=\"text-align: center;\"><strong>Kompaktlader<\/strong><\/h3>\n<p>[\/vc_column_text][vc_single_image image=&#8221;21215&#8243; img_size=&#8221;full&#8221; alignment=&#8221;center&#8221; onclick=&#8221;custom_link&#8221; css=&#8221;&#8221; link=&#8221;https:\/\/www.truckxxgroup.de\/gabelstapler-service-hameln\/manitou-neumaschinen\/manitou-kompaktlader\/&#8221;][\/vc_column][vc_column width=&#8221;1\/3&#8243;][vc_column_text css=&#8221;&#8221;]<\/p>\n<h3 style=\"text-align: center;\"><strong>Hubarbeitsb\u00fchnen<\/strong><\/h3>\n<p>[\/vc_column_text][vc_single_image image=&#8221;21743&#8243; img_size=&#8221;full&#8221; alignment=&#8221;center&#8221; onclick=&#8221;custom_link&#8221; css=&#8221;&#8221; link=&#8221;https:\/\/www.truckxxgroup.de\/gabelstapler-service-hameln\/manitou-neumaschinen\/manitou-hubarbeitsbuehnen\/&#8221;][\/vc_column][vc_column width=&#8221;1\/3&#8243;][vc_column_text css=&#8221;&#8221;]<\/p>\n<h3 style=\"text-align: center;\"><strong>Lagertechnik<\/strong><\/h3>\n<p>[\/vc_column_text][vc_single_image image=&#8221;23714&#8243; img_size=&#8221;full&#8221; alignment=&#8221;center&#8221; onclick=&#8221;custom_link&#8221; css=&#8221;&#8221; link=&#8221;https:\/\/www.truckxxgroup.de\/gabelstapler-service-hameln\/manitou-neumaschinen\/manitou-lagertechnik\/&#8221;][\/vc_column][\/vc_row]<\/p>\n<\/div>","protected":false},"excerpt":{"rendered":"<p>[vc_row][vc_column][vc_single_image image=&#8221;21205&#8243; img_size=&#8221;450&#215;116&#8243; alignment=&#8221;center&#8221; css=&#8221;&#8221;][vc_column_text css=&#8221;&#8221;] Neumaschinen von Manitou im \u00dcberblick. Flurf\u00f6rderger\u00e4te und Teleskopen stehen bei uns selbstverst\u00e4ndlich an oberster Stelle. Das geht schon aus unserem Firmennamen hervor. Als Vertragspartner von Manitou sind wir kompetenter Ansprech- und Servicepartner f\u00fcr den Verkauf, den Service und die Reparatur dieser Stapler. Wir wissen wovon wir sprechen. Sei es&hellip;<\/p>\n","protected":false},"author":2,"featured_media":0,"parent":0,"menu_order":0,"comment_status":"closed","ping_status":"closed","template":"","meta":{"footnotes":""},"class_list":["post-21186","page","type-page","status-publish","hentry","description-off"],"_links":{"self":[{"href":"https:\/\/www.truckxxgroup.de\/gabelstapler-service-hameln\/wp-json\/wp\/v2\/pages\/21186","targetHints":{"allow":["GET"]}}],"collection":[{"href":"https:\/\/www.truckxxgroup.de\/gabelstapler-service-hameln\/wp-json\/wp\/v2\/pages"}],"about":[{"href":"https:\/\/www.truckxxgroup.de\/gabelstapler-service-hameln\/wp-json\/wp\/v2\/types\/page"}],"author":[{"embeddable":true,"href":"https:\/\/www.truckxxgroup.de\/gabelstapler-service-hameln\/wp-json\/wp\/v2\/users\/2"}],"replies":[{"embeddable":true,"href":"https:\/\/www.truckxxgroup.de\/gabelstapler-service-hameln\/wp-json\/wp\/v2\/comments?post=21186"}],"version-history":[{"count":38,"href":"https:\/\/www.truckxxgroup.de\/gabelstapler-service-hameln\/wp-json\/wp\/v2\/pages\/21186\/revisions"}],"predecessor-version":[{"id":23715,"href":"https:\/\/www.truckxxgroup.de\/gabelstapler-service-hameln\/wp-json\/wp\/v2\/pages\/21186\/revisions\/23715"}],"wp:attachment":[{"href":"https:\/\/www.truckxxgroup.de\/gabelstapler-service-hameln\/wp-json\/wp\/v2\/media?parent=21186"}],"curies":[{"name":"wp","href":"https:\/\/api.w.org\/{rel}","templated":true}]}}