{"id":13528,"date":"2023-03-16T13:36:53","date_gmt":"2023-03-16T12:36:53","guid":{"rendered":"https:\/\/www.truckxxgroup.de\/gabelstapler-service-hameln\/?page_id=13528"},"modified":"2023-10-19T10:49:13","modified_gmt":"2023-10-19T08:49:13","slug":"gabelstapler-fahrerschulung","status":"publish","type":"page","link":"https:\/\/www.truckxxgroup.de\/gabelstapler-service-hameln\/gabelstapler-fahrerschulung\/","title":{"rendered":"Gabelstapler Fahrerschulung"},"content":{"rendered":"<div class=\"wpb-content-wrapper\"><p>[vc_row][vc_column width=&#8221;1\/2&#8243; css=&#8221;.vc_custom_1678712212669{margin-top: 0px !important;padding-top: 0px !important;}&#8221;][vc_column_text css=&#8221;.vc_custom_1678975228823{margin-top: 0px !important;padding-top: 0px !important;}&#8221;]<\/p>\n<h3>Online Schulung f\u00fcr Gabelstapler<\/h3>\n<p>Die Schulung setzt sich aus einem Online-Teil (Theorie) sowie einem Tag mit Praxis\u00fcbungen <strong>inkl. Pr\u00fcfung (Theorie und Praxis) bei uns vor Ort in Hameln<\/strong> zusammen.<\/p>\n<p><strong>Schulungsort (Theorie- &amp; Praxispr\u00fcfung)<\/strong>:<br \/>\nGabelstapler Service Hameln GmbH<br \/>\nOtto-K\u00f6rting-Str 4, 31789 Hameln<\/p>\n<p><strong><em>Voraussetzungen:<\/em><\/strong><\/p>\n<ul>\n<li>Mindestens 18 Jahre alt (bzw. 16 in der Ausbildung)<\/li>\n<li>Geistige sowie k\u00f6rperliche Eignung<\/li>\n<li>ausreichende Deutschkenntnisse (in Wort und Schrift)<\/li>\n<li>Einen Laptop, Smartphone o. \u00e4. mit Tonausgabe<\/li>\n<li>Zwingend erforderlich: eigene E-Mail Adresse<\/li>\n<\/ul>\n<p>&nbsp;<\/p>\n<p><strong><em>Mitzubringen sind f\u00fcr die Praxis und die Pr\u00fcfung<\/em><\/strong><\/p>\n<ul>\n<li>Personalausweis<\/li>\n<li>Sicherheitsschuhe<\/li>\n<\/ul>\n<p>[\/vc_column_text][\/vc_column][vc_column width=&#8221;1\/2&#8243;][vc_single_image image=&#8221;644&#8243; img_size=&#8221;full&#8221;][vc_column_text]<\/p>\n<h3>Vorteile:<\/h3>\n<p>&nbsp;<\/p>\n<ul>\n<li>Flexibilit\u00e4t \u2013 lernen wann und wo Sie m\u00f6chten<\/li>\n<li>Lernen im eigenen Tempo<\/li>\n<li>Mehr Sicherheit f\u00fcr Ihr Unternehmen, f\u00fcr Sie und f\u00fcr Ihre Kollegen<\/li>\n<li>Ausgereifte Online Schulung f\u00fcr den Theorieteil<\/li>\n<li>Pr\u00fcfungen und Praxisteil Vorort bei uns<\/li>\n<li>Mit erfahrenem Fahrlehrer die Praxis mit dem Gabelstapler erlernen<\/li>\n<\/ul>\n<p>[\/vc_column_text][\/vc_column][\/vc_row][vc_row][vc_column width=&#8221;2\/3&#8243;][vc_column_text]<\/p>\n<h3>Ablauf der Gabelstapler Fahrerschulungen bis zum Schein<\/h3>\n<p><strong>1. Anmeldung<\/strong><br \/>\nDie Anmeldung f\u00fcr unsere Online Schulungen erfolgt direkt \u00fcber uns. Nach Anmeldung erhalten Sie Ihre Login-Daten per E-Mail. Damit k\u00f6nnen Sie sich direkt im Schulungsportal einloggen und die Online Schulung starten.<\/p>\n<p><strong>2. Online Schulung<\/strong><br \/>\nDie Schulung ist in verschiedenen Lektionen aufgebaut. Die einzelnen Lektionen k\u00f6nnen so oft wiederholt werden, wie Sie m\u00f6chten. Erst wenn alle Lektionen vollst\u00e4ndig geschafft sind, kann man die Abschlusspr\u00fcfung absolvieren. Sobald Sie diese bestanden haben, k\u00f6nnen Sie bei uns im Haus die Pr\u00fcfung f\u00fcr die Theorie und Praxisteil absolvieren.<\/p>\n<p><strong>3. Theorie und Praxis Pr\u00fcfung<\/strong><br \/>\nNach bestehen des Abschlusstests, k\u00f6nnen Sie einen Termin f\u00fcr die Pr\u00fcfungen und Praxis\u00fcbungen mit uns vereinbaren. Vorort bei uns erlernen Sie in Begleitung eines erfahrenen Fahrlehrers die Praxis mit einer Arbeitsb\u00fchne. Nach der bestandenen Theoriepr\u00fcfung kommt die Praxis\u00fcbungen. Danach geht es sofort in die Praxispr\u00fcfung.<\/p>\n<h3>Weitere Informationen<\/h3>\n<p>Der Preis pro Person betr\u00e4gt 220\u20ac netto. <strong>Vor-Ort-Schulngen sind auf Anfrage m\u00f6glich.<\/strong>[\/vc_column_text][\/vc_column][vc_column width=&#8221;1\/3&#8243;][vc_single_image image=&#8221;668&#8243; img_size=&#8221;full&#8221; css=&#8221;.vc_custom_1678970357244{margin-top: 50px !important;}&#8221;][\/vc_column][\/vc_row]<\/p>\n<\/div>","protected":false},"excerpt":{"rendered":"<p>[vc_row][vc_column width=&#8221;1\/2&#8243; css=&#8221;.vc_custom_1678712212669{margin-top: 0px !important;padding-top: 0px !important;}&#8221;][vc_column_text css=&#8221;.vc_custom_1678975228823{margin-top: 0px !important;padding-top: 0px !important;}&#8221;] Online Schulung f\u00fcr Gabelstapler Die Schulung setzt sich aus einem Online-Teil (Theorie) sowie einem Tag mit Praxis\u00fcbungen inkl. Pr\u00fcfung (Theorie und Praxis) bei uns vor Ort in Hameln zusammen. Schulungsort (Theorie- &amp; Praxispr\u00fcfung): Gabelstapler Service Hameln GmbH Otto-K\u00f6rting-Str 4, 31789 Hameln Voraussetzungen: Mindestens&hellip;<\/p>\n","protected":false},"author":2,"featured_media":0,"parent":0,"menu_order":0,"comment_status":"closed","ping_status":"closed","template":"","meta":{"footnotes":""},"class_list":["post-13528","page","type-page","status-publish","hentry","description-off"],"_links":{"self":[{"href":"https:\/\/www.truckxxgroup.de\/gabelstapler-service-hameln\/wp-json\/wp\/v2\/pages\/13528","targetHints":{"allow":["GET"]}}],"collection":[{"href":"https:\/\/www.truckxxgroup.de\/gabelstapler-service-hameln\/wp-json\/wp\/v2\/pages"}],"about":[{"href":"https:\/\/www.truckxxgroup.de\/gabelstapler-service-hameln\/wp-json\/wp\/v2\/types\/page"}],"author":[{"embeddable":true,"href":"https:\/\/www.truckxxgroup.de\/gabelstapler-service-hameln\/wp-json\/wp\/v2\/users\/2"}],"replies":[{"embeddable":true,"href":"https:\/\/www.truckxxgroup.de\/gabelstapler-service-hameln\/wp-json\/wp\/v2\/comments?post=13528"}],"version-history":[{"count":10,"href":"https:\/\/www.truckxxgroup.de\/gabelstapler-service-hameln\/wp-json\/wp\/v2\/pages\/13528\/revisions"}],"predecessor-version":[{"id":13542,"href":"https:\/\/www.truckxxgroup.de\/gabelstapler-service-hameln\/wp-json\/wp\/v2\/pages\/13528\/revisions\/13542"}],"wp:attachment":[{"href":"https:\/\/www.truckxxgroup.de\/gabelstapler-service-hameln\/wp-json\/wp\/v2\/media?parent=13528"}],"curies":[{"name":"wp","href":"https:\/\/api.w.org\/{rel}","templated":true}]}}