{"id":1182,"date":"2019-05-10T13:19:55","date_gmt":"2019-05-10T11:19:55","guid":{"rendered":"https:\/\/www.truckxxgroup.de\/gabelstapler-service-hameln\/?page_id=1182"},"modified":"2019-05-10T13:19:55","modified_gmt":"2019-05-10T11:19:55","slug":"gabelstaplervermietung-bad-pyrmont","status":"publish","type":"page","link":"https:\/\/www.truckxxgroup.de\/gabelstapler-service-hameln\/gabelstaplervermietung-bad-pyrmont\/","title":{"rendered":"Gabelstaplervermietung Bad Pyrmont"},"content":{"rendered":"<div class=\"wpb-content-wrapper\"><p>[vc_row][vc_column width=&#8221;2\/3&#8243;][vc_column_text]<\/p>\n<h3>Gabelstaplervermietung f\u00fcr Bad Pyrmont<\/h3>\n<p>Gabelstapler Service Hameln GmbH ist ihr Ansprechpartner f\u00fcr die Kurz- und Langzeitmiete f\u00fcr Gabelstapler und Lagertechnik f\u00fcr den Raum <strong>Bad Pyrmont<\/strong>. Unsere flexible Staplervermietung erlaubt es Ihnen, mit Planungssicherheit zu agieren.<\/p>\n<p>Sei es Engpass oder der Ausfall einer ihrer Gabelstapler: Auf die Staplervermietung vom Gabelstapler Service Hameln ist Verlass! Um den Transport im Raum <strong>Bad Pyrmont<\/strong> per Tieflader k\u00f6nnen wir uns auf Wunsch auch gerne f\u00fcr sie k\u00fcmmern.<\/p>\n<p>Dabei bieten wir Ihnen im Raum\u00a0<strong>Bad Pyrmont<\/strong> s\u00e4mtliche Arten von Staplern zur Miete an: Elektrostapler, Gasstapler und Dieselstapler wie auch Teleskopstapler drehbar und starr. Selbstverst\u00e4ndlich sowohl f\u00fcr kurze Eins\u00e4tze aber auch f\u00fcr l\u00e4ngere Zeitr\u00e4ume. Wir sind flexibel f\u00fcr Sie!<\/p>\n<p>Falls Sie sich noch nicht sicher sein sollten, ob sie einen Stapler mieten, leasen oder kaufen sollen, beraten wir sie gerne. Sie k\u00f6nnen uns in Hameln besuchen oder wir kommen zu ihnen: Im Raum\u00a0<strong>Bad Pyrmont<\/strong> besuchen wir sie gerne auch kurzfristig um Ihren Bedarf zu sprechen und ihnen die Vor- und Nachteile in Bezug auf Rentabilit\u00e4t aufzuzeigen.[\/vc_column_text][vc_column_text]Unser Stapler Mietpark f\u00fcr <strong>Bad Pyrmont<\/strong> umfasst Gabelstapler s\u00e4mtlicher Antriebsarten (Gas, Diesel, Elektro) und Typen (Maststapler, Teleskoplader starr, Teleskoplader drehbar). Au\u00dferdem k\u00f6nnen wir Ihnen eine Vielzahl von Anbauger\u00e4ten f\u00fcr Telekoplader anbieten: Palettengabeln, Arbeitsk\u00f6rbe, Seilwinden, Schaufeln. Fragen Sie einfach danach![\/vc_column_text][\/vc_column][vc_column width=&#8221;1\/3&#8243;][vc_column_text el_id=&#8221;contact-vermietung&#8221;]<\/p>\n<h3>Staplervermietung Bad Pyrmont<\/h3>\n<p><strong>Ihre Ansprechpartnerin<\/strong><\/p>\n<p><strong>Gabelstapler Service Hameln GmbH<\/strong><br \/>\n<strong>Frau Hundertmark<\/strong><br \/>\n<strong>Telefon<\/strong>: 05151 \/ 99 690-17<br \/>\n<strong>E-Mail<\/strong>: info.gabelstapler@truckxxgroup.de<\/p>\n<p>oder direkt zum <a href=\"https:\/\/www.truckxxgroup.de\/gabelstapler-service-hameln\/kontakt\/\"><strong><span style=\"color: #dc0814;\">Kontaktformular<\/span><\/strong><\/a>.<\/p>\n<p><img loading=\"lazy\" decoding=\"async\" class=\"size-full wp-image-1159 alignnone\" src=\"https:\/\/www.truckxxgroup.de\/gabelstapler-service-hameln\/wp-content\/uploads\/sites\/3\/2019\/05\/Gabelstaplervermietung-hannover.png\" alt=\"Gabelstapler Vermietung Hannover\" width=\"400\" height=\"192\" srcset=\"https:\/\/www.truckxxgroup.de\/gabelstapler-service-hameln\/wp-content\/uploads\/sites\/3\/2019\/05\/Gabelstaplervermietung-hannover.png 400w, https:\/\/www.truckxxgroup.de\/gabelstapler-service-hameln\/wp-content\/uploads\/sites\/3\/2019\/05\/Gabelstaplervermietung-hannover-300x144.png 300w\" sizes=\"auto, (max-width: 400px) 100vw, 400px\" \/>[\/vc_column_text][\/vc_column][\/vc_row][vc_row][vc_column width=&#8221;1\/3&#8243;][vc_single_image image=&#8221;1171&#8243; img_size=&#8221;full&#8221;][vc_column_text]<\/p>\n<p style=\"text-align: center;\"><strong>Maststapler \/ Frontstapler<\/strong><br \/>\nAlle Antriebsarten + Sonderbereifungen<\/p>\n<p>[\/vc_column_text][\/vc_column][vc_column width=&#8221;1\/3&#8243;][vc_single_image image=&#8221;1173&#8243; img_size=&#8221;full&#8221;][vc_column_text]<\/p>\n<p style=\"text-align: center;\"><strong>Teleskoplader, drehbar<\/strong><br \/>\nHohe Reichweiten, gel\u00e4ndeg\u00e4ngig, Stra\u00dfenzulassung, viele Anbauger\u00e4te (Seilwinde, Arbeitskorb, Schaufel, Palettengabel)<\/p>\n<p>[\/vc_column_text][\/vc_column][vc_column width=&#8221;1\/3&#8243;][vc_single_image image=&#8221;1174&#8243; img_size=&#8221;full&#8221;][vc_column_text]<\/p>\n<p style=\"text-align: center;\"><strong>Teleskoplader, starr<\/strong><br \/>\nPr\u00e4destiniert f\u00fcr die Landwirtschaft mit Schaufel, Palettengabel oder Ballenzange und gro\u00dfer Reichweite.<\/p>\n<p>[\/vc_column_text][\/vc_column][\/vc_row][vc_row][vc_column][vc_column_text]<\/p>\n<h3 style=\"text-align: center;\">Hier mieten Sie ihren Stapler:<\/h3>\n<p style=\"text-align: center; font-size: 30px;\"><strong>Telefon: 05151 \/ 99 690-17<\/strong><\/p>\n<p>[\/vc_column_text][\/vc_column][\/vc_row]<\/p>\n<\/div>","protected":false},"excerpt":{"rendered":"<p>[vc_row][vc_column width=&#8221;2\/3&#8243;][vc_column_text] Gabelstaplervermietung f\u00fcr Bad Pyrmont Gabelstapler Service Hameln GmbH ist ihr Ansprechpartner f\u00fcr die Kurz- und Langzeitmiete f\u00fcr Gabelstapler und Lagertechnik f\u00fcr den Raum Bad Pyrmont. Unsere flexible Staplervermietung erlaubt es Ihnen, mit Planungssicherheit zu agieren. Sei es Engpass oder der Ausfall einer ihrer Gabelstapler: Auf die Staplervermietung vom Gabelstapler Service Hameln ist Verlass!&hellip;<\/p>\n","protected":false},"author":2,"featured_media":0,"parent":0,"menu_order":0,"comment_status":"closed","ping_status":"closed","template":"","meta":{"footnotes":""},"class_list":["post-1182","page","type-page","status-publish","hentry","description-off"],"_links":{"self":[{"href":"https:\/\/www.truckxxgroup.de\/gabelstapler-service-hameln\/wp-json\/wp\/v2\/pages\/1182","targetHints":{"allow":["GET"]}}],"collection":[{"href":"https:\/\/www.truckxxgroup.de\/gabelstapler-service-hameln\/wp-json\/wp\/v2\/pages"}],"about":[{"href":"https:\/\/www.truckxxgroup.de\/gabelstapler-service-hameln\/wp-json\/wp\/v2\/types\/page"}],"author":[{"embeddable":true,"href":"https:\/\/www.truckxxgroup.de\/gabelstapler-service-hameln\/wp-json\/wp\/v2\/users\/2"}],"replies":[{"embeddable":true,"href":"https:\/\/www.truckxxgroup.de\/gabelstapler-service-hameln\/wp-json\/wp\/v2\/comments?post=1182"}],"version-history":[{"count":1,"href":"https:\/\/www.truckxxgroup.de\/gabelstapler-service-hameln\/wp-json\/wp\/v2\/pages\/1182\/revisions"}],"predecessor-version":[{"id":1183,"href":"https:\/\/www.truckxxgroup.de\/gabelstapler-service-hameln\/wp-json\/wp\/v2\/pages\/1182\/revisions\/1183"}],"wp:attachment":[{"href":"https:\/\/www.truckxxgroup.de\/gabelstapler-service-hameln\/wp-json\/wp\/v2\/media?parent=1182"}],"curies":[{"name":"wp","href":"https:\/\/api.w.org\/{rel}","templated":true}]}}