{"id":1083,"date":"2018-12-14T14:42:54","date_gmt":"2018-12-14T13:42:54","guid":{"rendered":"https:\/\/www.truckxxgroup.de\/gabelstapler-service-hameln\/?page_id=1083"},"modified":"2023-10-19T10:49:29","modified_gmt":"2023-10-19T08:49:29","slug":"teleskopstapler-schulung","status":"publish","type":"page","link":"https:\/\/www.truckxxgroup.de\/gabelstapler-service-hameln\/teleskopstapler-schulung\/","title":{"rendered":"Teleskopstapler Fahrerschulung"},"content":{"rendered":"<div class=\"wpb-content-wrapper\"><p>[vc_row][vc_column width=&#8221;2\/3&#8243;][vc_column_text]<\/p>\n<h3>Der sichere Weg zum Teleskopstapler F\u00fchrerschein<\/h3>\n<p>Die Berechtigung zum Fahren eines (drehbaren) Teleskopstapler &#8211; Erlangen Sie sowohl das technische Know-How zum Bedienen eines (drehbaren) Teleskopladers wie auch die Fahrerlaubnis f\u00fcr den \u00f6ffentlichen Stra\u00dfenverkehr. Machen Sie den F\u00fchrerschein beim Profi aus Hameln: Bei Gabelstapler Service Hameln werden Sie von ausgewiesenen Stapler-Spezialisten geschult und beraten.<\/p>\n<p>Jeder Unternehmer ist daf\u00fcr verantwortlich, dass seine Mitarbeiter in die Funktionen des Teleskopladers eingewiesen und geschult sind. <strong>Der F\u00fchrerschein f\u00fcr den Teleskopstapler ist nach der DGUV (Grundsatz 308-009) Pflicht.<\/strong> Das F\u00fchren eines (drehbaren) Teleskopstaplers im Stra\u00dfenverkehr ohne den entsprechenden F\u00fchrerschein ist nicht mehr zul\u00e4ssig. Die Berufsgenossenschaft kann bei Versto\u00df entsprechende Strafen verh\u00e4ngen und Baustellen schlie\u00dfen.<\/p>\n<p><img loading=\"lazy\" decoding=\"async\" class=\"alignnone wp-image-1095\" src=\"https:\/\/www.truckxxgroup.de\/gabelstapler-service-hameln\/wp-content\/uploads\/sites\/3\/2018\/12\/teleskoplader-fahrerschulung-fuehrerschein-hameln2.jpg\" alt=\"Teleskoplader F\u00fchrerschein und Fahrerschulung\" width=\"1000\" height=\"395\" srcset=\"https:\/\/www.truckxxgroup.de\/gabelstapler-service-hameln\/wp-content\/uploads\/sites\/3\/2018\/12\/teleskoplader-fahrerschulung-fuehrerschein-hameln2.jpg 1904w, https:\/\/www.truckxxgroup.de\/gabelstapler-service-hameln\/wp-content\/uploads\/sites\/3\/2018\/12\/teleskoplader-fahrerschulung-fuehrerschein-hameln2-300x118.jpg 300w, https:\/\/www.truckxxgroup.de\/gabelstapler-service-hameln\/wp-content\/uploads\/sites\/3\/2018\/12\/teleskoplader-fahrerschulung-fuehrerschein-hameln2-768x303.jpg 768w, https:\/\/www.truckxxgroup.de\/gabelstapler-service-hameln\/wp-content\/uploads\/sites\/3\/2018\/12\/teleskoplader-fahrerschulung-fuehrerschein-hameln2-1024x404.jpg 1024w\" sizes=\"auto, (max-width: 1000px) 100vw, 1000px\" \/><\/p>\n<p>&nbsp;<\/p>\n<h3>Welchen Teleskopstapler F\u00fchrerschein brauche ich?<\/h3>\n<p>Je nachdem, mit welchen Anbauger\u00e4ten Sie an ihrem Teleskopstapler arbeiten und ob SIe Menschen damit bef\u00fcrdern (Arbeitsb\u00fchne), sind unterschiedliche Module des Teleskopstaplerschein zu absolvieren. Einmal erlangt, verf\u00e4llt der Teleskopstapler F\u00fchrerschein nicht mehr. Dennoch empfehlen wir eine j\u00e4hrliche Auffrischung und Unterweisung &#8211; Unf\u00e4lle zeigen, dass sich dies immer lohnt.[\/vc_column_text][\/vc_column][vc_column width=&#8221;1\/3&#8243;][vc_column_text css=&#8221;.vc_custom_1623400011401{border-top-width: 1px !important;border-right-width: 1px !important;border-bottom-width: 1px !important;border-left-width: 1px !important;padding-top: 20px !important;padding-right: 20px !important;padding-bottom: 20px !important;padding-left: 20px !important;border-left-color: #dd3333 !important;border-left-style: solid !important;border-right-color: #dd3333 !important;border-right-style: solid !important;border-top-color: #dd3333 !important;border-top-style: solid !important;border-bottom-color: #dd3333 !important;border-bottom-style: solid !important;}&#8221;]<strong>Anmeldung &amp; Termine<\/strong><br \/>\n<em>(Klicken Sie auf das jeweilige Datum f\u00fcr weitere Informationen)<\/em><br \/>\nN\u00e4chste Termine in 31860 Grohnde (Grohnder F\u00e4hrhaus):<\/p>\n<p><b>Derzeit keine Termine<\/b>[\/vc_column_text][vc_column_text]<\/p>\n<p style=\"text-align: left;\"><strong>Kontakt &#8211; Teleskopstapler F\u00fchrerschein<\/strong><br \/>\nF\u00fcr Anmeldungen und R\u00fcckfragen stehen wir Ihnen gern zur Verf\u00fcgung:<\/p>\n<ul class=\"fa-ul\">\n<li><i class=\"fa-li fa fa-phone\"><\/i>05151 \/ 99 690 \u2013 0<\/li>\n<li><i class=\"fa-li fa fa-envelope-o\"><\/i>info.gabelstapler@truckxxgroup.de<\/li>\n<li><i class=\"fa-li fa fa-paper-plane\"><\/i><a href=\"https:\/\/www.truckxxgroup.de\/gabelstapler-service-hameln\/kontakt\/\">Kontaktformular<\/a><\/li>\n<\/ul>\n<p style=\"text-align: left; font-size: 11px; line-height: 1.5;\">Gabelstapler Service Hameln GmbH<br \/>\nOtto-K\u00f6rting-Stra\u00dfe 4 \u2219 31789 Hameln<\/p>\n<p>[\/vc_column_text][\/vc_column][\/vc_row][vc_row][vc_column][vc_separator][vc_column_text]<\/p>\n<h3>Teleskoplader F\u00fchrerschein &#8211; Die Module nach DGUV Grundsatz 308-009<\/h3>\n<p>Die Berechtigung zum Fahren eines (drehbaren) Teleskopstapler &#8211; Machen Sie den F\u00fchrerschein beim Profi aus Hameln.[\/vc_column_text][\/vc_column][\/vc_row][vc_row][vc_column width=&#8221;1\/3&#8243;][vc_column_text css=&#8221;.vc_custom_1545207613268{padding-top: 20px !important;padding-right: 20px !important;padding-bottom: 20px !important;padding-left: 20px !important;background-color: #0061a1 !important;}&#8221;]<\/p>\n<h4 style=\"text-align: center;\"><span style=\"color: #ffffff;\">Stufe 1: Grundschulung<\/span><\/h4>\n<p style=\"text-align: center;\"><span style=\"color: #ffffff;\">F\u00fcr Teilnehmer mit mindestens einj\u00e4hriger Praxiserfahrung<\/span><\/p>\n<p style=\"text-align: center;\"><span style=\"color: #ffffff;\">Allgemeine Qualifizierung f\u00fcr Teleskopstapler im Anwendungsbereich der DIN EN 1459-1 (starrer Aufbau, Gabelzinken, Ladeschaufel, Lasthaken)<br \/>\n<\/span><\/p>\n<p style=\"text-align: center;\"><span style=\"color: #ffffff;\">Preis: auf Anfrage<\/span><br \/>\n<span style=\"color: #ffffff;\">Dauer: 1 Tag<\/span><\/p>\n<p>[\/vc_column_text][\/vc_column][vc_column width=&#8221;1\/3&#8243;][vc_column_text css=&#8221;.vc_custom_1545207674010{padding-top: 20px !important;padding-right: 20px !important;padding-bottom: 20px !important;padding-left: 20px !important;background-color: #0061a1 !important;}&#8221;]<\/p>\n<h4 style=\"text-align: center;\"><span style=\"color: #ffffff;\">Stufe 1: Grundschulung<\/span><\/h4>\n<p style=\"text-align: center;\"><span style=\"color: #ffffff;\">F\u00fcr Neueinsteiger<\/span><\/p>\n<p style=\"text-align: center;\"><span style=\"color: #ffffff;\">Allgemeine Qualifizierung f\u00fcr Teleskopstapler im Anwendungsbereich der DIN EN 1459-1 (starrer Aufbau, Gabelzinken, Ladeschaufel, Lasthaken)<br \/>\n<\/span><\/p>\n<p style=\"text-align: center;\"><span style=\"color: #ffffff;\">Preis: auf Anfrage<\/span><br \/>\n<span style=\"color: #ffffff;\">Dauer: 2 Tage<\/span><\/p>\n<p>[\/vc_column_text][\/vc_column][vc_column width=&#8221;1\/3&#8243;][vc_column_text css=&#8221;.vc_custom_1545207695710{padding-top: 20px !important;padding-right: 20px !important;padding-bottom: 20px !important;padding-left: 20px !important;background-color: #0061a1 !important;}&#8221;]<\/p>\n<h4 style=\"text-align: center;\"><span style=\"color: #ffffff;\">Stufe 2a: drehbarer Oberwagen<\/span><\/h4>\n<p style=\"text-align: center;\"><span style=\"color: #ffffff;\">Zusatzqualifizierung f\u00fcr Teleskopstapler im Anwendungsbereich der DIN EN 1459-2 (drehbarer Oberwagen)<br \/>\nVoraussetzung ist die absolvierte Grundschulung.<br \/>\n<\/span><\/p>\n<p style=\"text-align: center;\"><span style=\"color: #ffffff;\">Preis: auf Anfrage<\/span><br \/>\n<span style=\"color: #ffffff;\">Dauer: 1 Tag<\/span><\/p>\n<p>[\/vc_column_text][\/vc_column][\/vc_row][vc_row][vc_column width=&#8221;1\/3&#8243;][vc_column_text css=&#8221;.vc_custom_1545207719019{padding-top: 20px !important;padding-right: 20px !important;padding-bottom: 20px !important;padding-left: 20px !important;background-color: #0061a1 !important;}&#8221;]<\/p>\n<h4 style=\"text-align: center;\"><span style=\"color: #ffffff;\">Stufe 2b: Hubarbeitsb\u00fchne<\/span><\/h4>\n<p style=\"text-align: center;\"><span style=\"color: #ffffff;\">Zusatzqualifizierung f\u00fcr das Heben von Personen in Hubarbeitsb\u00fchnen<br \/>\n<\/span><\/p>\n<p style=\"text-align: center;\"><span style=\"color: #ffffff;\">Preis: auf Anfrage<\/span><br \/>\n<span style=\"color: #ffffff;\">Dauer: 1 Tag<\/span><\/p>\n<p>[\/vc_column_text][\/vc_column][vc_column width=&#8221;1\/3&#8243;][vc_column_text]<strong>Teilnehmer pro Kurs:<br \/>\n3-8 Personen<br \/>\n<\/strong><\/p>\n<p>Preise auf Anfrage.<\/p>\n<p><strong>Voraussetzungen f\u00fcr die Teilnahme:<\/strong><br \/>\n\u00b7 <a href=\"https:\/\/www.truckxxgroup.de\/gabelstapler-service-hameln\/gabelstapler-fahrerschulung\/\"><strong>Gabelstaplerf\u00fchrerschein<\/strong><\/a><br \/>\n\u00b7 ein <strong>Mindestalter von 18<\/strong> Jahren<br \/>\n\u00b7 k\u00f6rperliche und geistige Eignung[\/vc_column_text][\/vc_column][vc_column width=&#8221;1\/3&#8243;][vc_column_text]<span style=\"color: #ff0000;\"><strong>Wichtig:<\/strong><\/span><\/p>\n<p>Bitte bringen Sie folgende Sachen zur Schulung mit:<\/p>\n<p>\u00b7 <strong>Sicherheitsschuhe<\/strong><br \/>\n\u00b7 <strong>wettereste Kleidung<\/strong><br \/>\n\u00b7 ein aktuelles <strong>Passbild<\/strong> von sich[\/vc_column_text][\/vc_column][\/vc_row][vc_row][vc_column][vc_column_text]In der Kursgeb\u00fchr inbegriffen sind alle Unterlagen (Bedienercard, Teilnahmezertifikat, Schulungsunterlagen) sowie ein Mittagessen und Getr\u00e4nke f\u00fcr den Tag der Schulung. Hotel- und verbleibende Verpflegungskosten sind nicht enthalten.<\/p>\n<p>Am Ende des Kurs werden wir das erlangte Wissen bei den Teilnehmern abfragen und somit pr\u00fcfen. Bei erfolgreicher Pr\u00fcfung stellen wir die Bedienercard sowie das Teilnahmezertifikat aus. Zus\u00e4tzlich bekommen die Teilnehmer die Schulungsunterlagen um das eigene Wissen jederzeit auffrischen zu k\u00f6nnen.<\/p>\n<p>Mit dem Bedienerausweis erhalten Sie das notwendige Wissen, um Teleskoplader sicher und kontrolliert zu nutzen. F\u00fcr die Fahrt im \u00f6ffentlichen Stra\u00dfenverkehr ben\u00f6tigen Sie jedoch ebenfalls einen g\u00fcltigen F\u00fchrerschein gem\u00e4\u00df Einteilung der Klassen nach Fahrerlaubnisverordnung.[\/vc_column_text][\/vc_column][\/vc_row][vc_row][vc_column][vc_separator][\/vc_column][\/vc_row][vc_row][vc_column][vc_column_text]<\/p>\n<h3>Impressionen und Kundenfeedback von der Teleskopstapler Schulung in Grohnde<\/h3>\n<p>[\/vc_column_text][vc_row_inner][vc_column_inner width=&#8221;1\/2&#8243;][vc_column_text]<\/p>\n<p style=\"text-align: center;\"><img loading=\"lazy\" decoding=\"async\" class=\"alignnone size-full wp-image-1257\" src=\"https:\/\/www.truckxxgroup.de\/gabelstapler-service-hameln\/wp-content\/uploads\/sites\/3\/2019\/06\/kurt-moehle.png\" alt=\"\" width=\"160\" height=\"160\" srcset=\"https:\/\/www.truckxxgroup.de\/gabelstapler-service-hameln\/wp-content\/uploads\/sites\/3\/2019\/06\/kurt-moehle.png 200w, https:\/\/www.truckxxgroup.de\/gabelstapler-service-hameln\/wp-content\/uploads\/sites\/3\/2019\/06\/kurt-moehle-150x150.png 150w\" sizes=\"auto, (max-width: 160px) 100vw, 160px\" \/><\/p>\n<p style=\"text-align: center; font-size: 18px; line-height: 24px;\"><em>Bei der Schulung wurden alle Vorschriften seitens der Berufsgenossenschaft vermittelt. Der technische Hintergrund der Maschinen wurde sehr gut durch den Schulungsleiter Herrn Schr\u00f6der erkl\u00e4rt und vermittelt. Die Schulung war gut organisiert und ist sehr empfehlenswert.<\/em> <strong>-Kurt M\u00f6hle, Gesch\u00e4ftsf\u00fchrer Kurt M\u00f6hle GmbH<\/strong><\/p>\n<p>[\/vc_column_text][\/vc_column_inner][vc_column_inner width=&#8221;1\/2&#8243;][vc_column_text]<div class='cookieplus'><div class='cookieplus-blocked-cookies-message'>YouTube Video blockiert, bitte akzeptieren Sie erst Cookies f\u00fcr YouTube<\/div><div  class='cookieplus-btn cookieplus-btn-green  cookieplus-btn-accept-cookies' style='border-radius: 5px; '>Cookies akzeptieren<\/div><\/div>[\/vc_column_text][\/vc_column_inner][\/vc_row_inner][vc_row_inner][vc_column_inner width=&#8221;1\/2&#8243;][vc_single_image image=&#8221;1250&#8243; img_size=&#8221;full&#8221; alignment=&#8221;center&#8221; onclick=&#8221;link_image&#8221;][\/vc_column_inner][vc_column_inner width=&#8221;1\/2&#8243;][vc_single_image image=&#8221;1251&#8243; img_size=&#8221;full&#8221; alignment=&#8221;center&#8221; onclick=&#8221;link_image&#8221;][\/vc_column_inner][\/vc_row_inner][vc_row_inner][vc_column_inner width=&#8221;1\/2&#8243;][vc_single_image image=&#8221;1252&#8243; img_size=&#8221;full&#8221; alignment=&#8221;center&#8221; onclick=&#8221;link_image&#8221;][\/vc_column_inner][vc_column_inner width=&#8221;1\/2&#8243;][vc_single_image image=&#8221;1253&#8243; img_size=&#8221;full&#8221; alignment=&#8221;center&#8221; onclick=&#8221;link_image&#8221;][\/vc_column_inner][\/vc_row_inner][\/vc_column][\/vc_row][vc_row][vc_column][vc_separator][vc_column_text]<\/p>\n<h3>Normale Gabelstapler Fahrerschulung?<\/h3>\n<p>Grundvoraussetzung, damit Sie an der Schulung f\u00fcr Teleskopstapler \u00fcberhaupt teilnehmen k\u00f6nnen, ist der Besitz des normalen Staplerscheins! Auch diese Schulung bieten wir an. <a href=\"https:\/\/www.truckxxgroup.de\/gabelstapler-service-hameln\/gabelstapler-fahrerschulung\/\">Weitere Informationen hier.<\/a>[\/vc_column_text][\/vc_column][\/vc_row]<\/p>\n<\/div>","protected":false},"excerpt":{"rendered":"<p>[vc_row][vc_column width=&#8221;2\/3&#8243;][vc_column_text] Der sichere Weg zum Teleskopstapler F\u00fchrerschein Die Berechtigung zum Fahren eines (drehbaren) Teleskopstapler &#8211; Erlangen Sie sowohl das technische Know-How zum Bedienen eines (drehbaren) Teleskopladers wie auch die Fahrerlaubnis f\u00fcr den \u00f6ffentlichen Stra\u00dfenverkehr. Machen Sie den F\u00fchrerschein beim Profi aus Hameln: Bei Gabelstapler Service Hameln werden Sie von ausgewiesenen Stapler-Spezialisten geschult und beraten.&hellip;<\/p>\n","protected":false},"author":2,"featured_media":0,"parent":0,"menu_order":0,"comment_status":"closed","ping_status":"open","template":"","meta":{"footnotes":""},"class_list":["post-1083","page","type-page","status-publish","hentry","description-off"],"_links":{"self":[{"href":"https:\/\/www.truckxxgroup.de\/gabelstapler-service-hameln\/wp-json\/wp\/v2\/pages\/1083","targetHints":{"allow":["GET"]}}],"collection":[{"href":"https:\/\/www.truckxxgroup.de\/gabelstapler-service-hameln\/wp-json\/wp\/v2\/pages"}],"about":[{"href":"https:\/\/www.truckxxgroup.de\/gabelstapler-service-hameln\/wp-json\/wp\/v2\/types\/page"}],"author":[{"embeddable":true,"href":"https:\/\/www.truckxxgroup.de\/gabelstapler-service-hameln\/wp-json\/wp\/v2\/users\/2"}],"replies":[{"embeddable":true,"href":"https:\/\/www.truckxxgroup.de\/gabelstapler-service-hameln\/wp-json\/wp\/v2\/comments?post=1083"}],"version-history":[{"count":83,"href":"https:\/\/www.truckxxgroup.de\/gabelstapler-service-hameln\/wp-json\/wp\/v2\/pages\/1083\/revisions"}],"predecessor-version":[{"id":5838,"href":"https:\/\/www.truckxxgroup.de\/gabelstapler-service-hameln\/wp-json\/wp\/v2\/pages\/1083\/revisions\/5838"}],"wp:attachment":[{"href":"https:\/\/www.truckxxgroup.de\/gabelstapler-service-hameln\/wp-json\/wp\/v2\/media?parent=1083"}],"curies":[{"name":"wp","href":"https:\/\/api.w.org\/{rel}","templated":true}]}}