{"id":74,"date":"2015-07-15T14:47:46","date_gmt":"2015-07-15T12:47:46","guid":{"rendered":"http:\/\/www.truckxgroup.detestwww\/fahrzeugbau-schierling\/?page_id=74"},"modified":"2015-07-30T10:13:01","modified_gmt":"2015-07-30T08:13:01","slug":"produkte","status":"publish","type":"page","link":"https:\/\/www.truckxxgroup.de\/fahrzeugbau-schierling\/produkte\/","title":{"rendered":"Produkte"},"content":{"rendered":"<div class=\"wpb-content-wrapper\"><p>[vc_row full_width=&#8221;&#8221; parallax=&#8221;&#8221; parallax_image=&#8221;&#8221; css=&#8221;.vc_custom_1410361334750{margin-bottom: 70px !important;}&#8221;][vc_column width=&#8221;2\/3&#8243;][vc_column_text]<\/p>\n<h2>STAPLER UND LAGERTECHNIKGER\u00c4TE<\/h2>\n<p>[\/vc_column_text][vc_column_text][dropcaps]S[\/dropcaps]tapler (Gabelstapler, Teleskopen) stehen bei uns selbstverst\u00e4ndlich an oberster Stelle. Das geht schon aus unserem Firmennamen hervor. Als Vertragspartner von Manitou sowie UniCarriers (Nissan), sind wir kompetenter Ansprech- und Servicepartner f\u00fcr den Verkauf, den Service und die Reparatur dieser Stapler.<\/p>\n<p>Wir wissen wovon wir sprechen. Sei es Service und Aufbereitung oder Einweisung. Stapler sind unser Thema. Es w\u00fcrde uns freuen, auch Sie zu beraten. Gerne k\u00f6nnen Sie uns in Hameln besuchen. Schauen Sie sich z.B. einen Manitou MRT Teleskopen live an und lassen Sie sich hinsichtlich seiner enormen Flexibilit\u00e4t von uns beraten![\/vc_column_text][\/vc_column][vc_column width=&#8221;1\/3&#8243;][vc_column_text]<\/p>\n<h3>ALLES AUS EINER HAND.<\/h3>\n<p>[\/vc_column_text][list style=&#8221;checkboxes&#8221;][list_item]Verkauf Manitou Stapler[\/list_item][list_item]Verkauf Unicarriers Stapler[\/list_item][list_item]Service Manitou Stapler[\/list_item][list_item]Service Unicarriers Stapler[\/list_item][list_item]Service &amp; Aufbereitung Stapler aller Marken[\/list_item][list_item]UVV Pr\u00fcfungen f\u00fcr Stapler \/ Lagertechnikger\u00e4te[\/list_item][\/list][\/vc_column][\/vc_row][vc_row full_width=&#8221;&#8221; parallax=&#8221;&#8221; parallax_image=&#8221;&#8221;][vc_column width=&#8221;1\/1&#8243;][vc_column_text]<\/p>\n<h3>MARKEN IN UNSEREM HAUS.<\/h3>\n<p>[\/vc_column_text][featured_brands][brand_logo img=&#8221;146&#8243; hoverimg=&#8221;147&#8243;][brand_logo img=&#8221;144&#8243; hoverimg=&#8221;145&#8243;][brand_logo img=&#8221;1427&#8243; hoverimg=&#8221;1426&#8243; link=&#8221;&#8221;][brand_logo img=&#8221;1423&#8243; hoverimg=&#8221;1422&#8243; link=&#8221;&#8221;][\/featured_brands][\/vc_column][\/vc_row][vc_row full_width=&#8221;&#8221; parallax=&#8221;&#8221; parallax_image=&#8221;&#8221; css=&#8221;.vc_custom_1410366970608{margin-bottom: 70px !important;}&#8221;][vc_column width=&#8221;1\/3&#8243;][detailed_panel title=&#8221;Neuer Stapler&#8221; icon=&#8221;fa fa-coffee&#8221;]Genie\u00dfen Sie das gute Gef\u00fchl, mit Gabelstapler Service Hameln einen etablierten Partner an Ihrer Seite zu haben.<\/p>\n<p>Eine neue Maschine gibt Ihnen nicht nur ein sicheres Gef\u00fchl sondern auch Planungssicherheit und einen Rundumservice. Wir beraten Sie gerne und finden f\u00fcr Sie das beste Angebot f\u00fcr Ihren neuen Stapler &#8211; eine Tasse Kaffee gibt&#8217;s dann auch.[\/detailed_panel][\/vc_column][vc_column width=&#8221;1\/3&#8243;][detailed_panel title=&#8221;Das passende Ger\u00e4t&#8221; icon=&#8221;fa fa-check&#8221;]Es ist wichtig, vor einem Kauf den Einsatzzweck zu besprechen. Industrie oder Gel\u00e4nde, Landwirtschaft oder urbane Umgebungen. Verschiedene Anforderungen wie Hubh\u00f6hen, nicht kreidende Bereifung, Antriebsarten (Diesel, Elektro), Freihub, uvm.<\/p>\n<p>Durch unsere jahrelange Erfahrung wissen wir, worauf es ankommt. Davon profitieren Sie als unser Kunde.[\/detailed_panel][\/vc_column][vc_column width=&#8221;1\/3&#8243;][detailed_panel title=&#8221;Ersatzteile&#8221; icon=&#8221;fa fa-cog&#8221;]Bei uns bekommen Sie original Ersatzteile f\u00fcr Manitou und UniCarrier (Nissan) Stapler. Unser Angebot umfasst den kompletten Bedarf von A wie Anlasser bis Z wie Zierleiste.<\/p>\n<p>Vertrauen Sie uns: Original Qualit\u00e4t zahlt sich aus, denn Nutzfahrzeuge m\u00fcssen funktionieren und Ausfall kostet Geld und Zeit.[\/detailed_panel][\/vc_column][\/vc_row][vc_row full_width=&#8221;&#8221; parallax=&#8221;&#8221; parallax_image=&#8221;&#8221;][vc_column width=&#8221;1\/1&#8243;][vc_separator color=&#8221;grey&#8221; align=&#8221;align_center&#8221;][\/vc_column][\/vc_row][vc_row full_width=&#8221;&#8221; parallax=&#8221;&#8221; parallax_image=&#8221;&#8221;][vc_column width=&#8221;1\/1&#8243;][vc_column_text]<\/p>\n<h3>PRODUKTE AUS DEM HAUSE MANITOU<\/h3>\n<p>[\/vc_column_text][\/vc_column][\/vc_row][vc_row full_width=&#8221;&#8221; parallax=&#8221;&#8221; parallax_image=&#8221;&#8221;][vc_column width=&#8221;1\/3&#8243;][vc_column_text]<img loading=\"lazy\" decoding=\"async\" class=\"aligncenter size-full wp-image-179\" src=\"http:\/\/www.truckxgroup.detestwww\/fahrzeugbau-schierling\/wp-content\/uploads\/sites\/5\/2015\/07\/produkte_drehbare-teleskopen.jpg\" alt=\"drehbare Teleskopen\" width=\"250\" height=\"250\" srcset=\"https:\/\/www.truckxxgroup.de\/fahrzeugbau-schierling\/wp-content\/uploads\/sites\/5\/2015\/07\/produkte_drehbare-teleskopen.jpg 250w, https:\/\/www.truckxxgroup.de\/fahrzeugbau-schierling\/wp-content\/uploads\/sites\/5\/2015\/07\/produkte_drehbare-teleskopen-150x150.jpg 150w\" sizes=\"auto, (max-width: 250px) 100vw, 250px\" \/>[\/vc_column_text][vc_column_text]<img loading=\"lazy\" decoding=\"async\" class=\"aligncenter size-full wp-image-185\" src=\"http:\/\/www.truckxgroup.detestwww\/fahrzeugbau-schierling\/wp-content\/uploads\/sites\/5\/2015\/07\/produkte_manitou_mitnehmstapler.jpg\" alt=\"Mitnehmstapler Manitou\" width=\"250\" height=\"250\" srcset=\"https:\/\/www.truckxxgroup.de\/fahrzeugbau-schierling\/wp-content\/uploads\/sites\/5\/2015\/07\/produkte_manitou_mitnehmstapler.jpg 250w, https:\/\/www.truckxxgroup.de\/fahrzeugbau-schierling\/wp-content\/uploads\/sites\/5\/2015\/07\/produkte_manitou_mitnehmstapler-150x150.jpg 150w\" sizes=\"auto, (max-width: 250px) 100vw, 250px\" \/>[\/vc_column_text][\/vc_column][vc_column width=&#8221;1\/3&#8243;][vc_column_text]<img loading=\"lazy\" decoding=\"async\" class=\"aligncenter size-full wp-image-181\" src=\"http:\/\/www.truckxgroup.detestwww\/fahrzeugbau-schierling\/wp-content\/uploads\/sites\/5\/2015\/07\/produkte_manitou_teleskoplader.jpg\" alt=\"Teleskoplader\" width=\"250\" height=\"250\" srcset=\"https:\/\/www.truckxxgroup.de\/fahrzeugbau-schierling\/wp-content\/uploads\/sites\/5\/2015\/07\/produkte_manitou_teleskoplader.jpg 250w, https:\/\/www.truckxxgroup.de\/fahrzeugbau-schierling\/wp-content\/uploads\/sites\/5\/2015\/07\/produkte_manitou_teleskoplader-150x150.jpg 150w\" sizes=\"auto, (max-width: 250px) 100vw, 250px\" \/>[\/vc_column_text][vc_column_text]<img loading=\"lazy\" decoding=\"async\" class=\"aligncenter size-full wp-image-187\" src=\"http:\/\/www.truckxgroup.detestwww\/fahrzeugbau-schierling\/wp-content\/uploads\/sites\/5\/2015\/07\/produkte_manitou_lagertechnikgeraete.jpg\" alt=\"Lagertechnikgeraete\" width=\"250\" height=\"250\" srcset=\"https:\/\/www.truckxxgroup.de\/fahrzeugbau-schierling\/wp-content\/uploads\/sites\/5\/2015\/07\/produkte_manitou_lagertechnikgeraete.jpg 250w, https:\/\/www.truckxxgroup.de\/fahrzeugbau-schierling\/wp-content\/uploads\/sites\/5\/2015\/07\/produkte_manitou_lagertechnikgeraete-150x150.jpg 150w\" sizes=\"auto, (max-width: 250px) 100vw, 250px\" \/>[\/vc_column_text][\/vc_column][vc_column width=&#8221;1\/3&#8243;][vc_column_text]<img loading=\"lazy\" decoding=\"async\" class=\"aligncenter size-full wp-image-183\" src=\"http:\/\/www.truckxgroup.detestwww\/fahrzeugbau-schierling\/wp-content\/uploads\/sites\/5\/2015\/07\/produkte_manitou_maststapler.jpg\" alt=\"Manitou Maststapler M26\" width=\"250\" height=\"250\" srcset=\"https:\/\/www.truckxxgroup.de\/fahrzeugbau-schierling\/wp-content\/uploads\/sites\/5\/2015\/07\/produkte_manitou_maststapler.jpg 250w, https:\/\/www.truckxxgroup.de\/fahrzeugbau-schierling\/wp-content\/uploads\/sites\/5\/2015\/07\/produkte_manitou_maststapler-150x150.jpg 150w\" sizes=\"auto, (max-width: 250px) 100vw, 250px\" \/>[\/vc_column_text][vc_column_text]<img loading=\"lazy\" decoding=\"async\" class=\"aligncenter size-full wp-image-189\" src=\"http:\/\/www.truckxgroup.detestwww\/fahrzeugbau-schierling\/wp-content\/uploads\/sites\/5\/2015\/07\/produkte_manitou_hubarbeitsbuehnen.jpg\" alt=\"Manitou Hubarbeitsbuehnen\" width=\"250\" height=\"250\" srcset=\"https:\/\/www.truckxxgroup.de\/fahrzeugbau-schierling\/wp-content\/uploads\/sites\/5\/2015\/07\/produkte_manitou_hubarbeitsbuehnen.jpg 250w, https:\/\/www.truckxxgroup.de\/fahrzeugbau-schierling\/wp-content\/uploads\/sites\/5\/2015\/07\/produkte_manitou_hubarbeitsbuehnen-150x150.jpg 150w\" sizes=\"auto, (max-width: 250px) 100vw, 250px\" \/>[\/vc_column_text][\/vc_column][\/vc_row][vc_row full_width=&#8221;&#8221; parallax=&#8221;&#8221; parallax_image=&#8221;&#8221;][vc_column width=&#8221;1\/1&#8243;][vc_column_text]<\/p>\n<h4>Drehbare Teleskopen von MANITOU<\/h4>\n<p>Volle Kraft, volle Flexibilit\u00e4t. Ob als grundlegendes Baustellenger\u00e4t, als Bestandteil einer Flotte zur Vermietung. Die drehbaren Teleskopen von Manitou sind \u00e4u\u00dferst flexibel! Nicht zuletzt durch viele unterschiedliche Anbauteile wie Gabelzinken, Arbeitsb\u00fchnen, Kranhaken uvm. Sie sollten ernsthaft \u00fcber einen drehbaren Teleskopen nachdenken, wenn Sie \u00f6fter Abrisse vornehmen, Arbeiten an Geb\u00e4udefassaden vornehmen oder Baustellen betreuen.<\/p>\n<p><img loading=\"lazy\" decoding=\"async\" class=\"alignnone size-full wp-image-201\" src=\"http:\/\/www.truckxgroup.detestwww\/fahrzeugbau-schierling\/wp-content\/uploads\/sites\/5\/2015\/07\/drehbare-teleskopen-manitou-hameln.jpg\" alt=\"Drehbare Teleskopen von Manitou\" width=\"1400\" height=\"250\" srcset=\"https:\/\/www.truckxxgroup.de\/fahrzeugbau-schierling\/wp-content\/uploads\/sites\/5\/2015\/07\/drehbare-teleskopen-manitou-hameln.jpg 1400w, https:\/\/www.truckxxgroup.de\/fahrzeugbau-schierling\/wp-content\/uploads\/sites\/5\/2015\/07\/drehbare-teleskopen-manitou-hameln-300x54.jpg 300w, https:\/\/www.truckxxgroup.de\/fahrzeugbau-schierling\/wp-content\/uploads\/sites\/5\/2015\/07\/drehbare-teleskopen-manitou-hameln-1024x183.jpg 1024w\" sizes=\"auto, (max-width: 1400px) 100vw, 1400px\" \/>[\/vc_column_text][\/vc_column][\/vc_row][vc_row full_width=&#8221;&#8221; parallax=&#8221;&#8221; parallax_image=&#8221;&#8221;][vc_column width=&#8221;1\/1&#8243;][vc_column_text]Folgende Modelle der Manitou Teleskopstapler sind derzeit am Markt erh\u00e4ltlich. <strong>Tipp:<\/strong> Einige davon halten wir \u00fcbrigens auch in unserer <a href=\"http:\/\/www.truckxgroup.detestwww\/gabelstapler-service-hameln\/mietservice\/\">Mietflotte<\/a> f\u00fcr Sie bereit!<\/p>\n<table border=\"1\" width=\"100%\" cellspacing=\"2\">\n<tbody>\n<tr>\n<th scope=\"col\">Modell<\/th>\n<th scope=\"col\">MRT 1440 Easy<\/th>\n<th scope=\"col\">MRT 1640 Easy<\/th>\n<th scope=\"col\">MRT 1840 Easy<\/th>\n<th scope=\"col\">MRT 1850 Privilege Plus<\/th>\n<th scope=\"col\">MRT 2150 Privilege Plus<\/th>\n<th scope=\"col\">MRT 2150 Privilege Plus ST4<\/th>\n<th scope=\"col\">MRT 2540 Privilege Plus<\/th>\n<th scope=\"col\">MRT 2540 Privilege Plus ST4<\/th>\n<th scope=\"col\">MRT 3050<\/th>\n<\/tr>\n<tr>\n<th scope=\"row\">L\u00e4nge<\/th>\n<td>5.35 m<\/td>\n<td>6.36 m<\/td>\n<td>5.54 m<\/td>\n<td>6.06 m<\/td>\n<td>6.78 m<\/td>\n<td>6.86 m<\/td>\n<td>7.82 m<\/td>\n<td>7.83 m<\/td>\n<td>8.1 m<\/td>\n<\/tr>\n<tr>\n<th scope=\"row\">Breite<\/th>\n<td>2.4 m<\/td>\n<td>2.4 m<\/td>\n<td>2.4 m<\/td>\n<td>2.43 m<\/td>\n<td>2.43<\/td>\n<td>2.46 m<\/td>\n<td>2.43 m<\/td>\n<td>2.46 m<\/td>\n<td>2.5 m<\/td>\n<\/tr>\n<tr>\n<th scope=\"row\">H\u00f6he<\/th>\n<td>2.97 m<\/td>\n<td>297 m<\/td>\n<td>2.97 m<\/td>\n<td>3.11 m<\/td>\n<td>3.11<\/td>\n<td>3.05 m<\/td>\n<td>3.11 m<\/td>\n<td>3.05 m<\/td>\n<td>3.26 m<\/td>\n<\/tr>\n<tr>\n<th scope=\"row\">Gewicht<\/th>\n<td>12490 kg<\/td>\n<td>13000 kg<\/td>\n<td>13300 kg<\/td>\n<td>15350 kg<\/td>\n<td>16095 kg<\/td>\n<td>17620 kg<\/td>\n<td>17165 kg<\/td>\n<td>18600 kg<\/td>\n<td>22860 kg<\/td>\n<\/tr>\n<tr>\n<th scope=\"row\">Motor<\/th>\n<td>Perkins<\/td>\n<td>Perkins<\/td>\n<td>Perkins<\/td>\n<td>Mercedes<\/td>\n<td>Mercedes<\/td>\n<td>Mercedes<\/td>\n<td>Mercedes<\/td>\n<td>Mercedes<\/td>\n<td>Perkins<\/td>\n<\/tr>\n<tr>\n<th scope=\"row\">Leistung<\/th>\n<td>101 cv<\/td>\n<td>101 cv<\/td>\n<td>101 cv<\/td>\n<td>152 cv<\/td>\n<td>152 cv<\/td>\n<td>155 cv<\/td>\n<td>152 cv<\/td>\n<td>155 cv<\/td>\n<td>216 cv<\/td>\n<\/tr>\n<tr>\n<th scope=\"row\">Hebekraft<\/th>\n<td>4000 kg<\/td>\n<td>4000 kg<\/td>\n<td>4000 kg<\/td>\n<td>4999 kg<\/td>\n<td>4999 kg<\/td>\n<td>4999 kg<\/td>\n<td>4000 kg<\/td>\n<td>4000 kg<\/td>\n<td>4999 kg<\/td>\n<\/tr>\n<tr>\n<th scope=\"row\">Hubh\u00f6he<\/th>\n<td>13.8 m<\/td>\n<td>15.8 m<\/td>\n<td>17.9 m<\/td>\n<td>17.9 m<\/td>\n<td>20.6 m<\/td>\n<td>20.6 m<\/td>\n<td>24.6 m<\/td>\n<td>24.6 m<\/td>\n<td>29.7 m<\/td>\n<\/tr>\n<tr>\n<th scope=\"row\"><\/th>\n<td><\/td>\n<td><\/td>\n<td><\/td>\n<td><\/td>\n<td><\/td>\n<td><\/td>\n<td><\/td>\n<td><\/td>\n<td><\/td>\n<\/tr>\n<\/tbody>\n<\/table>\n<p>Weitere Informationen zu den Manitou Teleskopstaplern erfahren Sie auch auf der <a href=\"http:\/\/www.manitou.com\/de\/s\/U8901SYAACoAdmRf\" target=\"_blank\">offiziellen Manitou Webseite<\/a>.[\/vc_column_text][\/vc_column][\/vc_row][vc_row full_width=&#8221;&#8221; parallax=&#8221;&#8221; parallax_image=&#8221;&#8221;][vc_column width=&#8221;1\/1&#8243;][vc_column_text]<\/p>\n<h4>Teleskoplader von Manitou<\/h4>\n<p>Unentbehrliches Hilfsmittel zum Beispiel f\u00fcr die Landwirtschaft. Zahlreiche Anbauger\u00e4te, lange Ausleger und hohe Hebekr\u00e4fte machen die Teleskoplader zur Allroundmaschine auf dem Bauernhof. Gro\u00dfe Bodenfreiheit und hohe Zugkraft runden die Features ab.<\/p>\n<p><img loading=\"lazy\" decoding=\"async\" class=\"alignnone size-full wp-image-206\" src=\"http:\/\/www.truckxgroup.detestwww\/fahrzeugbau-schierling\/wp-content\/uploads\/sites\/5\/2015\/07\/manitou_teleskoplader.jpg\" alt=\"manitou_teleskoplader\" width=\"1400\" height=\"250\" srcset=\"https:\/\/www.truckxxgroup.de\/fahrzeugbau-schierling\/wp-content\/uploads\/sites\/5\/2015\/07\/manitou_teleskoplader.jpg 1400w, https:\/\/www.truckxxgroup.de\/fahrzeugbau-schierling\/wp-content\/uploads\/sites\/5\/2015\/07\/manitou_teleskoplader-300x54.jpg 300w, https:\/\/www.truckxxgroup.de\/fahrzeugbau-schierling\/wp-content\/uploads\/sites\/5\/2015\/07\/manitou_teleskoplader-1024x183.jpg 1024w\" sizes=\"auto, (max-width: 1400px) 100vw, 1400px\" \/>[\/vc_column_text][\/vc_column][\/vc_row]<\/p>\n<\/div>","protected":false},"excerpt":{"rendered":"<p>[vc_row full_width=&#8221;&#8221; parallax=&#8221;&#8221; parallax_image=&#8221;&#8221; css=&#8221;.vc_custom_1410361334750{margin-bottom: 70px !important;}&#8221;][vc_column width=&#8221;2\/3&#8243;][vc_column_text] STAPLER UND LAGERTECHNIKGER\u00c4TE [\/vc_column_text][vc_column_text][dropcaps]S[\/dropcaps]tapler (Gabelstapler, Teleskopen) stehen bei uns selbstverst\u00e4ndlich an oberster Stelle. Das geht schon aus unserem Firmennamen hervor. Als Vertragspartner von Manitou sowie UniCarriers (Nissan), sind wir kompetenter Ansprech- und Servicepartner f\u00fcr den Verkauf, den Service und die Reparatur dieser Stapler. Wir wissen wovon wir&hellip;<\/p>\n","protected":false},"author":2,"featured_media":0,"parent":0,"menu_order":0,"comment_status":"closed","ping_status":"open","template":"","meta":{"footnotes":""},"class_list":["post-74","page","type-page","status-publish","hentry","description-off"],"_links":{"self":[{"href":"https:\/\/www.truckxxgroup.de\/fahrzeugbau-schierling\/wp-json\/wp\/v2\/pages\/74","targetHints":{"allow":["GET"]}}],"collection":[{"href":"https:\/\/www.truckxxgroup.de\/fahrzeugbau-schierling\/wp-json\/wp\/v2\/pages"}],"about":[{"href":"https:\/\/www.truckxxgroup.de\/fahrzeugbau-schierling\/wp-json\/wp\/v2\/types\/page"}],"author":[{"embeddable":true,"href":"https:\/\/www.truckxxgroup.de\/fahrzeugbau-schierling\/wp-json\/wp\/v2\/users\/2"}],"replies":[{"embeddable":true,"href":"https:\/\/www.truckxxgroup.de\/fahrzeugbau-schierling\/wp-json\/wp\/v2\/comments?post=74"}],"version-history":[{"count":47,"href":"https:\/\/www.truckxxgroup.de\/fahrzeugbau-schierling\/wp-json\/wp\/v2\/pages\/74\/revisions"}],"predecessor-version":[{"id":260,"href":"https:\/\/www.truckxxgroup.de\/fahrzeugbau-schierling\/wp-json\/wp\/v2\/pages\/74\/revisions\/260"}],"wp:attachment":[{"href":"https:\/\/www.truckxxgroup.de\/fahrzeugbau-schierling\/wp-json\/wp\/v2\/media?parent=74"}],"curies":[{"name":"wp","href":"https:\/\/api.w.org\/{rel}","templated":true}]}}